{"id":13,"date":"2025-10-13T17:36:17","date_gmt":"2025-10-13T15:36:17","guid":{"rendered":"https:\/\/gicd.inf.um.es\/csidcav\/usuario03\/?page_id=13"},"modified":"2026-02-03T21:18:54","modified_gmt":"2026-02-03T20:18:54","slug":"inicio","status":"publish","type":"page","link":"https:\/\/gicd.inf.um.es\/csidcav\/usuario03\/","title":{"rendered":"Ficciones \u00e9picas"},"content":{"rendered":"\n<p>Te damos la bienvenida a Ficciones \u00c9picas, donde te ofrecemos informaci\u00f3n sobre series y productos relacionados con ellas. Pensamos que todo lo que nos rodea habla de nosotros, nos diferencia, y es una peque\u00f1a extensi\u00f3n de nuestra personalidad.<\/p>\n\n\n\n<div class=\"wp-block-gutsliders-content-slider gutslider-16c6ad8e nav_inside nav_cc\" data-swiper-options=\"{&quot;slidesPerView&quot;:1,&quot;spaceBetween&quot;:0,&quot;loop&quot;:true,&quot;autoplay&quot;:false,&quot;speed&quot;:800,&quot;effect&quot;:&quot;creative&quot;,&quot;creativeEffect&quot;:{&quot;prev&quot;:{&quot;shadow&quot;:true,&quot;translate&quot;:[&quot;-20%&quot;,0,-1]},&quot;next&quot;:{&quot;translate&quot;:[&quot;100%&quot;,0,0]}},&quot;keyboard&quot;:{&quot;enabled&quot;:false},&quot;mousewheel&quot;:false,&quot;navigation&quot;:{&quot;nextEl&quot;:&quot;.gutslider-16c6ad8e .swiper-button-next&quot;,&quot;prevEl&quot;:&quot;.gutslider-16c6ad8e .swiper-button-prev&quot;},&quot;pagination&quot;:{&quot;el&quot;:&quot;.gutslider-16c6ad8e .swiper-pagination&quot;,&quot;type&quot;:&quot;bullets&quot;,&quot;dynamicBullets&quot;:false,&quot;clickable&quot;:true}}\"><div class=\"swiper\"><div class=\"swiper-wrapper\"><div class=\"swiper-slide slide-mode\"><div class=\"swiper-container-outer\" style=\"background-color:#efefef;background-image:url(https:\/\/gicd.inf.um.es\/csidcav\/usuario03\/wp-content\/uploads\/2025\/12\/G7pqo_eWwAAZWCF.jpeg);background-position:49% 48%\"><div class=\"gutslider-overlay\" style=\"background:#000000;opacity:0.47\"><\/div><div class=\"gutslider-content-wrapper\"><div class=\"gutslider-content-inner\"><h3 class=\"gutslider-subtitle gutanimation gutslider-slideInUp\">Serie destacada<\/h3><h2 class=\"gutslider-title gutanimation gutslider-slideInLeft\">Aprende todo sobre The Boys<\/h2><p class=\"gutslider-description gutanimation gutslider-slideInLeft\">No te pierdas toda la informaci\u00f3n acerca de los personajes, episodios y dem\u00e1s trivia de la serie del momento.<\/p><a class=\"gutslider-cta gutanimation gutslider-slideInUp\" href=\"https:\/\/gicd.inf.um.es\/csidcav\/usuario03\/the-boys\/\">Leer m\u00e1s<\/a><\/div><\/div><\/div><\/div><\/div><div class=\"gutslider-nav nav_inside nav_cc\"><div class=\"swiper-button-prev\"><\/div><div class=\"swiper-button-next\"><\/div><\/div><div class=\"swiper-pagination\"><\/div><\/div><\/div>\n\n\n\n<div style=\"height:50px\" aria-hidden=\"true\" class=\"wp-block-spacer\"><\/div>\n\n\n\n<div class=\"wp-block-group is-layout-grid wp-container-core-group-is-layout-6059c0ab wp-block-group-is-layout-grid\">\n<div class=\"wp-block-cover alignleft wp-container-content-574e1f9d wp-duotone-unset-1\"><span aria-hidden=\"true\" class=\"wp-block-cover__background has-vivid-red-background-color has-background-dim-100 has-background-dim\"><\/span><div class=\"wp-block-cover__inner-container is-layout-constrained wp-block-cover-is-layout-constrained\">\n<h2 class=\"wp-block-heading has-text-align-center\">Lista de series<\/h2>\n\n\n<ul style=\"font-style:normal;font-weight:1000;text-decoration:none;\" class=\"wp-block-latest-posts__list has-link-color alignwide wp-elements-d267ee269a9c95f13655bd1b78aa68af wp-block-latest-posts has-text-color has-black-color has-medium-font-size\"><li><a class=\"wp-block-latest-posts__post-title\" href=\"https:\/\/gicd.inf.um.es\/csidcav\/usuario03\/expatriadas\/\">Expatriadas<\/a><\/li>\n<li><a class=\"wp-block-latest-posts__post-title\" href=\"https:\/\/gicd.inf.um.es\/csidcav\/usuario03\/the-last-of-us\/\">The Last of Us<\/a><\/li>\n<li><a class=\"wp-block-latest-posts__post-title\" href=\"https:\/\/gicd.inf.um.es\/csidcav\/usuario03\/the-boys\/\">The Boys<\/a><\/li>\n<li><a class=\"wp-block-latest-posts__post-title\" href=\"https:\/\/gicd.inf.um.es\/csidcav\/usuario03\/historias-del-bucle\/\">Historias del bucle<\/a><\/li>\n<li><a class=\"wp-block-latest-posts__post-title\" href=\"https:\/\/gicd.inf.um.es\/csidcav\/usuario03\/the-crown\/\">The Crown<\/a><\/li>\n<li><a class=\"wp-block-latest-posts__post-title\" href=\"https:\/\/gicd.inf.um.es\/csidcav\/usuario03\/blue-eye-samurai\/\">Blue Eye Samurai<\/a><\/li>\n<li><a class=\"wp-block-latest-posts__post-title\" href=\"https:\/\/gicd.inf.um.es\/csidcav\/usuario03\/twin-peaks\/\">Twin Peaks<\/a><\/li>\n<li><a class=\"wp-block-latest-posts__post-title\" href=\"https:\/\/gicd.inf.um.es\/csidcav\/usuario03\/stranger-things\/\">Stranger Things<\/a><\/li>\n<li><a class=\"wp-block-latest-posts__post-title\" href=\"https:\/\/gicd.inf.um.es\/csidcav\/usuario03\/el-mandaloriano\/\">El Mandaloriano<\/a><\/li>\n<li><a class=\"wp-block-latest-posts__post-title\" href=\"https:\/\/gicd.inf.um.es\/csidcav\/usuario03\/breaking-bad\/\">Breaking Bad<\/a><\/li>\n<li><a class=\"wp-block-latest-posts__post-title\" href=\"https:\/\/gicd.inf.um.es\/csidcav\/usuario03\/juego-de-tronos\/\">Juego de tronos<\/a><\/li>\n<\/ul><\/div><\/div>\n\n\n\n<div class=\"wp-block-cover alignright wp-container-content-574e1f9d\"><span aria-hidden=\"true\" class=\"wp-block-cover__background has-vivid-red-background-color has-background-dim-100 has-background-dim\"><\/span><div class=\"wp-block-cover__inner-container is-layout-constrained wp-block-cover-is-layout-constrained\">\n<h2 class=\"wp-block-heading has-text-align-center\">Lista de libros<\/h2>\n\n\n<ul style=\"font-style:normal;font-weight:1000;text-decoration:none;\" class=\"wp-block-latest-posts__list has-link-color alignwide wp-elements-5cd130535b2937a495689605bed0dd58 wp-block-latest-posts has-text-color has-black-color has-medium-font-size\"><li><a class=\"wp-block-latest-posts__post-title\" href=\"https:\/\/gicd.inf.um.es\/csidcav\/usuario03\/el-senor-de-los-anillos\/\">El se\u00f1or de los anillos<\/a><\/li>\n<li><a class=\"wp-block-latest-posts__post-title\" href=\"https:\/\/gicd.inf.um.es\/csidcav\/usuario03\/el-hombre-caja\/\">El hombre caja<\/a><\/li>\n<li><a class=\"wp-block-latest-posts__post-title\" href=\"https:\/\/gicd.inf.um.es\/csidcav\/usuario03\/dracula\/\">Dr\u00e1cula<\/a><\/li>\n<li><a class=\"wp-block-latest-posts__post-title\" href=\"https:\/\/gicd.inf.um.es\/csidcav\/usuario03\/el-resplandor\/\">El resplandor<\/a><\/li>\n<li><a class=\"wp-block-latest-posts__post-title\" href=\"https:\/\/gicd.inf.um.es\/csidcav\/usuario03\/el-cuento-de-la-criada\/\">El cuento de la criada<\/a><\/li>\n<li><a class=\"wp-block-latest-posts__post-title\" href=\"https:\/\/gicd.inf.um.es\/csidcav\/usuario03\/los-hombres-me-explican-cosas\/\">Los hombres me explican cosas<\/a><\/li>\n<li><a class=\"wp-block-latest-posts__post-title\" href=\"https:\/\/gicd.inf.um.es\/csidcav\/usuario03\/dune\/\">Dune<\/a><\/li>\n<\/ul><\/div><\/div>\n\n\n\n<figure class=\"wp-block-image size-full\"><img fetchpriority=\"high\" decoding=\"async\" width=\"490\" height=\"476\" src=\"https:\/\/gicd.inf.um.es\/csidcav\/usuario03\/wp-content\/uploads\/2025\/12\/qhMbkGi-1.gif\" alt=\"\" class=\"wp-image-578\" style=\"aspect-ratio:9\/16;object-fit:cover\"\/><\/figure>\n<\/div>\n\n\n\n<div style=\"height:50px\" aria-hidden=\"true\" class=\"wp-block-spacer\"><\/div>\n\n\n\n<div class=\"wp-block-columns alignwide is-layout-flex wp-container-core-columns-is-layout-9d6595d7 wp-block-columns-is-layout-flex\">\n<div class=\"wp-block-column is-layout-flow wp-block-column-is-layout-flow\">\n<h2 class=\"wp-block-heading has-text-align-center\">Regalos \u00c9picos<\/h2>\n\n\n\n<figure class=\"wp-block-image size-medium\"><img decoding=\"async\" width=\"300\" height=\"225\" src=\"https:\/\/gicd.inf.um.es\/csidcav\/usuario03\/wp-content\/uploads\/2025\/10\/regalos-300x225.jpg\" alt=\"Regalos \u00c9picos\" class=\"wp-image-12\" style=\"aspect-ratio:1;object-fit:cover\" srcset=\"https:\/\/gicd.inf.um.es\/csidcav\/usuario03\/wp-content\/uploads\/2025\/10\/regalos-300x225.jpg 300w, https:\/\/gicd.inf.um.es\/csidcav\/usuario03\/wp-content\/uploads\/2025\/10\/regalos-768x576.jpg 768w, https:\/\/gicd.inf.um.es\/csidcav\/usuario03\/wp-content\/uploads\/2025\/10\/regalos.jpg 800w\" sizes=\"(max-width: 300px) 100vw, 300px\" \/><\/figure>\n\n\n\n<div style=\"height:15px\" aria-hidden=\"true\" class=\"wp-block-spacer\"><\/div>\n\n\n\n<p>Te ofrecemos Funkos POP, moda, hogar\u2026 Todo el Universo Friki en un \u00fanico sitio y con los mejores precios para que disfrutes a tope.<\/p>\n<\/div>\n\n\n\n<div class=\"wp-block-column is-layout-flow wp-block-column-is-layout-flow\">\n<h2 class=\"wp-block-heading has-text-align-center\">Figuras<\/h2>\n\n\n\n<figure class=\"wp-block-image size-medium\"><img decoding=\"async\" width=\"300\" height=\"300\" src=\"https:\/\/gicd.inf.um.es\/csidcav\/usuario03\/wp-content\/uploads\/2025\/10\/figuras-stranger-things-300x300.jpg\" alt=\"Figuras\" class=\"wp-image-7\" style=\"aspect-ratio:1;object-fit:cover\" srcset=\"https:\/\/gicd.inf.um.es\/csidcav\/usuario03\/wp-content\/uploads\/2025\/10\/figuras-stranger-things-300x300.jpg 300w, https:\/\/gicd.inf.um.es\/csidcav\/usuario03\/wp-content\/uploads\/2025\/10\/figuras-stranger-things-150x150.jpg 150w, https:\/\/gicd.inf.um.es\/csidcav\/usuario03\/wp-content\/uploads\/2025\/10\/figuras-stranger-things.jpg 600w\" sizes=\"(max-width: 300px) 100vw, 300px\" \/><\/figure>\n\n\n\n<div style=\"height:15px\" aria-hidden=\"true\" class=\"wp-block-spacer\"><\/div>\n\n\n\n<p>Aqu\u00ed tenemos figuras para todos los gustos. No importa de qu\u00e9 seas fan, seguro que tenemos algo a lo que no podr\u00e1s resistirte.<\/p>\n<\/div>\n\n\n\n<div class=\"wp-block-column is-layout-flow wp-block-column-is-layout-flow\">\n<h2 class=\"wp-block-heading has-text-align-center\">Moda<\/h2>\n\n\n\n<figure class=\"wp-block-image size-medium\"><img loading=\"lazy\" decoding=\"async\" width=\"300\" height=\"300\" src=\"https:\/\/gicd.inf.um.es\/csidcav\/usuario03\/wp-content\/uploads\/2025\/10\/camisetas-breaking-bad-300x300.jpg\" alt=\"Moda\" class=\"wp-image-5\" style=\"aspect-ratio:1;object-fit:cover\" srcset=\"https:\/\/gicd.inf.um.es\/csidcav\/usuario03\/wp-content\/uploads\/2025\/10\/camisetas-breaking-bad-300x300.jpg 300w, https:\/\/gicd.inf.um.es\/csidcav\/usuario03\/wp-content\/uploads\/2025\/10\/camisetas-breaking-bad-1024x1024.jpg 1024w, https:\/\/gicd.inf.um.es\/csidcav\/usuario03\/wp-content\/uploads\/2025\/10\/camisetas-breaking-bad-150x150.jpg 150w, https:\/\/gicd.inf.um.es\/csidcav\/usuario03\/wp-content\/uploads\/2025\/10\/camisetas-breaking-bad-768x768.jpg 768w, https:\/\/gicd.inf.um.es\/csidcav\/usuario03\/wp-content\/uploads\/2025\/10\/camisetas-breaking-bad.jpg 1080w\" sizes=\"(max-width: 300px) 100vw, 300px\" \/><\/figure>\n\n\n\n<div style=\"height:15px\" aria-hidden=\"true\" class=\"wp-block-spacer\"><\/div>\n\n\n\n<p>\u00bfQui\u00e9n dice que ser friki est\u00e1 re\u00f1ido con ir a la moda? Nosotros no estamos de acuerdo y te lo demostramos con esta secci\u00f3n.<\/p>\n<\/div>\n\n\n\n<div class=\"wp-block-column is-layout-flow wp-block-column-is-layout-flow\">\n<h2 class=\"wp-block-heading has-text-align-center\">Complementos<\/h2>\n\n\n\n<figure class=\"wp-block-image size-medium\"><img loading=\"lazy\" decoding=\"async\" width=\"300\" height=\"300\" src=\"https:\/\/gicd.inf.um.es\/csidcav\/usuario03\/wp-content\/uploads\/2025\/10\/complementos-300x300.jpg\" alt=\"Complementos\" class=\"wp-image-6\" style=\"aspect-ratio:1;object-fit:cover\" srcset=\"https:\/\/gicd.inf.um.es\/csidcav\/usuario03\/wp-content\/uploads\/2025\/10\/complementos-300x300.jpg 300w, https:\/\/gicd.inf.um.es\/csidcav\/usuario03\/wp-content\/uploads\/2025\/10\/complementos-1024x1024.jpg 1024w, https:\/\/gicd.inf.um.es\/csidcav\/usuario03\/wp-content\/uploads\/2025\/10\/complementos-150x150.jpg 150w, https:\/\/gicd.inf.um.es\/csidcav\/usuario03\/wp-content\/uploads\/2025\/10\/complementos-768x768.jpg 768w, https:\/\/gicd.inf.um.es\/csidcav\/usuario03\/wp-content\/uploads\/2025\/10\/complementos.jpg 1080w\" sizes=\"(max-width: 300px) 100vw, 300px\" \/><\/figure>\n\n\n\n<div style=\"height:15px\" aria-hidden=\"true\" class=\"wp-block-spacer\"><\/div>\n\n\n\n<p>Todo friki que se precie debe complementar su vida diaria con los accesorios frikis y aqu\u00ed te los ofrecemos absolutamente todos.<\/p>\n<\/div>\n<\/div>\n\n\n\n<div class=\"wp-block-buttons is-content-justification-center is-layout-flex wp-container-core-buttons-is-layout-16018d1d wp-block-buttons-is-layout-flex\">\n<div class=\"wp-block-button has-custom-width wp-block-button__width-75 is-style-fill\"><a class=\"wp-block-button__link has-vivid-red-background-color has-background has-medium-font-size has-text-align-center has-custom-font-size wp-element-button\" href=\"https:\/\/gicd.inf.um.es\/csidcav\/usuario03\/?tnp-popup-test=1\" style=\"border-radius:0px\">\u00a1Informate de las \u00faltimas novedades en nuestro Newsletter!<\/a><\/div>\n<\/div>\n\n\n\n<div style=\"height:27px\" aria-hidden=\"true\" class=\"wp-block-spacer\"><\/div>\n\n\n\n<div class=\"wp-block-cover alignfull has-custom-content-position is-position-center-left\"><img loading=\"lazy\" decoding=\"async\" width=\"498\" height=\"205\" class=\"wp-block-cover__image-background wp-image-485 size-full\" alt=\"\" src=\"https:\/\/gicd.inf.um.es\/csidcav\/usuario03\/wp-content\/uploads\/2025\/12\/d20834bbeb2d9aa5443c720a2d9bac64.gif\" style=\"object-position:44% 50%\" data-object-fit=\"cover\" data-object-position=\"44% 50%\"\/><span aria-hidden=\"true\" class=\"wp-block-cover__background has-black-background-color has-background-dim-10 has-background-dim\"><\/span><div class=\"wp-block-cover__inner-container is-layout-constrained wp-block-cover-is-layout-constrained\">\n<p class=\"has-text-align-center has-black-color has-text-color has-link-color has-large-font-size wp-elements-7ee6893728d53d7cd9fb1325dd76414a\" style=\"font-style:normal;font-weight:700\">Aprovecha nuestros descuentos<\/p>\n\n\n\n<p class=\"has-black-color has-text-color has-link-color wp-elements-8cffe254c9aa7e9b040d83f1bc5641a2\" style=\"font-size:32px\">Usa el c\u00f3digo<\/p>\n\n\n\n<p class=\"has-vivid-red-color has-text-color has-link-color has-x-large-font-size wp-elements-51c7309186ecf7c901d5b4422a356a46\" style=\"font-style:normal;font-weight:700\">DESCUENTO20<\/p>\n<\/div><\/div>\n\n\n\t\t\t<!-- Cool Timeline Free V3.0.9 -->\n\t\t\t<div class=\"ctl-wrapper\" role=\"region\" aria-label=\"Timeline\">\n\t\t\t\t<div id=\"cool_timeline_2\" class=\"cool-timeline-wrapper ctl-horizontal ctl-horizontal-wrapper ctl-horizontal-timeline\" data-items=\"3\">\n\t\t\t\t\t<div class=\"ctl-wrapper-inside\">\n\t\t\t\t\t\t<div id=\"ctl-slider-container\" class=\"ctl-slider-container swiper-container swiper-container-horizontal\">\n\t\t\t\t\t\t\t<!-- Timeline Container -->\n\t\t\t\t\t\t\t<div class=\"ctl-slider-wrapper ctl-timeline-container swiper-wrapper\">\n\t\t\t\t\t\t\t<!-- Timeline Content --><div  id=\"ctl-story-218\" class=\"ctl-story ctl-story-icon swiper-slide odd\" data-aos=\"none\"   data-story-index=\"1\" role=\"article\"><!-- Story Date --><div class=\"ctl-labels\"><div class=\"ctl-label-big story-date\">2025<\/div><\/div><!-- Story Icon --><div class=\"ctl-icon\"><i class= \"fa fas fa-umbrella\" aria-hidden =\"true\"><\/i><\/div> <!-- Story Arrow --><div class=\"ctl-arrow\"><\/div><!-- Story Content --><div class=\"ctl-content\"><!-- Story Title --><div class=\"ctl-title story-218\" aria-label=\"2\"><a class=\"minimal_glightbox\" data-popup-id=\"#ctl-popup-218\">Squid Game (temporada 3)<\/a><\/div><\/div><div id=\"ctl-popup-218\" class=\"ctl_popup_hide\">\n\t\t\t\t<div class=\"ctl_popup_container\">\n\t\t\t\t\t<div class=\"ctl_popup_date\"><!-- Story Date --><div class=\"ctl-labels\"><div class=\"ctl-label-big story-date\">2025<\/div><\/div><\/div>\n\t\t\t\t\t<h2 class=\"ctl_popup_title\">Squid Game (temporada 3)<\/h2>\n\t\t\t\t\t<div class=\"ctl_popup_media\"><div class=\"ctl_popup_img\" data-popup-image=\"https:\/\/gicd.inf.um.es\/csidcav\/usuario03\/wp-content\/uploads\/2025\/11\/2025-Squid-game-T3.jpeg\"><\/div><\/div>\n\t\t\t\t\t<div class=\"ctl_popup_desc\"><!-- Story Description --><div class=\"ctl-description\"><p>Netflix \/ Lee Jung-jae, Park Hae-soo, Wi Ha-joon \/ Thriller-Sociedad<\/p>\n<\/div><\/div>\n\t\t\t\t<\/div>\n\t\t\t<\/div><\/div><!-- Timeline Content --><div  id=\"ctl-story-217\" class=\"ctl-story ctl-story-icon swiper-slide even\" data-aos=\"none\"   data-story-index=\"2\" role=\"article\"><!-- Story Date --><div class=\"ctl-labels\"><div class=\"ctl-label-big story-date\">2024<\/div><\/div><!-- Story Icon --><div class=\"ctl-icon\"><i class= \"fa fas fa-crown\" aria-hidden =\"true\"><\/i><\/div> <!-- Story Arrow --><div class=\"ctl-arrow\"><\/div><!-- Story Content --><div class=\"ctl-content\"><!-- Story Title --><div class=\"ctl-title story-217\" aria-label=\"2\"><a class=\"minimal_glightbox\" data-popup-id=\"#ctl-popup-217\">Bridgerton (temporada 3)<\/a><\/div><\/div><div id=\"ctl-popup-217\" class=\"ctl_popup_hide\">\n\t\t\t\t<div class=\"ctl_popup_container\">\n\t\t\t\t\t<div class=\"ctl_popup_date\"><!-- Story Date --><div class=\"ctl-labels\"><div class=\"ctl-label-big story-date\">2024<\/div><\/div><\/div>\n\t\t\t\t\t<h2 class=\"ctl_popup_title\">Bridgerton (temporada 3)<\/h2>\n\t\t\t\t\t<div class=\"ctl_popup_media\"><div class=\"ctl_popup_img\" data-popup-image=\"https:\/\/gicd.inf.um.es\/csidcav\/usuario03\/wp-content\/uploads\/2025\/11\/2024-Bridgerton.jpg\"><\/div><\/div>\n\t\t\t\t\t<div class=\"ctl_popup_desc\"><!-- Story Description --><div class=\"ctl-description\"><p>Netflix \/ Phoebe Dynevor, Luke Newton, Nicola Coughlan \/ Romance hist\u00f3rico-Drama<\/p>\n<\/div><\/div>\n\t\t\t\t<\/div>\n\t\t\t<\/div><\/div><!-- Timeline Content --><div  id=\"ctl-story-216\" class=\"ctl-story ctl-story-icon swiper-slide odd\" data-aos=\"none\"   data-story-index=\"3\" role=\"article\"><!-- Story Date --><div class=\"ctl-labels\"><div class=\"ctl-label-big story-date\">2023<\/div><\/div><!-- Story Icon --><div class=\"ctl-icon\"><i class= \"fa fas fa-viruses\" aria-hidden =\"true\"><\/i><\/div> <!-- Story Arrow --><div class=\"ctl-arrow\"><\/div><!-- Story Content --><div class=\"ctl-content\"><!-- Story Title --><div class=\"ctl-title story-216\" aria-label=\"2\"><a class=\"minimal_glightbox\" data-popup-id=\"#ctl-popup-216\">The Last of Us<\/a><\/div><\/div><div id=\"ctl-popup-216\" class=\"ctl_popup_hide\">\n\t\t\t\t<div class=\"ctl_popup_container\">\n\t\t\t\t\t<div class=\"ctl_popup_date\"><!-- Story Date --><div class=\"ctl-labels\"><div class=\"ctl-label-big story-date\">2023<\/div><\/div><\/div>\n\t\t\t\t\t<h2 class=\"ctl_popup_title\">The Last of Us<\/h2>\n\t\t\t\t\t<div class=\"ctl_popup_media\"><div class=\"ctl_popup_img\" data-popup-image=\"https:\/\/gicd.inf.um.es\/csidcav\/usuario03\/wp-content\/uploads\/2025\/11\/2023-The-last-of-us.webp\"><\/div><\/div>\n\t\t\t\t\t<div class=\"ctl_popup_desc\"><!-- Story Description --><div class=\"ctl-description\"><p>HBO \/ Pedro Pascal, Bella Ramsey, Gabriel Luna \/ Post-apocal\u00edptico-Drama<\/p>\n<\/div><\/div>\n\t\t\t\t<\/div>\n\t\t\t<\/div><\/div><!-- Timeline Content --><div  id=\"ctl-story-215\" class=\"ctl-story ctl-story-icon swiper-slide even\" data-aos=\"none\"   data-story-index=\"4\" role=\"article\"><!-- Story Date --><div class=\"ctl-labels\"><div class=\"ctl-label-big story-date\">2022<\/div><\/div><!-- Story Icon --><div class=\"ctl-icon\"><i class= \"fa fas fa-bicycle\" aria-hidden =\"true\"><\/i><\/div> <!-- Story Arrow --><div class=\"ctl-arrow\"><\/div><!-- Story Content --><div class=\"ctl-content\"><!-- Story Title --><div class=\"ctl-title story-215\" aria-label=\"2\"><a class=\"minimal_glightbox\" data-popup-id=\"#ctl-popup-215\">Stranger Things (temporada 4)<\/a><\/div><\/div><div id=\"ctl-popup-215\" class=\"ctl_popup_hide\">\n\t\t\t\t<div class=\"ctl_popup_container\">\n\t\t\t\t\t<div class=\"ctl_popup_date\"><!-- Story Date --><div class=\"ctl-labels\"><div class=\"ctl-label-big story-date\">2022<\/div><\/div><\/div>\n\t\t\t\t\t<h2 class=\"ctl_popup_title\">Stranger Things (temporada 4)<\/h2>\n\t\t\t\t\t<div class=\"ctl_popup_media\"><div class=\"ctl_popup_img\" data-popup-image=\"https:\/\/gicd.inf.um.es\/csidcav\/usuario03\/wp-content\/uploads\/2025\/11\/2022-T4-Stranger-Things.jpg\"><\/div><\/div>\n\t\t\t\t\t<div class=\"ctl_popup_desc\"><!-- Story Description --><div class=\"ctl-description\"><p>Netflix \/ Millie Bobby Brown, David Harbour, Finn Wolfhard \/ Ciencia ficci\u00f3n-Thriller<\/p>\n<\/div><\/div>\n\t\t\t\t<\/div>\n\t\t\t<\/div><\/div><!-- Timeline Content --><div  id=\"ctl-story-214\" class=\"ctl-story ctl-story-icon swiper-slide odd\" data-aos=\"none\"   data-story-index=\"5\" role=\"article\"><!-- Story Date --><div class=\"ctl-labels\"><div class=\"ctl-label-big story-date\">2021<\/div><\/div><!-- Story Icon --><div class=\"ctl-icon\"><i class= \"fa fas fa-umbrella\" aria-hidden =\"true\"><\/i><\/div> <!-- Story Arrow --><div class=\"ctl-arrow\"><\/div><!-- Story Content --><div class=\"ctl-content\"><!-- Story Title --><div class=\"ctl-title story-214\" aria-label=\"2\"><a class=\"minimal_glightbox\" data-popup-id=\"#ctl-popup-214\">Squid Game<\/a><\/div><\/div><div id=\"ctl-popup-214\" class=\"ctl_popup_hide\">\n\t\t\t\t<div class=\"ctl_popup_container\">\n\t\t\t\t\t<div class=\"ctl_popup_date\"><!-- Story Date --><div class=\"ctl-labels\"><div class=\"ctl-label-big story-date\">2021<\/div><\/div><\/div>\n\t\t\t\t\t<h2 class=\"ctl_popup_title\">Squid Game<\/h2>\n\t\t\t\t\t<div class=\"ctl_popup_media\"><div class=\"ctl_popup_img\" data-popup-image=\"https:\/\/gicd.inf.um.es\/csidcav\/usuario03\/wp-content\/uploads\/2025\/11\/2021-Juego-Calamar.jpg\"><\/div><\/div>\n\t\t\t\t\t<div class=\"ctl_popup_desc\"><!-- Story Description --><div class=\"ctl-description\"><p>Netflix \/ Lee Jung-jae, Park Hae-soo, Jung Ho-yeon \/ Thriller-Drama social<\/p>\n<\/div><\/div>\n\t\t\t\t<\/div>\n\t\t\t<\/div><\/div><!-- Timeline Content --><div  id=\"ctl-story-213\" class=\"ctl-story ctl-story-icon swiper-slide even\" data-aos=\"none\"   data-story-index=\"6\" role=\"article\"><!-- Story Date --><div class=\"ctl-labels\"><div class=\"ctl-label-big story-date\">2020<\/div><\/div><!-- Story Icon --><div class=\"ctl-icon\"><i class= \"fa fas fa-crown\" aria-hidden =\"true\"><\/i><\/div> <!-- Story Arrow --><div class=\"ctl-arrow\"><\/div><!-- Story Content --><div class=\"ctl-content\"><!-- Story Title --><div class=\"ctl-title story-213\" aria-label=\"2\"><a class=\"minimal_glightbox\" data-popup-id=\"#ctl-popup-213\">Bridgerton<\/a><\/div><\/div><div id=\"ctl-popup-213\" class=\"ctl_popup_hide\">\n\t\t\t\t<div class=\"ctl_popup_container\">\n\t\t\t\t\t<div class=\"ctl_popup_date\"><!-- Story Date --><div class=\"ctl-labels\"><div class=\"ctl-label-big story-date\">2020<\/div><\/div><\/div>\n\t\t\t\t\t<h2 class=\"ctl_popup_title\">Bridgerton<\/h2>\n\t\t\t\t\t<div class=\"ctl_popup_media\"><div class=\"ctl_popup_img\" data-popup-image=\"https:\/\/gicd.inf.um.es\/csidcav\/usuario03\/wp-content\/uploads\/2025\/11\/2020-Bridgerton.jpg\"><\/div><\/div>\n\t\t\t\t\t<div class=\"ctl_popup_desc\"><!-- Story Description --><div class=\"ctl-description\"><p>Netflix \/ Phoebe Dynevor, Reg\u00e9-Jean Page, Jonathan Bailey \/ Romance hist\u00f3rico-Drama<\/p>\n<\/div><\/div>\n\t\t\t\t<\/div>\n\t\t\t<\/div><\/div>\t\t\t\t\t\t\t<\/div>\n\t\t\t\t\t\t\t<span class=\"swiper-notification\" aria-live=\"assertive\" aria-atomic=\"true\"><\/span>\n\t\t\t\t\t\t<\/div>\n\t\t\t\t\t<\/div>\n\t\t\t\t\t<!-- Swiper Next button -->\n\t\t\t\t\t<div class=\"ctl-button-prev swiper-button-disabled\" tabindex=\"0\" role=\"button\" aria-label=\"Previous slide\" aria-disabled=\"true\">\n\t\t\t\t\t\t<svg xmlns=\"http:\/\/www.w3.org\/2000\/svg\" height=\"1em\" viewBox=\"0 0 320 512\">\n\t\t\t\t<path d=\"M34.52 239.03L228.87 44.69c9.37-9.37 24.57-9.37 33.94 0l22.67 22.67c9.36 9.36 9.37 24.52.04 33.9L131.49 256l154.02 154.75c9.34 9.38 9.32 24.54-.04 33.9l-22.67 22.67c-9.37 9.37-24.57 9.37-33.94 0L34.52 272.97c-9.37-9.37-9.37-24.57 0-33.94z\"\/>\n\t\t\t\t<\/svg>\t\t\t\t\t<\/div>\n\t\t\t\t\t<!-- Swiper Previous Button -->\n\t\t\t\t\t<div class=\"ctl-button-next\" tabindex=\"0\" role=\"button\" aria-label=\"Next slide\" aria-disabled=\"false\">\n\t\t\t\t\t\t<svg xmlns=\"http:\/\/www.w3.org\/2000\/svg\" height=\"1em\" viewBox=\"0 0 320 512\">\n\t\t\t\t<path d=\"M285.476 272.971L91.132 467.314c-9.373 9.373-24.569 9.373-33.941 0l-22.667-22.667c-9.357-9.357-9.375-24.522-.04-33.901L188.505 256 34.484 101.255c-9.335-9.379-9.317-24.544.04-33.901l22.667-22.667c9.373-9.373 24.569-9.373 33.941 0L285.475 239.03c9.373 9.372 9.373 24.568.001 33.941z\"\/>\n\t\t\t\t<\/svg>\t\t\t\t\t<\/div>\n\t\t\t\t\t<!-- Swiper Horizontal line -->\n\t\t\t\t\t<div class=\"ctl-h-line\"><\/div>\n\t\t\t\t<\/div>\n\t\t\t<\/div>\n\t\t\t","protected":false},"excerpt":{"rendered":"<p>Te damos la bienvenida a Ficciones \u00c9picas, donde te ofrecemos informaci\u00f3n sobre series y productos relacionados con ellas. Pensamos que todo lo que nos rodea habla de nosotros, nos diferencia, y es una peque\u00f1a extensi\u00f3n de nuestra personalidad. Regalos \u00c9picos Te ofrecemos Funkos POP, moda, hogar\u2026 Todo el Universo Friki en un \u00fanico sitio y [&hellip;]<\/p>\n","protected":false},"author":1,"featured_media":0,"parent":0,"menu_order":0,"comment_status":"closed","ping_status":"closed","template":"","meta":{"footnotes":""},"class_list":["post-13","page","type-page","status-publish","hentry"],"_links":{"self":[{"href":"https:\/\/gicd.inf.um.es\/csidcav\/usuario03\/wp-json\/wp\/v2\/pages\/13","targetHints":{"allow":["GET"]}}],"collection":[{"href":"https:\/\/gicd.inf.um.es\/csidcav\/usuario03\/wp-json\/wp\/v2\/pages"}],"about":[{"href":"https:\/\/gicd.inf.um.es\/csidcav\/usuario03\/wp-json\/wp\/v2\/types\/page"}],"author":[{"embeddable":true,"href":"https:\/\/gicd.inf.um.es\/csidcav\/usuario03\/wp-json\/wp\/v2\/users\/1"}],"replies":[{"embeddable":true,"href":"https:\/\/gicd.inf.um.es\/csidcav\/usuario03\/wp-json\/wp\/v2\/comments?post=13"}],"version-history":[{"count":41,"href":"https:\/\/gicd.inf.um.es\/csidcav\/usuario03\/wp-json\/wp\/v2\/pages\/13\/revisions"}],"predecessor-version":[{"id":672,"href":"https:\/\/gicd.inf.um.es\/csidcav\/usuario03\/wp-json\/wp\/v2\/pages\/13\/revisions\/672"}],"wp:attachment":[{"href":"https:\/\/gicd.inf.um.es\/csidcav\/usuario03\/wp-json\/wp\/v2\/media?parent=13"}],"curies":[{"name":"wp","href":"https:\/\/api.w.org\/{rel}","templated":true}]}}