{"id":589,"date":"2025-12-20T15:42:45","date_gmt":"2025-12-20T14:42:45","guid":{"rendered":"https:\/\/gicd.inf.um.es\/csidcav\/usuario03\/?page_id=589"},"modified":"2025-12-20T15:52:02","modified_gmt":"2025-12-20T14:52:02","slug":"equipo-de-redaccion","status":"publish","type":"page","link":"https:\/\/gicd.inf.um.es\/csidcav\/usuario03\/equipo-de-redaccion\/","title":{"rendered":"Equipo de redacci\u00f3n"},"content":{"rendered":"\n<div class=\"wp-block-cover wp-duotone-unset-1\"><img fetchpriority=\"high\" decoding=\"async\" width=\"739\" height=\"415\" class=\"wp-block-cover__image-background wp-image-597 size-full\" alt=\"\" src=\"https:\/\/gicd.inf.um.es\/csidcav\/usuario03\/wp-content\/uploads\/2025\/12\/GXAzZEkWAAAjkP5.jpg\" data-object-fit=\"cover\" srcset=\"https:\/\/gicd.inf.um.es\/csidcav\/usuario03\/wp-content\/uploads\/2025\/12\/GXAzZEkWAAAjkP5.jpg 739w, https:\/\/gicd.inf.um.es\/csidcav\/usuario03\/wp-content\/uploads\/2025\/12\/GXAzZEkWAAAjkP5-300x168.jpg 300w\" sizes=\"(max-width: 739px) 100vw, 739px\" \/><span aria-hidden=\"true\" class=\"wp-block-cover__background has-background-dim-60 has-background-dim\"><\/span><div class=\"wp-block-cover__inner-container is-layout-flow wp-block-cover-is-layout-flow\">\n<p class=\"has-text-align-center has-large-font-size\"><\/p>\n<\/div><\/div>\n\n\n\n<div style=\"height:12px\" aria-hidden=\"true\" class=\"wp-block-spacer\"><\/div>\n\n\n\n<p>En Ficciones \u00c9picas creemos en el poder de las historias para cuestionar, emocionar y perdurar. Nuestro equipo de redacci\u00f3n est\u00e1 formado por apasionados de la ficci\u00f3n en todas sus formas \u2014literatura, cine y series\u2014 que analizan, escriben y recomiendan relatos que dejan huella. Desde los cl\u00e1sicos hasta las narrativas contempor\u00e1neas, trabajamos para ofrecer una mirada cr\u00edtica y cercana, guiada por el amor a contar y entender las grandes historias.<\/p>\n\n\n\n<div class=\"wp-block-columns are-vertically-aligned-top is-layout-flex wp-container-core-columns-is-layout-9d6595d7 wp-block-columns-is-layout-flex\">\n<div class=\"wp-block-column is-vertically-aligned-top is-layout-flow wp-block-column-is-layout-flow\">\n<figure class=\"wp-block-image size-large is-style-rounded\"><img decoding=\"async\" width=\"692\" height=\"1230\" src=\"https:\/\/gicd.inf.um.es\/csidcav\/usuario03\/wp-content\/uploads\/2025\/12\/WhatsApp-Image-2025-12-20-at-00.37.45-edited.jpeg\" alt=\"\" class=\"wp-image-592\" style=\"aspect-ratio:1;object-fit:cover\" srcset=\"https:\/\/gicd.inf.um.es\/csidcav\/usuario03\/wp-content\/uploads\/2025\/12\/WhatsApp-Image-2025-12-20-at-00.37.45-edited.jpeg 692w, https:\/\/gicd.inf.um.es\/csidcav\/usuario03\/wp-content\/uploads\/2025\/12\/WhatsApp-Image-2025-12-20-at-00.37.45-edited-169x300.jpeg 169w, https:\/\/gicd.inf.um.es\/csidcav\/usuario03\/wp-content\/uploads\/2025\/12\/WhatsApp-Image-2025-12-20-at-00.37.45-edited-576x1024.jpeg 576w\" sizes=\"(max-width: 692px) 100vw, 692px\" \/><\/figure>\n\n\n\n<h2 class=\"wp-block-heading\">Antonio Liza<\/h2>\n\n\n\n<p>Antonio Liza es el jefe de redacci\u00f3n de Ficciones \u00c9picas y el principal administrador del sitio. Apasionado del cine y las series, coordina el trabajo editorial del equipo y supervisa los contenidos para garantizar una l\u00ednea coherente, cuidada y de calidad. Su mirada cin\u00e9fila y su inter\u00e9s por las narrativas audiovisuales marcan el enfoque del proyecto, combinando an\u00e1lisis, recomendaci\u00f3n y reflexi\u00f3n sobre las historias que definen la cultura contempor\u00e1nea.<\/p>\n<\/div>\n\n\n\n<div class=\"wp-block-column is-vertically-aligned-top is-layout-flow wp-block-column-is-layout-flow\">\n<figure class=\"wp-block-image size-full is-style-rounded\"><img decoding=\"async\" width=\"750\" height=\"1000\" src=\"https:\/\/gicd.inf.um.es\/csidcav\/usuario03\/wp-content\/uploads\/2025\/12\/71Km5ZSoO7L._AC_UF8941000_QL80_.jpg\" alt=\"\" class=\"wp-image-595\" style=\"aspect-ratio:1;object-fit:cover\" srcset=\"https:\/\/gicd.inf.um.es\/csidcav\/usuario03\/wp-content\/uploads\/2025\/12\/71Km5ZSoO7L._AC_UF8941000_QL80_.jpg 750w, https:\/\/gicd.inf.um.es\/csidcav\/usuario03\/wp-content\/uploads\/2025\/12\/71Km5ZSoO7L._AC_UF8941000_QL80_-225x300.jpg 225w\" sizes=\"(max-width: 750px) 100vw, 750px\" \/><\/figure>\n\n\n\n<h2 class=\"wp-block-heading\">A$AP Rocky<\/h2>\n\n\n\n<p>A$AP Rocky, conocido mundialmente por su carrera como rapero y referente cultural, forma parte del equipo de redacci\u00f3n de Ficciones \u00c9picas aportando una mirada distinta y personal. M\u00e1s all\u00e1 de la m\u00fasica, es un lector apasionado y un gran amante de la narrativa, especialmente de historias que exploran identidad, conflicto y mundos extremos. Su inter\u00e9s por los libros y la cultura visual enriquece los contenidos del sitio, conectando literatura, cine y series desde una sensibilidad contempor\u00e1nea y poco convencional.<\/p>\n<\/div>\n<\/div>\n\n\n\n<h2 class=\"wp-block-heading\">Contacta con nosotros<\/h2>\n\n\n\n<div class=\"wp-block-contact-form-7-contact-form-selector\">\n<div class=\"wpcf7 no-js\" id=\"wpcf7-f158-o1\" lang=\"es-ES\" dir=\"ltr\" data-wpcf7-id=\"158\">\n<div class=\"screen-reader-response\"><p role=\"status\" aria-live=\"polite\" aria-atomic=\"true\"><\/p> <ul><\/ul><\/div>\n<form action=\"\/csidcav\/usuario03\/wp-json\/wp\/v2\/pages\/589#wpcf7-f158-o1\" method=\"post\" class=\"wpcf7-form init\" aria-label=\"Formulario de contacto\" novalidate=\"novalidate\" data-status=\"init\">\n<fieldset class=\"hidden-fields-container\"><input type=\"hidden\" name=\"_wpcf7\" value=\"158\" \/><input type=\"hidden\" name=\"_wpcf7_version\" value=\"6.1.3\" \/><input type=\"hidden\" name=\"_wpcf7_locale\" value=\"es_ES\" \/><input type=\"hidden\" name=\"_wpcf7_unit_tag\" value=\"wpcf7-f158-o1\" \/><input type=\"hidden\" name=\"_wpcf7_container_post\" value=\"0\" \/><input type=\"hidden\" name=\"_wpcf7_posted_data_hash\" value=\"\" \/>\n<\/fieldset>\n<p><label> Tu nombre<br \/>\n<span class=\"wpcf7-form-control-wrap\" data-name=\"your-name\"><input size=\"40\" maxlength=\"400\" class=\"wpcf7-form-control wpcf7-text wpcf7-validates-as-required\" autocomplete=\"name\" aria-required=\"true\" aria-invalid=\"false\" value=\"\" type=\"text\" name=\"your-name\" \/><\/span> <\/label>\n<\/p>\n<p><label> Tu correo electr\u00f3nico<br \/>\n<span class=\"wpcf7-form-control-wrap\" data-name=\"your-email\"><input size=\"40\" maxlength=\"400\" class=\"wpcf7-form-control wpcf7-email wpcf7-validates-as-required wpcf7-text wpcf7-validates-as-email\" autocomplete=\"email\" aria-required=\"true\" aria-invalid=\"false\" value=\"\" type=\"email\" name=\"your-email\" \/><\/span> <\/label>\n<\/p>\n<p><label> Asunto<br \/>\n<span class=\"wpcf7-form-control-wrap\" data-name=\"your-subject\"><select class=\"wpcf7-form-control wpcf7-select wpcf7-validates-as-required\" aria-required=\"true\" aria-invalid=\"false\" name=\"your-subject\"><option value=\"Consulta general\">Consulta general<\/option><option value=\"Informaci\u00f3n sobre series\">Informaci\u00f3n sobre series<\/option><option value=\"Productos de Ficciones \u00c9picas\">Productos de Ficciones \u00c9picas<\/option><\/select><\/span> <\/label>\n<\/p>\n<p><label> Tu mensaje (opcional)<br \/>\n<span class=\"wpcf7-form-control-wrap\" data-name=\"your-message\"><textarea cols=\"40\" rows=\"10\" maxlength=\"2000\" class=\"wpcf7-form-control wpcf7-textarea\" aria-invalid=\"false\" name=\"your-message\"><\/textarea><\/span> <\/label>\n<\/p>\n<p><span class=\"wpcf7-form-control-wrap\" data-name=\"checkbox-220\"><span class=\"wpcf7-form-control wpcf7-checkbox wpcf7-validates-as-required\"><span class=\"wpcf7-list-item first last\"><label><input type=\"checkbox\" name=\"checkbox-220[]\" value=\"Aceptar t\u00e9rminos de pol\u00edtica y privacidad\" \/><span class=\"wpcf7-list-item-label\">Aceptar t\u00e9rminos de pol\u00edtica y privacidad<\/span><\/label><\/span><\/span><\/span>\n<\/p>\n<p><input class=\"wpcf7-form-control wpcf7-submit has-spinner\" type=\"submit\" value=\"Enviar\" \/>\n<\/p><div class=\"wpcf7-response-output\" aria-hidden=\"true\"><\/div>\n<\/form>\n<\/div>\n<\/div>\n","protected":false},"excerpt":{"rendered":"<p>En Ficciones \u00c9picas creemos en el poder de las historias para cuestionar, emocionar y perdurar. Nuestro equipo de redacci\u00f3n est\u00e1 formado por apasionados de la ficci\u00f3n en todas sus formas \u2014literatura, cine y series\u2014 que analizan, escriben y recomiendan relatos que dejan huella. Desde los cl\u00e1sicos hasta las narrativas contempor\u00e1neas, trabajamos para ofrecer una mirada [&hellip;]<\/p>\n","protected":false},"author":1,"featured_media":0,"parent":0,"menu_order":0,"comment_status":"closed","ping_status":"closed","template":"","meta":{"footnotes":""},"class_list":["post-589","page","type-page","status-publish","hentry"],"_links":{"self":[{"href":"https:\/\/gicd.inf.um.es\/csidcav\/usuario03\/wp-json\/wp\/v2\/pages\/589","targetHints":{"allow":["GET"]}}],"collection":[{"href":"https:\/\/gicd.inf.um.es\/csidcav\/usuario03\/wp-json\/wp\/v2\/pages"}],"about":[{"href":"https:\/\/gicd.inf.um.es\/csidcav\/usuario03\/wp-json\/wp\/v2\/types\/page"}],"author":[{"embeddable":true,"href":"https:\/\/gicd.inf.um.es\/csidcav\/usuario03\/wp-json\/wp\/v2\/users\/1"}],"replies":[{"embeddable":true,"href":"https:\/\/gicd.inf.um.es\/csidcav\/usuario03\/wp-json\/wp\/v2\/comments?post=589"}],"version-history":[{"count":4,"href":"https:\/\/gicd.inf.um.es\/csidcav\/usuario03\/wp-json\/wp\/v2\/pages\/589\/revisions"}],"predecessor-version":[{"id":599,"href":"https:\/\/gicd.inf.um.es\/csidcav\/usuario03\/wp-json\/wp\/v2\/pages\/589\/revisions\/599"}],"wp:attachment":[{"href":"https:\/\/gicd.inf.um.es\/csidcav\/usuario03\/wp-json\/wp\/v2\/media?parent=589"}],"curies":[{"name":"wp","href":"https:\/\/api.w.org\/{rel}","templated":true}]}}