{"id":626,"date":"2025-12-20T19:40:04","date_gmt":"2025-12-20T18:40:04","guid":{"rendered":"https:\/\/gicd.inf.um.es\/csidcav\/usuario03\/?page_id=626"},"modified":"2026-02-03T17:57:41","modified_gmt":"2026-02-03T16:57:41","slug":"promociones","status":"publish","type":"page","link":"https:\/\/gicd.inf.um.es\/csidcav\/usuario03\/promociones\/","title":{"rendered":"Promociones"},"content":{"rendered":"\t\t<div data-elementor-type=\"wp-page\" data-elementor-id=\"626\" class=\"elementor elementor-626\">\n\t\t\t\t<div class=\"elementor-element elementor-element-c22403c e-flex e-con-boxed e-con e-parent\" data-id=\"c22403c\" data-element_type=\"container\">\n\t\t\t\t\t<div class=\"e-con-inner\">\n\t\t\t\t<div class=\"elementor-element elementor-element-b3a99fc animated-fast elementor-pagination-position-outside elementor-invisible elementor-widget elementor-widget-image-carousel\" data-id=\"b3a99fc\" data-element_type=\"widget\" data-settings=\"{&quot;navigation&quot;:&quot;dots&quot;,&quot;image_spacing_custom&quot;:{&quot;unit&quot;:&quot;px&quot;,&quot;size&quot;:100,&quot;sizes&quot;:[]},&quot;_animation&quot;:&quot;lightSpeedIn&quot;,&quot;autoplay&quot;:&quot;yes&quot;,&quot;pause_on_hover&quot;:&quot;yes&quot;,&quot;pause_on_interaction&quot;:&quot;yes&quot;,&quot;autoplay_speed&quot;:5000,&quot;infinite&quot;:&quot;yes&quot;,&quot;speed&quot;:500,&quot;image_spacing_custom_tablet&quot;:{&quot;unit&quot;:&quot;px&quot;,&quot;size&quot;:&quot;&quot;,&quot;sizes&quot;:[]},&quot;image_spacing_custom_mobile&quot;:{&quot;unit&quot;:&quot;px&quot;,&quot;size&quot;:&quot;&quot;,&quot;sizes&quot;:[]}}\" data-widget_type=\"image-carousel.default\">\n\t\t\t\t\t\t\t<div class=\"elementor-image-carousel-wrapper swiper\" role=\"region\" aria-roledescription=\"carousel\" aria-label=\"Carrusel de im\u00e1genes\" dir=\"ltr\">\n\t\t\t<div class=\"elementor-image-carousel swiper-wrapper\" aria-live=\"off\">\n\t\t\t\t\t\t\t\t<div class=\"swiper-slide\" role=\"group\" aria-roledescription=\"slide\" aria-label=\"1 de 6\"><figure class=\"swiper-slide-inner\"><img decoding=\"async\" class=\"swiper-slide-image\" src=\"https:\/\/gicd.inf.um.es\/csidcav\/usuario03\/wp-content\/uploads\/2025\/12\/sta-min.jpg\" alt=\"\" \/><\/figure><\/div><div class=\"swiper-slide\" role=\"group\" aria-roledescription=\"slide\" aria-label=\"2 de 6\"><figure class=\"swiper-slide-inner\"><img decoding=\"async\" class=\"swiper-slide-image\" src=\"https:\/\/gicd.inf.um.es\/csidcav\/usuario03\/wp-content\/uploads\/2025\/12\/\u00a1Mira-mi-diseno-creado-en-Canva-8-600x600-1.png\" alt=\"\" \/><\/figure><\/div><div class=\"swiper-slide\" role=\"group\" aria-roledescription=\"slide\" aria-label=\"3 de 6\"><figure class=\"swiper-slide-inner\"><img decoding=\"async\" class=\"swiper-slide-image\" src=\"https:\/\/gicd.inf.um.es\/csidcav\/usuario03\/wp-content\/uploads\/2025\/12\/94215_1.jpg\" alt=\"\" \/><\/figure><\/div><div class=\"swiper-slide\" role=\"group\" aria-roledescription=\"slide\" aria-label=\"4 de 6\"><figure class=\"swiper-slide-inner\"><img decoding=\"async\" class=\"swiper-slide-image\" src=\"https:\/\/gicd.inf.um.es\/csidcav\/usuario03\/wp-content\/uploads\/2025\/12\/11727579-1234572679588269.avif\" alt=\"\" \/><\/figure><\/div><div class=\"swiper-slide\" role=\"group\" aria-roledescription=\"slide\" aria-label=\"5 de 6\"><figure class=\"swiper-slide-inner\"><img decoding=\"async\" class=\"swiper-slide-image\" src=\"https:\/\/gicd.inf.um.es\/csidcav\/usuario03\/wp-content\/uploads\/2025\/12\/91eUHtwOknL.jpg\" alt=\"\" \/><\/figure><\/div><div class=\"swiper-slide\" role=\"group\" aria-roledescription=\"slide\" aria-label=\"6 de 6\"><figure class=\"swiper-slide-inner\"><img decoding=\"async\" class=\"swiper-slide-image\" src=\"https:\/\/gicd.inf.um.es\/csidcav\/usuario03\/wp-content\/uploads\/2025\/12\/funko-fk48186-rev1-los-chicos-pop-figura-vinilo-tv-homelander-levitan.webp\" alt=\"\" \/><\/figure><\/div>\t\t\t<\/div>\n\t\t\t\t\t\t\t\n\t\t\t\t\t\t\t\t\t<div class=\"swiper-pagination\"><\/div>\n\t\t\t\t\t\t\t\t\t<\/div>\n\t\t\t\t\t\t<\/div>\n\t\t\t\t\t<\/div>\n\t\t\t\t<\/div>\n\t\t<div class=\"elementor-element elementor-element-485b1ab e-flex e-con-boxed e-con e-parent\" data-id=\"485b1ab\" data-element_type=\"container\">\n\t\t\t\t\t<div class=\"e-con-inner\">\n\t\t<div class=\"elementor-element elementor-element-6b3da72 e-con-full e-flex e-con e-child\" data-id=\"6b3da72\" data-element_type=\"container\">\n\t\t\t\t<div class=\"elementor-element elementor-element-62e1d14 elementor-widget elementor-widget-image\" data-id=\"62e1d14\" data-element_type=\"widget\" data-widget_type=\"image.default\">\n\t\t\t\t\t\t\t\t\t\t\t\t\t\t\t<img fetchpriority=\"high\" decoding=\"async\" width=\"640\" height=\"480\" src=\"https:\/\/gicd.inf.um.es\/csidcav\/usuario03\/wp-content\/uploads\/2025\/12\/a-voir-1024x768.jpg\" class=\"attachment-large size-large wp-image-633\" alt=\"\" srcset=\"https:\/\/gicd.inf.um.es\/csidcav\/usuario03\/wp-content\/uploads\/2025\/12\/a-voir-1024x768.jpg 1024w, https:\/\/gicd.inf.um.es\/csidcav\/usuario03\/wp-content\/uploads\/2025\/12\/a-voir-300x225.jpg 300w, https:\/\/gicd.inf.um.es\/csidcav\/usuario03\/wp-content\/uploads\/2025\/12\/a-voir-768x576.jpg 768w, https:\/\/gicd.inf.um.es\/csidcav\/usuario03\/wp-content\/uploads\/2025\/12\/a-voir.jpg 1200w\" sizes=\"(max-width: 640px) 100vw, 640px\" \/>\t\t\t\t\t\t\t\t\t\t\t\t\t\t\t<\/div>\n\t\t\t\t<\/div>\n\t\t<div class=\"elementor-element elementor-element-786fb8b e-con-full e-flex e-con e-child\" data-id=\"786fb8b\" data-element_type=\"container\">\n\t\t\t\t<div class=\"elementor-element elementor-element-4a75946 elementor-drop-cap-yes elementor-drop-cap-view-default elementor-widget elementor-widget-text-editor\" data-id=\"4a75946\" data-element_type=\"widget\" data-settings=\"{&quot;drop_cap&quot;:&quot;yes&quot;}\" data-widget_type=\"text-editor.default\">\n\t\t\t\t\t\t\t\t\t<p>\u00bfTe gustar\u00eda ser de los primeros en conocer nuestras promociones exclusivas?<\/p><p>En Ficciones \u00c9picas estamos emocionados de anunciar la apertura de nuestra tienda de productos oficiales, donde encontrar\u00e1s art\u00edculos inspirados en tus libros, series y pel\u00edculas favoritas. Desde merchandising \u00fanico hasta ediciones especiales, queremos ofrecerte experiencias que conecten con tu pasi\u00f3n por la ficci\u00f3n \u00e9pica.<\/p><p>Para asegurarte de recibir ofertas exclusivas, descuentos anticipados y novedades antes que nadie, solo necesitas rellenar nuestro formulario de inter\u00e9s. As\u00ed podr\u00e1s ser de los primeros en enterarte de lanzamientos, promociones y contenido especial que solo compartimos con nuestra comunidad.<\/p>\t\t\t\t\t\t\t\t<\/div>\n\t\t\t\t<\/div>\n\t\t\t\t\t<\/div>\n\t\t\t\t<\/div>\n\t\t<div class=\"elementor-element elementor-element-92d37f8 e-flex e-con-boxed e-con e-parent\" data-id=\"92d37f8\" data-element_type=\"container\">\n\t\t\t\t\t<div class=\"e-con-inner\">\n\t\t\t\t<div class=\"elementor-element elementor-element-cb7cbe5 elementor-widget elementor-widget-shortcode\" data-id=\"cb7cbe5\" data-element_type=\"widget\" data-widget_type=\"shortcode.default\">\n\t\t\t\t\t\t\t<div class=\"elementor-shortcode\">\n<div class=\"wpcf7 no-js\" id=\"wpcf7-f637-o1\" lang=\"es-ES\" dir=\"ltr\" data-wpcf7-id=\"637\">\n<div class=\"screen-reader-response\"><p role=\"status\" aria-live=\"polite\" aria-atomic=\"true\"><\/p> <ul><\/ul><\/div>\n<form action=\"\/csidcav\/usuario03\/wp-json\/wp\/v2\/pages\/626#wpcf7-f637-o1\" method=\"post\" class=\"wpcf7-form init\" aria-label=\"Formulario de contacto\" novalidate=\"novalidate\" data-status=\"init\">\n<fieldset class=\"hidden-fields-container\"><input type=\"hidden\" name=\"_wpcf7\" value=\"637\" \/><input type=\"hidden\" name=\"_wpcf7_version\" value=\"6.1.3\" \/><input type=\"hidden\" name=\"_wpcf7_locale\" value=\"es_ES\" \/><input type=\"hidden\" name=\"_wpcf7_unit_tag\" value=\"wpcf7-f637-o1\" \/><input type=\"hidden\" name=\"_wpcf7_container_post\" value=\"0\" \/><input type=\"hidden\" name=\"_wpcf7_posted_data_hash\" value=\"\" \/>\n<\/fieldset>\n<p><label> Tu nombre<br \/>\n<span class=\"wpcf7-form-control-wrap\" data-name=\"your-name\"><input size=\"40\" maxlength=\"400\" class=\"wpcf7-form-control wpcf7-text wpcf7-validates-as-required\" autocomplete=\"name\" aria-required=\"true\" aria-invalid=\"false\" value=\"\" type=\"text\" name=\"your-name\" \/><\/span> <\/label>\n<\/p>\n<p><label> Tu correo electr\u00f3nico<br \/>\n<span class=\"wpcf7-form-control-wrap\" data-name=\"your-email\"><input size=\"40\" maxlength=\"400\" class=\"wpcf7-form-control wpcf7-email wpcf7-validates-as-required wpcf7-text wpcf7-validates-as-email\" autocomplete=\"email\" aria-required=\"true\" aria-invalid=\"false\" value=\"\" type=\"email\" name=\"your-email\" \/><\/span> <\/label>\n<\/p>\n<p><span class=\"wpcf7-form-control-wrap\" data-name=\"checkbox-454\"><span class=\"wpcf7-form-control wpcf7-checkbox wpcf7-validates-as-required\"><span class=\"wpcf7-list-item first\"><label><input type=\"checkbox\" name=\"checkbox-454[]\" value=\"Estoy interesado en recibir ofertas\" \/><span class=\"wpcf7-list-item-label\">Estoy interesado en recibir ofertas<\/span><\/label><\/span><span class=\"wpcf7-list-item last\"><label><input type=\"checkbox\" name=\"checkbox-454[]\" value=\"Acepto los t\u00e9rminos de privacidad\" \/><span class=\"wpcf7-list-item-label\">Acepto los t\u00e9rminos de privacidad<\/span><\/label><\/span><\/span><\/span>\n<\/p>\n<p><input class=\"wpcf7-form-control wpcf7-submit has-spinner\" type=\"submit\" value=\"Enviar\" \/>\n<\/p><div class=\"wpcf7-response-output\" aria-hidden=\"true\"><\/div>\n<\/form>\n<\/div>\n<\/div>\n\t\t\t\t\t\t<\/div>\n\t\t\t\t\t<\/div>\n\t\t\t\t<\/div>\n\t\t\t\t<\/div>\n\t\t","protected":false},"excerpt":{"rendered":"<p>\u00bfTe gustar\u00eda ser de los primeros en conocer nuestras promociones exclusivas? En Ficciones \u00c9picas estamos emocionados de anunciar la apertura de nuestra tienda de productos oficiales, donde encontrar\u00e1s art\u00edculos inspirados en tus libros, series y pel\u00edculas favoritas. Desde merchandising \u00fanico hasta ediciones especiales, queremos ofrecerte experiencias que conecten con tu pasi\u00f3n por la ficci\u00f3n \u00e9pica. [&hellip;]<\/p>\n","protected":false},"author":1,"featured_media":0,"parent":0,"menu_order":0,"comment_status":"closed","ping_status":"closed","template":"","meta":{"footnotes":""},"class_list":["post-626","page","type-page","status-publish","hentry"],"_links":{"self":[{"href":"https:\/\/gicd.inf.um.es\/csidcav\/usuario03\/wp-json\/wp\/v2\/pages\/626","targetHints":{"allow":["GET"]}}],"collection":[{"href":"https:\/\/gicd.inf.um.es\/csidcav\/usuario03\/wp-json\/wp\/v2\/pages"}],"about":[{"href":"https:\/\/gicd.inf.um.es\/csidcav\/usuario03\/wp-json\/wp\/v2\/types\/page"}],"author":[{"embeddable":true,"href":"https:\/\/gicd.inf.um.es\/csidcav\/usuario03\/wp-json\/wp\/v2\/users\/1"}],"replies":[{"embeddable":true,"href":"https:\/\/gicd.inf.um.es\/csidcav\/usuario03\/wp-json\/wp\/v2\/comments?post=626"}],"version-history":[{"count":11,"href":"https:\/\/gicd.inf.um.es\/csidcav\/usuario03\/wp-json\/wp\/v2\/pages\/626\/revisions"}],"predecessor-version":[{"id":662,"href":"https:\/\/gicd.inf.um.es\/csidcav\/usuario03\/wp-json\/wp\/v2\/pages\/626\/revisions\/662"}],"wp:attachment":[{"href":"https:\/\/gicd.inf.um.es\/csidcav\/usuario03\/wp-json\/wp\/v2\/media?parent=626"}],"curies":[{"name":"wp","href":"https:\/\/api.w.org\/{rel}","templated":true}]}}