{"id":654,"date":"2026-01-29T16:02:08","date_gmt":"2026-01-29T15:02:08","guid":{"rendered":"https:\/\/gicd.inf.um.es\/csidcav\/usuario03\/newsletter\/"},"modified":"2026-02-02T04:56:41","modified_gmt":"2026-02-02T03:56:41","slug":"newsletter","status":"publish","type":"page","link":"https:\/\/gicd.inf.um.es\/csidcav\/usuario03\/newsletter\/","title":{"rendered":"Newsletter"},"content":{"rendered":"\n<div class=\"wp-block-cover\"><img fetchpriority=\"high\" decoding=\"async\" width=\"498\" height=\"280\" class=\"wp-block-cover__image-background wp-image-657 size-full\" alt=\"\" src=\"https:\/\/gicd.inf.um.es\/csidcav\/usuario03\/wp-content\/uploads\/2026\/02\/squid-game-squid.gif\" data-object-fit=\"cover\"\/><span aria-hidden=\"true\" class=\"wp-block-cover__background has-background-dim\" style=\"background-color:#585d6b\"><\/span><div class=\"wp-block-cover__inner-container is-layout-constrained wp-block-cover-is-layout-constrained\">\n<p class=\"has-text-align-center has-luminous-vivid-amber-color has-text-color has-link-color has-large-font-size wp-elements-55b5c95cdd7e37be33230f1ccdcf31ef\" style=\"font-style:normal;font-weight:900;letter-spacing:5px\">NEWSLETTER<br>OLE OLE!!<\/p>\n<\/div><\/div>\n\n\n\n<div style=\"height:6px\" aria-hidden=\"true\" class=\"wp-block-spacer\"><\/div>\n\n\n\n<p>Ficciones \u00c9picas es un espacio para perderse \u2014y encontrarse\u2014 en los mundos que nos han marcado. Series y libros que construyen universos, personajes que se quedan contigo m\u00e1s tiempo del esperado y detalles que a veces pasan desapercibidos. En este newsletter compartimos informaci\u00f3n, curiosidades, lecturas entre l\u00edneas y peque\u00f1as obsesiones narrativas: desde an\u00e9cdotas de creaci\u00f3n hasta interpretaciones y conexiones inesperadas. Si te gustan las historias que se toman su tiempo y dejan huella, suscribete!<\/p>\n\n\n<div class=\"tnp tnp-subscription \">\n<form method=\"post\" action=\"https:\/\/gicd.inf.um.es\/csidcav\/usuario03\/wp-admin\/admin-ajax.php?action=tnp&amp;na=s\">\n<input type=\"hidden\" name=\"nlang\" value=\"\">\n<div class=\"tnp-field tnp-field-firstname\"><label for=\"tnp-1\">Nombre<\/label>\n<input class=\"tnp-name\" type=\"text\" name=\"nn\" id=\"tnp-1\" value=\"\" placeholder=\"\"><\/div>\n<div class=\"tnp-field tnp-field-surname\"><label for=\"tnp-2\">Apellidos<\/label>\n<input class=\"tnp-surname\" type=\"text\" name=\"ns\" id=\"tnp-2\" value=\"\" placeholder=\"\"><\/div><div class=\"tnp-field tnp-field-email\"><label for=\"tnp-3\">Correo electr\u00f3nico<\/label>\n<input class=\"tnp-email\" type=\"email\" name=\"ne\" id=\"tnp-3\" value=\"\" placeholder=\"\" required><\/div>\n<div class=\"tnp-field tnp-field-gender\"><label for=\"tnp-4\">Soy<\/label>\n<select name=\"nx\" class=\"tnp-gender\" id=\"tnp-gender\" required ><option value=\"\"><\/option><option value=\"n\">No especificado<\/option><option value=\"f\">Mujer<\/option><option value=\"m\">Hombre<\/option><\/select><\/div>\n<div class=\"tnp-field tnp-field-profile\"><label for=\"tnp-5\">T\u00edtulo<\/label>\n<select class=\"tnp-profile tnp-profile-1\" id=\"tnp-profile_1\" name=\"np1\" required><option>Comunicaci\u00f3n audiovisual<\/option><option>Publicidad<\/option><option>Periodismo<\/option><option>Media Studies<\/option><\/select>\n<\/div>\n<div class=\"tnp-field tnp-field-profile\"><label for=\"tnp-6\">Curso<\/label>\n<select class=\"tnp-profile tnp-profile-2\" id=\"tnp-profile_2\" name=\"np2\"><option>4\u00ba<\/option><option>3\u00ba<\/option><option>2\u00ba<\/option><option>1\u00ba<\/option><\/select>\n<\/div>\n<div class=\"tnp-field tnp-privacy-field\"><label><input type=\"checkbox\" name=\"ny\" required class=\"tnp-privacy\"> <a target=\"_blank\" href=\"https:\/\/gicd.inf.um.es\/csidcav\/usuario03\/politica-de-accesibilidad-y-privacidad\/\">Acepto la pol\u00edtica de privacidad<\/a><\/label><\/div><div class=\"tnp-field tnp-field-button\" style=\"text-align: left\"><input class=\"tnp-submit\" type=\"submit\" value=\"\u00a1Me quiero apuntar!\" style=\"\">\n<\/div>\n<\/form>\n<\/div>\n","protected":false},"excerpt":{"rendered":"<p>Ficciones \u00c9picas es un espacio para perderse \u2014y encontrarse\u2014 en los mundos que nos han marcado. Series y libros que construyen universos, personajes que se quedan contigo m\u00e1s tiempo del esperado y detalles que a veces pasan desapercibidos. En este newsletter compartimos informaci\u00f3n, curiosidades, lecturas entre l\u00edneas y peque\u00f1as obsesiones narrativas: desde an\u00e9cdotas de creaci\u00f3n [&hellip;]<\/p>\n","protected":false},"author":1,"featured_media":0,"parent":0,"menu_order":0,"comment_status":"closed","ping_status":"closed","template":"","meta":{"footnotes":""},"class_list":["post-654","page","type-page","status-publish","hentry"],"_links":{"self":[{"href":"https:\/\/gicd.inf.um.es\/csidcav\/usuario03\/wp-json\/wp\/v2\/pages\/654","targetHints":{"allow":["GET"]}}],"collection":[{"href":"https:\/\/gicd.inf.um.es\/csidcav\/usuario03\/wp-json\/wp\/v2\/pages"}],"about":[{"href":"https:\/\/gicd.inf.um.es\/csidcav\/usuario03\/wp-json\/wp\/v2\/types\/page"}],"author":[{"embeddable":true,"href":"https:\/\/gicd.inf.um.es\/csidcav\/usuario03\/wp-json\/wp\/v2\/users\/1"}],"replies":[{"embeddable":true,"href":"https:\/\/gicd.inf.um.es\/csidcav\/usuario03\/wp-json\/wp\/v2\/comments?post=654"}],"version-history":[{"count":3,"href":"https:\/\/gicd.inf.um.es\/csidcav\/usuario03\/wp-json\/wp\/v2\/pages\/654\/revisions"}],"predecessor-version":[{"id":659,"href":"https:\/\/gicd.inf.um.es\/csidcav\/usuario03\/wp-json\/wp\/v2\/pages\/654\/revisions\/659"}],"wp:attachment":[{"href":"https:\/\/gicd.inf.um.es\/csidcav\/usuario03\/wp-json\/wp\/v2\/media?parent=654"}],"curies":[{"name":"wp","href":"https:\/\/api.w.org\/{rel}","templated":true}]}}