{"id":13,"date":"2025-10-08T17:28:01","date_gmt":"2025-10-08T15:28:01","guid":{"rendered":"https:\/\/gicd.inf.um.es\/csidcav\/usuario06\/?page_id=13"},"modified":"2025-12-12T02:25:57","modified_gmt":"2025-12-12T01:25:57","slug":"inicio","status":"publish","type":"page","link":"https:\/\/gicd.inf.um.es\/csidcav\/usuario06\/","title":{"rendered":"Ficciones \u00c9picas"},"content":{"rendered":"\n<p>Te damos la bienvenida a Ficciones \u00c9picas, donde te ofrecemos informaci\u00f3n sobre series y productos relacionados con ellas. Pensamos que todo lo que nos rodea habla de nosotros, nos diferencia, y es una peque\u00f1a extensi\u00f3n de nuestra personalidad.<\/p>\n\n\n\n<p><\/p>\n\n\n\n<div class=\"wp-block-columns are-vertically-aligned-top is-layout-flex wp-container-core-columns-is-layout-9d6595d7 wp-block-columns-is-layout-flex\">\n<div class=\"wp-block-column is-vertically-aligned-top is-layout-flow wp-block-column-is-layout-flow\">\n<h2 class=\"wp-block-heading has-text-align-center\">Regalos \u00e9picos<\/h2>\n\n\n\n<figure class=\"wp-block-image size-medium\"><img loading=\"lazy\" decoding=\"async\" width=\"300\" height=\"225\" src=\"https:\/\/gicd.inf.um.es\/csidcav\/usuario06\/wp-content\/uploads\/2025\/10\/regalos-300x225.jpg\" alt=\"Regalos\" class=\"wp-image-8\" style=\"aspect-ratio:1;object-fit:cover\" srcset=\"https:\/\/gicd.inf.um.es\/csidcav\/usuario06\/wp-content\/uploads\/2025\/10\/regalos-300x225.jpg 300w, https:\/\/gicd.inf.um.es\/csidcav\/usuario06\/wp-content\/uploads\/2025\/10\/regalos-768x576.jpg 768w, https:\/\/gicd.inf.um.es\/csidcav\/usuario06\/wp-content\/uploads\/2025\/10\/regalos.jpg 800w\" sizes=\"auto, (max-width: 300px) 100vw, 300px\" \/><\/figure>\n\n\n\n<p>Te ofrecemos Funkos POP, moda, hogar\u2026 Todo el Universo Friki en un \u00fanico sitio y con los mejores precios para que disfrutes a tope.<\/p>\n<\/div>\n\n\n\n<div class=\"wp-block-column is-vertically-aligned-top is-layout-flow wp-block-column-is-layout-flow\">\n<h2 class=\"wp-block-heading has-text-align-center\">Figuras<\/h2>\n\n\n\n<figure class=\"wp-block-image size-full\"><img loading=\"lazy\" decoding=\"async\" width=\"600\" height=\"600\" src=\"https:\/\/gicd.inf.um.es\/csidcav\/usuario06\/wp-content\/uploads\/2025\/10\/figuras-stranger-things.jpg\" alt=\"Figuras\" class=\"wp-image-11\" srcset=\"https:\/\/gicd.inf.um.es\/csidcav\/usuario06\/wp-content\/uploads\/2025\/10\/figuras-stranger-things.jpg 600w, https:\/\/gicd.inf.um.es\/csidcav\/usuario06\/wp-content\/uploads\/2025\/10\/figuras-stranger-things-300x300.jpg 300w, https:\/\/gicd.inf.um.es\/csidcav\/usuario06\/wp-content\/uploads\/2025\/10\/figuras-stranger-things-150x150.jpg 150w\" sizes=\"auto, (max-width: 600px) 100vw, 600px\" \/><\/figure>\n\n\n\n<p>Aqu\u00ed tenemos figuras de todos los gustos. No importa de que seas fan, seguro que tenemos algo a lo que no podr\u00e1s resistirte.<\/p>\n<\/div>\n\n\n\n<div class=\"wp-block-column is-vertically-aligned-top is-layout-flow wp-block-column-is-layout-flow\">\n<h2 class=\"wp-block-heading has-text-align-center\">Moda<\/h2>\n\n\n\n<figure class=\"wp-block-image size-large\"><img loading=\"lazy\" decoding=\"async\" width=\"1024\" height=\"1024\" src=\"https:\/\/gicd.inf.um.es\/csidcav\/usuario06\/wp-content\/uploads\/2025\/10\/camisetas-breaking-bad-1024x1024.jpg\" alt=\"Moda\" class=\"wp-image-5\" srcset=\"https:\/\/gicd.inf.um.es\/csidcav\/usuario06\/wp-content\/uploads\/2025\/10\/camisetas-breaking-bad-1024x1024.jpg 1024w, https:\/\/gicd.inf.um.es\/csidcav\/usuario06\/wp-content\/uploads\/2025\/10\/camisetas-breaking-bad-300x300.jpg 300w, https:\/\/gicd.inf.um.es\/csidcav\/usuario06\/wp-content\/uploads\/2025\/10\/camisetas-breaking-bad-150x150.jpg 150w, https:\/\/gicd.inf.um.es\/csidcav\/usuario06\/wp-content\/uploads\/2025\/10\/camisetas-breaking-bad-768x768.jpg 768w, https:\/\/gicd.inf.um.es\/csidcav\/usuario06\/wp-content\/uploads\/2025\/10\/camisetas-breaking-bad.jpg 1080w\" sizes=\"auto, (max-width: 1024px) 100vw, 1024px\" \/><\/figure>\n\n\n\n<p>\u00bfQui\u00e9n dice que ser friki est\u00e1 re\u00f1ido con ir a la moda? Nosotros no estamos de acuerdo y te lo demostramos con esta secci\u00f3n.<\/p>\n<\/div>\n\n\n\n<div class=\"wp-block-column is-vertically-aligned-top is-layout-flow wp-block-column-is-layout-flow\">\n<h2 class=\"wp-block-heading\">Complementos<\/h2>\n\n\n\n<figure class=\"wp-block-image size-large\"><img loading=\"lazy\" decoding=\"async\" width=\"1024\" height=\"1024\" src=\"https:\/\/gicd.inf.um.es\/csidcav\/usuario06\/wp-content\/uploads\/2025\/10\/complementos-1024x1024.jpg\" alt=\"Complementos\" class=\"wp-image-12\" srcset=\"https:\/\/gicd.inf.um.es\/csidcav\/usuario06\/wp-content\/uploads\/2025\/10\/complementos-1024x1024.jpg 1024w, https:\/\/gicd.inf.um.es\/csidcav\/usuario06\/wp-content\/uploads\/2025\/10\/complementos-300x300.jpg 300w, https:\/\/gicd.inf.um.es\/csidcav\/usuario06\/wp-content\/uploads\/2025\/10\/complementos-150x150.jpg 150w, https:\/\/gicd.inf.um.es\/csidcav\/usuario06\/wp-content\/uploads\/2025\/10\/complementos-768x768.jpg 768w, https:\/\/gicd.inf.um.es\/csidcav\/usuario06\/wp-content\/uploads\/2025\/10\/complementos.jpg 1080w\" sizes=\"auto, (max-width: 1024px) 100vw, 1024px\" \/><\/figure>\n\n\n\n<p>Todo friki que se precie debe complementar su vida diaria con los accesorios frikis y aqu\u00ed te los ofrecemos absolutamente todos.<\/p>\n<\/div>\n<\/div>\n\n\n\n<div class=\"wp-block-cover alignfull is-light has-parallax\"><div class=\"wp-block-cover__image-background wp-image-10 size-large has-parallax\" style=\"background-position:50% 50%;background-image:url(https:\/\/gicd.inf.um.es\/csidcav\/usuario06\/wp-content\/uploads\/2025\/10\/hombre-con-capa-1024x427.png)\"><\/div><span aria-hidden=\"true\" class=\"wp-block-cover__background has-black-background-color has-background-dim-10 has-background-dim\"><\/span><div class=\"wp-block-cover__inner-container is-layout-constrained wp-block-cover-is-layout-constrained\">\n<p class=\"has-medium-font-size\"><strong>Aprovecha nuestros descuentos<\/strong> <\/p>\n\n\n\n<p>Usa el c\u00f3digo<\/p>\n\n\n\n<p class=\"has-vivid-red-color has-text-color has-link-color has-x-large-font-size wp-elements-5568ea3954385afa812f8502086d665d\"><strong>DESCUENTO20<\/strong><\/p>\n<\/div><\/div>\n\n\n\t\t\t<!-- Cool Timeline Free V3.0.9 -->\n\t\t\t<div class=\"ctl-wrapper\" role=\"region\" aria-label=\"Timeline\">\n\t\t\t\t<div class=\"ctl-before-content\"><div class=\"timeline-main-title\"><H2>Hits 2020-25<\/H2><\/div><\/div>\t\t\t\t<div id=\"cool_timeline_1\" class=\"cool-timeline-wrapper ctl-both-sided ctl-vertical-wrapper\" >\n\t\t\t\t\t<div class=\"ctl-start\"><\/div>\n\t\t\t\t\t<!-- Timeline Container -->\n\t\t\t\t\t<div class=\"ctl-timeline ctl-timeline-container\" data-animation=\"none\">\n\t\t\t\t\t\t<!-- Center Line -->\n\t\t\t\t\t\t<div class=\"ctl-inner-line\" role=\"presentation\"><\/div>\n\t\t\t\t\t\t<!-- Story Year Section --><div data-cls=\"sc-nv-light vertical\" class=\"timeline-year scrollable-section ctl-year ctl-year-container light-year\" data-section-title=\"2025\" id=\"year-2025\"><div class=\"ctl-year-label ctl-year-text\"><span>2025<\/span><\/div><\/div><!-- Timeline Content --><div  id=\"ctl-story-230\" class=\"ctl-story ctl-story-dot-icon odd ctl-story-right\" data-aos=\"none\"   data-story-index=\"1\" role=\"article\"><!-- Story Date --><div class=\"ctl-labels\"><div class=\"ctl-label-big story-date\">noviembre 19<\/div><\/div><!-- Story IconDot --><div class=\"ctl-icondot\"><\/div> <!-- Story Arrow --><div class=\"ctl-arrow\"><\/div><!-- Story Content --><div class=\"ctl-content\"><!-- Story Title --><div class=\"ctl-title story-230\" aria-label=\"2\">Squid Games season 3<\/div><!-- Story Media --><div class=\"ctl-media full\"><a data-glightbox=\"Squid Games season 3\" href=\"https:\/\/gicd.inf.um.es\/csidcav\/usuario06\/wp-content\/uploads\/2025\/11\/2025-Squid-game-T3.jpeg\" class=\"ctl_glightbox\"><img loading=\"lazy\" decoding=\"async\" width=\"207\" height=\"244\" src=\"https:\/\/gicd.inf.um.es\/csidcav\/usuario06\/wp-content\/uploads\/2025\/11\/2025-Squid-game-T3.jpeg\" class=\"story-img wp-post-image\" alt=\"Squid Games season 3\" \/><\/a><\/div><!-- Story Description --><div class=\"ctl-description\"><p>Netflix \/ Lee Jung-jae, Park Hae-soo, Wi Ha-joon \/ Thriller-Sociedad<\/p>\n<\/div><\/div><\/div><!-- Timeline Content --><div  id=\"ctl-story-229\" class=\"ctl-story ctl-story-dot-icon even ctl-story-left\" data-aos=\"none\"   data-story-index=\"2\" role=\"article\"><!-- Story Date --><div class=\"ctl-labels\"><div class=\"ctl-label-big story-date\">noviembre 19<\/div><\/div><!-- Story IconDot --><div class=\"ctl-icondot\"><\/div> <!-- Story Arrow --><div class=\"ctl-arrow\"><\/div><!-- Story Content --><div class=\"ctl-content\"><!-- Story Title --><div class=\"ctl-title story-229\" aria-label=\"2\">Bridgerton<\/div><!-- Story Media --><div class=\"ctl-media full\"><a data-glightbox=\"Bridgerton\" href=\"https:\/\/gicd.inf.um.es\/csidcav\/usuario06\/wp-content\/uploads\/2025\/11\/2020-Bridgerton.jpg\" class=\"ctl_glightbox\"><img loading=\"lazy\" decoding=\"async\" width=\"640\" height=\"948\" src=\"https:\/\/gicd.inf.um.es\/csidcav\/usuario06\/wp-content\/uploads\/2025\/11\/2020-Bridgerton-691x1024.jpg\" class=\"story-img wp-post-image\" alt=\"Bridgerton\" srcset=\"https:\/\/gicd.inf.um.es\/csidcav\/usuario06\/wp-content\/uploads\/2025\/11\/2020-Bridgerton-691x1024.jpg 691w, https:\/\/gicd.inf.um.es\/csidcav\/usuario06\/wp-content\/uploads\/2025\/11\/2020-Bridgerton-203x300.jpg 203w, https:\/\/gicd.inf.um.es\/csidcav\/usuario06\/wp-content\/uploads\/2025\/11\/2020-Bridgerton-768x1138.jpg 768w, https:\/\/gicd.inf.um.es\/csidcav\/usuario06\/wp-content\/uploads\/2025\/11\/2020-Bridgerton-1037x1536.jpg 1037w, https:\/\/gicd.inf.um.es\/csidcav\/usuario06\/wp-content\/uploads\/2025\/11\/2020-Bridgerton-1383x2048.jpg 1383w, https:\/\/gicd.inf.um.es\/csidcav\/usuario06\/wp-content\/uploads\/2025\/11\/2020-Bridgerton-1024x1517.jpg 1024w, https:\/\/gicd.inf.um.es\/csidcav\/usuario06\/wp-content\/uploads\/2025\/11\/2020-Bridgerton.jpg 1500w\" sizes=\"auto, (max-width: 640px) 100vw, 640px\" \/><\/a><\/div><!-- Story Description --><div class=\"ctl-description\"><p>Netflix \/ Phoebe Dynevor, Reg\u00e9-Jean Page, Jonathan Bailey \/ Romance hist\u00f3rico-Drama<\/p>\n<\/div><\/div><\/div><!-- Story Year Section --><div data-cls=\"sc-nv-light vertical\" class=\"timeline-year scrollable-section ctl-year ctl-year-container light-year\" data-section-title=\"2024\" id=\"year-2024\"><div class=\"ctl-year-label ctl-year-text\"><span>2024<\/span><\/div><\/div><!-- Timeline Content --><div  id=\"ctl-story-237\" class=\"ctl-story ctl-story-dot-icon odd ctl-story-right\" data-aos=\"none\"   data-story-index=\"3\" role=\"article\"><!-- Story Date --><div class=\"ctl-labels\"><div class=\"ctl-label-big story-date\">noviembre 19<\/div><\/div><!-- Story IconDot --><div class=\"ctl-icondot\"><\/div> <!-- Story Arrow --><div class=\"ctl-arrow\"><\/div><!-- Story Content --><div class=\"ctl-content\"><!-- Story Title --><div class=\"ctl-title story-237\" aria-label=\"2\">Bridgerton season 3<\/div><!-- Story Media --><div class=\"ctl-media full\"><a data-glightbox=\"Bridgerton season 3\" href=\"https:\/\/gicd.inf.um.es\/csidcav\/usuario06\/wp-content\/uploads\/2025\/11\/2024-Bridgerton.jpg\" class=\"ctl_glightbox\"><img loading=\"lazy\" decoding=\"async\" width=\"640\" height=\"800\" src=\"https:\/\/gicd.inf.um.es\/csidcav\/usuario06\/wp-content\/uploads\/2025\/11\/2024-Bridgerton-819x1024.jpg\" class=\"story-img wp-post-image\" alt=\"Bridgerton season 3\" srcset=\"https:\/\/gicd.inf.um.es\/csidcav\/usuario06\/wp-content\/uploads\/2025\/11\/2024-Bridgerton-819x1024.jpg 819w, https:\/\/gicd.inf.um.es\/csidcav\/usuario06\/wp-content\/uploads\/2025\/11\/2024-Bridgerton-240x300.jpg 240w, https:\/\/gicd.inf.um.es\/csidcav\/usuario06\/wp-content\/uploads\/2025\/11\/2024-Bridgerton-768x960.jpg 768w, https:\/\/gicd.inf.um.es\/csidcav\/usuario06\/wp-content\/uploads\/2025\/11\/2024-Bridgerton.jpg 960w\" sizes=\"auto, (max-width: 640px) 100vw, 640px\" \/><\/a><\/div><!-- Story Description --><div class=\"ctl-description\"><p>\/ Netflix \/ Phoebe Dynevor, Luke Newton, Nicola Coughlan \/ Romance hist\u00f3rico-Drama<\/p>\n<\/div><\/div><\/div><!-- Timeline Content --><div  id=\"ctl-story-231\" class=\"ctl-story ctl-story-dot-icon even ctl-story-left\" data-aos=\"none\"   data-story-index=\"4\" role=\"article\"><!-- Story Date --><div class=\"ctl-labels\"><div class=\"ctl-label-big story-date\">noviembre 19<\/div><\/div><!-- Story IconDot --><div class=\"ctl-icondot\"><\/div> <!-- Story Arrow --><div class=\"ctl-arrow\"><\/div><!-- Story Content --><div class=\"ctl-content\"><!-- Story Title --><div class=\"ctl-title story-231\" aria-label=\"2\">Stranger Things season 4<\/div><!-- Story Media --><div class=\"ctl-media full\"><a data-glightbox=\"Stranger Things season 4\" href=\"https:\/\/gicd.inf.um.es\/csidcav\/usuario06\/wp-content\/uploads\/2025\/11\/2022-T4-Stranger-Things.jpg\" class=\"ctl_glightbox\"><img loading=\"lazy\" decoding=\"async\" width=\"600\" height=\"600\" src=\"https:\/\/gicd.inf.um.es\/csidcav\/usuario06\/wp-content\/uploads\/2025\/11\/2022-T4-Stranger-Things.jpg\" class=\"story-img wp-post-image\" alt=\"Stranger Things season 4\" srcset=\"https:\/\/gicd.inf.um.es\/csidcav\/usuario06\/wp-content\/uploads\/2025\/11\/2022-T4-Stranger-Things.jpg 600w, https:\/\/gicd.inf.um.es\/csidcav\/usuario06\/wp-content\/uploads\/2025\/11\/2022-T4-Stranger-Things-300x300.jpg 300w, https:\/\/gicd.inf.um.es\/csidcav\/usuario06\/wp-content\/uploads\/2025\/11\/2022-T4-Stranger-Things-150x150.jpg 150w\" sizes=\"auto, (max-width: 600px) 100vw, 600px\" \/><\/a><\/div><!-- Story Description --><div class=\"ctl-description\"><p>Netflix \/ Millie Bobby Brown, David Harbour, Finn Wolfhard \/ Ciencia ficci\u00f3n-Thriller<\/p>\n<\/div><\/div><\/div><!-- Story Year Section --><div data-cls=\"sc-nv-light vertical\" class=\"timeline-year scrollable-section ctl-year ctl-year-container light-year\" data-section-title=\"2023\" id=\"year-2023\"><div class=\"ctl-year-label ctl-year-text\"><span>2023<\/span><\/div><\/div><!-- Timeline Content --><div  id=\"ctl-story-235\" class=\"ctl-story ctl-story-dot-icon odd ctl-story-right\" data-aos=\"none\"   data-story-index=\"5\" role=\"article\"><!-- Story Date --><div class=\"ctl-labels\"><div class=\"ctl-label-big story-date\">noviembre 19<\/div><\/div><!-- Story IconDot --><div class=\"ctl-icondot\"><\/div> <!-- Story Arrow --><div class=\"ctl-arrow\"><\/div><!-- Story Content --><div class=\"ctl-content\"><!-- Story Title --><div class=\"ctl-title story-235\" aria-label=\"2\">The Last of Us<\/div><!-- Story Media --><div class=\"ctl-media full\"><a data-glightbox=\"The Last of Us\" href=\"https:\/\/gicd.inf.um.es\/csidcav\/usuario06\/wp-content\/uploads\/2025\/11\/2023-The-last-of-us.webp\" class=\"ctl_glightbox\"><img loading=\"lazy\" decoding=\"async\" width=\"640\" height=\"448\" src=\"https:\/\/gicd.inf.um.es\/csidcav\/usuario06\/wp-content\/uploads\/2025\/11\/2023-The-last-of-us-1024x717.webp\" class=\"story-img wp-post-image\" alt=\"The Last of Us\" srcset=\"https:\/\/gicd.inf.um.es\/csidcav\/usuario06\/wp-content\/uploads\/2025\/11\/2023-The-last-of-us-1024x717.webp 1024w, https:\/\/gicd.inf.um.es\/csidcav\/usuario06\/wp-content\/uploads\/2025\/11\/2023-The-last-of-us-300x210.webp 300w, https:\/\/gicd.inf.um.es\/csidcav\/usuario06\/wp-content\/uploads\/2025\/11\/2023-The-last-of-us-768x538.webp 768w, https:\/\/gicd.inf.um.es\/csidcav\/usuario06\/wp-content\/uploads\/2025\/11\/2023-The-last-of-us.webp 1200w\" sizes=\"auto, (max-width: 640px) 100vw, 640px\" \/><\/a><\/div><!-- Story Description --><div class=\"ctl-description\"><p>HBO \/ Pedro Pascal, Bella Ramsey, Gabriel Luna \/ Post-apocal\u00edptico-Drama<\/p>\n<\/div><\/div><\/div><!-- Story Year Section --><div data-cls=\"sc-nv-light vertical\" class=\"timeline-year scrollable-section ctl-year ctl-year-container light-year\" data-section-title=\"2021\" id=\"year-2021\"><div class=\"ctl-year-label ctl-year-text\"><span>2021<\/span><\/div><\/div><!-- Timeline Content --><div  id=\"ctl-story-233\" class=\"ctl-story ctl-story-dot-icon even ctl-story-left\" data-aos=\"none\"   data-story-index=\"6\" role=\"article\"><!-- Story Date --><div class=\"ctl-labels\"><div class=\"ctl-label-big story-date\">noviembre 19<\/div><\/div><!-- Story IconDot --><div class=\"ctl-icondot\"><\/div> <!-- Story Arrow --><div class=\"ctl-arrow\"><\/div><!-- Story Content --><div class=\"ctl-content\"><!-- Story Title --><div class=\"ctl-title story-233\" aria-label=\"2\">Squid Games<\/div><!-- Story Media --><div class=\"ctl-media full\"><a data-glightbox=\"Squid Games\" href=\"https:\/\/gicd.inf.um.es\/csidcav\/usuario06\/wp-content\/uploads\/2025\/11\/2021-Juego-Calamar.jpg\" class=\"ctl_glightbox\"><img loading=\"lazy\" decoding=\"async\" width=\"640\" height=\"960\" src=\"https:\/\/gicd.inf.um.es\/csidcav\/usuario06\/wp-content\/uploads\/2025\/11\/2021-Juego-Calamar-683x1024.jpg\" class=\"story-img wp-post-image\" alt=\"Squid Games\" srcset=\"https:\/\/gicd.inf.um.es\/csidcav\/usuario06\/wp-content\/uploads\/2025\/11\/2021-Juego-Calamar-683x1024.jpg 683w, https:\/\/gicd.inf.um.es\/csidcav\/usuario06\/wp-content\/uploads\/2025\/11\/2021-Juego-Calamar-200x300.jpg 200w, https:\/\/gicd.inf.um.es\/csidcav\/usuario06\/wp-content\/uploads\/2025\/11\/2021-Juego-Calamar-768x1152.jpg 768w, https:\/\/gicd.inf.um.es\/csidcav\/usuario06\/wp-content\/uploads\/2025\/11\/2021-Juego-Calamar.jpg 1000w\" sizes=\"auto, (max-width: 640px) 100vw, 640px\" \/><\/a><\/div><!-- Story Description --><div class=\"ctl-description\"><p>Netflix \/ Lee Jung-jae, Park Hae-soo, Jung Ho-yeon \/ Thriller-Drama social<\/p>\n<\/div><\/div><\/div>\t\t\t\t\t<\/div>\n\t\t\t\t\t<div class=\"ctl-end\"><\/div>\n\t\t\t\t\t\t\t\t\t<\/div>\n\t\t\t<\/div>\n\t\t\t","protected":false},"excerpt":{"rendered":"<p>Te damos la bienvenida a Ficciones \u00c9picas, donde te ofrecemos informaci\u00f3n sobre series y productos relacionados con ellas. Pensamos que todo lo que nos rodea habla de nosotros, nos diferencia, y es una peque\u00f1a extensi\u00f3n de nuestra personalidad. Regalos \u00e9picos Te ofrecemos Funkos POP, moda, hogar\u2026 Todo el Universo Friki en un \u00fanico sitio y [&hellip;]<\/p>\n","protected":false},"author":1,"featured_media":411,"parent":0,"menu_order":0,"comment_status":"closed","ping_status":"closed","template":"","meta":{"pgc_sgb_lightbox_settings":"","footnotes":""},"class_list":["post-13","page","type-page","status-publish","has-post-thumbnail","hentry"],"_links":{"self":[{"href":"https:\/\/gicd.inf.um.es\/csidcav\/usuario06\/wp-json\/wp\/v2\/pages\/13","targetHints":{"allow":["GET"]}}],"collection":[{"href":"https:\/\/gicd.inf.um.es\/csidcav\/usuario06\/wp-json\/wp\/v2\/pages"}],"about":[{"href":"https:\/\/gicd.inf.um.es\/csidcav\/usuario06\/wp-json\/wp\/v2\/types\/page"}],"author":[{"embeddable":true,"href":"https:\/\/gicd.inf.um.es\/csidcav\/usuario06\/wp-json\/wp\/v2\/users\/1"}],"replies":[{"embeddable":true,"href":"https:\/\/gicd.inf.um.es\/csidcav\/usuario06\/wp-json\/wp\/v2\/comments?post=13"}],"version-history":[{"count":8,"href":"https:\/\/gicd.inf.um.es\/csidcav\/usuario06\/wp-json\/wp\/v2\/pages\/13\/revisions"}],"predecessor-version":[{"id":410,"href":"https:\/\/gicd.inf.um.es\/csidcav\/usuario06\/wp-json\/wp\/v2\/pages\/13\/revisions\/410"}],"wp:featuredmedia":[{"embeddable":true,"href":"https:\/\/gicd.inf.um.es\/csidcav\/usuario06\/wp-json\/wp\/v2\/media\/411"}],"wp:attachment":[{"href":"https:\/\/gicd.inf.um.es\/csidcav\/usuario06\/wp-json\/wp\/v2\/media?parent=13"}],"curies":[{"name":"wp","href":"https:\/\/api.w.org\/{rel}","templated":true}]}}