{"id":418,"date":"2025-12-15T15:59:13","date_gmt":"2025-12-15T14:59:13","guid":{"rendered":"https:\/\/gicd.inf.um.es\/csidcav\/usuario06\/?page_id=418"},"modified":"2025-12-17T15:32:20","modified_gmt":"2025-12-17T14:32:20","slug":"equipo-de-redaccion","status":"publish","type":"page","link":"https:\/\/gicd.inf.um.es\/csidcav\/usuario06\/equipo-de-redaccion\/","title":{"rendered":"Equipo de redacci\u00f3n"},"content":{"rendered":"\n<div class=\"wp-block-media-text is-stacked-on-mobile\"><figure class=\"wp-block-media-text__media\"><img loading=\"lazy\" decoding=\"async\" width=\"225\" height=\"225\" src=\"https:\/\/gicd.inf.um.es\/csidcav\/usuario06\/wp-content\/uploads\/2025\/12\/gatoso.jpeg\" alt=\"\" class=\"wp-image-420 size-full\" srcset=\"https:\/\/gicd.inf.um.es\/csidcav\/usuario06\/wp-content\/uploads\/2025\/12\/gatoso.jpeg 225w, https:\/\/gicd.inf.um.es\/csidcav\/usuario06\/wp-content\/uploads\/2025\/12\/gatoso-150x150.jpeg 150w\" sizes=\"auto, (max-width: 225px) 100vw, 225px\" \/><\/figure><div class=\"wp-block-media-text__content\">\n<h2 class=\"wp-block-heading\">Gato Exitoso<\/h2>\n\n\n\n<p>El CEO de Ficciones \u00c9picas. <\/p>\n<\/div><\/div>\n\n\n\n<div class=\"wp-block-media-text has-media-on-the-right is-stacked-on-mobile\"><div class=\"wp-block-media-text__content\">\n<h2 class=\"wp-block-heading\">Gato Empresario<\/h2>\n\n\n\n<p>Secretario, malabarista, experto en bioqu\u00edmica, licenciado en Administraci\u00f3n de Empresas, vendedor de aspiradoras en su tiempo libre, jugador profesional de Waterpolo, editor de la Wikipedia, Premio Nobel de la Paz en 2015.<\/p>\n\n\n\n<p> Actualmente ayudante en Ficciones \u00c9picas<\/p>\n<\/div><figure class=\"wp-block-media-text__media\"><img loading=\"lazy\" decoding=\"async\" width=\"201\" height=\"251\" src=\"https:\/\/gicd.inf.um.es\/csidcav\/usuario06\/wp-content\/uploads\/2025\/12\/gatatoso.jpeg\" alt=\"\" class=\"wp-image-419 size-full\"\/><\/figure><\/div>\n","protected":false},"excerpt":{"rendered":"<p>Gato Exitoso El CEO de Ficciones \u00c9picas. Gato Empresario Secretario, malabarista, experto en bioqu\u00edmica, licenciado en Administraci\u00f3n de Empresas, vendedor de aspiradoras en su tiempo libre, jugador profesional de Waterpolo, editor de la Wikipedia, Premio Nobel de la Paz en 2015. Actualmente ayudante en Ficciones \u00c9picas<\/p>\n","protected":false},"author":1,"featured_media":0,"parent":0,"menu_order":0,"comment_status":"closed","ping_status":"closed","template":"","meta":{"pgc_sgb_lightbox_settings":"","footnotes":""},"class_list":["post-418","page","type-page","status-publish","hentry"],"_links":{"self":[{"href":"https:\/\/gicd.inf.um.es\/csidcav\/usuario06\/wp-json\/wp\/v2\/pages\/418","targetHints":{"allow":["GET"]}}],"collection":[{"href":"https:\/\/gicd.inf.um.es\/csidcav\/usuario06\/wp-json\/wp\/v2\/pages"}],"about":[{"href":"https:\/\/gicd.inf.um.es\/csidcav\/usuario06\/wp-json\/wp\/v2\/types\/page"}],"author":[{"embeddable":true,"href":"https:\/\/gicd.inf.um.es\/csidcav\/usuario06\/wp-json\/wp\/v2\/users\/1"}],"replies":[{"embeddable":true,"href":"https:\/\/gicd.inf.um.es\/csidcav\/usuario06\/wp-json\/wp\/v2\/comments?post=418"}],"version-history":[{"count":3,"href":"https:\/\/gicd.inf.um.es\/csidcav\/usuario06\/wp-json\/wp\/v2\/pages\/418\/revisions"}],"predecessor-version":[{"id":424,"href":"https:\/\/gicd.inf.um.es\/csidcav\/usuario06\/wp-json\/wp\/v2\/pages\/418\/revisions\/424"}],"wp:attachment":[{"href":"https:\/\/gicd.inf.um.es\/csidcav\/usuario06\/wp-json\/wp\/v2\/media?parent=418"}],"curies":[{"name":"wp","href":"https:\/\/api.w.org\/{rel}","templated":true}]}}