{"id":1002,"date":"2025-12-10T13:49:54","date_gmt":"2025-12-10T12:49:54","guid":{"rendered":"https:\/\/gicd.inf.um.es\/csidcav\/usuario07\/?page_id=1002"},"modified":"2025-12-10T13:49:54","modified_gmt":"2025-12-10T12:49:54","slug":"gustavo-gus-fring","status":"publish","type":"page","link":"https:\/\/gicd.inf.um.es\/csidcav\/usuario07\/gustavo-gus-fring\/","title":{"rendered":"Gustavo \u00abGus\u00bb Fring"},"content":{"rendered":"\n<div class=\"wp-block-media-text has-media-on-the-right is-stacked-on-mobile\"><div class=\"wp-block-media-text__content\">\n<p>Un respetado fil\u00e1ntropo y propietario de la cadena de comida r\u00e1pida Los Pollos Hermanos. En realidad, es el mayor distribuidor de metanfetamina del suroeste de EE. UU. Gus es la ant\u00edtesis de los criminales impulsivos: es estoico, profesional y extremadamente cauteloso. Contrata a Walter por su producto superior, pero la relaci\u00f3n se deteriora debido a la imprevisibilidad de Walt. Su odio hacia el C\u00e1rtel de Ju\u00e1rez y su venganza contra H\u00e9ctor Salamanca definen su vida.<\/p>\n\n\n\n<p>Dirige su imperio criminal con la misma eficiencia log\u00edstica y est\u00e1ndares de calidad que su cadena de restaurantes leg\u00edtima.<\/p>\n\n\n\n<p>Mantiene una imagen p\u00fablica intachable, siendo amigo de la DEA y donante de la polic\u00eda, lo que lo hace invisible ante la ley.<\/p>\n\n\n\n<p>No usa la violencia por placer, sino como herramienta de negocios. Es capaz de asesinar a un subordinado con un c\u00fater sin cambiar su expresi\u00f3n facial para enviar un mensaje.<\/p>\n\n\n\n<p>Interpretado por <a href=\"https:\/\/gicd.inf.um.es\/csidcav\/usuario07\/actor\/giancarlo-esposito\/?customize_changeset_uuid=27208d6c-cf43-4555-b6c7-906ed2a82418&amp;customize_autosaved=on\" data-type=\"link\" data-id=\"https:\/\/gicd.inf.um.es\/csidcav\/usuario07\/actor\/giancarlo-esposito\/?customize_changeset_uuid=27208d6c-cf43-4555-b6c7-906ed2a82418&amp;customize_autosaved=on\">Giancarlo Esposito<\/a>.<\/p>\n<\/div><figure class=\"wp-block-media-text__media\"><a href=\"https:\/\/gicd.inf.um.es\/csidcav\/usuario07\/wp-content\/uploads\/2025\/10\/289552.jpg\"><img loading=\"lazy\" decoding=\"async\" width=\"300\" height=\"450\" src=\"https:\/\/gicd.inf.um.es\/csidcav\/usuario07\/wp-content\/uploads\/2025\/10\/289552.jpg\" alt=\"\" class=\"wp-image-610 size-full\" srcset=\"https:\/\/gicd.inf.um.es\/csidcav\/usuario07\/wp-content\/uploads\/2025\/10\/289552.jpg 300w, https:\/\/gicd.inf.um.es\/csidcav\/usuario07\/wp-content\/uploads\/2025\/10\/289552-200x300.jpg 200w\" sizes=\"auto, (max-width: 300px) 100vw, 300px\" \/><\/a><\/figure><\/div>\n","protected":false},"excerpt":{"rendered":"<p>Un respetado fil\u00e1ntropo y propietario de la cadena de comida r\u00e1pida Los Pollos Hermanos. En realidad, es el mayor distribuidor de metanfetamina del suroeste de EE. UU. Gus es la ant\u00edtesis de los criminales impulsivos: es estoico, profesional y extremadamente cauteloso. Contrata a Walter por su producto superior, pero la relaci\u00f3n se deteriora debido a [&hellip;]<\/p>\n","protected":false},"author":1,"featured_media":0,"parent":0,"menu_order":0,"comment_status":"closed","ping_status":"closed","template":"","meta":{"pgc_sgb_lightbox_settings":"","footnotes":""},"class_list":["post-1002","page","type-page","status-publish","hentry"],"_links":{"self":[{"href":"https:\/\/gicd.inf.um.es\/csidcav\/usuario07\/wp-json\/wp\/v2\/pages\/1002","targetHints":{"allow":["GET"]}}],"collection":[{"href":"https:\/\/gicd.inf.um.es\/csidcav\/usuario07\/wp-json\/wp\/v2\/pages"}],"about":[{"href":"https:\/\/gicd.inf.um.es\/csidcav\/usuario07\/wp-json\/wp\/v2\/types\/page"}],"author":[{"embeddable":true,"href":"https:\/\/gicd.inf.um.es\/csidcav\/usuario07\/wp-json\/wp\/v2\/users\/1"}],"replies":[{"embeddable":true,"href":"https:\/\/gicd.inf.um.es\/csidcav\/usuario07\/wp-json\/wp\/v2\/comments?post=1002"}],"version-history":[{"count":1,"href":"https:\/\/gicd.inf.um.es\/csidcav\/usuario07\/wp-json\/wp\/v2\/pages\/1002\/revisions"}],"predecessor-version":[{"id":1003,"href":"https:\/\/gicd.inf.um.es\/csidcav\/usuario07\/wp-json\/wp\/v2\/pages\/1002\/revisions\/1003"}],"wp:attachment":[{"href":"https:\/\/gicd.inf.um.es\/csidcav\/usuario07\/wp-json\/wp\/v2\/media?parent=1002"}],"curies":[{"name":"wp","href":"https:\/\/api.w.org\/{rel}","templated":true}]}}