{"id":155,"date":"2025-11-05T17:33:08","date_gmt":"2025-11-05T16:33:08","guid":{"rendered":"https:\/\/gicd.inf.um.es\/csidcav\/usuario07\/?page_id=155"},"modified":"2025-12-11T17:36:43","modified_gmt":"2025-12-11T16:36:43","slug":"listado-de-actrices-y-actores","status":"publish","type":"page","link":"https:\/\/gicd.inf.um.es\/csidcav\/usuario07\/listado-de-actrices-y-actores\/","title":{"rendered":"Listado de actrices y actores"},"content":{"rendered":"\n<p>En esta p\u00e1gina recopilamos la informaci\u00f3n de cada una de las actrices y actores que protagonizan nuestras series preferidas<\/p>\n\n\n\n<div class=\"wp-block-query is-layout-flow wp-block-query-is-layout-flow\"><ul class=\"wp-block-post-template is-layout-flow wp-block-post-template-is-layout-flow\"><li class=\"wp-block-post post-146 actor type-actor status-publish hentry\">\n<h2 class=\"wp-block-post-title\"><a href=\"https:\/\/gicd.inf.um.es\/csidcav\/usuario07\/actor\/aaron-paul\/\" target=\"_self\" >Aaron Paul<\/a><\/h2>\n\n<p>Aaron Paul Sturtevant\u200b (Emmett, Idaho; 27 de agosto de 1979) es un actor y productor estadounidense conocido por interpretar al personaje de Jesse Pinkman en la serie de AMC Breaking Bad, desde su estreno el 20 de enero de 2008. Tambi\u00e9n tiene un papel recurrente como Scott en la serie de HBO Big Love, adem\u00e1s de haber protagonizado la pel\u00edcula Need for Speed.<\/p>\n\n<\/li><li class=\"wp-block-post post-409 actor type-actor status-publish hentry\">\n<h2 class=\"wp-block-post-title\"><a href=\"https:\/\/gicd.inf.um.es\/csidcav\/usuario07\/actor\/andrew-lincoln\/\" target=\"_self\" >Andrew Lincoln<\/a><\/h2>\n\n<p>Andrew James Clutterbuck, conocido profesionalmente como Andrew Lincoln, es un actor ingl\u00e9s. Su primer papel importante fue como el personaje de Egg en la serie dram\u00e1tica de la BBC This Life (1996-1997). Posteriormente, Lincoln interpret\u00f3 a Simon Casey en la comedia de Channel 4 Teachers (2001-2003), a Mark en la comedia rom\u00e1ntica navide\u00f1a Love Actually (2003) y al Dr. Robert Bridge en la serie de televisi\u00f3n de ITV Afterlife (2005-2006).<\/p>\n\n<\/li><li class=\"wp-block-post post-403 actor type-actor status-publish hentry\">\n<h2 class=\"wp-block-post-title\"><a href=\"https:\/\/gicd.inf.um.es\/csidcav\/usuario07\/actor\/andy-serkis\/\" target=\"_self\" >Andy Serkis<\/a><\/h2>\n\n<p>Andrew Clement Serkis es un actor, narrador y director de cine ingl\u00e9s. Es conocido por sus trabajos de captura de movimiento, animaci\u00f3n y doblaje para personajes generados por computadora, como Gollum en la trilog\u00eda cinematogr\u00e1fica de El Se\u00f1or de los Anillos (2001-2003) y El Hobbit: Un Viaje Inesperado (2012).<\/p>\n\n<\/li><li class=\"wp-block-post post-612 actor type-actor status-publish hentry\">\n<h2 class=\"wp-block-post-title\"><a href=\"https:\/\/gicd.inf.um.es\/csidcav\/usuario07\/actor\/anna-gunn\/\" target=\"_self\" >Anna Gunn<\/a><\/h2>\n\n<p>Alcanz\u00f3 fama internacional por su interpretaci\u00f3n de Skyler White, la esposa de Walter White, en la aclamada serie dram\u00e1tica Breaking Bad (2008-2013), actuando junto a Bryan Cranston. En 2012 fue nominada a los Emmy en la categor\u00eda de mejor actriz de reparto por su papel en Breaking Bad.<\/p>\n<p>Posteriormente, en los a\u00f1os 2013 y 2014, en las ediciones 65.\u00aa y 66.\u00aa de los Emmys, se hizo acreedora del premio a \u00abMejor actriz de reparto\u00bb tambi\u00e9n por su papel de Skyler White en Breaking Bad.<\/p>\n<p>Gunn tambi\u00e9n ha interpretado un papel como ayudante del abogado del distrito Jean Ward en la serie The Practice desde 1997 a 2002, y tuvo un papel principal como Martha Bullock en Deadwood, de la cadena HBO, entre 2005 y 2006.<\/p>\n<p>En 2014 protagoniz\u00f3 la miniserie de diez episodios Gracepoint, junto a David Tennant. En 2016 particip\u00f3 junto a Tom Hanks en la pel\u00edcula Sully.<\/p>\n\n<\/li><li class=\"wp-block-post post-143 actor type-actor status-publish hentry\">\n<h2 class=\"wp-block-post-title\"><a href=\"https:\/\/gicd.inf.um.es\/csidcav\/usuario07\/actor\/bella-ramsey\/\" target=\"_self\" >Bella Ramsey<\/a><\/h2>\n\n<p>Isabella May Ramsey (Nottinghamshire, Inglaterra, 25 de septiembre de 2003\u200b), m\u00e1s conocida como Bella Ramsey, es una persona int\u00e9rprete de cine, televisi\u00f3n y teatro brit\u00e1nica. Interpret\u00f3 a Lyanna Mormont en Juego de tronos,\u200b a Mildred Hubble en The Worst Witch, a Hilda en la serie del mismo nombre y a Ellie en la serie de televisi\u00f3n basada en el videojuego The Last of Us.<\/p>\n\n<\/li><li class=\"wp-block-post post-145 actor type-actor status-publish hentry\">\n<h2 class=\"wp-block-post-title\"><a href=\"https:\/\/gicd.inf.um.es\/csidcav\/usuario07\/actor\/bryan-cranston\/\" target=\"_self\" >Bryan Cranston<\/a><\/h2>\n\n<p>Bryan Lee Cranston es un actor, actor de voz, guionista, productor y director estadounidense, reconocido por su interpretaci\u00f3n de Walter White (en la serie de AMC Breaking Bad), de Hal Wilkerson (el padre de familia de la serie de FOX Malcolm in the middle), y del doctor Tim Whatley (en la comedia de NBC Seinfeld). El papel de Walter White le ha convertido en uno de los grandes en el panorama del cine y la televisi\u00f3n habiendo sido galardonado con numerosos premios como los Emmy y los Globos de Oro. En la d\u00e9cada de los 2000 pas\u00f3 de ser un actor de papeles menores a ser uno de los m\u00e1s reconocidos en la industria cinematogr\u00e1fica, llegando a ser nominado a los Premios \u00d3scar en 2016.<\/p>\n\n<\/li><li class=\"wp-block-post post-714 actor type-actor status-publish hentry\">\n<h2 class=\"wp-block-post-title\"><a href=\"https:\/\/gicd.inf.um.es\/csidcav\/usuario07\/actor\/connie-britton\/\" target=\"_self\" >Connie Britton<\/a><\/h2>\n\n<p>Constance Elaine Britton es una actriz, cantante y productora estadounidense. Britton debut\u00f3 en el cine con la comedia dram\u00e1tica independiente The Brothers McMullen (1995), y al a\u00f1o siguiente fue elegida para interpretar a Nikki Faber en la comedia de ABC Spin City.<\/p>\n\n<\/li><li class=\"wp-block-post post-424 actor type-actor status-publish hentry\">\n<h2 class=\"wp-block-post-title\"><a href=\"https:\/\/gicd.inf.um.es\/csidcav\/usuario07\/actor\/danai-gurira\/\" target=\"_self\" >Danai Gurira<\/a><\/h2>\n\n<p>Danai Jekesai Gurira es una actriz y dramaturga estadounidense. Es conocida por sus papeles protag\u00f3nicos como Michonne en la serie dram\u00e1tica de terror de AMC The Walking Dead (2012-2020) y como Okoye en las pel\u00edculas de superh\u00e9roes del Universo Cinematogr\u00e1fico de Marvel, Black Panther (2018), Avengers: Infinity War (2018) y Avengers: Endgame (2019). Gurira tambi\u00e9n es la dramaturga de la obra de Broadway Eclipsed, por la que fue nominada al Premio Tony a la Mejor Obra. Gurira tambi\u00e9n ha sido nominada al Premio Pulitzer de drama por su obra, In The Continuum, donde tambi\u00e9n coescribi\u00f3 y protagoniz\u00f3.<\/p>\n\n<\/li><li class=\"wp-block-post post-756 actor type-actor status-publish hentry\">\n<h2 class=\"wp-block-post-title\"><a href=\"https:\/\/gicd.inf.um.es\/csidcav\/usuario07\/actor\/david-harbour\/\" target=\"_self\" >David Harbour<\/a><\/h2>\n\n<p>David Kenneth Harbour (Nueva York, 10 de abril de 1975) es un actor estadounidense que ha trabajado en cine, televisi\u00f3n y teatro. Famoso por su papel de Jim Hopper en la serie original de Netflix, Stranger Things.<\/p>\n\n<\/li><li class=\"wp-block-post post-614 actor type-actor status-publish hentry\">\n<h2 class=\"wp-block-post-title\"><a href=\"https:\/\/gicd.inf.um.es\/csidcav\/usuario07\/actor\/dean-norris\/\" target=\"_self\" >Dean Norris<\/a><\/h2>\n\n<p>Dean Joseph Norris es un actor estadounidense. Es conocido por interpretar al agente de la DEA Hank Schrader en la serie de AMC Breaking Bad (2008-2013), por la que recibi\u00f3 elogios de la cr\u00edtica. Tambi\u00e9n interpret\u00f3 al concejal James \u00abBig Jim\u00bb Rennie en la serie de CBS Under the Dome (2013-2015) y actualmente interpreta al jefe de la mafia Clay \u00abUncle Daddy\u00bb Husser en la serie de TNT Claws. Repiti\u00f3 su papel de Hank Schrader en el spin-off de Breaking Bad, Better Call Saul (2020).<\/p>\n\n<\/li><\/ul>\n\n<nav class=\"wp-block-query-pagination is-layout-flex wp-block-query-pagination-is-layout-flex\" aria-label=\"Paginaci\u00f3n\">\n\n\n<div class=\"wp-block-query-pagination-numbers\"><span aria-label=\"P\u00e1gina 1\" aria-current=\"page\" class=\"page-numbers current\">1<\/span>\n<a aria-label=\"P\u00e1gina 2\" class=\"page-numbers\" href=\"?query-5-page=2\">2<\/a>\n<a aria-label=\"P\u00e1gina 3\" class=\"page-numbers\" href=\"?query-5-page=3\">3<\/a>\n<a aria-label=\"P\u00e1gina 4\" class=\"page-numbers\" href=\"?query-5-page=4\">4<\/a><\/div>\n\n<a href=\"\/csidcav\/usuario07\/wp-json\/wp\/v2\/pages\/155?query-5-page=2\" class=\"wp-block-query-pagination-next\">P\u00e1gina siguiente<\/a>\n<\/nav>\n\n<\/div>\n","protected":false},"excerpt":{"rendered":"<p>En esta p\u00e1gina recopilamos la informaci\u00f3n de cada una de las actrices y actores que protagonizan nuestras series preferidas<\/p>\n","protected":false},"author":1,"featured_media":620,"parent":0,"menu_order":0,"comment_status":"closed","ping_status":"closed","template":"","meta":{"pgc_sgb_lightbox_settings":"","footnotes":""},"class_list":["post-155","page","type-page","status-publish","has-post-thumbnail","hentry"],"_links":{"self":[{"href":"https:\/\/gicd.inf.um.es\/csidcav\/usuario07\/wp-json\/wp\/v2\/pages\/155","targetHints":{"allow":["GET"]}}],"collection":[{"href":"https:\/\/gicd.inf.um.es\/csidcav\/usuario07\/wp-json\/wp\/v2\/pages"}],"about":[{"href":"https:\/\/gicd.inf.um.es\/csidcav\/usuario07\/wp-json\/wp\/v2\/types\/page"}],"author":[{"embeddable":true,"href":"https:\/\/gicd.inf.um.es\/csidcav\/usuario07\/wp-json\/wp\/v2\/users\/1"}],"replies":[{"embeddable":true,"href":"https:\/\/gicd.inf.um.es\/csidcav\/usuario07\/wp-json\/wp\/v2\/comments?post=155"}],"version-history":[{"count":3,"href":"https:\/\/gicd.inf.um.es\/csidcav\/usuario07\/wp-json\/wp\/v2\/pages\/155\/revisions"}],"predecessor-version":[{"id":1099,"href":"https:\/\/gicd.inf.um.es\/csidcav\/usuario07\/wp-json\/wp\/v2\/pages\/155\/revisions\/1099"}],"wp:featuredmedia":[{"embeddable":true,"href":"https:\/\/gicd.inf.um.es\/csidcav\/usuario07\/wp-json\/wp\/v2\/media\/620"}],"wp:attachment":[{"href":"https:\/\/gicd.inf.um.es\/csidcav\/usuario07\/wp-json\/wp\/v2\/media?parent=155"}],"curies":[{"name":"wp","href":"https:\/\/api.w.org\/{rel}","templated":true}]}}