{"id":360,"date":"2025-12-08T17:35:32","date_gmt":"2025-12-08T16:35:32","guid":{"rendered":"https:\/\/gicd.inf.um.es\/csidcav\/usuario07\/?page_id=360"},"modified":"2025-12-10T14:41:44","modified_gmt":"2025-12-10T13:41:44","slug":"lady-jessica","status":"publish","type":"page","link":"https:\/\/gicd.inf.um.es\/csidcav\/usuario07\/lady-jessica\/","title":{"rendered":"Lady Jessica"},"content":{"rendered":"\n<div class=\"wp-block-media-text is-stacked-on-mobile\"><figure class=\"wp-block-media-text__media\"><img loading=\"lazy\" decoding=\"async\" width=\"300\" height=\"450\" src=\"https:\/\/gicd.inf.um.es\/csidcav\/usuario07\/wp-content\/uploads\/2025\/12\/656da7ce5e896-2.jpg\" alt=\"\" class=\"wp-image-361 size-full\" srcset=\"https:\/\/gicd.inf.um.es\/csidcav\/usuario07\/wp-content\/uploads\/2025\/12\/656da7ce5e896-2.jpg 300w, https:\/\/gicd.inf.um.es\/csidcav\/usuario07\/wp-content\/uploads\/2025\/12\/656da7ce5e896-2-200x300.jpg 200w\" sizes=\"auto, (max-width: 300px) 100vw, 300px\" \/><\/figure><div class=\"wp-block-media-text__content\">\n<p>Miembro altamente entrenada de la hermandad Bene Gesserit y concubina del Duque Leto. Su amor por Leto la llev\u00f3 a desobedecer la orden de la hermandad de tener solo una hija, dando a luz a Paul. Esta desobediencia es la clave de la profec\u00eda del Kwisatz Haderach. En Arrakis, su habilidad y su estatus como Bene Gesserit son cruciales para la supervivencia de ella y su hijo, convenci\u00e9ndo a los Fremen de que ella es su Reverenda Madre, prepar\u00e1ndoles para recibir a Paul.<\/p>\n\n\n\n<p>Dominio completo de la t\u00e9cnica de La Voz, capaz de ordenar acciones a casi cualquier persona.<\/p>\n\n\n\n<p>Posee un control total sobre su cuerpo, capaz de ralentizar su ritmo card\u00edaco, neutralizar venenos o curarse a s\u00ed misma.<\/p>\n\n\n\n<p>Su mente es un almac\u00e9n de conocimientos, capaz de analizar grandes cantidades de informaci\u00f3n y estrategias pol\u00edticas con la precisi\u00f3n de un Mentat.<\/p>\n\n\n\n<p>Tras beber el Agua de Vida (un veneno mortal), sobrevive y desbloquea el acceso a todas las memorias ancestrales femeninas de su linaje.<\/p>\n\n\n\n<p>Interpretada en las peliculas por <a href=\"https:\/\/gicd.inf.um.es\/csidcav\/usuario07\/actor\/rebecca-ferguson\/\" data-type=\"link\" data-id=\"https:\/\/gicd.inf.um.es\/csidcav\/usuario07\/actor\/rebecca-ferguson\/\">Rebecca Ferguson<\/a><\/p>\n<\/div><\/div>\n","protected":false},"excerpt":{"rendered":"<p>Miembro altamente entrenada de la hermandad Bene Gesserit y concubina del Duque Leto. Su amor por Leto la llev\u00f3 a desobedecer la orden de la hermandad de tener solo una hija, dando a luz a Paul. Esta desobediencia es la clave de la profec\u00eda del Kwisatz Haderach. En Arrakis, su habilidad y su estatus como [&hellip;]<\/p>\n","protected":false},"author":1,"featured_media":0,"parent":0,"menu_order":0,"comment_status":"closed","ping_status":"closed","template":"","meta":{"pgc_sgb_lightbox_settings":"","footnotes":""},"class_list":["post-360","page","type-page","status-publish","hentry"],"_links":{"self":[{"href":"https:\/\/gicd.inf.um.es\/csidcav\/usuario07\/wp-json\/wp\/v2\/pages\/360","targetHints":{"allow":["GET"]}}],"collection":[{"href":"https:\/\/gicd.inf.um.es\/csidcav\/usuario07\/wp-json\/wp\/v2\/pages"}],"about":[{"href":"https:\/\/gicd.inf.um.es\/csidcav\/usuario07\/wp-json\/wp\/v2\/types\/page"}],"author":[{"embeddable":true,"href":"https:\/\/gicd.inf.um.es\/csidcav\/usuario07\/wp-json\/wp\/v2\/users\/1"}],"replies":[{"embeddable":true,"href":"https:\/\/gicd.inf.um.es\/csidcav\/usuario07\/wp-json\/wp\/v2\/comments?post=360"}],"version-history":[{"count":3,"href":"https:\/\/gicd.inf.um.es\/csidcav\/usuario07\/wp-json\/wp\/v2\/pages\/360\/revisions"}],"predecessor-version":[{"id":1051,"href":"https:\/\/gicd.inf.um.es\/csidcav\/usuario07\/wp-json\/wp\/v2\/pages\/360\/revisions\/1051"}],"wp:attachment":[{"href":"https:\/\/gicd.inf.um.es\/csidcav\/usuario07\/wp-json\/wp\/v2\/media?parent=360"}],"curies":[{"name":"wp","href":"https:\/\/api.w.org\/{rel}","templated":true}]}}