{"id":366,"date":"2025-12-08T17:41:29","date_gmt":"2025-12-08T16:41:29","guid":{"rendered":"https:\/\/gicd.inf.um.es\/csidcav\/usuario07\/?page_id=366"},"modified":"2025-12-10T14:42:20","modified_gmt":"2025-12-10T13:42:20","slug":"baron-vladimir-harkonnen","status":"publish","type":"page","link":"https:\/\/gicd.inf.um.es\/csidcav\/usuario07\/baron-vladimir-harkonnen\/","title":{"rendered":"Bar\u00f3n Vladimir Harkonnen"},"content":{"rendered":"\n<div class=\"wp-block-media-text is-stacked-on-mobile\"><figure class=\"wp-block-media-text__media\"><img loading=\"lazy\" decoding=\"async\" width=\"300\" height=\"450\" src=\"https:\/\/gicd.inf.um.es\/csidcav\/usuario07\/wp-content\/uploads\/2025\/12\/60f72912f1f35-1.jpg\" alt=\"\" class=\"wp-image-367 size-full\" srcset=\"https:\/\/gicd.inf.um.es\/csidcav\/usuario07\/wp-content\/uploads\/2025\/12\/60f72912f1f35-1.jpg 300w, https:\/\/gicd.inf.um.es\/csidcav\/usuario07\/wp-content\/uploads\/2025\/12\/60f72912f1f35-1-200x300.jpg 200w\" sizes=\"auto, (max-width: 300px) 100vw, 300px\" \/><\/figure><div class=\"wp-block-media-text__content\">\n<p>El jefe de la Casa Harkonnen y el principal antagonista. Gobern\u00f3 Arrakis durante d\u00e9cadas antes de que la Casa Atreides fuera enviada all\u00ed. Su obesidad extrema es el resultado de un encuentro con el malicioso Bene Gesserit que lo dej\u00f3 f\u00edsicamente lisiado. Su \u00fanico motor es el poder y la venganza contra los Atreides, a quienes destruye a trav\u00e9s de una compleja conspiraci\u00f3n pol\u00edtica y militar, orquestada junto al Emperador.<\/p>\n\n\n\n<p>Un estratega pol\u00edtico sin par, capaz de manipular al Gremio Espacial y al propio Emperador para lograr sus fines.<\/p>\n\n\n\n<p>Aunque no es un Mentat formal (calculador humano), posee una mente astuta y calculadora, siempre pensando varios pasos por delante de sus enemigos.<\/p>\n\n\n\n<p>Su vasta riqueza proveniente de la Especia le permite mantener la red de espionaje y contrainteligencia m\u00e1s sofisticada del Imperio.<\/p>\n\n\n\n<p>Debido a su condici\u00f3n f\u00edsica, utiliza cinturones de gravedad cero (suspensores) para flotar y moverse, lo que a su vez lo convierte en una figura intimidante.<\/p>\n\n\n\n<p>Interpretado en las peliculas por <a href=\"https:\/\/gicd.inf.um.es\/csidcav\/usuario07\/actor\/stellan-skarsgard\/\" data-type=\"link\" data-id=\"https:\/\/gicd.inf.um.es\/csidcav\/usuario07\/actor\/stellan-skarsgard\/\">Stellan Skarsg\u00e5rd<\/a><\/p>\n<\/div><\/div>\n","protected":false},"excerpt":{"rendered":"<p>El jefe de la Casa Harkonnen y el principal antagonista. Gobern\u00f3 Arrakis durante d\u00e9cadas antes de que la Casa Atreides fuera enviada all\u00ed. Su obesidad extrema es el resultado de un encuentro con el malicioso Bene Gesserit que lo dej\u00f3 f\u00edsicamente lisiado. Su \u00fanico motor es el poder y la venganza contra los Atreides, a [&hellip;]<\/p>\n","protected":false},"author":1,"featured_media":0,"parent":0,"menu_order":0,"comment_status":"closed","ping_status":"closed","template":"","meta":{"pgc_sgb_lightbox_settings":"","footnotes":""},"class_list":["post-366","page","type-page","status-publish","hentry"],"_links":{"self":[{"href":"https:\/\/gicd.inf.um.es\/csidcav\/usuario07\/wp-json\/wp\/v2\/pages\/366","targetHints":{"allow":["GET"]}}],"collection":[{"href":"https:\/\/gicd.inf.um.es\/csidcav\/usuario07\/wp-json\/wp\/v2\/pages"}],"about":[{"href":"https:\/\/gicd.inf.um.es\/csidcav\/usuario07\/wp-json\/wp\/v2\/types\/page"}],"author":[{"embeddable":true,"href":"https:\/\/gicd.inf.um.es\/csidcav\/usuario07\/wp-json\/wp\/v2\/users\/1"}],"replies":[{"embeddable":true,"href":"https:\/\/gicd.inf.um.es\/csidcav\/usuario07\/wp-json\/wp\/v2\/comments?post=366"}],"version-history":[{"count":2,"href":"https:\/\/gicd.inf.um.es\/csidcav\/usuario07\/wp-json\/wp\/v2\/pages\/366\/revisions"}],"predecessor-version":[{"id":1052,"href":"https:\/\/gicd.inf.um.es\/csidcav\/usuario07\/wp-json\/wp\/v2\/pages\/366\/revisions\/1052"}],"wp:attachment":[{"href":"https:\/\/gicd.inf.um.es\/csidcav\/usuario07\/wp-json\/wp\/v2\/media?parent=366"}],"curies":[{"name":"wp","href":"https:\/\/api.w.org\/{rel}","templated":true}]}}