{"id":378,"date":"2025-12-08T17:47:38","date_gmt":"2025-12-08T16:47:38","guid":{"rendered":"https:\/\/gicd.inf.um.es\/csidcav\/usuario07\/?page_id=378"},"modified":"2025-12-10T14:43:43","modified_gmt":"2025-12-10T13:43:43","slug":"chani","status":"publish","type":"page","link":"https:\/\/gicd.inf.um.es\/csidcav\/usuario07\/chani\/","title":{"rendered":"Chani"},"content":{"rendered":"\n<div class=\"wp-block-media-text is-stacked-on-mobile\"><figure class=\"wp-block-media-text__media\"><img loading=\"lazy\" decoding=\"async\" width=\"300\" height=\"450\" src=\"https:\/\/gicd.inf.um.es\/csidcav\/usuario07\/wp-content\/uploads\/2025\/12\/65f62343771a9-1.jpg\" alt=\"\" class=\"wp-image-379 size-full\" srcset=\"https:\/\/gicd.inf.um.es\/csidcav\/usuario07\/wp-content\/uploads\/2025\/12\/65f62343771a9-1.jpg 300w, https:\/\/gicd.inf.um.es\/csidcav\/usuario07\/wp-content\/uploads\/2025\/12\/65f62343771a9-1-200x300.jpg 200w\" sizes=\"auto, (max-width: 300px) 100vw, 300px\" \/><\/figure><div class=\"wp-block-media-text__content\">\n<p>Hija de Liet-Kynes (el ec\u00f3logo imperial y juez de Arrakis) y una guerrera Fremen. Al principio es presentada a Paul en sus visiones precognitivas. Ella es la primera Fremen que Paul conoce realmente en el desierto y se convierte en su instructora, su gu\u00eda, y su compa\u00f1era amorosa (Fremen concubine). Rechaza los t\u00edtulos nobles, prefiriendo ser una guerrera leal al lado de su Muad&#8217;Dib y a su pueblo.<\/p>\n\n\n\n<p>Entrenada en la guerra de guerrillas, el uso de explosivos y el combate con cuchillo. Su habilidad de lucha es comparable a la de cualquier hombre Fremen de \u00e9lite.<\/p>\n\n\n\n<p>Es experta en la t\u00e9cnica de llamada y montaje de los Gusanos de Arena, una habilidad clave para la guerra Fremen y vital para el transporte en el desierto profundo.<\/p>\n\n\n\n<p>Domina el uso del destiltraje (stillsuit) y el mantenimiento de los valiosos recursos h\u00eddricos en el desierto.<\/p>\n\n\n\n<p>Su dedicaci\u00f3n a Paul y a la causa de los Fremen es absoluta, actuando como su protectora m\u00e1s cercana.<\/p>\n\n\n\n<p>Interpretada en las peliculas por <a href=\"https:\/\/gicd.inf.um.es\/csidcav\/usuario07\/actor\/zendaya\/\" data-type=\"link\" data-id=\"https:\/\/gicd.inf.um.es\/csidcav\/usuario07\/actor\/zendaya\/\">Zendaya<\/a><\/p>\n<\/div><\/div>\n","protected":false},"excerpt":{"rendered":"<p>Hija de Liet-Kynes (el ec\u00f3logo imperial y juez de Arrakis) y una guerrera Fremen. Al principio es presentada a Paul en sus visiones precognitivas. Ella es la primera Fremen que Paul conoce realmente en el desierto y se convierte en su instructora, su gu\u00eda, y su compa\u00f1era amorosa (Fremen concubine). Rechaza los t\u00edtulos nobles, prefiriendo [&hellip;]<\/p>\n","protected":false},"author":1,"featured_media":0,"parent":0,"menu_order":0,"comment_status":"closed","ping_status":"closed","template":"","meta":{"pgc_sgb_lightbox_settings":"","footnotes":""},"class_list":["post-378","page","type-page","status-publish","hentry"],"_links":{"self":[{"href":"https:\/\/gicd.inf.um.es\/csidcav\/usuario07\/wp-json\/wp\/v2\/pages\/378","targetHints":{"allow":["GET"]}}],"collection":[{"href":"https:\/\/gicd.inf.um.es\/csidcav\/usuario07\/wp-json\/wp\/v2\/pages"}],"about":[{"href":"https:\/\/gicd.inf.um.es\/csidcav\/usuario07\/wp-json\/wp\/v2\/types\/page"}],"author":[{"embeddable":true,"href":"https:\/\/gicd.inf.um.es\/csidcav\/usuario07\/wp-json\/wp\/v2\/users\/1"}],"replies":[{"embeddable":true,"href":"https:\/\/gicd.inf.um.es\/csidcav\/usuario07\/wp-json\/wp\/v2\/comments?post=378"}],"version-history":[{"count":2,"href":"https:\/\/gicd.inf.um.es\/csidcav\/usuario07\/wp-json\/wp\/v2\/pages\/378\/revisions"}],"predecessor-version":[{"id":1055,"href":"https:\/\/gicd.inf.um.es\/csidcav\/usuario07\/wp-json\/wp\/v2\/pages\/378\/revisions\/1055"}],"wp:attachment":[{"href":"https:\/\/gicd.inf.um.es\/csidcav\/usuario07\/wp-json\/wp\/v2\/media?parent=378"}],"curies":[{"name":"wp","href":"https:\/\/api.w.org\/{rel}","templated":true}]}}