{"id":428,"date":"2025-12-08T18:26:25","date_gmt":"2025-12-08T17:26:25","guid":{"rendered":"https:\/\/gicd.inf.um.es\/csidcav\/usuario07\/?page_id=428"},"modified":"2025-12-08T18:37:57","modified_gmt":"2025-12-08T17:37:57","slug":"carol-peletier","status":"publish","type":"page","link":"https:\/\/gicd.inf.um.es\/csidcav\/usuario07\/carol-peletier\/","title":{"rendered":"Carol Peletier"},"content":{"rendered":"\n<div class=\"wp-block-media-text alignfull has-media-on-the-right is-stacked-on-mobile is-vertically-aligned-center is-style-default\" style=\"grid-template-columns:auto 32%\"><div class=\"wp-block-media-text__content\">\n<p>La estratega definitiva. Comienza como una v\u00edctima t\u00edmida de abuso dom\u00e9stico y se transforma en una de las supervivientes m\u00e1s peligrosas, pragm\u00e1ticas y astutas de todo el apocalipsis.<\/p>\n\n\n\n<p class=\"has-text-color\" style=\"color:#636363;font-size:17px;line-height:1.1\">Interpretada por <a href=\"https:\/\/gicd.inf.um.es\/csidcav\/usuario07\/actor\/melissa-mcbride\/\" data-type=\"link\" data-id=\"https:\/\/gicd.inf.um.es\/csidcav\/usuario07\/actor\/melissa-mcbride\/\">Melissa McBride<\/a><\/p>\n<\/div><figure class=\"wp-block-media-text__media\"><img loading=\"lazy\" decoding=\"async\" width=\"300\" height=\"450\" src=\"https:\/\/gicd.inf.um.es\/csidcav\/usuario07\/wp-content\/uploads\/2025\/12\/504354.jpg\" alt=\"\" class=\"wp-image-429 size-full\" srcset=\"https:\/\/gicd.inf.um.es\/csidcav\/usuario07\/wp-content\/uploads\/2025\/12\/504354.jpg 300w, https:\/\/gicd.inf.um.es\/csidcav\/usuario07\/wp-content\/uploads\/2025\/12\/504354-200x300.jpg 200w\" sizes=\"auto, (max-width: 300px) 100vw, 300px\" \/><\/figure><\/div>\n","protected":false},"excerpt":{"rendered":"<p>La estratega definitiva. Comienza como una v\u00edctima t\u00edmida de abuso dom\u00e9stico y se transforma en una de las supervivientes m\u00e1s peligrosas, pragm\u00e1ticas y astutas de todo el apocalipsis. Interpretada por Melissa McBride<\/p>\n","protected":false},"author":1,"featured_media":0,"parent":0,"menu_order":0,"comment_status":"closed","ping_status":"closed","template":"","meta":{"pgc_sgb_lightbox_settings":"","footnotes":""},"class_list":["post-428","page","type-page","status-publish","hentry"],"_links":{"self":[{"href":"https:\/\/gicd.inf.um.es\/csidcav\/usuario07\/wp-json\/wp\/v2\/pages\/428","targetHints":{"allow":["GET"]}}],"collection":[{"href":"https:\/\/gicd.inf.um.es\/csidcav\/usuario07\/wp-json\/wp\/v2\/pages"}],"about":[{"href":"https:\/\/gicd.inf.um.es\/csidcav\/usuario07\/wp-json\/wp\/v2\/types\/page"}],"author":[{"embeddable":true,"href":"https:\/\/gicd.inf.um.es\/csidcav\/usuario07\/wp-json\/wp\/v2\/users\/1"}],"replies":[{"embeddable":true,"href":"https:\/\/gicd.inf.um.es\/csidcav\/usuario07\/wp-json\/wp\/v2\/comments?post=428"}],"version-history":[{"count":2,"href":"https:\/\/gicd.inf.um.es\/csidcav\/usuario07\/wp-json\/wp\/v2\/pages\/428\/revisions"}],"predecessor-version":[{"id":445,"href":"https:\/\/gicd.inf.um.es\/csidcav\/usuario07\/wp-json\/wp\/v2\/pages\/428\/revisions\/445"}],"wp:attachment":[{"href":"https:\/\/gicd.inf.um.es\/csidcav\/usuario07\/wp-json\/wp\/v2\/media?parent=428"}],"curies":[{"name":"wp","href":"https:\/\/api.w.org\/{rel}","templated":true}]}}