{"id":433,"date":"2025-12-08T18:31:03","date_gmt":"2025-12-08T17:31:03","guid":{"rendered":"https:\/\/gicd.inf.um.es\/csidcav\/usuario07\/?page_id=433"},"modified":"2025-12-08T18:31:03","modified_gmt":"2025-12-08T17:31:03","slug":"negan-smith","status":"publish","type":"page","link":"https:\/\/gicd.inf.um.es\/csidcav\/usuario07\/negan-smith\/","title":{"rendered":"Negan Smith"},"content":{"rendered":"\n<div class=\"wp-block-media-text alignfull has-media-on-the-right is-stacked-on-mobile is-vertically-aligned-center is-style-default\" style=\"grid-template-columns:auto 32%\"><div class=\"wp-block-media-text__content\">\n<p>El carism\u00e1tico y tir\u00e1nico l\u00edder de \u00abLos Salvadores\u00bb. Armado con su bate \u00abLucille\u00bb, representa una filosof\u00eda de orden a trav\u00e9s del miedo, sirviendo primero como el gran antagonista y luego como un anti-h\u00e9roe complejo.<\/p>\n\n\n\n<p class=\"has-text-color\" style=\"color:#636363;font-size:17px;line-height:1.1\">Interpretado por <a href=\"https:\/\/gicd.inf.um.es\/csidcav\/usuario07\/actor\/jeffrey-dean-morgan\/\" data-type=\"link\" data-id=\"https:\/\/gicd.inf.um.es\/csidcav\/usuario07\/actor\/jeffrey-dean-morgan\/\">Jeffrey Dean Morgan<\/a><\/p>\n<\/div><figure class=\"wp-block-media-text__media\"><img loading=\"lazy\" decoding=\"async\" width=\"300\" height=\"450\" src=\"https:\/\/gicd.inf.um.es\/csidcav\/usuario07\/wp-content\/uploads\/2025\/12\/375998.jpg\" alt=\"\" class=\"wp-image-434 size-full\" srcset=\"https:\/\/gicd.inf.um.es\/csidcav\/usuario07\/wp-content\/uploads\/2025\/12\/375998.jpg 300w, https:\/\/gicd.inf.um.es\/csidcav\/usuario07\/wp-content\/uploads\/2025\/12\/375998-200x300.jpg 200w\" sizes=\"auto, (max-width: 300px) 100vw, 300px\" \/><\/figure><\/div>\n","protected":false},"excerpt":{"rendered":"<p>El carism\u00e1tico y tir\u00e1nico l\u00edder de \u00abLos Salvadores\u00bb. Armado con su bate \u00abLucille\u00bb, representa una filosof\u00eda de orden a trav\u00e9s del miedo, sirviendo primero como el gran antagonista y luego como un anti-h\u00e9roe complejo. Interpretado por Jeffrey Dean Morgan<\/p>\n","protected":false},"author":1,"featured_media":0,"parent":0,"menu_order":0,"comment_status":"closed","ping_status":"closed","template":"","meta":{"pgc_sgb_lightbox_settings":"","footnotes":""},"class_list":["post-433","page","type-page","status-publish","hentry"],"_links":{"self":[{"href":"https:\/\/gicd.inf.um.es\/csidcav\/usuario07\/wp-json\/wp\/v2\/pages\/433","targetHints":{"allow":["GET"]}}],"collection":[{"href":"https:\/\/gicd.inf.um.es\/csidcav\/usuario07\/wp-json\/wp\/v2\/pages"}],"about":[{"href":"https:\/\/gicd.inf.um.es\/csidcav\/usuario07\/wp-json\/wp\/v2\/types\/page"}],"author":[{"embeddable":true,"href":"https:\/\/gicd.inf.um.es\/csidcav\/usuario07\/wp-json\/wp\/v2\/users\/1"}],"replies":[{"embeddable":true,"href":"https:\/\/gicd.inf.um.es\/csidcav\/usuario07\/wp-json\/wp\/v2\/comments?post=433"}],"version-history":[{"count":1,"href":"https:\/\/gicd.inf.um.es\/csidcav\/usuario07\/wp-json\/wp\/v2\/pages\/433\/revisions"}],"predecessor-version":[{"id":437,"href":"https:\/\/gicd.inf.um.es\/csidcav\/usuario07\/wp-json\/wp\/v2\/pages\/433\/revisions\/437"}],"wp:attachment":[{"href":"https:\/\/gicd.inf.um.es\/csidcav\/usuario07\/wp-json\/wp\/v2\/media?parent=433"}],"curies":[{"name":"wp","href":"https:\/\/api.w.org\/{rel}","templated":true}]}}