{"id":480,"date":"2025-12-08T19:41:47","date_gmt":"2025-12-08T18:41:47","guid":{"rendered":"https:\/\/gicd.inf.um.es\/csidcav\/usuario07\/?page_id=480"},"modified":"2025-12-08T19:53:24","modified_gmt":"2025-12-08T18:53:24","slug":"roland-deschain","status":"publish","type":"page","link":"https:\/\/gicd.inf.um.es\/csidcav\/usuario07\/roland-deschain\/","title":{"rendered":"Roland Deschain"},"content":{"rendered":"\n<div class=\"wp-block-media-text alignfull has-media-on-the-right is-stacked-on-mobile is-vertically-aligned-center is-style-default\" style=\"grid-template-columns:auto 32%\"><div class=\"wp-block-media-text__content\">\n<p><strong><strong>Descripci\u00f3n<\/strong><\/strong><\/p>\n\n\n\n<p>La historia de Roland se centra en su obsesiva y vital b\u00fasqueda de la Torre Oscura, un edificio fletado que es el nexo de todos los universos y el punto central del continuo espacio-tiempo. Su mundo, conocido como Mundo Medio, se est\u00e1 \u00abmoviendo\u00bb o desmoronando, y Roland cree que encontrar la Torre es la \u00fanica manera de detener su decadencia. Su viaje est\u00e1 inspirado en parte por el poema de Robert Browning \u00abChilde Roland to the Dark Tower Came\u00bb.<br><\/p>\n\n\n\n<p><strong>Car\u00e1cter y Evoluci\u00f3n<br><\/strong>Al comienzo de su viaje, Roland es un personaje fr\u00edo y solitario, dispuesto a sacrificarlo todo, incluso a sus compa\u00f1eros, por el bien de su misi\u00f3n. Sin embargo, a medida que avanza la saga y forma un nuevo ka-tet (un grupo de personas unidas por el destino) con Jake Chambers, Eddie Dean y Susannah Dean, su car\u00e1cter evoluciona, mostrando un sentido de compasi\u00f3n y lealtad m\u00e1s profundo.<br><\/p>\n\n\n\n<p><strong>Habilidades y Armas<br><\/strong>Roland es un maestro pistolero con una punter\u00eda y velocidad de recarga casi sobrehumanas. Sus ic\u00f3nicos rev\u00f3lveres est\u00e1n hechos del metal fundido de la legendaria espada Excalibur, lo que les otorga propiedades especiales. Posee una gran resistencia f\u00edsica y mental, y una inquebrantable determinaci\u00f3n impulsada por el concepto m\u00edstico del ka (destino).<br><\/p>\n\n\n\n<p><strong>El Ciclo Infinito<br><\/strong>Al final de la serie, cuando Roland finalmente llega a la cima de la Torre Oscura, descubre que est\u00e1 atrapado en un ciclo eterno. Es devuelto al desierto de Mohaine, al principio de su b\u00fasqueda, con sus recuerdos borrados, pero con la posibilidad de que en cada nueva iteraci\u00f3n pueda aprender de sus errores pasados y, quiz\u00e1s, alg\u00fan d\u00eda encontrar la redenci\u00f3n, simbolizado por llevar consigo el Cuerno de Eld en su \u00ab\u00faltima vuelta\u00bb.<\/p>\n<\/div><figure class=\"wp-block-media-text__media\"><img loading=\"lazy\" decoding=\"async\" width=\"250\" height=\"376\" src=\"https:\/\/gicd.inf.um.es\/csidcav\/usuario07\/wp-content\/uploads\/2025\/12\/Roland_Deschain_by_Michael_Whelan.png\" alt=\"\" class=\"wp-image-481 size-full\" srcset=\"https:\/\/gicd.inf.um.es\/csidcav\/usuario07\/wp-content\/uploads\/2025\/12\/Roland_Deschain_by_Michael_Whelan.png 250w, https:\/\/gicd.inf.um.es\/csidcav\/usuario07\/wp-content\/uploads\/2025\/12\/Roland_Deschain_by_Michael_Whelan-199x300.png 199w\" sizes=\"auto, (max-width: 250px) 100vw, 250px\" \/><\/figure><\/div>\n","protected":false},"excerpt":{"rendered":"<p>Descripci\u00f3n La historia de Roland se centra en su obsesiva y vital b\u00fasqueda de la Torre Oscura, un edificio fletado que es el nexo de todos los universos y el punto central del continuo espacio-tiempo. Su mundo, conocido como Mundo Medio, se est\u00e1 \u00abmoviendo\u00bb o desmoronando, y Roland cree que encontrar la Torre es la [&hellip;]<\/p>\n","protected":false},"author":1,"featured_media":0,"parent":0,"menu_order":0,"comment_status":"closed","ping_status":"closed","template":"","meta":{"pgc_sgb_lightbox_settings":"","footnotes":""},"class_list":["post-480","page","type-page","status-publish","hentry"],"_links":{"self":[{"href":"https:\/\/gicd.inf.um.es\/csidcav\/usuario07\/wp-json\/wp\/v2\/pages\/480","targetHints":{"allow":["GET"]}}],"collection":[{"href":"https:\/\/gicd.inf.um.es\/csidcav\/usuario07\/wp-json\/wp\/v2\/pages"}],"about":[{"href":"https:\/\/gicd.inf.um.es\/csidcav\/usuario07\/wp-json\/wp\/v2\/types\/page"}],"author":[{"embeddable":true,"href":"https:\/\/gicd.inf.um.es\/csidcav\/usuario07\/wp-json\/wp\/v2\/users\/1"}],"replies":[{"embeddable":true,"href":"https:\/\/gicd.inf.um.es\/csidcav\/usuario07\/wp-json\/wp\/v2\/comments?post=480"}],"version-history":[{"count":3,"href":"https:\/\/gicd.inf.um.es\/csidcav\/usuario07\/wp-json\/wp\/v2\/pages\/480\/revisions"}],"predecessor-version":[{"id":505,"href":"https:\/\/gicd.inf.um.es\/csidcav\/usuario07\/wp-json\/wp\/v2\/pages\/480\/revisions\/505"}],"wp:attachment":[{"href":"https:\/\/gicd.inf.um.es\/csidcav\/usuario07\/wp-json\/wp\/v2\/media?parent=480"}],"curies":[{"name":"wp","href":"https:\/\/api.w.org\/{rel}","templated":true}]}}