{"id":486,"date":"2025-12-08T19:46:04","date_gmt":"2025-12-08T18:46:04","guid":{"rendered":"https:\/\/gicd.inf.um.es\/csidcav\/usuario07\/?page_id=486"},"modified":"2025-12-08T19:53:17","modified_gmt":"2025-12-08T18:53:17","slug":"odetta-holmes-detta-walker","status":"publish","type":"page","link":"https:\/\/gicd.inf.um.es\/csidcav\/usuario07\/odetta-holmes-detta-walker\/","title":{"rendered":"Odetta Holmes \/ Detta Walker"},"content":{"rendered":"\n<div class=\"wp-block-media-text alignfull has-media-on-the-right is-stacked-on-mobile is-vertically-aligned-center is-style-default\" style=\"grid-template-columns:auto 32%\"><div class=\"wp-block-media-text__content\">\n<p><strong><strong>Descripci\u00f3n<\/strong><\/strong><\/p>\n\n\n\n<p>Odetta Holmes y Detta Walker&nbsp;son las dos personalidades divididas de un solo personaje, que m\u00e1s tarde se fusiona para convertirse en&nbsp;<strong>Susannah Dean<\/strong>, la tercera miembro del&nbsp;<em>ka-tet<\/em>&nbsp;de Roland Deschain. Son introducidas en el segundo libro de la saga<em>,&nbsp;La llegada de los tres.&nbsp;<\/em><\/p>\n\n\n\n<p><strong>Las Dos Personalidades<\/strong><\/p>\n\n\n\n<p>Odetta Holmes<strong>:<\/strong>&nbsp;Es la personalidad dominante y consciente. Odetta es una mujer negra, educada, de clase alta de Nueva York en la d\u00e9cada de 1960, que participa activamente en el movimiento por los derechos civiles. Es amable, digna e inteligente. Perdi\u00f3 ambas piernas por encima de las rodillas en un accidente de metro que, m\u00e1s tarde se revela, fue causado indirectamente por el villano Jack Mort. Odetta no tiene conocimiento de la existencia de Detta.<\/p>\n\n\n\n<p>Detta Walker<strong>:<\/strong>&nbsp;Es la personalidad reprimida e inconsciente, que toma el control cuando Odetta se duerme o pierde el conocimiento. Detta es lo opuesto a Odetta: es vulgar, agresiva, astuta y profundamente desconfiada, especialmente hacia las personas blancas. Utiliza estereotipos raciales y un lenguaje ofensivo. Desconoce la existencia de Odetta y piensa en ella como una persona separada, una \u00abdama tonta\u00bb.&nbsp;<\/p>\n\n\n\n<p><strong>Fusi\u00f3n y Rol en la Trama<\/strong><\/p>\n\n\n\n<p>Roland \u00abdibuja\u00bb a Odetta de su mundo a trav\u00e9s de una puerta m\u00e1gica, al igual que hizo con Eddie Dean. En el Mundo Medio, la escasez de medicamentos y la necesidad de sobrevivir obligan a las dos personalidades a manifestarse m\u00e1s a menudo.<\/p>\n\n\n\n<p>El desaf\u00edo de Roland y Eddie es lograr que ambas personalidades reconozcan la existencia de la otra. Finalmente, tienen \u00e9xito, y las dos mitades fracturadas de la mujer se fusionan en una nueva personalidad unificada y completa:&nbsp;<strong>Susannah Dean<\/strong>.&nbsp;<\/p>\n\n\n\n<p>Susannah conserva las fortalezas de ambas: la inteligencia y la dignidad de Odetta, y la astucia y la ferocidad de Detta. Se convierte en una pistolera capaz y una esposa dedicada a Eddie Dean. Aporta una perspectiva crucial al&nbsp;<em>ka-tet<\/em>, lidiando con temas de raza, discapacidad y salud mental a lo largo de su viaje hacia la Torre Oscura.<\/p>\n<\/div><figure class=\"wp-block-media-text__media\"><img loading=\"lazy\" decoding=\"async\" width=\"654\" height=\"821\" src=\"https:\/\/gicd.inf.um.es\/csidcav\/usuario07\/wp-content\/uploads\/2025\/12\/Detta_Walker.webp\" alt=\"\" class=\"wp-image-487 size-full\" srcset=\"https:\/\/gicd.inf.um.es\/csidcav\/usuario07\/wp-content\/uploads\/2025\/12\/Detta_Walker.webp 654w, https:\/\/gicd.inf.um.es\/csidcav\/usuario07\/wp-content\/uploads\/2025\/12\/Detta_Walker-239x300.webp 239w\" sizes=\"auto, (max-width: 654px) 100vw, 654px\" \/><\/figure><\/div>\n","protected":false},"excerpt":{"rendered":"<p>Descripci\u00f3n Odetta Holmes y Detta Walker&nbsp;son las dos personalidades divididas de un solo personaje, que m\u00e1s tarde se fusiona para convertirse en&nbsp;Susannah Dean, la tercera miembro del&nbsp;ka-tet&nbsp;de Roland Deschain. Son introducidas en el segundo libro de la saga,&nbsp;La llegada de los tres.&nbsp; Las Dos Personalidades Odetta Holmes:&nbsp;Es la personalidad dominante y consciente. Odetta es una [&hellip;]<\/p>\n","protected":false},"author":1,"featured_media":0,"parent":0,"menu_order":0,"comment_status":"closed","ping_status":"closed","template":"","meta":{"pgc_sgb_lightbox_settings":"","footnotes":""},"class_list":["post-486","page","type-page","status-publish","hentry"],"_links":{"self":[{"href":"https:\/\/gicd.inf.um.es\/csidcav\/usuario07\/wp-json\/wp\/v2\/pages\/486","targetHints":{"allow":["GET"]}}],"collection":[{"href":"https:\/\/gicd.inf.um.es\/csidcav\/usuario07\/wp-json\/wp\/v2\/pages"}],"about":[{"href":"https:\/\/gicd.inf.um.es\/csidcav\/usuario07\/wp-json\/wp\/v2\/types\/page"}],"author":[{"embeddable":true,"href":"https:\/\/gicd.inf.um.es\/csidcav\/usuario07\/wp-json\/wp\/v2\/users\/1"}],"replies":[{"embeddable":true,"href":"https:\/\/gicd.inf.um.es\/csidcav\/usuario07\/wp-json\/wp\/v2\/comments?post=486"}],"version-history":[{"count":4,"href":"https:\/\/gicd.inf.um.es\/csidcav\/usuario07\/wp-json\/wp\/v2\/pages\/486\/revisions"}],"predecessor-version":[{"id":504,"href":"https:\/\/gicd.inf.um.es\/csidcav\/usuario07\/wp-json\/wp\/v2\/pages\/486\/revisions\/504"}],"wp:attachment":[{"href":"https:\/\/gicd.inf.um.es\/csidcav\/usuario07\/wp-json\/wp\/v2\/media?parent=486"}],"curies":[{"name":"wp","href":"https:\/\/api.w.org\/{rel}","templated":true}]}}