{"id":490,"date":"2025-12-08T19:48:04","date_gmt":"2025-12-08T18:48:04","guid":{"rendered":"https:\/\/gicd.inf.um.es\/csidcav\/usuario07\/?page_id=490"},"modified":"2025-12-08T19:53:10","modified_gmt":"2025-12-08T18:53:10","slug":"jake-chambers","status":"publish","type":"page","link":"https:\/\/gicd.inf.um.es\/csidcav\/usuario07\/jake-chambers\/","title":{"rendered":"Jake Chambers"},"content":{"rendered":"\n<div class=\"wp-block-media-text alignfull has-media-on-the-right is-stacked-on-mobile\" style=\"grid-template-columns:auto 40%\"><div class=\"wp-block-media-text__content\">\n<p><strong>Descripci\u00f3n<\/strong><\/p>\n\n\n\n<p>Jake es un ni\u00f1o de 11 a\u00f1os proveniente de Nueva York, 1977. Es un chico inteligente con una educaci\u00f3n privilegiada, aunque sufre una desconexi\u00f3n emocional con su padre y un abuso por parte de su padrastro. Su vida cambia cuando es empujado al tr\u00e1fico por el soci\u00f3pata Jack Mort y muere, solo para despertar en el Mundo Medio, en una estaci\u00f3n de paso en el desierto de Mohaine. All\u00ed se encuentra por primera vez con un Roland Deschain moribundo y le proporciona agua y alimento, convirti\u00e9ndose en su compa\u00f1ero de viaje.&nbsp;<\/p>\n\n\n\n<p><strong>La Traici\u00f3n y la Paradoja Temporal<\/strong><\/p>\n\n\n\n<p>Durante su viaje a trav\u00e9s de las Monta\u00f1as Cicl\u00f3peas en persecuci\u00f3n del Hombre de Negro, Roland se enfrenta a una dif\u00edcil elecci\u00f3n: salvar a Jake de caer por un puente desmoronado o continuar su b\u00fasqueda de la Torre Oscura. Obsesionado con su misi\u00f3n, Roland permite que Jake caiga por segunda vez hacia la muerte, un sacrificio que lo perseguir\u00e1 para siempre. Sus \u00faltimas palabras, \u00abVe, entonces. Hay otros mundos adem\u00e1s de estos\u00bb, se convierten en un mantra clave de la serie.&nbsp;<\/p>\n\n\n\n<p>En el segundo libro,&nbsp;<em>La llegada de los tres<\/em>, Roland entra en la mente de Jack Mort y evita la muerte original de Jake. Esto crea una paradoja temporal que vuelve locos tanto a Roland como a Jake, quien ahora vive en su Nueva York natal pero con recuerdos conflictivos de su vida con el pistolero.&nbsp;<\/p>\n\n\n\n<p><strong>El Regreso y el&nbsp;<em>Ka-tet<\/em><\/strong><\/p>\n\n\n\n<p>En&nbsp;<em>Las Tierras Bald\u00edas<\/em>, Roland, Eddie y Susannah encuentran la manera de \u00abdibujar\u00bb a Jake al Mundo Medio nuevamente a trav\u00e9s de un portal en una casa encantada. Su llegada sana las mentes de Roland y Jake, quienes finalmente pueden continuar su viaje juntos, y Roland jura que nunca m\u00e1s dejar\u00e1 morir al chico.&nbsp;<\/p>\n\n\n\n<p>Jake se convierte en un miembro valioso del&nbsp;<em>ka-tet<\/em>, demostrando un talento innato como pistolero y habilidades ps\u00edquicas (conocidas como \u00abel toque\u00bb). Es un personaje intr\u00e9pido y leal, que encuentra un amigo inseparable en&nbsp;<strong>Oy<\/strong>, un \u00abbilly-bumbler\u00bb (una criatura similar a un mapache\/perro del Mundo Medio).<\/p>\n<\/div><figure class=\"wp-block-media-text__media\"><img loading=\"lazy\" decoding=\"async\" width=\"717\" height=\"1024\" src=\"https:\/\/gicd.inf.um.es\/csidcav\/usuario07\/wp-content\/uploads\/2025\/12\/3221c8248d7cd0b2ba135c5de2ee3fcc-717x1024.jpg\" alt=\"\" class=\"wp-image-491 size-full\" srcset=\"https:\/\/gicd.inf.um.es\/csidcav\/usuario07\/wp-content\/uploads\/2025\/12\/3221c8248d7cd0b2ba135c5de2ee3fcc-717x1024.jpg 717w, https:\/\/gicd.inf.um.es\/csidcav\/usuario07\/wp-content\/uploads\/2025\/12\/3221c8248d7cd0b2ba135c5de2ee3fcc-210x300.jpg 210w, https:\/\/gicd.inf.um.es\/csidcav\/usuario07\/wp-content\/uploads\/2025\/12\/3221c8248d7cd0b2ba135c5de2ee3fcc.jpg 735w\" sizes=\"auto, (max-width: 717px) 100vw, 717px\" \/><\/figure><\/div>\n","protected":false},"excerpt":{"rendered":"<p>Descripci\u00f3n Jake es un ni\u00f1o de 11 a\u00f1os proveniente de Nueva York, 1977. Es un chico inteligente con una educaci\u00f3n privilegiada, aunque sufre una desconexi\u00f3n emocional con su padre y un abuso por parte de su padrastro. Su vida cambia cuando es empujado al tr\u00e1fico por el soci\u00f3pata Jack Mort y muere, solo para despertar [&hellip;]<\/p>\n","protected":false},"author":1,"featured_media":0,"parent":0,"menu_order":0,"comment_status":"closed","ping_status":"closed","template":"","meta":{"pgc_sgb_lightbox_settings":"","footnotes":""},"class_list":["post-490","page","type-page","status-publish","hentry"],"_links":{"self":[{"href":"https:\/\/gicd.inf.um.es\/csidcav\/usuario07\/wp-json\/wp\/v2\/pages\/490","targetHints":{"allow":["GET"]}}],"collection":[{"href":"https:\/\/gicd.inf.um.es\/csidcav\/usuario07\/wp-json\/wp\/v2\/pages"}],"about":[{"href":"https:\/\/gicd.inf.um.es\/csidcav\/usuario07\/wp-json\/wp\/v2\/types\/page"}],"author":[{"embeddable":true,"href":"https:\/\/gicd.inf.um.es\/csidcav\/usuario07\/wp-json\/wp\/v2\/users\/1"}],"replies":[{"embeddable":true,"href":"https:\/\/gicd.inf.um.es\/csidcav\/usuario07\/wp-json\/wp\/v2\/comments?post=490"}],"version-history":[{"count":3,"href":"https:\/\/gicd.inf.um.es\/csidcav\/usuario07\/wp-json\/wp\/v2\/pages\/490\/revisions"}],"predecessor-version":[{"id":502,"href":"https:\/\/gicd.inf.um.es\/csidcav\/usuario07\/wp-json\/wp\/v2\/pages\/490\/revisions\/502"}],"wp:attachment":[{"href":"https:\/\/gicd.inf.um.es\/csidcav\/usuario07\/wp-json\/wp\/v2\/media?parent=490"}],"curies":[{"name":"wp","href":"https:\/\/api.w.org\/{rel}","templated":true}]}}