{"id":493,"date":"2025-12-08T19:50:43","date_gmt":"2025-12-08T18:50:43","guid":{"rendered":"https:\/\/gicd.inf.um.es\/csidcav\/usuario07\/?page_id=493"},"modified":"2025-12-08T19:53:14","modified_gmt":"2025-12-08T18:53:14","slug":"oy","status":"publish","type":"page","link":"https:\/\/gicd.inf.um.es\/csidcav\/usuario07\/oy\/","title":{"rendered":"Oy"},"content":{"rendered":"\n<div class=\"wp-block-media-text alignfull has-media-on-the-right is-stacked-on-mobile is-vertically-aligned-center is-style-default\" style=\"grid-template-columns:auto 32%\"><div class=\"wp-block-media-text__content\">\n<p><strong><strong>Descripci\u00f3n<\/strong><\/strong><\/p>\n\n\n\n<p>Oy&nbsp;es un&nbsp;\u00abbilly-bumbler\u00bb&nbsp;(o&nbsp;<em>throcken<\/em>&nbsp;en el habla antigua), una criatura \u00fanica del Mundo Medio, y un miembro integral del&nbsp;<em>ka-tet<\/em>&nbsp;de Roland Deschain. Se caracteriza por su notable inteligencia, su feroz lealtad y un v\u00ednculo especial con Jake Chambers.&nbsp;<\/p>\n\n\n\n<p><strong>Descripci\u00f3n y Habilidades<\/strong><\/p>\n\n\n\n<p>Los billy-bumblers son descritos como un cruce entre un tej\u00f3n, un mapache y un perro salchicha, con pelaje gris y negro a rayas, un cuello largo y ojos inteligentes con aros dorados. Poseen una cola en forma de sacacorchos y son mucho m\u00e1s inteligentes que los caninos comunes.&nbsp;<\/p>\n\n\n\n<p>La habilidad m\u00e1s distintiva de Oy es su capacidad para&nbsp;imitar el habla humana, aunque a menudo tiene dificultades con la pronunciaci\u00f3n de las primeras letras de las palabras. Llama a Jake \u00abAke\u00bb y a Roland \u00abOlan\u00bb. Con el tiempo, su inteligencia crece, y su v\u00ednculo con Jake se vuelve casi telep\u00e1tico.&nbsp;<\/p>\n\n\n\n<p><strong>Papel en la Saga<\/strong><\/p>\n\n\n\n<p>Oy aparece por primera vez en el tercer libro,&nbsp;<em>Las Tierras Bald\u00edas<\/em>. Se une al grupo despu\u00e9s de que Jake Chambers lo anime a acercarse al campamento, y Jake lo nombra cuando el animal intenta imitar la palabra \u00abboy\u00bb (chico en ingl\u00e9s).&nbsp;<\/p>\n\n\n\n<p><strong>A lo largo de la historia, Oy demuestra:<\/strong><\/p>\n\n\n\n<p>Apoyo emocional<strong>:<\/strong>&nbsp;Proporciona momentos de consuelo y humanidad en el duro viaje de los pistoleros, sirviendo como un s\u00edmbolo de afecto y compa\u00f1erismo en un mundo en decadencia.<\/p>\n\n\n\n<p>Lealtad inquebrantable<strong>:<\/strong>&nbsp;Su principal lealtad es hacia Jake, a quien considera su mejor amigo y due\u00f1o.<\/p>\n\n\n\n<p>Coraje<strong>:<\/strong>&nbsp;Est\u00e1 dispuesto a sacrificarse por el&nbsp;<em>ka-tet<\/em>, como cuando ataca a Tick-Tock Man para salvar a Jake en la ciudad de Lud.<\/p>\n<\/div><figure class=\"wp-block-media-text__media\"><img loading=\"lazy\" decoding=\"async\" width=\"442\" height=\"640\" src=\"https:\/\/gicd.inf.um.es\/csidcav\/usuario07\/wp-content\/uploads\/2025\/12\/3894143-billybumbler-1.jpg\" alt=\"\" class=\"wp-image-494 size-full\" srcset=\"https:\/\/gicd.inf.um.es\/csidcav\/usuario07\/wp-content\/uploads\/2025\/12\/3894143-billybumbler-1.jpg 442w, https:\/\/gicd.inf.um.es\/csidcav\/usuario07\/wp-content\/uploads\/2025\/12\/3894143-billybumbler-1-207x300.jpg 207w\" sizes=\"auto, (max-width: 442px) 100vw, 442px\" \/><\/figure><\/div>\n","protected":false},"excerpt":{"rendered":"<p>Descripci\u00f3n Oy&nbsp;es un&nbsp;\u00abbilly-bumbler\u00bb&nbsp;(o&nbsp;throcken&nbsp;en el habla antigua), una criatura \u00fanica del Mundo Medio, y un miembro integral del&nbsp;ka-tet&nbsp;de Roland Deschain. Se caracteriza por su notable inteligencia, su feroz lealtad y un v\u00ednculo especial con Jake Chambers.&nbsp; Descripci\u00f3n y Habilidades Los billy-bumblers son descritos como un cruce entre un tej\u00f3n, un mapache y un perro salchicha, con [&hellip;]<\/p>\n","protected":false},"author":1,"featured_media":0,"parent":0,"menu_order":0,"comment_status":"closed","ping_status":"closed","template":"","meta":{"pgc_sgb_lightbox_settings":"","footnotes":""},"class_list":["post-493","page","type-page","status-publish","hentry"],"_links":{"self":[{"href":"https:\/\/gicd.inf.um.es\/csidcav\/usuario07\/wp-json\/wp\/v2\/pages\/493","targetHints":{"allow":["GET"]}}],"collection":[{"href":"https:\/\/gicd.inf.um.es\/csidcav\/usuario07\/wp-json\/wp\/v2\/pages"}],"about":[{"href":"https:\/\/gicd.inf.um.es\/csidcav\/usuario07\/wp-json\/wp\/v2\/types\/page"}],"author":[{"embeddable":true,"href":"https:\/\/gicd.inf.um.es\/csidcav\/usuario07\/wp-json\/wp\/v2\/users\/1"}],"replies":[{"embeddable":true,"href":"https:\/\/gicd.inf.um.es\/csidcav\/usuario07\/wp-json\/wp\/v2\/comments?post=493"}],"version-history":[{"count":3,"href":"https:\/\/gicd.inf.um.es\/csidcav\/usuario07\/wp-json\/wp\/v2\/pages\/493\/revisions"}],"predecessor-version":[{"id":503,"href":"https:\/\/gicd.inf.um.es\/csidcav\/usuario07\/wp-json\/wp\/v2\/pages\/493\/revisions\/503"}],"wp:attachment":[{"href":"https:\/\/gicd.inf.um.es\/csidcav\/usuario07\/wp-json\/wp\/v2\/media?parent=493"}],"curies":[{"name":"wp","href":"https:\/\/api.w.org\/{rel}","templated":true}]}}