{"id":536,"date":"2025-12-08T22:51:26","date_gmt":"2025-12-08T21:51:26","guid":{"rendered":"https:\/\/gicd.inf.um.es\/csidcav\/usuario07\/?page_id=536"},"modified":"2025-12-08T22:51:26","modified_gmt":"2025-12-08T21:51:26","slug":"melina-la-doncella-misteriosa","status":"publish","type":"page","link":"https:\/\/gicd.inf.um.es\/csidcav\/usuario07\/melina-la-doncella-misteriosa\/","title":{"rendered":"Melina, la Doncella Misteriosa"},"content":{"rendered":"\n<div class=\"wp-block-media-text has-media-on-the-right is-stacked-on-mobile\" style=\"grid-template-columns:auto 46%\"><div class=\"wp-block-media-text__content\">\n<p>Melina actua como gu\u00eda y aliada principal. Se presenta como una figura enigm\u00e1tica, vestida con ropajes oscuros y una capa. Su apariencia es la de un esp\u00edritu, lo que sugiere que su forma f\u00edsica ha sido destruida, y uno de sus ojos, el izquierdo, permanece cerrado y marcado por lo que parece ser una herida o una marca m\u00edstica. Su prop\u00f3sito inicial es simple: le ofrece al Sinluz la capacidad de convertir runas en fuerza (subir de nivel) a cambio de que este la lleve al pie del \u00c1rbol \u00c1ureo, y como prueba de su pacto, le otorga el Silbato para invocar al corcel espectral, Torrentera.<\/p>\n\n\n\n<p>La historia de Melina est\u00e1 profundamente ligada al destino del \u00c1rbol \u00c1ureo y de las Tierras Intermedias. Ella misma afirma haber nacido a los pies del \u00c1rbol, pero que su cuerpo fue consumido por el fuego. Su misi\u00f3n, que le fue encomendada por su madre (quien se teoriza que es la Reina Marika), es asegurarse de que el \u00c1rbol \u00c1ureo arda. Este acto de inmolaci\u00f3n no es solo para el Sinluz, sino que es un requisito para que la Gran Voluntad permita el acceso al trono. Melina revela que, aunque cumple la funci\u00f3n de una doncella, no es una \u00abverdadera doncella del dedo\u00bb, lo que subraya su singularidad y su conexi\u00f3n directa con un destino ajeno a las estructuras de poder tradicionales.<\/p>\n<\/div><figure class=\"wp-block-media-text__media\"><img loading=\"lazy\" decoding=\"async\" width=\"1024\" height=\"1024\" src=\"https:\/\/gicd.inf.um.es\/csidcav\/usuario07\/wp-content\/uploads\/2025\/12\/be7ae0ee-f14a-4c0a-8d86-8c6b1e9e8d55-1024x1024.webp\" alt=\"\" class=\"wp-image-537 size-full\" srcset=\"https:\/\/gicd.inf.um.es\/csidcav\/usuario07\/wp-content\/uploads\/2025\/12\/be7ae0ee-f14a-4c0a-8d86-8c6b1e9e8d55-1024x1024.webp 1024w, https:\/\/gicd.inf.um.es\/csidcav\/usuario07\/wp-content\/uploads\/2025\/12\/be7ae0ee-f14a-4c0a-8d86-8c6b1e9e8d55-300x300.webp 300w, https:\/\/gicd.inf.um.es\/csidcav\/usuario07\/wp-content\/uploads\/2025\/12\/be7ae0ee-f14a-4c0a-8d86-8c6b1e9e8d55-150x150.webp 150w, https:\/\/gicd.inf.um.es\/csidcav\/usuario07\/wp-content\/uploads\/2025\/12\/be7ae0ee-f14a-4c0a-8d86-8c6b1e9e8d55-768x768.webp 768w, https:\/\/gicd.inf.um.es\/csidcav\/usuario07\/wp-content\/uploads\/2025\/12\/be7ae0ee-f14a-4c0a-8d86-8c6b1e9e8d55-1536x1536.webp 1536w, https:\/\/gicd.inf.um.es\/csidcav\/usuario07\/wp-content\/uploads\/2025\/12\/be7ae0ee-f14a-4c0a-8d86-8c6b1e9e8d55-2048x2048.webp 2048w\" sizes=\"auto, (max-width: 1024px) 100vw, 1024px\" \/><\/figure><\/div>\n","protected":false},"excerpt":{"rendered":"<p>Melina actua como gu\u00eda y aliada principal. Se presenta como una figura enigm\u00e1tica, vestida con ropajes oscuros y una capa. Su apariencia es la de un esp\u00edritu, lo que sugiere que su forma f\u00edsica ha sido destruida, y uno de sus ojos, el izquierdo, permanece cerrado y marcado por lo que parece ser una herida [&hellip;]<\/p>\n","protected":false},"author":1,"featured_media":0,"parent":0,"menu_order":0,"comment_status":"closed","ping_status":"closed","template":"","meta":{"pgc_sgb_lightbox_settings":"","footnotes":""},"class_list":["post-536","page","type-page","status-publish","hentry"],"_links":{"self":[{"href":"https:\/\/gicd.inf.um.es\/csidcav\/usuario07\/wp-json\/wp\/v2\/pages\/536","targetHints":{"allow":["GET"]}}],"collection":[{"href":"https:\/\/gicd.inf.um.es\/csidcav\/usuario07\/wp-json\/wp\/v2\/pages"}],"about":[{"href":"https:\/\/gicd.inf.um.es\/csidcav\/usuario07\/wp-json\/wp\/v2\/types\/page"}],"author":[{"embeddable":true,"href":"https:\/\/gicd.inf.um.es\/csidcav\/usuario07\/wp-json\/wp\/v2\/users\/1"}],"replies":[{"embeddable":true,"href":"https:\/\/gicd.inf.um.es\/csidcav\/usuario07\/wp-json\/wp\/v2\/comments?post=536"}],"version-history":[{"count":1,"href":"https:\/\/gicd.inf.um.es\/csidcav\/usuario07\/wp-json\/wp\/v2\/pages\/536\/revisions"}],"predecessor-version":[{"id":538,"href":"https:\/\/gicd.inf.um.es\/csidcav\/usuario07\/wp-json\/wp\/v2\/pages\/536\/revisions\/538"}],"wp:attachment":[{"href":"https:\/\/gicd.inf.um.es\/csidcav\/usuario07\/wp-json\/wp\/v2\/media?parent=536"}],"curies":[{"name":"wp","href":"https:\/\/api.w.org\/{rel}","templated":true}]}}