{"id":539,"date":"2025-12-08T22:52:52","date_gmt":"2025-12-08T21:52:52","guid":{"rendered":"https:\/\/gicd.inf.um.es\/csidcav\/usuario07\/?page_id=539"},"modified":"2025-12-08T22:52:52","modified_gmt":"2025-12-08T21:52:52","slug":"malenia-la-espada-de-miquella","status":"publish","type":"page","link":"https:\/\/gicd.inf.um.es\/csidcav\/usuario07\/malenia-la-espada-de-miquella\/","title":{"rendered":"Malenia, la Espada de Miquella"},"content":{"rendered":"\n<div class=\"wp-block-media-text has-media-on-the-right is-stacked-on-mobile\"><div class=\"wp-block-media-text__content\">\n<p>Malenia es una de las semidiosas m\u00e1s importantes de las Tierras Intermedias y es famosa por ser la guerrera m\u00e1s poderosa de la Devastaci\u00f3n, jam\u00e1s derrotada. Su apariencia es tr\u00e1gica y regia a la vez: una figura femenina de extremidades y rostro elegantes, pero marcada profundamente por la Podredumbre Roja (Scarlet Rot), una devastadora plaga. Debido a la Podredumbre y al intenso combate, Malenia ha perdido gran parte de su cuerpo y utiliza complejas pr\u00f3tesis de oro forjado en su brazo y ambas piernas. A pesar de estas p\u00e9rdidas, su postura es siempre de una guerrera noble y decidida.<\/p>\n\n\n\n<p>Su historia est\u00e1 inseparablemente ligada a su hermano gemelo, Miquella el Bondadoso. Ambos nacieron maldecidos: Malenia con la Podredumbre Roja y Miquella con una eterna infancia. Su objetivo central era encontrar una cura para sus maldiciones que el \u00c1rbol \u00c1ureo les negaba. Por ello, Miquella cre\u00f3 el \u00c1rbol Haligtree (\u00c1rbol de la Consagraci\u00f3n) como refugio para los desfavorecidos y como lugar donde sanar a Malenia, quien jur\u00f3 ser su espada y su protectora inquebrantable hasta que \u00e9l pudiera convertirse en dios.<\/p>\n<\/div><figure class=\"wp-block-media-text__media\"><img loading=\"lazy\" decoding=\"async\" width=\"724\" height=\"1024\" src=\"https:\/\/gicd.inf.um.es\/csidcav\/usuario07\/wp-content\/uploads\/2025\/12\/malenia-blade-of-miquella-elden-ring-fanart-v0-4knnn5osvkm81-724x1024.webp\" alt=\"\" class=\"wp-image-541 size-full\" srcset=\"https:\/\/gicd.inf.um.es\/csidcav\/usuario07\/wp-content\/uploads\/2025\/12\/malenia-blade-of-miquella-elden-ring-fanart-v0-4knnn5osvkm81-724x1024.webp 724w, https:\/\/gicd.inf.um.es\/csidcav\/usuario07\/wp-content\/uploads\/2025\/12\/malenia-blade-of-miquella-elden-ring-fanart-v0-4knnn5osvkm81-212x300.webp 212w, https:\/\/gicd.inf.um.es\/csidcav\/usuario07\/wp-content\/uploads\/2025\/12\/malenia-blade-of-miquella-elden-ring-fanart-v0-4knnn5osvkm81-768x1086.webp 768w, https:\/\/gicd.inf.um.es\/csidcav\/usuario07\/wp-content\/uploads\/2025\/12\/malenia-blade-of-miquella-elden-ring-fanart-v0-4knnn5osvkm81-1024x1448.webp 1024w, https:\/\/gicd.inf.um.es\/csidcav\/usuario07\/wp-content\/uploads\/2025\/12\/malenia-blade-of-miquella-elden-ring-fanart-v0-4knnn5osvkm81.webp 1080w\" sizes=\"auto, (max-width: 724px) 100vw, 724px\" \/><\/figure><\/div>\n","protected":false},"excerpt":{"rendered":"<p>Malenia es una de las semidiosas m\u00e1s importantes de las Tierras Intermedias y es famosa por ser la guerrera m\u00e1s poderosa de la Devastaci\u00f3n, jam\u00e1s derrotada. Su apariencia es tr\u00e1gica y regia a la vez: una figura femenina de extremidades y rostro elegantes, pero marcada profundamente por la Podredumbre Roja (Scarlet Rot), una devastadora plaga. [&hellip;]<\/p>\n","protected":false},"author":1,"featured_media":0,"parent":0,"menu_order":0,"comment_status":"closed","ping_status":"closed","template":"","meta":{"pgc_sgb_lightbox_settings":"","footnotes":""},"class_list":["post-539","page","type-page","status-publish","hentry"],"_links":{"self":[{"href":"https:\/\/gicd.inf.um.es\/csidcav\/usuario07\/wp-json\/wp\/v2\/pages\/539","targetHints":{"allow":["GET"]}}],"collection":[{"href":"https:\/\/gicd.inf.um.es\/csidcav\/usuario07\/wp-json\/wp\/v2\/pages"}],"about":[{"href":"https:\/\/gicd.inf.um.es\/csidcav\/usuario07\/wp-json\/wp\/v2\/types\/page"}],"author":[{"embeddable":true,"href":"https:\/\/gicd.inf.um.es\/csidcav\/usuario07\/wp-json\/wp\/v2\/users\/1"}],"replies":[{"embeddable":true,"href":"https:\/\/gicd.inf.um.es\/csidcav\/usuario07\/wp-json\/wp\/v2\/comments?post=539"}],"version-history":[{"count":1,"href":"https:\/\/gicd.inf.um.es\/csidcav\/usuario07\/wp-json\/wp\/v2\/pages\/539\/revisions"}],"predecessor-version":[{"id":542,"href":"https:\/\/gicd.inf.um.es\/csidcav\/usuario07\/wp-json\/wp\/v2\/pages\/539\/revisions\/542"}],"wp:attachment":[{"href":"https:\/\/gicd.inf.um.es\/csidcav\/usuario07\/wp-json\/wp\/v2\/media?parent=539"}],"curies":[{"name":"wp","href":"https:\/\/api.w.org\/{rel}","templated":true}]}}