{"id":543,"date":"2025-12-08T22:54:22","date_gmt":"2025-12-08T21:54:22","guid":{"rendered":"https:\/\/gicd.inf.um.es\/csidcav\/usuario07\/?page_id=543"},"modified":"2025-12-08T22:54:22","modified_gmt":"2025-12-08T21:54:22","slug":"general-radahn-azote-de-las-estrellas","status":"publish","type":"page","link":"https:\/\/gicd.inf.um.es\/csidcav\/usuario07\/general-radahn-azote-de-las-estrellas\/","title":{"rendered":"General Radahn, Azote de las Estrellas"},"content":{"rendered":"\n<div class=\"wp-block-media-text has-media-on-the-right is-stacked-on-mobile\"><div class=\"wp-block-media-text__content\">\n<p>El General Radahn es uno de los semidioses m\u00e1s imponentes y tr\u00e1gicos de <em>Elden Ring<\/em>. Su apariencia es la de un gigante cubierto con una pesada armadura dorada y roja, lo que lo convierte en una figura temible y masiva. Sin embargo, lo m\u00e1s memorable de su descripci\u00f3n es su peque\u00f1o, pero leal, corcel, Leonard. A pesar de su enorme tama\u00f1o y peso, Radahn se neg\u00f3 a separarse de su amado caballo. Para lograr montar a Leonard sin aplastarlo, Radahn estudi\u00f3 la Magia Gravitatoria con los astr\u00f3logos de Sellia, convirti\u00e9ndose en un maestro que pod\u00eda controlar las fuerzas de la gravedad para aligerar su propio peso. Su gran orgullo y su apego a Leonard definen su personalidad antes de su ca\u00edda.<\/p>\n\n\n\n<p>La historia de Radahn se remonta a su juventud, donde fue un guerrero legendario que incluso estudi\u00f3 bajo el tutelaje de un maestro de la Gravedad en Sellia. Su t\u00edtulo, \u00abAzote de las Estrellas,\u00bb lo obtuvo al utilizar su magia para detener f\u00edsicamente el movimiento de las estrellas en el cielo. Su motivaci\u00f3n era impedir que el destino c\u00f3smico influyera en las Tierras Intermedias, quiz\u00e1s para proteger a su medio hermano Ranni, o simplemente por una arrogancia inmensa en su poder.<\/p>\n\n\n\n<p>Durante la guerra conocida como la Devastaci\u00f3n, Radahn se enfrent\u00f3 en un duelo \u00e9pico contra Malenia en las llanuras de Caelid. La batalla alcanz\u00f3 tal intensidad que Malenia, al liberar la Podredumbre Roja, lo infect\u00f3 con la plaga. La mente de Radahn fue destrozada por la corrupci\u00f3n, convirti\u00e9ndolo en un ser enloquecido, consumido por la Podredumbre y el hambre can\u00edbal, que vaga sin rumbo por los p\u00e1ramos de Caelid. Su fiel ej\u00e9rcito, en un acto de piedad y lealtad, organiza anualmente el Festival de Guerra de Radahn, un torneo donde los campeones se enfrentan a su rey enloquecido para darle una muerte honorable, esperando que esto libere a las estrellas y a la regi\u00f3n de su maldici\u00f3n.<\/p>\n<\/div><figure class=\"wp-block-media-text__media\"><img loading=\"lazy\" decoding=\"async\" width=\"819\" height=\"1024\" src=\"https:\/\/gicd.inf.um.es\/csidcav\/usuario07\/wp-content\/uploads\/2025\/12\/xib4n3pn39x81-819x1024.jpg\" alt=\"\" class=\"wp-image-544 size-full\" srcset=\"https:\/\/gicd.inf.um.es\/csidcav\/usuario07\/wp-content\/uploads\/2025\/12\/xib4n3pn39x81-819x1024.jpg 819w, https:\/\/gicd.inf.um.es\/csidcav\/usuario07\/wp-content\/uploads\/2025\/12\/xib4n3pn39x81-240x300.jpg 240w, https:\/\/gicd.inf.um.es\/csidcav\/usuario07\/wp-content\/uploads\/2025\/12\/xib4n3pn39x81-768x960.jpg 768w, https:\/\/gicd.inf.um.es\/csidcav\/usuario07\/wp-content\/uploads\/2025\/12\/xib4n3pn39x81-1024x1280.jpg 1024w, https:\/\/gicd.inf.um.es\/csidcav\/usuario07\/wp-content\/uploads\/2025\/12\/xib4n3pn39x81.jpg 1080w\" sizes=\"auto, (max-width: 819px) 100vw, 819px\" \/><\/figure><\/div>\n","protected":false},"excerpt":{"rendered":"<p>El General Radahn es uno de los semidioses m\u00e1s imponentes y tr\u00e1gicos de Elden Ring. Su apariencia es la de un gigante cubierto con una pesada armadura dorada y roja, lo que lo convierte en una figura temible y masiva. Sin embargo, lo m\u00e1s memorable de su descripci\u00f3n es su peque\u00f1o, pero leal, corcel, Leonard. [&hellip;]<\/p>\n","protected":false},"author":1,"featured_media":0,"parent":0,"menu_order":0,"comment_status":"closed","ping_status":"closed","template":"","meta":{"pgc_sgb_lightbox_settings":"","footnotes":""},"class_list":["post-543","page","type-page","status-publish","hentry"],"_links":{"self":[{"href":"https:\/\/gicd.inf.um.es\/csidcav\/usuario07\/wp-json\/wp\/v2\/pages\/543","targetHints":{"allow":["GET"]}}],"collection":[{"href":"https:\/\/gicd.inf.um.es\/csidcav\/usuario07\/wp-json\/wp\/v2\/pages"}],"about":[{"href":"https:\/\/gicd.inf.um.es\/csidcav\/usuario07\/wp-json\/wp\/v2\/types\/page"}],"author":[{"embeddable":true,"href":"https:\/\/gicd.inf.um.es\/csidcav\/usuario07\/wp-json\/wp\/v2\/users\/1"}],"replies":[{"embeddable":true,"href":"https:\/\/gicd.inf.um.es\/csidcav\/usuario07\/wp-json\/wp\/v2\/comments?post=543"}],"version-history":[{"count":1,"href":"https:\/\/gicd.inf.um.es\/csidcav\/usuario07\/wp-json\/wp\/v2\/pages\/543\/revisions"}],"predecessor-version":[{"id":545,"href":"https:\/\/gicd.inf.um.es\/csidcav\/usuario07\/wp-json\/wp\/v2\/pages\/543\/revisions\/545"}],"wp:attachment":[{"href":"https:\/\/gicd.inf.um.es\/csidcav\/usuario07\/wp-json\/wp\/v2\/media?parent=543"}],"curies":[{"name":"wp","href":"https:\/\/api.w.org\/{rel}","templated":true}]}}