{"id":546,"date":"2025-12-08T22:57:30","date_gmt":"2025-12-08T21:57:30","guid":{"rendered":"https:\/\/gicd.inf.um.es\/csidcav\/usuario07\/?page_id=546"},"modified":"2025-12-09T03:09:02","modified_gmt":"2025-12-09T02:09:02","slug":"ranni-la-bruja","status":"publish","type":"page","link":"https:\/\/gicd.inf.um.es\/csidcav\/usuario07\/ranni-la-bruja\/","title":{"rendered":"Ranni, la Bruja"},"content":{"rendered":"\n<div class=\"wp-block-media-text has-media-on-the-right is-stacked-on-mobile\"><div class=\"wp-block-media-text__content\">\n<p>Ranni es una semidiosa y la figura clave detr\u00e1s de los eventos que desencadenaron la Devastaci\u00f3n, pero se presenta ante el Sinluz bajo la forma de una mu\u00f1eca de cuatro brazos, un cuerpo artificial que ella escogi\u00f3. Su cuerpo de mu\u00f1eca, que se parece a una antigua mentora suya, tiene la piel p\u00e1lida, un sombrero de bruja caracter\u00edstico y un rostro donde un ojo permanece cubierto, mientras que su rostro proyecta una apariencia g\u00e9lida y et\u00e9rea, acorde con su conexi\u00f3n con la luna y el hielo. A diferencia de sus hermanos que buscan el poder del \u00c1rbol \u00c1ureo, Ranni est\u00e1 profundamente desvinculada de la Gran Voluntad.<\/p>\n\n\n\n<p>La historia de Ranni es oscura y se remonta a la Noche de los Cuchillos Negros. Ella fue la arquitecta intelectual del primer gran asesinato de un semidi\u00f3s: Godwyn el Dorado. En esa noche, la Runa de la Muerte fue robada y forjada en cuchillos. Mientras la mitad de la Runa se us\u00f3 para matar el <em>alma<\/em> de Godwyn, la otra mitad fue usada por la propia Ranni para matar su <em>cuerpo<\/em> carnal. De esta manera, aunque su carne muri\u00f3, su alma sobrevivi\u00f3, libre de la influencia de la Gran Voluntad. Ella se \u00abreencarn\u00f3\u00bb en el cuerpo de la mu\u00f1eca para poder moverse libremente y perseguir su verdadero objetivo.<\/p>\n<\/div><figure class=\"wp-block-media-text__media\"><img loading=\"lazy\" decoding=\"async\" width=\"640\" height=\"533\" src=\"https:\/\/gicd.inf.um.es\/csidcav\/usuario07\/wp-content\/uploads\/2025\/12\/explain-like-im-5-ranni-v0-c0btdgg0qjfa1.webp\" alt=\"\" class=\"wp-image-547 size-full\" srcset=\"https:\/\/gicd.inf.um.es\/csidcav\/usuario07\/wp-content\/uploads\/2025\/12\/explain-like-im-5-ranni-v0-c0btdgg0qjfa1.webp 640w, https:\/\/gicd.inf.um.es\/csidcav\/usuario07\/wp-content\/uploads\/2025\/12\/explain-like-im-5-ranni-v0-c0btdgg0qjfa1-300x250.webp 300w\" sizes=\"auto, (max-width: 640px) 100vw, 640px\" \/><\/figure><\/div>\n","protected":false},"excerpt":{"rendered":"<p>Ranni es una semidiosa y la figura clave detr\u00e1s de los eventos que desencadenaron la Devastaci\u00f3n, pero se presenta ante el Sinluz bajo la forma de una mu\u00f1eca de cuatro brazos, un cuerpo artificial que ella escogi\u00f3. Su cuerpo de mu\u00f1eca, que se parece a una antigua mentora suya, tiene la piel p\u00e1lida, un sombrero [&hellip;]<\/p>\n","protected":false},"author":1,"featured_media":0,"parent":0,"menu_order":0,"comment_status":"closed","ping_status":"closed","template":"","meta":{"pgc_sgb_lightbox_settings":"","footnotes":""},"class_list":["post-546","page","type-page","status-publish","hentry"],"_links":{"self":[{"href":"https:\/\/gicd.inf.um.es\/csidcav\/usuario07\/wp-json\/wp\/v2\/pages\/546","targetHints":{"allow":["GET"]}}],"collection":[{"href":"https:\/\/gicd.inf.um.es\/csidcav\/usuario07\/wp-json\/wp\/v2\/pages"}],"about":[{"href":"https:\/\/gicd.inf.um.es\/csidcav\/usuario07\/wp-json\/wp\/v2\/types\/page"}],"author":[{"embeddable":true,"href":"https:\/\/gicd.inf.um.es\/csidcav\/usuario07\/wp-json\/wp\/v2\/users\/1"}],"replies":[{"embeddable":true,"href":"https:\/\/gicd.inf.um.es\/csidcav\/usuario07\/wp-json\/wp\/v2\/comments?post=546"}],"version-history":[{"count":1,"href":"https:\/\/gicd.inf.um.es\/csidcav\/usuario07\/wp-json\/wp\/v2\/pages\/546\/revisions"}],"predecessor-version":[{"id":548,"href":"https:\/\/gicd.inf.um.es\/csidcav\/usuario07\/wp-json\/wp\/v2\/pages\/546\/revisions\/548"}],"wp:attachment":[{"href":"https:\/\/gicd.inf.um.es\/csidcav\/usuario07\/wp-json\/wp\/v2\/media?parent=546"}],"curies":[{"name":"wp","href":"https:\/\/api.w.org\/{rel}","templated":true}]}}