{"id":549,"date":"2025-12-08T22:59:22","date_gmt":"2025-12-08T21:59:22","guid":{"rendered":"https:\/\/gicd.inf.um.es\/csidcav\/usuario07\/?page_id=549"},"modified":"2025-12-08T22:59:22","modified_gmt":"2025-12-08T21:59:22","slug":"margit-el-augurio-caido","status":"publish","type":"page","link":"https:\/\/gicd.inf.um.es\/csidcav\/usuario07\/margit-el-augurio-caido\/","title":{"rendered":"Margit el Augurio Caido"},"content":{"rendered":"\n<div class=\"wp-block-media-text has-media-on-the-right is-stacked-on-mobile\"><div class=\"wp-block-media-text__content\">\n<p>Margit es un enemigo colosal y el primer gran desaf\u00edo que el Sinluz encuentra en su camino, sirviendo como el guardi\u00e1n de la entrada principal al Castillo Velo Tormentoso. F\u00edsicamente, es un ser humanoide de gran estatura y constituci\u00f3n robusta, cubierto con ropajes humildes y encadenado, lo que oculta sus cuernos de Augurio. En combate, Margit es implacable y utiliza una variedad de ataques acrob\u00e1ticos y r\u00e1fagas de magia. Su rasgo m\u00e1s distintivo es su habilidad para invocar armas espectrales de color dorado que utiliza para desorientar y abrumar al jugador.<\/p>\n\n\n\n<p>La verdad de Margit es que \u00e9l es un seud\u00f3nimo utilizado por Morgott, el Rey de los Augurios, uno de los hijos semidioses de la Reina Marika. Margit es, de hecho, una proyecci\u00f3n o un avatar que Morgott usa para patrullar las Tierras Intermedias y eliminar a los Sinluz antes de que se acerquen a la capital. El secreto de su identidad es crucial: los Augurios nacen con maldiciones que la Gran Voluntad desprecia, y Morgott fue encarcelado en las cloacas de la capital desde su nacimiento. Sin embargo, su devoci\u00f3n al \u00c1rbol \u00c1ureo es inquebrantable y patol\u00f3gica.<\/p>\n<\/div><figure class=\"wp-block-media-text__media\"><img loading=\"lazy\" decoding=\"async\" width=\"1024\" height=\"576\" src=\"https:\/\/gicd.inf.um.es\/csidcav\/usuario07\/wp-content\/uploads\/2025\/12\/elden-ring-margit-fell-omen-tips-strategy-8042-1645715145986-1024x576.webp\" alt=\"\" class=\"wp-image-550 size-full\" srcset=\"https:\/\/gicd.inf.um.es\/csidcav\/usuario07\/wp-content\/uploads\/2025\/12\/elden-ring-margit-fell-omen-tips-strategy-8042-1645715145986-1024x576.webp 1024w, https:\/\/gicd.inf.um.es\/csidcav\/usuario07\/wp-content\/uploads\/2025\/12\/elden-ring-margit-fell-omen-tips-strategy-8042-1645715145986-300x169.webp 300w, https:\/\/gicd.inf.um.es\/csidcav\/usuario07\/wp-content\/uploads\/2025\/12\/elden-ring-margit-fell-omen-tips-strategy-8042-1645715145986-768x432.webp 768w, https:\/\/gicd.inf.um.es\/csidcav\/usuario07\/wp-content\/uploads\/2025\/12\/elden-ring-margit-fell-omen-tips-strategy-8042-1645715145986-1536x864.webp 1536w, https:\/\/gicd.inf.um.es\/csidcav\/usuario07\/wp-content\/uploads\/2025\/12\/elden-ring-margit-fell-omen-tips-strategy-8042-1645715145986-1280x720.webp 1280w, https:\/\/gicd.inf.um.es\/csidcav\/usuario07\/wp-content\/uploads\/2025\/12\/elden-ring-margit-fell-omen-tips-strategy-8042-1645715145986.webp 1600w\" sizes=\"auto, (max-width: 1024px) 100vw, 1024px\" \/><\/figure><\/div>\n","protected":false},"excerpt":{"rendered":"<p>Margit es un enemigo colosal y el primer gran desaf\u00edo que el Sinluz encuentra en su camino, sirviendo como el guardi\u00e1n de la entrada principal al Castillo Velo Tormentoso. F\u00edsicamente, es un ser humanoide de gran estatura y constituci\u00f3n robusta, cubierto con ropajes humildes y encadenado, lo que oculta sus cuernos de Augurio. En combate, [&hellip;]<\/p>\n","protected":false},"author":1,"featured_media":0,"parent":0,"menu_order":0,"comment_status":"closed","ping_status":"closed","template":"","meta":{"pgc_sgb_lightbox_settings":"","footnotes":""},"class_list":["post-549","page","type-page","status-publish","hentry"],"_links":{"self":[{"href":"https:\/\/gicd.inf.um.es\/csidcav\/usuario07\/wp-json\/wp\/v2\/pages\/549","targetHints":{"allow":["GET"]}}],"collection":[{"href":"https:\/\/gicd.inf.um.es\/csidcav\/usuario07\/wp-json\/wp\/v2\/pages"}],"about":[{"href":"https:\/\/gicd.inf.um.es\/csidcav\/usuario07\/wp-json\/wp\/v2\/types\/page"}],"author":[{"embeddable":true,"href":"https:\/\/gicd.inf.um.es\/csidcav\/usuario07\/wp-json\/wp\/v2\/users\/1"}],"replies":[{"embeddable":true,"href":"https:\/\/gicd.inf.um.es\/csidcav\/usuario07\/wp-json\/wp\/v2\/comments?post=549"}],"version-history":[{"count":1,"href":"https:\/\/gicd.inf.um.es\/csidcav\/usuario07\/wp-json\/wp\/v2\/pages\/549\/revisions"}],"predecessor-version":[{"id":551,"href":"https:\/\/gicd.inf.um.es\/csidcav\/usuario07\/wp-json\/wp\/v2\/pages\/549\/revisions\/551"}],"wp:attachment":[{"href":"https:\/\/gicd.inf.um.es\/csidcav\/usuario07\/wp-json\/wp\/v2\/media?parent=549"}],"curies":[{"name":"wp","href":"https:\/\/api.w.org\/{rel}","templated":true}]}}