{"id":553,"date":"2025-12-08T23:01:37","date_gmt":"2025-12-08T22:01:37","guid":{"rendered":"https:\/\/gicd.inf.um.es\/csidcav\/usuario07\/?page_id=553"},"modified":"2025-12-09T04:14:04","modified_gmt":"2025-12-09T03:14:04","slug":"el-no-muerto-elegido","status":"publish","type":"page","link":"https:\/\/gicd.inf.um.es\/csidcav\/usuario07\/el-no-muerto-elegido\/","title":{"rendered":"El No Muerto Elegido"},"content":{"rendered":"\n<div class=\"wp-block-media-text has-media-on-the-right is-stacked-on-mobile\"><div class=\"wp-block-media-text__content\">\n<p>Su historia comienza con su encarcelamiento en el Asilo de No Muertos, donde esperan el inevitable final de su cordura. Sin embargo, su destino cambia con la llegada de un caballero misterioso que le entrega la llave de la celda y le revela una antigua profec\u00eda: un No Muerto ser\u00eda elegido para abandonar el Asilo, viajar a la antigua tierra de los Dioses (Lordran), y sonar las Campanas del Despertar. De esta manera, el Elegido podr\u00eda determinar el futuro del reino. Su viaje es, por lo tanto, una b\u00fasqueda desesperada para romper la maldici\u00f3n y demostrar que merece un destino superior al de volverse Hueco.<\/p>\n\n\n\n<p>A lo largo de su \u00e9pica y solitaria peregrinaci\u00f3n, el No Muerto Elegido se enfrenta y derrota a los poderosos Se\u00f1ores del Alma, quienes poseen fragmentos de la esencia del Se\u00f1or original. Su objetivo final es alcanzar la Forja del Se\u00f1or en Anor Londo y, finalmente, el Horno de la Llama Original, donde debe tomar una decisi\u00f3n trascendental. Puede elegir sacrificar su propia humanidad y vida para avivar la Primera Llama, extendiendo la Edad del Fuego; o puede permitir que la Llama se extinga y dar paso a la Edad de la Oscuridad, convirti\u00e9ndose en el Se\u00f1or Oscuro. La tragedia del No Muerto Elegido reside en que su \u00abelecci\u00f3n\u00bb es el resultado de un ciclo c\u00f3smico repetitivo, donde cada acci\u00f3n parece estar dictada por los dioses y el destino.<\/p>\n<\/div><figure class=\"wp-block-media-text__media\"><a href=\"https:\/\/gicd.inf.um.es\/csidcav\/usuario07\/wp-content\/uploads\/2025\/12\/No_muerto_elegido.webp\"><img loading=\"lazy\" decoding=\"async\" width=\"405\" height=\"540\" src=\"https:\/\/gicd.inf.um.es\/csidcav\/usuario07\/wp-content\/uploads\/2025\/12\/No_muerto_elegido.webp\" alt=\"\" class=\"wp-image-554 size-full\" srcset=\"https:\/\/gicd.inf.um.es\/csidcav\/usuario07\/wp-content\/uploads\/2025\/12\/No_muerto_elegido.webp 405w, https:\/\/gicd.inf.um.es\/csidcav\/usuario07\/wp-content\/uploads\/2025\/12\/No_muerto_elegido-225x300.webp 225w\" sizes=\"auto, (max-width: 405px) 100vw, 405px\" \/><\/a><\/figure><\/div>\n","protected":false},"excerpt":{"rendered":"<p>Su historia comienza con su encarcelamiento en el Asilo de No Muertos, donde esperan el inevitable final de su cordura. Sin embargo, su destino cambia con la llegada de un caballero misterioso que le entrega la llave de la celda y le revela una antigua profec\u00eda: un No Muerto ser\u00eda elegido para abandonar el Asilo, [&hellip;]<\/p>\n","protected":false},"author":1,"featured_media":0,"parent":0,"menu_order":0,"comment_status":"closed","ping_status":"closed","template":"","meta":{"pgc_sgb_lightbox_settings":"","footnotes":""},"class_list":["post-553","page","type-page","status-publish","hentry"],"_links":{"self":[{"href":"https:\/\/gicd.inf.um.es\/csidcav\/usuario07\/wp-json\/wp\/v2\/pages\/553","targetHints":{"allow":["GET"]}}],"collection":[{"href":"https:\/\/gicd.inf.um.es\/csidcav\/usuario07\/wp-json\/wp\/v2\/pages"}],"about":[{"href":"https:\/\/gicd.inf.um.es\/csidcav\/usuario07\/wp-json\/wp\/v2\/types\/page"}],"author":[{"embeddable":true,"href":"https:\/\/gicd.inf.um.es\/csidcav\/usuario07\/wp-json\/wp\/v2\/users\/1"}],"replies":[{"embeddable":true,"href":"https:\/\/gicd.inf.um.es\/csidcav\/usuario07\/wp-json\/wp\/v2\/comments?post=553"}],"version-history":[{"count":2,"href":"https:\/\/gicd.inf.um.es\/csidcav\/usuario07\/wp-json\/wp\/v2\/pages\/553\/revisions"}],"predecessor-version":[{"id":637,"href":"https:\/\/gicd.inf.um.es\/csidcav\/usuario07\/wp-json\/wp\/v2\/pages\/553\/revisions\/637"}],"wp:attachment":[{"href":"https:\/\/gicd.inf.um.es\/csidcav\/usuario07\/wp-json\/wp\/v2\/media?parent=553"}],"curies":[{"name":"wp","href":"https:\/\/api.w.org\/{rel}","templated":true}]}}