{"id":556,"date":"2025-12-08T23:02:43","date_gmt":"2025-12-08T22:02:43","guid":{"rendered":"https:\/\/gicd.inf.um.es\/csidcav\/usuario07\/?page_id=556"},"modified":"2025-12-09T04:14:01","modified_gmt":"2025-12-09T03:14:01","slug":"solaire-de-astora","status":"publish","type":"page","link":"https:\/\/gicd.inf.um.es\/csidcav\/usuario07\/solaire-de-astora\/","title":{"rendered":"Solaire de Astora"},"content":{"rendered":"\n<div class=\"wp-block-media-text has-media-on-the-right is-stacked-on-mobile\"><div class=\"wp-block-media-text__content\">\n<p>Su historia y su prop\u00f3sito en Lordran son una b\u00fasqueda personal profundamente espiritual. Solaire es un Guerrero de la Luz Solar (Warrior of Sunlight), un pacto dedicado al sol y la cooperaci\u00f3n. Su objetivo principal es encontrar su propio <strong>sol<\/strong>, una fuente de luz y significado que lo ilumine y lo libere del destino de los No Muertos. \u00c9l cree firmemente que fue elegido para encontrar este sol en Lordran. Por esta raz\u00f3n, se ofrece a ayudar al No Muerto Elegido, apareciendo como un esp\u00edritu de ayuda para enfrentar a numerosos jefes a lo largo del juego, lo que lo convierte en un valioso aliado.<\/p>\n\n\n\n<p>El arco argumental de Solaire puede terminar de dos maneras, ambas tr\u00e1gicas o agridulces. Su final tr\u00e1gico ocurre si el jugador no logra salvarlo de la corrupci\u00f3n: en las Ruinas Demon\u00edacas, Solaire encuentra un Gusano del Sol par\u00e1sito en su cabeza y, al confundir el brillo de la larva con el sol que tanto buscaba, se vuelve loco. En su locura, el No Muerto Elegido debe matarlo. Alternativamente, si el jugador lo salva, Solaire puede ser invocado para la batalla final contra Gwyn, Se\u00f1or de la Ceniza, cumpliendo as\u00ed su destino al vincular o extinguir la Llama. La frase m\u00e1s famosa y la esencia de su personaje es su saludo optimista: \u00ab\u00a1Alabado sea el Sol!\u00bb (Praise the Sun!).<\/p>\n<\/div><figure class=\"wp-block-media-text__media\"><a href=\"https:\/\/gicd.inf.um.es\/csidcav\/usuario07\/wp-content\/uploads\/2025\/12\/DS1R_Solaire_of_Astora_in_Undead_Burg_half_body_front.webp\"><img loading=\"lazy\" decoding=\"async\" width=\"819\" height=\"1024\" src=\"https:\/\/gicd.inf.um.es\/csidcav\/usuario07\/wp-content\/uploads\/2025\/12\/DS1R_Solaire_of_Astora_in_Undead_Burg_half_body_front-819x1024.webp\" alt=\"\" class=\"wp-image-558 size-full\" srcset=\"https:\/\/gicd.inf.um.es\/csidcav\/usuario07\/wp-content\/uploads\/2025\/12\/DS1R_Solaire_of_Astora_in_Undead_Burg_half_body_front-819x1024.webp 819w, https:\/\/gicd.inf.um.es\/csidcav\/usuario07\/wp-content\/uploads\/2025\/12\/DS1R_Solaire_of_Astora_in_Undead_Burg_half_body_front-240x300.webp 240w, https:\/\/gicd.inf.um.es\/csidcav\/usuario07\/wp-content\/uploads\/2025\/12\/DS1R_Solaire_of_Astora_in_Undead_Burg_half_body_front-768x960.webp 768w, https:\/\/gicd.inf.um.es\/csidcav\/usuario07\/wp-content\/uploads\/2025\/12\/DS1R_Solaire_of_Astora_in_Undead_Burg_half_body_front-1024x1280.webp 1024w, https:\/\/gicd.inf.um.es\/csidcav\/usuario07\/wp-content\/uploads\/2025\/12\/DS1R_Solaire_of_Astora_in_Undead_Burg_half_body_front.webp 1152w\" sizes=\"auto, (max-width: 819px) 100vw, 819px\" \/><\/a><\/figure><\/div>\n","protected":false},"excerpt":{"rendered":"<p>Su historia y su prop\u00f3sito en Lordran son una b\u00fasqueda personal profundamente espiritual. Solaire es un Guerrero de la Luz Solar (Warrior of Sunlight), un pacto dedicado al sol y la cooperaci\u00f3n. Su objetivo principal es encontrar su propio sol, una fuente de luz y significado que lo ilumine y lo libere del destino de [&hellip;]<\/p>\n","protected":false},"author":1,"featured_media":0,"parent":0,"menu_order":0,"comment_status":"closed","ping_status":"closed","template":"","meta":{"pgc_sgb_lightbox_settings":"","footnotes":""},"class_list":["post-556","page","type-page","status-publish","hentry"],"_links":{"self":[{"href":"https:\/\/gicd.inf.um.es\/csidcav\/usuario07\/wp-json\/wp\/v2\/pages\/556","targetHints":{"allow":["GET"]}}],"collection":[{"href":"https:\/\/gicd.inf.um.es\/csidcav\/usuario07\/wp-json\/wp\/v2\/pages"}],"about":[{"href":"https:\/\/gicd.inf.um.es\/csidcav\/usuario07\/wp-json\/wp\/v2\/types\/page"}],"author":[{"embeddable":true,"href":"https:\/\/gicd.inf.um.es\/csidcav\/usuario07\/wp-json\/wp\/v2\/users\/1"}],"replies":[{"embeddable":true,"href":"https:\/\/gicd.inf.um.es\/csidcav\/usuario07\/wp-json\/wp\/v2\/comments?post=556"}],"version-history":[{"count":2,"href":"https:\/\/gicd.inf.um.es\/csidcav\/usuario07\/wp-json\/wp\/v2\/pages\/556\/revisions"}],"predecessor-version":[{"id":636,"href":"https:\/\/gicd.inf.um.es\/csidcav\/usuario07\/wp-json\/wp\/v2\/pages\/556\/revisions\/636"}],"wp:attachment":[{"href":"https:\/\/gicd.inf.um.es\/csidcav\/usuario07\/wp-json\/wp\/v2\/media?parent=556"}],"curies":[{"name":"wp","href":"https:\/\/api.w.org\/{rel}","templated":true}]}}