{"id":560,"date":"2025-12-08T23:03:54","date_gmt":"2025-12-08T22:03:54","guid":{"rendered":"https:\/\/gicd.inf.um.es\/csidcav\/usuario07\/?page_id=560"},"modified":"2025-12-09T04:13:58","modified_gmt":"2025-12-09T03:13:58","slug":"gwyn-senor-de-la-ceniza","status":"publish","type":"page","link":"https:\/\/gicd.inf.um.es\/csidcav\/usuario07\/gwyn-senor-de-la-ceniza\/","title":{"rendered":"Gwyn, Se\u00f1or de la Ceniza"},"content":{"rendered":"\n<div class=\"wp-block-media-text has-media-on-the-right is-stacked-on-mobile\"><div class=\"wp-block-media-text__content\">\n<p>Gwyn es el antagonista final y la figura central de la mitolog\u00eda de <em>Dark Souls<\/em>. Su apariencia f\u00edsica es un testimonio de su gran sacrificio. Ya no es el majestuoso dios de la luz que una vez fue, sino un ser emaciado, envejecido y consumido por el fuego. Viste una armadura gastada y porta su Espad\u00f3n de Se\u00f1or, pero ahora se presenta como ceniza. Este aspecto contrasta fuertemente con las descripciones de su pasado como el l\u00edder poderoso, cuyas almas eran tan luminosas que sus fieles se cubr\u00edan los ojos para no cegarse. La m\u00fasica que lo acompa\u00f1a en la batalla, melanc\u00f3lica y basada en piano, subraya su naturaleza de rey ca\u00eddo y cansado.<\/p>\n\n\n\n<p>La historia de Gwyn comienza en la Era Antigua, cuando la tierra estaba envuelta en niebla y gobernada por los Dragones. Gwyn y otros seres (Nito, la Bruja de Izalith, y el Furtivo) descubrieron la Primera Llama y, con su poder, pudieron diezmar a los Dragones. Tras la victoria, Gwyn fund\u00f3 el reino de Anor Londo y se convirti\u00f3 en el l\u00edder de los dioses, inaugurando la Era del Fuego y estableciendo el orden que conocemos. \u00c9l y su linaje gobernaron el mundo, estableciendo el concepto de la \u00abluz\u00bb y la \u00abdivinidad\u00bb.<\/p>\n\n\n\n<p>Sin embargo, a medida que la Primera Llama comenz\u00f3 a debilitarse, tambi\u00e9n lo hizo el poder de Gwyn. Temiendo el fin de su era y el advenimiento de la Edad de la Oscuridad (que traer\u00eda la supremac\u00eda de los humanos y del Furtivo), Gwyn tom\u00f3 la decisi\u00f3n m\u00e1s dram\u00e1tica: reuni\u00f3 a sus caballeros m\u00e1s leales y se inmol\u00f3 a s\u00ed mismo en el Horno de la Llama Original. Este acto, conocido como Vincular la Llama, fue un sacrificio desesperado para alimentar la Llama con su propia alma divina y prolongar la Era del Fuego, aunque solo fuera temporalmente, a costa de iniciar el ciclo de la maldici\u00f3n del No Muerto. El No Muerto Elegido lo encuentra en el Horno, ya no como un dios, sino como la ceniza que queda de un rey desesperado, sirviendo como el guardi\u00e1n final de un ciclo que \u00e9l mismo perpetu\u00f3.<\/p>\n<\/div><figure class=\"wp-block-media-text__media\"><a href=\"https:\/\/gicd.inf.um.es\/csidcav\/usuario07\/wp-content\/uploads\/2025\/12\/51da37951ec20d65062ed517e9cc7238047114dfr1-1200-830v2_hq.jpg\"><img loading=\"lazy\" decoding=\"async\" width=\"1024\" height=\"708\" src=\"https:\/\/gicd.inf.um.es\/csidcav\/usuario07\/wp-content\/uploads\/2025\/12\/51da37951ec20d65062ed517e9cc7238047114dfr1-1200-830v2_hq.jpg\" alt=\"\" class=\"wp-image-561 size-full\" srcset=\"https:\/\/gicd.inf.um.es\/csidcav\/usuario07\/wp-content\/uploads\/2025\/12\/51da37951ec20d65062ed517e9cc7238047114dfr1-1200-830v2_hq.jpg 1024w, https:\/\/gicd.inf.um.es\/csidcav\/usuario07\/wp-content\/uploads\/2025\/12\/51da37951ec20d65062ed517e9cc7238047114dfr1-1200-830v2_hq-300x207.jpg 300w, https:\/\/gicd.inf.um.es\/csidcav\/usuario07\/wp-content\/uploads\/2025\/12\/51da37951ec20d65062ed517e9cc7238047114dfr1-1200-830v2_hq-768x531.jpg 768w\" sizes=\"auto, (max-width: 1024px) 100vw, 1024px\" \/><\/a><\/figure><\/div>\n","protected":false},"excerpt":{"rendered":"<p>Gwyn es el antagonista final y la figura central de la mitolog\u00eda de Dark Souls. Su apariencia f\u00edsica es un testimonio de su gran sacrificio. Ya no es el majestuoso dios de la luz que una vez fue, sino un ser emaciado, envejecido y consumido por el fuego. Viste una armadura gastada y porta su [&hellip;]<\/p>\n","protected":false},"author":1,"featured_media":0,"parent":0,"menu_order":0,"comment_status":"closed","ping_status":"closed","template":"","meta":{"pgc_sgb_lightbox_settings":"","footnotes":""},"class_list":["post-560","page","type-page","status-publish","hentry"],"_links":{"self":[{"href":"https:\/\/gicd.inf.um.es\/csidcav\/usuario07\/wp-json\/wp\/v2\/pages\/560","targetHints":{"allow":["GET"]}}],"collection":[{"href":"https:\/\/gicd.inf.um.es\/csidcav\/usuario07\/wp-json\/wp\/v2\/pages"}],"about":[{"href":"https:\/\/gicd.inf.um.es\/csidcav\/usuario07\/wp-json\/wp\/v2\/types\/page"}],"author":[{"embeddable":true,"href":"https:\/\/gicd.inf.um.es\/csidcav\/usuario07\/wp-json\/wp\/v2\/users\/1"}],"replies":[{"embeddable":true,"href":"https:\/\/gicd.inf.um.es\/csidcav\/usuario07\/wp-json\/wp\/v2\/comments?post=560"}],"version-history":[{"count":2,"href":"https:\/\/gicd.inf.um.es\/csidcav\/usuario07\/wp-json\/wp\/v2\/pages\/560\/revisions"}],"predecessor-version":[{"id":635,"href":"https:\/\/gicd.inf.um.es\/csidcav\/usuario07\/wp-json\/wp\/v2\/pages\/560\/revisions\/635"}],"wp:attachment":[{"href":"https:\/\/gicd.inf.um.es\/csidcav\/usuario07\/wp-json\/wp\/v2\/media?parent=560"}],"curies":[{"name":"wp","href":"https:\/\/api.w.org\/{rel}","templated":true}]}}