{"id":563,"date":"2025-12-08T23:07:12","date_gmt":"2025-12-08T22:07:12","guid":{"rendered":"https:\/\/gicd.inf.um.es\/csidcav\/usuario07\/?page_id=563"},"modified":"2025-12-09T04:13:53","modified_gmt":"2025-12-09T03:13:53","slug":"dama-guardiana-del-fuego","status":"publish","type":"page","link":"https:\/\/gicd.inf.um.es\/csidcav\/usuario07\/dama-guardiana-del-fuego\/","title":{"rendered":"Dama Guardiana del Fuego"},"content":{"rendered":"\n<div class=\"wp-block-media-text has-media-on-the-right is-stacked-on-mobile\"><div class=\"wp-block-media-text__content\">\n<p>La Dama Guardiana del Fuego es un personaje mudo y misterioso, cuya principal funci\u00f3n es servir a la hoguera y al No Muerto. Su apariencia es distintiva: viste ropas de tela simples y su caracter\u00edstica m\u00e1s notable es la ceguera, con sus ojos a menudo cubiertos con un vendaje o visiblemente quemados o da\u00f1ados. Esta ceguera simboliza su dedicaci\u00f3n total a su prop\u00f3sito; no necesitan ver el mundo exterior, ya que su \u00fanica realidad es la Llama de la hoguera. Hablan con una voz serena y melanc\u00f3lica, transmitiendo siempre un sentimiento de resignaci\u00f3n y profunda sabidur\u00eda.<\/p>\n\n\n\n<p>Hist\u00f3ricamente, las Guardianas del Fuego son mujeres elegidas o, m\u00e1s a menudo, sacrificadas para servir a las hogueras. Son esencialmente recipientes que contienen y nutren el poder del fuego, actuando como puentes entre la Llama y los No Muertos. Ellas son las \u00fanicas capaces de canalizar las almas que el No Muerto obtiene en el mundo y convertirlas en fuerza y poder, permitiendo al jugador subir de nivel. Se convierten as\u00ed en la base de todo el viaje del No Muerto, el punto fijo de referencia y consuelo en medio del caos.<\/p>\n\n\n\n<p>El rol de la Guardiana del Fuego es tr\u00e1gico y crucial para el final de la Era del Fuego. Su vida est\u00e1 ligada al destino de la Llama. En las distintas entregas de la serie, el destino de la Guardiana refleja la elecci\u00f3n del jugador: puede ser asesinada y su alma utilizada para avivar el fuego, puede ser abandonada para que atestig\u00fce el fin de la Llama, o puede ser liberada, lo que lleva al final que simboliza la llegada de la verdadera Edad de la Oscuridad. Su existencia subraya el tema central de <em>Dark Souls<\/em>: el valor del alma y el sacrificio necesario para sostener un ciclo que, quiz\u00e1s, nunca debi\u00f3 ser mantenido.<\/p>\n<\/div><figure class=\"wp-block-media-text__media\"><a href=\"https:\/\/gicd.inf.um.es\/csidcav\/usuario07\/wp-content\/uploads\/2025\/12\/cd6deaa2c7f59fe2043fa2532a5aa7e1.jpg\"><img loading=\"lazy\" decoding=\"async\" width=\"236\" height=\"347\" src=\"https:\/\/gicd.inf.um.es\/csidcav\/usuario07\/wp-content\/uploads\/2025\/12\/cd6deaa2c7f59fe2043fa2532a5aa7e1.jpg\" alt=\"\" class=\"wp-image-564 size-full\" srcset=\"https:\/\/gicd.inf.um.es\/csidcav\/usuario07\/wp-content\/uploads\/2025\/12\/cd6deaa2c7f59fe2043fa2532a5aa7e1.jpg 236w, https:\/\/gicd.inf.um.es\/csidcav\/usuario07\/wp-content\/uploads\/2025\/12\/cd6deaa2c7f59fe2043fa2532a5aa7e1-204x300.jpg 204w\" sizes=\"auto, (max-width: 236px) 100vw, 236px\" \/><\/a><\/figure><\/div>\n","protected":false},"excerpt":{"rendered":"<p>La Dama Guardiana del Fuego es un personaje mudo y misterioso, cuya principal funci\u00f3n es servir a la hoguera y al No Muerto. Su apariencia es distintiva: viste ropas de tela simples y su caracter\u00edstica m\u00e1s notable es la ceguera, con sus ojos a menudo cubiertos con un vendaje o visiblemente quemados o da\u00f1ados. Esta [&hellip;]<\/p>\n","protected":false},"author":1,"featured_media":0,"parent":0,"menu_order":0,"comment_status":"closed","ping_status":"closed","template":"","meta":{"pgc_sgb_lightbox_settings":"","footnotes":""},"class_list":["post-563","page","type-page","status-publish","hentry"],"_links":{"self":[{"href":"https:\/\/gicd.inf.um.es\/csidcav\/usuario07\/wp-json\/wp\/v2\/pages\/563","targetHints":{"allow":["GET"]}}],"collection":[{"href":"https:\/\/gicd.inf.um.es\/csidcav\/usuario07\/wp-json\/wp\/v2\/pages"}],"about":[{"href":"https:\/\/gicd.inf.um.es\/csidcav\/usuario07\/wp-json\/wp\/v2\/types\/page"}],"author":[{"embeddable":true,"href":"https:\/\/gicd.inf.um.es\/csidcav\/usuario07\/wp-json\/wp\/v2\/users\/1"}],"replies":[{"embeddable":true,"href":"https:\/\/gicd.inf.um.es\/csidcav\/usuario07\/wp-json\/wp\/v2\/comments?post=563"}],"version-history":[{"count":2,"href":"https:\/\/gicd.inf.um.es\/csidcav\/usuario07\/wp-json\/wp\/v2\/pages\/563\/revisions"}],"predecessor-version":[{"id":634,"href":"https:\/\/gicd.inf.um.es\/csidcav\/usuario07\/wp-json\/wp\/v2\/pages\/563\/revisions\/634"}],"wp:attachment":[{"href":"https:\/\/gicd.inf.um.es\/csidcav\/usuario07\/wp-json\/wp\/v2\/media?parent=563"}],"curies":[{"name":"wp","href":"https:\/\/api.w.org\/{rel}","templated":true}]}}