{"id":639,"date":"2025-12-09T04:24:30","date_gmt":"2025-12-09T03:24:30","guid":{"rendered":"https:\/\/gicd.inf.um.es\/csidcav\/usuario07\/?page_id=639"},"modified":"2025-12-09T04:45:45","modified_gmt":"2025-12-09T03:45:45","slug":"como-pasarse-dark-souls","status":"publish","type":"page","link":"https:\/\/gicd.inf.um.es\/csidcav\/usuario07\/como-pasarse-dark-souls\/","title":{"rendered":"\u00bfComo pasarse Dark Souls?"},"content":{"rendered":"\n<p>Para entender y disfrutar al m\u00e1ximo Dark Souls no debemos tomarnoslo solo como un reto mec\u00e1nico, sino comprender su historia como lo que es, una tragedia mitol\u00f3gica.<\/p>\n\n\n\n<p>Hay que empezar por el principio: la <strong>Edad del Fuego<\/strong>. Todo comienza cuando cuatro seres encuentran las Almas de Se\u00f1or en la Primera Llama y derrotan a los dragones eternos. Sin embargo, el fuego se est\u00e1 apagando y la oscuridad (la humanidad) avanza. T\u00fa eres el \u00ab<strong>No Muerto Elegido<\/strong>\u00ab, despertado en el Refugio de los No Muertos bajo una profec\u00eda que, en realidad, podr\u00eda ser una manipulaci\u00f3n. Tu primera gran prueba es el <strong>Demonio del Refugio<\/strong>, un guardi\u00e1n puesto all\u00ed para asegurar que solo un no muerto con verdadera voluntad pueda escapar y comenzar el peregrinaje hacia Lordran, la tierra de los antiguos dioses.<\/p>\n\n\n\n<figure class=\"wp-block-gallery has-nested-images columns-default is-cropped wp-block-gallery-1 is-layout-flex wp-block-gallery-is-layout-flex\">\n<figure class=\"wp-block-image size-large is-style-default\"><a href=\"https:\/\/gicd.inf.um.es\/csidcav\/usuario07\/wp-content\/uploads\/2025\/12\/No_muerto_elegido.webp\"><img loading=\"lazy\" decoding=\"async\" width=\"405\" height=\"540\" data-id=\"554\" src=\"https:\/\/gicd.inf.um.es\/csidcav\/usuario07\/wp-content\/uploads\/2025\/12\/No_muerto_elegido.webp\" alt=\"\" class=\"wp-image-554\" srcset=\"https:\/\/gicd.inf.um.es\/csidcav\/usuario07\/wp-content\/uploads\/2025\/12\/No_muerto_elegido.webp 405w, https:\/\/gicd.inf.um.es\/csidcav\/usuario07\/wp-content\/uploads\/2025\/12\/No_muerto_elegido-225x300.webp 225w\" sizes=\"auto, (max-width: 405px) 100vw, 405px\" \/><\/a><\/figure>\n\n\n\n<figure class=\"wp-block-image size-large\"><a href=\"https:\/\/gicd.inf.um.es\/csidcav\/usuario07\/wp-content\/uploads\/2025\/12\/201854162846_1.jpg\"><img loading=\"lazy\" decoding=\"async\" width=\"1024\" height=\"768\" data-id=\"652\" src=\"https:\/\/gicd.inf.um.es\/csidcav\/usuario07\/wp-content\/uploads\/2025\/12\/201854162846_1-1024x768.jpg\" alt=\"\" class=\"wp-image-652\" srcset=\"https:\/\/gicd.inf.um.es\/csidcav\/usuario07\/wp-content\/uploads\/2025\/12\/201854162846_1-1024x768.jpg 1024w, https:\/\/gicd.inf.um.es\/csidcav\/usuario07\/wp-content\/uploads\/2025\/12\/201854162846_1-300x225.jpg 300w, https:\/\/gicd.inf.um.es\/csidcav\/usuario07\/wp-content\/uploads\/2025\/12\/201854162846_1-768x576.jpg 768w, https:\/\/gicd.inf.um.es\/csidcav\/usuario07\/wp-content\/uploads\/2025\/12\/201854162846_1.jpg 1440w\" sizes=\"auto, (max-width: 1024px) 100vw, 1024px\" \/><\/a><\/figure>\n<\/figure>\n\n\n\n<p>El primer tramo de tu viaje te lleva a tocar las Campanas del Despertar. Aqu\u00ed te enfrentas a las <strong>G\u00e1rgolas Campana<\/strong>, constructos animados que protegen la iglesia de la invasi\u00f3n de los no muertos, simbolizando la \u00faltima defensa de una religi\u00f3n que ya casi no tiene fieles. La segunda campana est\u00e1 custodiada por <strong>Quelaag, la Bruja del Caos<\/strong>. Ella no es simplemente un monstruo, sino una de las hijas de la Bruja de Izalith que escap\u00f3 de la destrucci\u00f3n de su hogar. Su cuerpo, mitad mujer y mitad ara\u00f1a, es fruto de la Llama del Caos. Lore-wise, es una figura tr\u00e1gica: te ataca no por maldad, sino para robarte tu humanidad y d\u00e1rsela a su hermana ciega y enferma (la Dama Blanca), para aliviar su dolor.<\/p>\n\n\n\n<figure class=\"wp-block-gallery has-nested-images columns-default is-cropped wp-block-gallery-2 is-layout-flex wp-block-gallery-is-layout-flex\">\n<figure class=\"wp-block-image size-large\"><a href=\"https:\/\/gicd.inf.um.es\/csidcav\/usuario07\/wp-content\/uploads\/2025\/12\/230435-campana-article_m-1.webp\"><img loading=\"lazy\" decoding=\"async\" width=\"559\" height=\"314\" data-id=\"658\" src=\"https:\/\/gicd.inf.um.es\/csidcav\/usuario07\/wp-content\/uploads\/2025\/12\/230435-campana-article_m-1.webp\" alt=\"\" class=\"wp-image-658\" srcset=\"https:\/\/gicd.inf.um.es\/csidcav\/usuario07\/wp-content\/uploads\/2025\/12\/230435-campana-article_m-1.webp 559w, https:\/\/gicd.inf.um.es\/csidcav\/usuario07\/wp-content\/uploads\/2025\/12\/230435-campana-article_m-1-300x169.webp 300w\" sizes=\"auto, (max-width: 559px) 100vw, 559px\" \/><\/a><\/figure>\n\n\n\n<figure class=\"wp-block-image size-large\"><a href=\"https:\/\/gicd.inf.um.es\/csidcav\/usuario07\/wp-content\/uploads\/2025\/12\/ghdfghdfuidg.png\"><img loading=\"lazy\" decoding=\"async\" width=\"1024\" height=\"551\" data-id=\"666\" src=\"https:\/\/gicd.inf.um.es\/csidcav\/usuario07\/wp-content\/uploads\/2025\/12\/ghdfghdfuidg-1024x551.png\" alt=\"\" class=\"wp-image-666\" srcset=\"https:\/\/gicd.inf.um.es\/csidcav\/usuario07\/wp-content\/uploads\/2025\/12\/ghdfghdfuidg-1024x551.png 1024w, https:\/\/gicd.inf.um.es\/csidcav\/usuario07\/wp-content\/uploads\/2025\/12\/ghdfghdfuidg-300x161.png 300w, https:\/\/gicd.inf.um.es\/csidcav\/usuario07\/wp-content\/uploads\/2025\/12\/ghdfghdfuidg-768x413.png 768w, https:\/\/gicd.inf.um.es\/csidcav\/usuario07\/wp-content\/uploads\/2025\/12\/ghdfghdfuidg.png 1215w\" sizes=\"auto, (max-width: 1024px) 100vw, 1024px\" \/><\/a><\/figure>\n\n\n\n<figure class=\"wp-block-image size-large\"><a href=\"https:\/\/gicd.inf.um.es\/csidcav\/usuario07\/wp-content\/uploads\/2025\/12\/Q9DDJvC.webp\"><img loading=\"lazy\" decoding=\"async\" width=\"1024\" height=\"576\" data-id=\"665\" src=\"https:\/\/gicd.inf.um.es\/csidcav\/usuario07\/wp-content\/uploads\/2025\/12\/Q9DDJvC-1024x576.webp\" alt=\"\" class=\"wp-image-665\" srcset=\"https:\/\/gicd.inf.um.es\/csidcav\/usuario07\/wp-content\/uploads\/2025\/12\/Q9DDJvC-1024x576.webp 1024w, https:\/\/gicd.inf.um.es\/csidcav\/usuario07\/wp-content\/uploads\/2025\/12\/Q9DDJvC-300x169.webp 300w, https:\/\/gicd.inf.um.es\/csidcav\/usuario07\/wp-content\/uploads\/2025\/12\/Q9DDJvC-768x432.webp 768w, https:\/\/gicd.inf.um.es\/csidcav\/usuario07\/wp-content\/uploads\/2025\/12\/Q9DDJvC.webp 1280w\" sizes=\"auto, (max-width: 1024px) 100vw, 1024px\" \/><\/a><\/figure>\n<\/figure>\n\n\n\n<figure class=\"wp-block-image size-large is-style-default\"><a href=\"https:\/\/gicd.inf.um.es\/csidcav\/usuario07\/wp-content\/uploads\/2025\/12\/maxresdefault-6.jpg\"><img loading=\"lazy\" decoding=\"async\" width=\"1024\" height=\"576\" src=\"https:\/\/gicd.inf.um.es\/csidcav\/usuario07\/wp-content\/uploads\/2025\/12\/maxresdefault-6-1024x576.jpg\" alt=\"\" class=\"wp-image-657\" srcset=\"https:\/\/gicd.inf.um.es\/csidcav\/usuario07\/wp-content\/uploads\/2025\/12\/maxresdefault-6-1024x576.jpg 1024w, https:\/\/gicd.inf.um.es\/csidcav\/usuario07\/wp-content\/uploads\/2025\/12\/maxresdefault-6-300x169.jpg 300w, https:\/\/gicd.inf.um.es\/csidcav\/usuario07\/wp-content\/uploads\/2025\/12\/maxresdefault-6-768x432.jpg 768w, https:\/\/gicd.inf.um.es\/csidcav\/usuario07\/wp-content\/uploads\/2025\/12\/maxresdefault-6.jpg 1280w\" sizes=\"auto, (max-width: 1024px) 100vw, 1024px\" \/><\/a><\/figure>\n\n\n\n<p>Una vez demostrada tu val\u00eda, debes ascender a <strong>Anor Londo<\/strong>, la ciudad de los dioses. Tras superar la Fortaleza de Sen y su <strong>G\u00f3lem de Hierro<\/strong>, llegas a una ciudad majestuosa pero vac\u00eda; es una ilusi\u00f3n mantenida por Gwyndolin para ocultar que los dioses han huido. La prueba final para obtener la Vasija del Se\u00f1or son <strong>Ornstein el Asesino de Dragones y Smough el Verdugo<\/strong>. Ornstein es el capit\u00e1n de los cuatro caballeros de Gwyn (o una ilusi\u00f3n de \u00e9l), un h\u00e9roe de la guerra antigua, mientras que Smough es un ser despreciado por su canibalismo, que deseaba ser caballero pero fue rechazado. Ellos son la barrera final que protege a la \u00abprincesa\u00bb Gwynevere, quien te entrega la misi\u00f3n de suceder a su padre, Gwyn.<\/p>\n\n\n\n<figure class=\"wp-block-gallery has-nested-images columns-default is-cropped wp-block-gallery-3 is-layout-flex wp-block-gallery-is-layout-flex\">\n<figure class=\"wp-block-image size-large\"><a href=\"https:\/\/gicd.inf.um.es\/csidcav\/usuario07\/wp-content\/uploads\/2025\/12\/hq720-2.jpg\"><img loading=\"lazy\" decoding=\"async\" width=\"466\" height=\"386\" data-id=\"659\" src=\"https:\/\/gicd.inf.um.es\/csidcav\/usuario07\/wp-content\/uploads\/2025\/12\/hq720-2.jpg\" alt=\"\" class=\"wp-image-659\" srcset=\"https:\/\/gicd.inf.um.es\/csidcav\/usuario07\/wp-content\/uploads\/2025\/12\/hq720-2.jpg 466w, https:\/\/gicd.inf.um.es\/csidcav\/usuario07\/wp-content\/uploads\/2025\/12\/hq720-2-300x248.jpg 300w\" sizes=\"auto, (max-width: 466px) 100vw, 466px\" \/><\/a><\/figure>\n\n\n\n<figure class=\"wp-block-image size-large\"><a href=\"https:\/\/gicd.inf.um.es\/csidcav\/usuario07\/wp-content\/uploads\/2025\/12\/dark3.jpg\"><img loading=\"lazy\" decoding=\"async\" width=\"500\" height=\"281\" data-id=\"660\" src=\"https:\/\/gicd.inf.um.es\/csidcav\/usuario07\/wp-content\/uploads\/2025\/12\/dark3.jpg\" alt=\"\" class=\"wp-image-660\" srcset=\"https:\/\/gicd.inf.um.es\/csidcav\/usuario07\/wp-content\/uploads\/2025\/12\/dark3.jpg 500w, https:\/\/gicd.inf.um.es\/csidcav\/usuario07\/wp-content\/uploads\/2025\/12\/dark3-300x169.jpg 300w\" sizes=\"auto, (max-width: 500px) 100vw, 500px\" \/><\/a><\/figure>\n\n\n\n<figure class=\"wp-block-image size-large\"><a href=\"https:\/\/gicd.inf.um.es\/csidcav\/usuario07\/wp-content\/uploads\/2025\/12\/demon-prince-is-a-better-duo-fight-than-ornstein-and-smough-v0-gcvcddthq2he1.webp\"><img loading=\"lazy\" decoding=\"async\" width=\"640\" height=\"319\" data-id=\"661\" src=\"https:\/\/gicd.inf.um.es\/csidcav\/usuario07\/wp-content\/uploads\/2025\/12\/demon-prince-is-a-better-duo-fight-than-ornstein-and-smough-v0-gcvcddthq2he1.webp\" alt=\"\" class=\"wp-image-661\" srcset=\"https:\/\/gicd.inf.um.es\/csidcav\/usuario07\/wp-content\/uploads\/2025\/12\/demon-prince-is-a-better-duo-fight-than-ornstein-and-smough-v0-gcvcddthq2he1.webp 640w, https:\/\/gicd.inf.um.es\/csidcav\/usuario07\/wp-content\/uploads\/2025\/12\/demon-prince-is-a-better-duo-fight-than-ornstein-and-smough-v0-gcvcddthq2he1-300x150.webp 300w\" sizes=\"auto, (max-width: 640px) 100vw, 640px\" \/><\/a><\/figure>\n\n\n\n<figure class=\"wp-block-image size-large\"><a href=\"https:\/\/gicd.inf.um.es\/csidcav\/usuario07\/wp-content\/uploads\/2025\/12\/dfu9ghdfg9hfdgfdh.png\"><img loading=\"lazy\" decoding=\"async\" width=\"1024\" height=\"572\" data-id=\"662\" src=\"https:\/\/gicd.inf.um.es\/csidcav\/usuario07\/wp-content\/uploads\/2025\/12\/dfu9ghdfg9hfdgfdh-1024x572.png\" alt=\"\" class=\"wp-image-662\" srcset=\"https:\/\/gicd.inf.um.es\/csidcav\/usuario07\/wp-content\/uploads\/2025\/12\/dfu9ghdfg9hfdgfdh-1024x572.png 1024w, https:\/\/gicd.inf.um.es\/csidcav\/usuario07\/wp-content\/uploads\/2025\/12\/dfu9ghdfg9hfdgfdh-300x168.png 300w, https:\/\/gicd.inf.um.es\/csidcav\/usuario07\/wp-content\/uploads\/2025\/12\/dfu9ghdfg9hfdgfdh-768x429.png 768w, https:\/\/gicd.inf.um.es\/csidcav\/usuario07\/wp-content\/uploads\/2025\/12\/dfu9ghdfg9hfdgfdh.png 1262w\" sizes=\"auto, (max-width: 1024px) 100vw, 1024px\" \/><\/a><\/figure>\n<\/figure>\n\n\n\n<p>Con la Vasija en tu poder, debes cazar a los antiguos aliados de Gwyn, cuyas historias han terminado en desgracia. Debes matar a <strong>Seath el Descamado<\/strong>, el drag\u00f3n albino que traicion\u00f3 a los suyos por envidia de su inmortalidad y acab\u00f3 loco experimentando con magia de cristal. Tambi\u00e9n debes acabar con el <strong>Lecho del Caos<\/strong>, que es lo que queda de la Bruja de Izalith; en un intento desesperado por recrear la Primera Llama, fall\u00f3 y cre\u00f3 el caos, dando origen a todos los demonios del juego. Por otro lado est\u00e1 <strong>Nito, el Rey del Cementerio<\/strong>, la manifestaci\u00f3n de la muerte y la enfermedad, quien duerme en las catacumbas guardando gran parte del poder de las almas.<\/p>\n\n\n\n<figure class=\"wp-block-gallery has-nested-images columns-default is-cropped wp-block-gallery-4 is-layout-flex wp-block-gallery-is-layout-flex\">\n<figure class=\"wp-block-image size-large\"><a href=\"https:\/\/gicd.inf.um.es\/csidcav\/usuario07\/wp-content\/uploads\/2025\/12\/dark_souls_____remastered_20180526123157.webp\"><img loading=\"lazy\" decoding=\"async\" width=\"1024\" height=\"576\" data-id=\"647\" src=\"https:\/\/gicd.inf.um.es\/csidcav\/usuario07\/wp-content\/uploads\/2025\/12\/dark_souls_____remastered_20180526123157-1024x576.webp\" alt=\"\" class=\"wp-image-647\" srcset=\"https:\/\/gicd.inf.um.es\/csidcav\/usuario07\/wp-content\/uploads\/2025\/12\/dark_souls_____remastered_20180526123157-1024x576.webp 1024w, https:\/\/gicd.inf.um.es\/csidcav\/usuario07\/wp-content\/uploads\/2025\/12\/dark_souls_____remastered_20180526123157-300x169.webp 300w, https:\/\/gicd.inf.um.es\/csidcav\/usuario07\/wp-content\/uploads\/2025\/12\/dark_souls_____remastered_20180526123157-768x432.webp 768w, https:\/\/gicd.inf.um.es\/csidcav\/usuario07\/wp-content\/uploads\/2025\/12\/dark_souls_____remastered_20180526123157-1536x864.webp 1536w, https:\/\/gicd.inf.um.es\/csidcav\/usuario07\/wp-content\/uploads\/2025\/12\/dark_souls_____remastered_20180526123157-1280x720.webp 1280w, https:\/\/gicd.inf.um.es\/csidcav\/usuario07\/wp-content\/uploads\/2025\/12\/dark_souls_____remastered_20180526123157.webp 1920w\" sizes=\"auto, (max-width: 1024px) 100vw, 1024px\" \/><\/a><\/figure>\n\n\n\n<figure class=\"wp-block-image size-large\"><a href=\"https:\/\/gicd.inf.um.es\/csidcav\/usuario07\/wp-content\/uploads\/2025\/12\/maxresdefault-5.jpg\"><img loading=\"lazy\" decoding=\"async\" width=\"1024\" height=\"576\" data-id=\"646\" src=\"https:\/\/gicd.inf.um.es\/csidcav\/usuario07\/wp-content\/uploads\/2025\/12\/maxresdefault-5-1024x576.jpg\" alt=\"\" class=\"wp-image-646\" srcset=\"https:\/\/gicd.inf.um.es\/csidcav\/usuario07\/wp-content\/uploads\/2025\/12\/maxresdefault-5-1024x576.jpg 1024w, https:\/\/gicd.inf.um.es\/csidcav\/usuario07\/wp-content\/uploads\/2025\/12\/maxresdefault-5-300x169.jpg 300w, https:\/\/gicd.inf.um.es\/csidcav\/usuario07\/wp-content\/uploads\/2025\/12\/maxresdefault-5-768x432.jpg 768w, https:\/\/gicd.inf.um.es\/csidcav\/usuario07\/wp-content\/uploads\/2025\/12\/maxresdefault-5.jpg 1280w\" sizes=\"auto, (max-width: 1024px) 100vw, 1024px\" \/><\/a><\/figure>\n<\/figure>\n\n\n\n<p>Menci\u00f3n aparte merecen los <strong>Cuatro Reyes<\/strong> de Nuevo Londo y el <strong>lobo Sif<\/strong>. Los reyes fueron humanos corrompidos por el Abismo (una fuerza de oscuridad pura), lo que oblig\u00f3 a inundar toda una ciudad matando a sus habitantes para contenerlos. Sif, el Gran Lobo Gris, guarda la tumba de su amo, <strong>Artorias el Caminante del Abismo<\/strong>. Artorias es una leyenda ca\u00edda; intent\u00f3 detener el abismo pero fracas\u00f3 y fue consumido. Sif te combate con la espada de su amo en la boca, no por odio, sino con tristeza, para evitar que t\u00fa sufras el mismo destino que Artorias al intentar adentrarte en la oscuridad.<\/p>\n\n\n\n<figure class=\"wp-block-gallery has-nested-images columns-default is-cropped wp-block-gallery-5 is-layout-flex wp-block-gallery-is-layout-flex\">\n<figure class=\"wp-block-image size-large is-style-default\"><a href=\"https:\/\/gicd.inf.um.es\/csidcav\/usuario07\/wp-content\/uploads\/2025\/12\/maxresdefault-4.jpg\"><img loading=\"lazy\" decoding=\"async\" width=\"1024\" height=\"576\" data-id=\"644\" src=\"https:\/\/gicd.inf.um.es\/csidcav\/usuario07\/wp-content\/uploads\/2025\/12\/maxresdefault-4-1024x576.jpg\" alt=\"\" class=\"wp-image-644\" srcset=\"https:\/\/gicd.inf.um.es\/csidcav\/usuario07\/wp-content\/uploads\/2025\/12\/maxresdefault-4-1024x576.jpg 1024w, https:\/\/gicd.inf.um.es\/csidcav\/usuario07\/wp-content\/uploads\/2025\/12\/maxresdefault-4-300x169.jpg 300w, https:\/\/gicd.inf.um.es\/csidcav\/usuario07\/wp-content\/uploads\/2025\/12\/maxresdefault-4-768x432.jpg 768w, https:\/\/gicd.inf.um.es\/csidcav\/usuario07\/wp-content\/uploads\/2025\/12\/maxresdefault-4.jpg 1280w\" sizes=\"auto, (max-width: 1024px) 100vw, 1024px\" \/><\/a><\/figure>\n\n\n\n<figure class=\"wp-block-image size-large is-style-default\"><a href=\"https:\/\/gicd.inf.um.es\/csidcav\/usuario07\/wp-content\/uploads\/2025\/12\/840_560.jpeg\"><img loading=\"lazy\" decoding=\"async\" width=\"840\" height=\"560\" data-id=\"645\" src=\"https:\/\/gicd.inf.um.es\/csidcav\/usuario07\/wp-content\/uploads\/2025\/12\/840_560.jpeg\" alt=\"\" class=\"wp-image-645\" srcset=\"https:\/\/gicd.inf.um.es\/csidcav\/usuario07\/wp-content\/uploads\/2025\/12\/840_560.jpeg 840w, https:\/\/gicd.inf.um.es\/csidcav\/usuario07\/wp-content\/uploads\/2025\/12\/840_560-300x200.jpeg 300w, https:\/\/gicd.inf.um.es\/csidcav\/usuario07\/wp-content\/uploads\/2025\/12\/840_560-768x512.jpeg 768w\" sizes=\"auto, (max-width: 840px) 100vw, 840px\" \/><\/a><\/figure>\n<\/figure>\n\n\n\n<p>El final del viaje te lleva al Horno de la Primera Llama para enfrentarte a <strong>Gwyn, Se\u00f1or de la Ceniza<\/strong>. Este combate es la culminaci\u00f3n de la tristeza del juego. Gwyn ya no es el poderoso \u00abDios del Sol\u00bb que lanzaba rayos; se sacrific\u00f3 a s\u00ed mismo quemando su cuerpo y alma para mantener la era del fuego viva unos a\u00f1os m\u00e1s. Es un cascar\u00f3n vac\u00edo, un \u00abhueco\u00bb que te ataca por instinto. La m\u00fasica de esta pelea no es \u00e9pica, sino un piano melanc\u00f3lico. Al vencerlo, la decisi\u00f3n final recae en ti: sacrificarte como \u00e9l para extender la agonizante Era del Fuego (lo que los dioses quieren) o dejar que se apague y convertirte en el Se\u00f1or Oscuro, iniciando la Era de los Hombres.<\/p>\n\n\n<div class=\"wp-block-image is-style-default\">\n<figure class=\"aligncenter size-large\"><a href=\"https:\/\/gicd.inf.um.es\/csidcav\/usuario07\/wp-content\/uploads\/2025\/12\/201857234216_1.jpg\"><img loading=\"lazy\" decoding=\"async\" width=\"640\" height=\"348\" src=\"https:\/\/gicd.inf.um.es\/csidcav\/usuario07\/wp-content\/uploads\/2025\/12\/201857234216_1.jpg\" alt=\"\" class=\"wp-image-648\" srcset=\"https:\/\/gicd.inf.um.es\/csidcav\/usuario07\/wp-content\/uploads\/2025\/12\/201857234216_1.jpg 640w, https:\/\/gicd.inf.um.es\/csidcav\/usuario07\/wp-content\/uploads\/2025\/12\/201857234216_1-300x163.jpg 300w\" sizes=\"auto, (max-width: 640px) 100vw, 640px\" \/><\/a><\/figure><\/div>\n\n\n<figure class=\"wp-block-gallery has-nested-images columns-default is-cropped wp-block-gallery-6 is-layout-flex wp-block-gallery-is-layout-flex\">\n<figure class=\"wp-block-image size-large\"><a href=\"https:\/\/gicd.inf.um.es\/csidcav\/usuario07\/wp-content\/uploads\/2025\/12\/To_Link_The_Fire_Ending.jpg\"><img loading=\"lazy\" decoding=\"async\" width=\"1024\" height=\"576\" data-id=\"650\" src=\"https:\/\/gicd.inf.um.es\/csidcav\/usuario07\/wp-content\/uploads\/2025\/12\/To_Link_The_Fire_Ending-1024x576.jpg\" alt=\"\" class=\"wp-image-650\" srcset=\"https:\/\/gicd.inf.um.es\/csidcav\/usuario07\/wp-content\/uploads\/2025\/12\/To_Link_The_Fire_Ending-1024x576.jpg 1024w, https:\/\/gicd.inf.um.es\/csidcav\/usuario07\/wp-content\/uploads\/2025\/12\/To_Link_The_Fire_Ending-300x169.jpg 300w, https:\/\/gicd.inf.um.es\/csidcav\/usuario07\/wp-content\/uploads\/2025\/12\/To_Link_The_Fire_Ending-768x432.jpg 768w, https:\/\/gicd.inf.um.es\/csidcav\/usuario07\/wp-content\/uploads\/2025\/12\/To_Link_The_Fire_Ending.jpg 1280w\" sizes=\"auto, (max-width: 1024px) 100vw, 1024px\" \/><\/a><\/figure>\n\n\n\n<figure class=\"wp-block-image size-large is-style-default\"><a href=\"https:\/\/gicd.inf.um.es\/csidcav\/usuario07\/wp-content\/uploads\/2025\/12\/The_Dark_Lord_Ending.jpg\"><img loading=\"lazy\" decoding=\"async\" width=\"1024\" height=\"576\" data-id=\"649\" src=\"https:\/\/gicd.inf.um.es\/csidcav\/usuario07\/wp-content\/uploads\/2025\/12\/The_Dark_Lord_Ending-1024x576.jpg\" alt=\"\" class=\"wp-image-649\" srcset=\"https:\/\/gicd.inf.um.es\/csidcav\/usuario07\/wp-content\/uploads\/2025\/12\/The_Dark_Lord_Ending-1024x576.jpg 1024w, https:\/\/gicd.inf.um.es\/csidcav\/usuario07\/wp-content\/uploads\/2025\/12\/The_Dark_Lord_Ending-300x169.jpg 300w, https:\/\/gicd.inf.um.es\/csidcav\/usuario07\/wp-content\/uploads\/2025\/12\/The_Dark_Lord_Ending-768x432.jpg 768w, https:\/\/gicd.inf.um.es\/csidcav\/usuario07\/wp-content\/uploads\/2025\/12\/The_Dark_Lord_Ending.jpg 1280w\" sizes=\"auto, (max-width: 1024px) 100vw, 1024px\" \/><\/a><\/figure>\n<\/figure>\n","protected":false},"excerpt":{"rendered":"<p>Para entender y disfrutar al m\u00e1ximo Dark Souls no debemos tomarnoslo solo como un reto mec\u00e1nico, sino comprender su historia como lo que es, una tragedia mitol\u00f3gica. Hay que empezar por el principio: la Edad del Fuego. Todo comienza cuando cuatro seres encuentran las Almas de Se\u00f1or en la Primera Llama y derrotan a los [&hellip;]<\/p>\n","protected":false},"author":1,"featured_media":655,"parent":0,"menu_order":0,"comment_status":"closed","ping_status":"closed","template":"","meta":{"pgc_sgb_lightbox_settings":"","footnotes":""},"class_list":["post-639","page","type-page","status-publish","has-post-thumbnail","hentry"],"_links":{"self":[{"href":"https:\/\/gicd.inf.um.es\/csidcav\/usuario07\/wp-json\/wp\/v2\/pages\/639","targetHints":{"allow":["GET"]}}],"collection":[{"href":"https:\/\/gicd.inf.um.es\/csidcav\/usuario07\/wp-json\/wp\/v2\/pages"}],"about":[{"href":"https:\/\/gicd.inf.um.es\/csidcav\/usuario07\/wp-json\/wp\/v2\/types\/page"}],"author":[{"embeddable":true,"href":"https:\/\/gicd.inf.um.es\/csidcav\/usuario07\/wp-json\/wp\/v2\/users\/1"}],"replies":[{"embeddable":true,"href":"https:\/\/gicd.inf.um.es\/csidcav\/usuario07\/wp-json\/wp\/v2\/comments?post=639"}],"version-history":[{"count":8,"href":"https:\/\/gicd.inf.um.es\/csidcav\/usuario07\/wp-json\/wp\/v2\/pages\/639\/revisions"}],"predecessor-version":[{"id":670,"href":"https:\/\/gicd.inf.um.es\/csidcav\/usuario07\/wp-json\/wp\/v2\/pages\/639\/revisions\/670"}],"wp:featuredmedia":[{"embeddable":true,"href":"https:\/\/gicd.inf.um.es\/csidcav\/usuario07\/wp-json\/wp\/v2\/media\/655"}],"wp:attachment":[{"href":"https:\/\/gicd.inf.um.es\/csidcav\/usuario07\/wp-json\/wp\/v2\/media?parent=639"}],"curies":[{"name":"wp","href":"https:\/\/api.w.org\/{rel}","templated":true}]}}