{"id":698,"date":"2025-12-09T18:52:15","date_gmt":"2025-12-09T17:52:15","guid":{"rendered":"https:\/\/gicd.inf.um.es\/csidcav\/usuario07\/?page_id=698"},"modified":"2025-12-09T19:01:24","modified_gmt":"2025-12-09T18:01:24","slug":"tate-langdon","status":"publish","type":"page","link":"https:\/\/gicd.inf.um.es\/csidcav\/usuario07\/tate-langdon\/","title":{"rendered":"Tate Langdon"},"content":{"rendered":"\n<div class=\"wp-block-media-text is-stacked-on-mobile\"><figure class=\"wp-block-media-text__media\"><img loading=\"lazy\" decoding=\"async\" width=\"300\" height=\"450\" src=\"https:\/\/gicd.inf.um.es\/csidcav\/usuario07\/wp-content\/uploads\/2025\/12\/6567bc31e0b25.jpg\" alt=\"\" class=\"wp-image-699 size-full\" srcset=\"https:\/\/gicd.inf.um.es\/csidcav\/usuario07\/wp-content\/uploads\/2025\/12\/6567bc31e0b25.jpg 300w, https:\/\/gicd.inf.um.es\/csidcav\/usuario07\/wp-content\/uploads\/2025\/12\/6567bc31e0b25-200x300.jpg 200w\" sizes=\"auto, (max-width: 300px) 100vw, 300px\" \/><\/figure><div class=\"wp-block-media-text__content\">\n<p>Tate es el personaje que defini\u00f3 al \u00abnovio psic\u00f3pata\u00bb en la cultura pop moderna. Al principio aparece como un paciente adolescente del Dr. Harmon, carism\u00e1tico y sensible, pero con fantas\u00edas violentas. Pronto se revela que es el hijo fantasma de Constance y el responsable de una horrible masacre escolar en los a\u00f1os 90. Su amor t\u00f3xico y desesperado por Violet Harmon es el n\u00facleo emocional (y aterrador) de la temporada.<\/p>\n\n\n\n<p>Interpretado por <a href=\"https:\/\/gicd.inf.um.es\/csidcav\/usuario07\/actor\/evan-peters\/\" data-type=\"link\" data-id=\"https:\/\/gicd.inf.um.es\/csidcav\/usuario07\/actor\/evan-peters\/\">Evan Peters<\/a><\/p>\n<\/div><\/div>\n\n\n\n<p><\/p>\n","protected":false},"excerpt":{"rendered":"<p>Tate es el personaje que defini\u00f3 al \u00abnovio psic\u00f3pata\u00bb en la cultura pop moderna. Al principio aparece como un paciente adolescente del Dr. Harmon, carism\u00e1tico y sensible, pero con fantas\u00edas violentas. Pronto se revela que es el hijo fantasma de Constance y el responsable de una horrible masacre escolar en los a\u00f1os 90. Su amor [&hellip;]<\/p>\n","protected":false},"author":1,"featured_media":0,"parent":0,"menu_order":0,"comment_status":"closed","ping_status":"closed","template":"","meta":{"pgc_sgb_lightbox_settings":"","footnotes":""},"class_list":["post-698","page","type-page","status-publish","hentry"],"_links":{"self":[{"href":"https:\/\/gicd.inf.um.es\/csidcav\/usuario07\/wp-json\/wp\/v2\/pages\/698","targetHints":{"allow":["GET"]}}],"collection":[{"href":"https:\/\/gicd.inf.um.es\/csidcav\/usuario07\/wp-json\/wp\/v2\/pages"}],"about":[{"href":"https:\/\/gicd.inf.um.es\/csidcav\/usuario07\/wp-json\/wp\/v2\/types\/page"}],"author":[{"embeddable":true,"href":"https:\/\/gicd.inf.um.es\/csidcav\/usuario07\/wp-json\/wp\/v2\/users\/1"}],"replies":[{"embeddable":true,"href":"https:\/\/gicd.inf.um.es\/csidcav\/usuario07\/wp-json\/wp\/v2\/comments?post=698"}],"version-history":[{"count":2,"href":"https:\/\/gicd.inf.um.es\/csidcav\/usuario07\/wp-json\/wp\/v2\/pages\/698\/revisions"}],"predecessor-version":[{"id":719,"href":"https:\/\/gicd.inf.um.es\/csidcav\/usuario07\/wp-json\/wp\/v2\/pages\/698\/revisions\/719"}],"wp:attachment":[{"href":"https:\/\/gicd.inf.um.es\/csidcav\/usuario07\/wp-json\/wp\/v2\/media?parent=698"}],"curies":[{"name":"wp","href":"https:\/\/api.w.org\/{rel}","templated":true}]}}