{"id":725,"date":"2025-12-09T19:15:52","date_gmt":"2025-12-09T18:15:52","guid":{"rendered":"https:\/\/gicd.inf.um.es\/csidcav\/usuario07\/?page_id=725"},"modified":"2025-12-09T19:15:52","modified_gmt":"2025-12-09T18:15:52","slug":"din-djarin-el-mandaloriano","status":"publish","type":"page","link":"https:\/\/gicd.inf.um.es\/csidcav\/usuario07\/din-djarin-el-mandaloriano\/","title":{"rendered":"Din Djarin (El Mandaloriano)"},"content":{"rendered":"\n<div class=\"wp-block-media-text is-stacked-on-mobile\"><figure class=\"wp-block-media-text__media\"><img loading=\"lazy\" decoding=\"async\" width=\"300\" height=\"450\" src=\"https:\/\/gicd.inf.um.es\/csidcav\/usuario07\/wp-content\/uploads\/2025\/12\/6414a0ab1db8e.jpg\" alt=\"\" class=\"wp-image-726 size-full\" srcset=\"https:\/\/gicd.inf.um.es\/csidcav\/usuario07\/wp-content\/uploads\/2025\/12\/6414a0ab1db8e.jpg 300w, https:\/\/gicd.inf.um.es\/csidcav\/usuario07\/wp-content\/uploads\/2025\/12\/6414a0ab1db8e-200x300.jpg 200w\" sizes=\"auto, (max-width: 300px) 100vw, 300px\" \/><\/figure><div class=\"wp-block-media-text__content\">\n<p>Din Djarin, conocido simplemente como \u00abMando\u00bb, es el protagonista central de la serie. Es un cazarrecompensas solitario, miembro de un credo mandaloriano estricto que le exige no quitarse nunca el casco delante de un ser vivo. Su vida da un giro inesperado cuando acepta un encargo para recuperar a un activo misterioso, que resulta ser un ni\u00f1o sensible a la Fuerza de la misma especie que Yoda. Din Djarin es un guerrero formidable, experto en combate y pilotaje, cuya armadura de beskar se convierte en un s\u00edmbolo de su dedicaci\u00f3n al credo, pero su viaje est\u00e1 impulsado por un creciente conflicto entre su estricto c\u00f3digo y el v\u00ednculo paterno que desarrolla con el ni\u00f1o.<\/p>\n\n\n\n<p>Interpretado por <a href=\"https:\/\/gicd.inf.um.es\/csidcav\/usuario07\/actor\/pedro-pascal\/\" data-type=\"link\" data-id=\"https:\/\/gicd.inf.um.es\/csidcav\/usuario07\/actor\/pedro-pascal\/\">Pedro Pascal<\/a><\/p>\n<\/div><\/div>\n","protected":false},"excerpt":{"rendered":"<p>Din Djarin, conocido simplemente como \u00abMando\u00bb, es el protagonista central de la serie. Es un cazarrecompensas solitario, miembro de un credo mandaloriano estricto que le exige no quitarse nunca el casco delante de un ser vivo. Su vida da un giro inesperado cuando acepta un encargo para recuperar a un activo misterioso, que resulta ser [&hellip;]<\/p>\n","protected":false},"author":1,"featured_media":0,"parent":0,"menu_order":0,"comment_status":"closed","ping_status":"closed","template":"","meta":{"pgc_sgb_lightbox_settings":"","footnotes":""},"class_list":["post-725","page","type-page","status-publish","hentry"],"_links":{"self":[{"href":"https:\/\/gicd.inf.um.es\/csidcav\/usuario07\/wp-json\/wp\/v2\/pages\/725","targetHints":{"allow":["GET"]}}],"collection":[{"href":"https:\/\/gicd.inf.um.es\/csidcav\/usuario07\/wp-json\/wp\/v2\/pages"}],"about":[{"href":"https:\/\/gicd.inf.um.es\/csidcav\/usuario07\/wp-json\/wp\/v2\/types\/page"}],"author":[{"embeddable":true,"href":"https:\/\/gicd.inf.um.es\/csidcav\/usuario07\/wp-json\/wp\/v2\/users\/1"}],"replies":[{"embeddable":true,"href":"https:\/\/gicd.inf.um.es\/csidcav\/usuario07\/wp-json\/wp\/v2\/comments?post=725"}],"version-history":[{"count":1,"href":"https:\/\/gicd.inf.um.es\/csidcav\/usuario07\/wp-json\/wp\/v2\/pages\/725\/revisions"}],"predecessor-version":[{"id":728,"href":"https:\/\/gicd.inf.um.es\/csidcav\/usuario07\/wp-json\/wp\/v2\/pages\/725\/revisions\/728"}],"wp:attachment":[{"href":"https:\/\/gicd.inf.um.es\/csidcav\/usuario07\/wp-json\/wp\/v2\/media?parent=725"}],"curies":[{"name":"wp","href":"https:\/\/api.w.org\/{rel}","templated":true}]}}