{"id":735,"date":"2025-12-09T19:19:59","date_gmt":"2025-12-09T18:19:59","guid":{"rendered":"https:\/\/gicd.inf.um.es\/csidcav\/usuario07\/?page_id=735"},"modified":"2025-12-09T19:19:59","modified_gmt":"2025-12-09T18:19:59","slug":"cara-dune","status":"publish","type":"page","link":"https:\/\/gicd.inf.um.es\/csidcav\/usuario07\/cara-dune\/","title":{"rendered":"Cara Dune"},"content":{"rendered":"\n<div class=\"wp-block-media-text is-stacked-on-mobile\"><figure class=\"wp-block-media-text__media\"><img loading=\"lazy\" decoding=\"async\" width=\"300\" height=\"450\" src=\"https:\/\/gicd.inf.um.es\/csidcav\/usuario07\/wp-content\/uploads\/2025\/12\/5fc2446cb73e5.jpg\" alt=\"\" class=\"wp-image-736 size-full\" srcset=\"https:\/\/gicd.inf.um.es\/csidcav\/usuario07\/wp-content\/uploads\/2025\/12\/5fc2446cb73e5.jpg 300w, https:\/\/gicd.inf.um.es\/csidcav\/usuario07\/wp-content\/uploads\/2025\/12\/5fc2446cb73e5-200x300.jpg 200w\" sizes=\"auto, (max-width: 300px) 100vw, 300px\" \/><\/figure><div class=\"wp-block-media-text__content\">\n<p>Cara Dune es una ex-soldado de choque (Shock Trooper) de la Alianza para la Restauraci\u00f3n de la Rep\u00fablica, o <em>Rebel Alliance<\/em>, que se convirti\u00f3 en mercenaria despu\u00e9s de la Guerra Civil Gal\u00e1ctica. Proviene de Alderaan y, tras la destrucci\u00f3n de su planeta, se siente desilusionada con el proceso de \u00abpacificaci\u00f3n\u00bb de la Nueva Rep\u00fablica. Es una luchadora experimentada y brusca, cuyo encuentro con Mando en el planeta Sorgan la lleva a convertirse en una aliada confiable en sus posteriores misiones. Cara es ferozmente leal a sus amigos y representa una poderosa fuerza de combate dispuesta a enfrentar a cualquier remanente imperial que amenace a Din y Grogu.<\/p>\n\n\n\n<p>Interpretada por <a href=\"https:\/\/gicd.inf.um.es\/csidcav\/usuario07\/actor\/gina-carano\/\" data-type=\"link\" data-id=\"https:\/\/gicd.inf.um.es\/csidcav\/usuario07\/actor\/gina-carano\/\">Gina Carano<\/a><\/p>\n<\/div><\/div>\n","protected":false},"excerpt":{"rendered":"<p>Cara Dune es una ex-soldado de choque (Shock Trooper) de la Alianza para la Restauraci\u00f3n de la Rep\u00fablica, o Rebel Alliance, que se convirti\u00f3 en mercenaria despu\u00e9s de la Guerra Civil Gal\u00e1ctica. Proviene de Alderaan y, tras la destrucci\u00f3n de su planeta, se siente desilusionada con el proceso de \u00abpacificaci\u00f3n\u00bb de la Nueva Rep\u00fablica. Es [&hellip;]<\/p>\n","protected":false},"author":1,"featured_media":0,"parent":0,"menu_order":0,"comment_status":"closed","ping_status":"closed","template":"","meta":{"pgc_sgb_lightbox_settings":"","footnotes":""},"class_list":["post-735","page","type-page","status-publish","hentry"],"_links":{"self":[{"href":"https:\/\/gicd.inf.um.es\/csidcav\/usuario07\/wp-json\/wp\/v2\/pages\/735","targetHints":{"allow":["GET"]}}],"collection":[{"href":"https:\/\/gicd.inf.um.es\/csidcav\/usuario07\/wp-json\/wp\/v2\/pages"}],"about":[{"href":"https:\/\/gicd.inf.um.es\/csidcav\/usuario07\/wp-json\/wp\/v2\/types\/page"}],"author":[{"embeddable":true,"href":"https:\/\/gicd.inf.um.es\/csidcav\/usuario07\/wp-json\/wp\/v2\/users\/1"}],"replies":[{"embeddable":true,"href":"https:\/\/gicd.inf.um.es\/csidcav\/usuario07\/wp-json\/wp\/v2\/comments?post=735"}],"version-history":[{"count":1,"href":"https:\/\/gicd.inf.um.es\/csidcav\/usuario07\/wp-json\/wp\/v2\/pages\/735\/revisions"}],"predecessor-version":[{"id":738,"href":"https:\/\/gicd.inf.um.es\/csidcav\/usuario07\/wp-json\/wp\/v2\/pages\/735\/revisions\/738"}],"wp:attachment":[{"href":"https:\/\/gicd.inf.um.es\/csidcav\/usuario07\/wp-json\/wp\/v2\/media?parent=735"}],"curies":[{"name":"wp","href":"https:\/\/api.w.org\/{rel}","templated":true}]}}