{"id":840,"date":"2025-12-09T23:16:31","date_gmt":"2025-12-09T22:16:31","guid":{"rendered":"https:\/\/gicd.inf.um.es\/csidcav\/usuario07\/?page_id=840"},"modified":"2026-01-29T16:06:55","modified_gmt":"2026-01-29T15:06:55","slug":"equipo-de-redaccion","status":"publish","type":"page","link":"https:\/\/gicd.inf.um.es\/csidcav\/usuario07\/equipo-de-redaccion\/","title":{"rendered":"Equipo de redacci\u00f3n"},"content":{"rendered":"\n<figure class=\"wp-block-pullquote\"><blockquote><p>Bienvenidos a la base de operaciones de Ficciones \u00c9picas, pasa y ponte c\u00f3modo. <br>No somos los t\u00edpicos redactores de oficina; somos los que se quedan despiertos jugando hasta las 3 AM o devorando el final de una serie. <br><br>Detr\u00e1s de esta web hay un equipo de especialistas en videojuegos, literatura y series que ha decidido convertir su pasi\u00f3n en palabras.<br><br>Nuestra misi\u00f3n es ir m\u00e1s all\u00e1 de la superficie, desgranando el lore, los personajes y las tramas de tus sagas favoritas. Escribimos para quienes buscan algo m\u00e1s que una simple rese\u00f1a: escribimos para quienes viven la ficci\u00f3n.\u00bb<\/p><cite>equipo d. redacci\u00f3n<\/cite><\/blockquote><\/figure>\n\n\n\n<p><\/p>\n\n\n\n<div class=\"wp-block-columns is-layout-flex wp-container-core-columns-is-layout-9d6595d7 wp-block-columns-is-layout-flex\">\n<div class=\"wp-block-column is-layout-flow wp-block-column-is-layout-flow\">\n<figure class=\"wp-block-image size-large\"><img loading=\"lazy\" decoding=\"async\" width=\"768\" height=\"1024\" src=\"https:\/\/gicd.inf.um.es\/csidcav\/usuario07\/wp-content\/uploads\/2025\/12\/IMG_20251210_163954-768x1024.jpg\" alt=\"\" class=\"wp-image-1115\" srcset=\"https:\/\/gicd.inf.um.es\/csidcav\/usuario07\/wp-content\/uploads\/2025\/12\/IMG_20251210_163954-768x1024.jpg 768w, https:\/\/gicd.inf.um.es\/csidcav\/usuario07\/wp-content\/uploads\/2025\/12\/IMG_20251210_163954-225x300.jpg 225w, https:\/\/gicd.inf.um.es\/csidcav\/usuario07\/wp-content\/uploads\/2025\/12\/IMG_20251210_163954-1152x1536.jpg 1152w, https:\/\/gicd.inf.um.es\/csidcav\/usuario07\/wp-content\/uploads\/2025\/12\/IMG_20251210_163954-1536x2048.jpg 1536w, https:\/\/gicd.inf.um.es\/csidcav\/usuario07\/wp-content\/uploads\/2025\/12\/IMG_20251210_163954-1024x1365.jpg 1024w, https:\/\/gicd.inf.um.es\/csidcav\/usuario07\/wp-content\/uploads\/2025\/12\/IMG_20251210_163954-scaled.jpg 1920w\" sizes=\"auto, (max-width: 768px) 100vw, 768px\" \/><\/figure>\n\n\n<div class=\"wp-block-post-author\"><div class=\"wp-block-post-author__avatar\"><img alt='' src='https:\/\/secure.gravatar.com\/avatar\/a722909f071b87abbeb3269cf886c253355f48f6a8d2763bf46ccebddd3b2624?s=48&#038;d=mm&#038;r=g' srcset='https:\/\/secure.gravatar.com\/avatar\/a722909f071b87abbeb3269cf886c253355f48f6a8d2763bf46ccebddd3b2624?s=96&#038;d=mm&#038;r=g 2x' class='avatar avatar-48 photo' height='48' width='48' \/><\/div><div class=\"wp-block-post-author__content\"><p class=\"wp-block-post-author__byline\">Foto de admin 1<\/p><p class=\"wp-block-post-author__name\">admin<\/p><\/div><\/div>\n\n\n<h2 class=\"wp-block-heading\">Mario Conesa<\/h2>\n\n\n\n<blockquote class=\"wp-block-quote is-layout-flow wp-block-quote-is-layout-flow\">\n<p class=\"has-text-align-center has-medium-font-size\">Un viejo mundo&#8230;<\/p>\n\n\n\n<p class=\"has-text-align-center has-medium-font-size\">Historias enterradas&#8230;<\/p>\n\n\n\n<p class=\"has-text-align-center has-medium-font-size\">Cenizas en el mar&#8230;<\/p>\n\n\n\n<p class=\"has-text-align-right\">San Marino<\/p>\n<\/blockquote>\n<\/div>\n\n\n\n<div class=\"wp-block-column is-layout-flow wp-block-column-is-layout-flow\">\n<figure class=\"wp-block-image size-large\"><img loading=\"lazy\" decoding=\"async\" width=\"1024\" height=\"1024\" src=\"https:\/\/gicd.inf.um.es\/csidcav\/usuario07\/wp-content\/uploads\/2026\/01\/qplc74frai1g1-1024x1024.png\" alt=\"\" class=\"wp-image-1155\" srcset=\"https:\/\/gicd.inf.um.es\/csidcav\/usuario07\/wp-content\/uploads\/2026\/01\/qplc74frai1g1-1024x1023.png 1024w, https:\/\/gicd.inf.um.es\/csidcav\/usuario07\/wp-content\/uploads\/2026\/01\/qplc74frai1g1-300x300.png 300w, https:\/\/gicd.inf.um.es\/csidcav\/usuario07\/wp-content\/uploads\/2026\/01\/qplc74frai1g1-150x150.png 150w, https:\/\/gicd.inf.um.es\/csidcav\/usuario07\/wp-content\/uploads\/2026\/01\/qplc74frai1g1-768x767.png 768w, https:\/\/gicd.inf.um.es\/csidcav\/usuario07\/wp-content\/uploads\/2026\/01\/qplc74frai1g1.png 1080w\" sizes=\"auto, (max-width: 1024px) 100vw, 1024px\" \/><\/figure>\n\n\n<div class=\"wp-block-post-author\"><div class=\"wp-block-post-author__avatar\"><img alt='' src='https:\/\/secure.gravatar.com\/avatar\/a722909f071b87abbeb3269cf886c253355f48f6a8d2763bf46ccebddd3b2624?s=48&#038;d=mm&#038;r=g' srcset='https:\/\/secure.gravatar.com\/avatar\/a722909f071b87abbeb3269cf886c253355f48f6a8d2763bf46ccebddd3b2624?s=96&#038;d=mm&#038;r=g 2x' class='avatar avatar-48 photo' height='48' width='48' \/><\/div><div class=\"wp-block-post-author__content\"><p class=\"wp-block-post-author__byline\">foto de admin 2<\/p><p class=\"wp-block-post-author__name\">admin<\/p><\/div><\/div>\n\n\n<h2 class=\"wp-block-heading\">Marvel Dreamer<\/h2>\n\n\n\n<blockquote class=\"wp-block-quote is-layout-flow wp-block-quote-is-layout-flow\">\n<p>Cuidado con los coches de segunda mano, yo le compr\u00e9 el Maserati a Bertin Osborne y me di\u00f3 muchos problemas<\/p>\n<\/blockquote>\n<\/div>\n<\/div>\n\n\n\n<hr class=\"wp-block-separator has-alpha-channel-opacity\"\/>\n\n\n\n<h2 class=\"wp-block-heading has-text-align-center\">\u00bfTe gustar\u00eda trabajar con nosotros?<\/h2>\n\n\n\n<div class=\"wp-block-buttons is-content-justification-center is-layout-flex wp-container-core-buttons-is-layout-16018d1d wp-block-buttons-is-layout-flex\">\n<div class=\"wp-block-button\"><a class=\"wp-block-button__link wp-element-button\" href=\"https:\/\/gicd.inf.um.es\/csidcav\/usuario07\/contacta-con-nosotros\/\">HAZ CLICK AQUI<\/a><\/div>\n<\/div>\n\n\n\n<p><\/p>\n","protected":false},"excerpt":{"rendered":"<p>Bienvenidos a la base de operaciones de Ficciones \u00c9picas, pasa y ponte c\u00f3modo. No somos los t\u00edpicos redactores de oficina; somos los que se quedan despiertos jugando hasta las 3 AM o devorando el final de una serie. Detr\u00e1s de esta web hay un equipo de especialistas en videojuegos, literatura y series que ha decidido [&hellip;]<\/p>\n","protected":false},"author":1,"featured_media":0,"parent":0,"menu_order":0,"comment_status":"closed","ping_status":"closed","template":"","meta":{"pgc_sgb_lightbox_settings":"","footnotes":""},"class_list":["post-840","page","type-page","status-publish","hentry"],"_links":{"self":[{"href":"https:\/\/gicd.inf.um.es\/csidcav\/usuario07\/wp-json\/wp\/v2\/pages\/840","targetHints":{"allow":["GET"]}}],"collection":[{"href":"https:\/\/gicd.inf.um.es\/csidcav\/usuario07\/wp-json\/wp\/v2\/pages"}],"about":[{"href":"https:\/\/gicd.inf.um.es\/csidcav\/usuario07\/wp-json\/wp\/v2\/types\/page"}],"author":[{"embeddable":true,"href":"https:\/\/gicd.inf.um.es\/csidcav\/usuario07\/wp-json\/wp\/v2\/users\/1"}],"replies":[{"embeddable":true,"href":"https:\/\/gicd.inf.um.es\/csidcav\/usuario07\/wp-json\/wp\/v2\/comments?post=840"}],"version-history":[{"count":24,"href":"https:\/\/gicd.inf.um.es\/csidcav\/usuario07\/wp-json\/wp\/v2\/pages\/840\/revisions"}],"predecessor-version":[{"id":1156,"href":"https:\/\/gicd.inf.um.es\/csidcav\/usuario07\/wp-json\/wp\/v2\/pages\/840\/revisions\/1156"}],"wp:attachment":[{"href":"https:\/\/gicd.inf.um.es\/csidcav\/usuario07\/wp-json\/wp\/v2\/media?parent=840"}],"curies":[{"name":"wp","href":"https:\/\/api.w.org\/{rel}","templated":true}]}}