{"id":935,"date":"2025-12-10T12:58:25","date_gmt":"2025-12-10T11:58:25","guid":{"rendered":"https:\/\/gicd.inf.um.es\/csidcav\/usuario07\/?page_id=935"},"modified":"2025-12-10T12:58:41","modified_gmt":"2025-12-10T11:58:41","slug":"once-eleven","status":"publish","type":"page","link":"https:\/\/gicd.inf.um.es\/csidcav\/usuario07\/once-eleven\/","title":{"rendered":"Once \/ Eleven"},"content":{"rendered":"\n<div class=\"wp-block-media-text is-stacked-on-mobile\"><figure class=\"wp-block-media-text__media\"><img loading=\"lazy\" decoding=\"async\" width=\"300\" height=\"450\" src=\"https:\/\/gicd.inf.um.es\/csidcav\/usuario07\/wp-content\/uploads\/2025\/10\/627969936f877.jpg\" alt=\"\" class=\"wp-image-677 size-full\" srcset=\"https:\/\/gicd.inf.um.es\/csidcav\/usuario07\/wp-content\/uploads\/2025\/10\/627969936f877.jpg 300w, https:\/\/gicd.inf.um.es\/csidcav\/usuario07\/wp-content\/uploads\/2025\/10\/627969936f877-200x300.jpg 200w\" sizes=\"auto, (max-width: 300px) 100vw, 300px\" \/><\/figure><div class=\"wp-block-media-text__content\">\n<p>Es la protagonista y tiene habilidades especiales, su nombre real es Jane. Fue criada y experimentada en el Laboratorio de Hawkins. Es callada, pero posee incre\u00edbles poderes telep\u00e1ticos y telequin\u00e9ticos, que utiliza principalmente para abrir portales y luchar contra las criaturas del Mundo del Rev\u00e9s, especialmente el Demogorgon, el Azotamentes y Vecna.<\/p>\n\n\n\n<p id=\"block-49451d52-d554-4a4d-90b7-16219f244889\">Interpretada por <a href=\"https:\/\/gicd.inf.um.es\/csidcav\/usuario07\/actor\/millie-bobby-brown\/\">Millie Bobby Brown<\/a><\/p>\n<\/div><\/div>\n","protected":false},"excerpt":{"rendered":"<p>Es la protagonista y tiene habilidades especiales, su nombre real es Jane. Fue criada y experimentada en el Laboratorio de Hawkins. Es callada, pero posee incre\u00edbles poderes telep\u00e1ticos y telequin\u00e9ticos, que utiliza principalmente para abrir portales y luchar contra las criaturas del Mundo del Rev\u00e9s, especialmente el Demogorgon, el Azotamentes y Vecna. Interpretada por Millie [&hellip;]<\/p>\n","protected":false},"author":1,"featured_media":0,"parent":0,"menu_order":0,"comment_status":"closed","ping_status":"closed","template":"","meta":{"pgc_sgb_lightbox_settings":"","footnotes":""},"class_list":["post-935","page","type-page","status-publish","hentry"],"_links":{"self":[{"href":"https:\/\/gicd.inf.um.es\/csidcav\/usuario07\/wp-json\/wp\/v2\/pages\/935","targetHints":{"allow":["GET"]}}],"collection":[{"href":"https:\/\/gicd.inf.um.es\/csidcav\/usuario07\/wp-json\/wp\/v2\/pages"}],"about":[{"href":"https:\/\/gicd.inf.um.es\/csidcav\/usuario07\/wp-json\/wp\/v2\/types\/page"}],"author":[{"embeddable":true,"href":"https:\/\/gicd.inf.um.es\/csidcav\/usuario07\/wp-json\/wp\/v2\/users\/1"}],"replies":[{"embeddable":true,"href":"https:\/\/gicd.inf.um.es\/csidcav\/usuario07\/wp-json\/wp\/v2\/comments?post=935"}],"version-history":[{"count":2,"href":"https:\/\/gicd.inf.um.es\/csidcav\/usuario07\/wp-json\/wp\/v2\/pages\/935\/revisions"}],"predecessor-version":[{"id":938,"href":"https:\/\/gicd.inf.um.es\/csidcav\/usuario07\/wp-json\/wp\/v2\/pages\/935\/revisions\/938"}],"wp:attachment":[{"href":"https:\/\/gicd.inf.um.es\/csidcav\/usuario07\/wp-json\/wp\/v2\/media?parent=935"}],"curies":[{"name":"wp","href":"https:\/\/api.w.org\/{rel}","templated":true}]}}