{"id":944,"date":"2025-12-10T13:01:30","date_gmt":"2025-12-10T12:01:30","guid":{"rendered":"https:\/\/gicd.inf.um.es\/csidcav\/usuario07\/?page_id=944"},"modified":"2025-12-10T13:01:30","modified_gmt":"2025-12-10T12:01:30","slug":"dustin-henderson","status":"publish","type":"page","link":"https:\/\/gicd.inf.um.es\/csidcav\/usuario07\/dustin-henderson\/","title":{"rendered":"Dustin Henderson"},"content":{"rendered":"\n<div class=\"wp-block-media-text has-media-on-the-right is-stacked-on-mobile\"><div class=\"wp-block-media-text__content\">\n<p>El miembro m\u00e1s estrat\u00e9gico y quiz\u00e1s el m\u00e1s optimista del grupo. Dustin a menudo sirve como el alivio c\u00f3mico de la serie, destacando por su inteligencia, su habilidad para la ciencia (que a veces utiliza para explicar los fen\u00f3menos paranormales) y su lealtad inquebrantable a sus amigos.<\/p>\n\n\n\n<p>Interpretado por <a href=\"https:\/\/gicd.inf.um.es\/csidcav\/usuario07\/actor\/gaten-matarazzo\/\">Gaten Matarazzo<\/a><\/p>\n<\/div><figure class=\"wp-block-media-text__media\"><img loading=\"lazy\" decoding=\"async\" width=\"300\" height=\"450\" src=\"https:\/\/gicd.inf.um.es\/csidcav\/usuario07\/wp-content\/uploads\/2025\/10\/64d0ffa4cb79b.jpg\" alt=\"\" class=\"wp-image-675 size-full\" srcset=\"https:\/\/gicd.inf.um.es\/csidcav\/usuario07\/wp-content\/uploads\/2025\/10\/64d0ffa4cb79b.jpg 300w, https:\/\/gicd.inf.um.es\/csidcav\/usuario07\/wp-content\/uploads\/2025\/10\/64d0ffa4cb79b-200x300.jpg 200w\" sizes=\"auto, (max-width: 300px) 100vw, 300px\" \/><\/figure><\/div>\n","protected":false},"excerpt":{"rendered":"<p>El miembro m\u00e1s estrat\u00e9gico y quiz\u00e1s el m\u00e1s optimista del grupo. Dustin a menudo sirve como el alivio c\u00f3mico de la serie, destacando por su inteligencia, su habilidad para la ciencia (que a veces utiliza para explicar los fen\u00f3menos paranormales) y su lealtad inquebrantable a sus amigos. Interpretado por Gaten Matarazzo<\/p>\n","protected":false},"author":1,"featured_media":0,"parent":0,"menu_order":0,"comment_status":"closed","ping_status":"closed","template":"","meta":{"pgc_sgb_lightbox_settings":"","footnotes":""},"class_list":["post-944","page","type-page","status-publish","hentry"],"_links":{"self":[{"href":"https:\/\/gicd.inf.um.es\/csidcav\/usuario07\/wp-json\/wp\/v2\/pages\/944","targetHints":{"allow":["GET"]}}],"collection":[{"href":"https:\/\/gicd.inf.um.es\/csidcav\/usuario07\/wp-json\/wp\/v2\/pages"}],"about":[{"href":"https:\/\/gicd.inf.um.es\/csidcav\/usuario07\/wp-json\/wp\/v2\/types\/page"}],"author":[{"embeddable":true,"href":"https:\/\/gicd.inf.um.es\/csidcav\/usuario07\/wp-json\/wp\/v2\/users\/1"}],"replies":[{"embeddable":true,"href":"https:\/\/gicd.inf.um.es\/csidcav\/usuario07\/wp-json\/wp\/v2\/comments?post=944"}],"version-history":[{"count":1,"href":"https:\/\/gicd.inf.um.es\/csidcav\/usuario07\/wp-json\/wp\/v2\/pages\/944\/revisions"}],"predecessor-version":[{"id":945,"href":"https:\/\/gicd.inf.um.es\/csidcav\/usuario07\/wp-json\/wp\/v2\/pages\/944\/revisions\/945"}],"wp:attachment":[{"href":"https:\/\/gicd.inf.um.es\/csidcav\/usuario07\/wp-json\/wp\/v2\/media?parent=944"}],"curies":[{"name":"wp","href":"https:\/\/api.w.org\/{rel}","templated":true}]}}