{"id":948,"date":"2025-12-10T13:03:34","date_gmt":"2025-12-10T12:03:34","guid":{"rendered":"https:\/\/gicd.inf.um.es\/csidcav\/usuario07\/?page_id=948"},"modified":"2025-12-10T13:03:34","modified_gmt":"2025-12-10T12:03:34","slug":"joyce-byers","status":"publish","type":"page","link":"https:\/\/gicd.inf.um.es\/csidcav\/usuario07\/joyce-byers\/","title":{"rendered":"Joyce Byers"},"content":{"rendered":"\n<div class=\"wp-block-media-text has-media-on-the-right is-stacked-on-mobile\"><div class=\"wp-block-media-text__content\">\n<p>La madre de Will y Jonathan Byers. Joyce es una mujer fuerte y resiliente, aunque emocionalmente vol\u00e1til debido al estr\u00e9s y a las extra\u00f1as circunstancias que rodean a su familia. Es la primera en creer que Will se est\u00e1 comunicando con ella a trav\u00e9s de las luces. Su determinaci\u00f3n para proteger a sus hijos y descubrir la verdad la convierte en una de las figuras centrales en la lucha contra el Mundo del Rev\u00e9s.<\/p>\n\n\n\n<p>Interpretada por <a href=\"https:\/\/gicd.inf.um.es\/csidcav\/usuario07\/actor\/winona-ryder\/\" data-type=\"link\" data-id=\"https:\/\/gicd.inf.um.es\/csidcav\/usuario07\/actor\/winona-ryder\/\">Wynona Rider<\/a><\/p>\n<\/div><figure class=\"wp-block-media-text__media\"><a href=\"https:\/\/gicd.inf.um.es\/csidcav\/usuario07\/wp-content\/uploads\/2025\/10\/62796a5bc43de.jpg\"><img loading=\"lazy\" decoding=\"async\" width=\"300\" height=\"450\" src=\"https:\/\/gicd.inf.um.es\/csidcav\/usuario07\/wp-content\/uploads\/2025\/10\/62796a5bc43de.jpg\" alt=\"\" class=\"wp-image-674 size-full\" srcset=\"https:\/\/gicd.inf.um.es\/csidcav\/usuario07\/wp-content\/uploads\/2025\/10\/62796a5bc43de.jpg 300w, https:\/\/gicd.inf.um.es\/csidcav\/usuario07\/wp-content\/uploads\/2025\/10\/62796a5bc43de-200x300.jpg 200w\" sizes=\"auto, (max-width: 300px) 100vw, 300px\" \/><\/a><\/figure><\/div>\n","protected":false},"excerpt":{"rendered":"<p>La madre de Will y Jonathan Byers. Joyce es una mujer fuerte y resiliente, aunque emocionalmente vol\u00e1til debido al estr\u00e9s y a las extra\u00f1as circunstancias que rodean a su familia. Es la primera en creer que Will se est\u00e1 comunicando con ella a trav\u00e9s de las luces. Su determinaci\u00f3n para proteger a sus hijos y [&hellip;]<\/p>\n","protected":false},"author":1,"featured_media":0,"parent":0,"menu_order":0,"comment_status":"closed","ping_status":"closed","template":"","meta":{"pgc_sgb_lightbox_settings":"","footnotes":""},"class_list":["post-948","page","type-page","status-publish","hentry"],"_links":{"self":[{"href":"https:\/\/gicd.inf.um.es\/csidcav\/usuario07\/wp-json\/wp\/v2\/pages\/948","targetHints":{"allow":["GET"]}}],"collection":[{"href":"https:\/\/gicd.inf.um.es\/csidcav\/usuario07\/wp-json\/wp\/v2\/pages"}],"about":[{"href":"https:\/\/gicd.inf.um.es\/csidcav\/usuario07\/wp-json\/wp\/v2\/types\/page"}],"author":[{"embeddable":true,"href":"https:\/\/gicd.inf.um.es\/csidcav\/usuario07\/wp-json\/wp\/v2\/users\/1"}],"replies":[{"embeddable":true,"href":"https:\/\/gicd.inf.um.es\/csidcav\/usuario07\/wp-json\/wp\/v2\/comments?post=948"}],"version-history":[{"count":1,"href":"https:\/\/gicd.inf.um.es\/csidcav\/usuario07\/wp-json\/wp\/v2\/pages\/948\/revisions"}],"predecessor-version":[{"id":949,"href":"https:\/\/gicd.inf.um.es\/csidcav\/usuario07\/wp-json\/wp\/v2\/pages\/948\/revisions\/949"}],"wp:attachment":[{"href":"https:\/\/gicd.inf.um.es\/csidcav\/usuario07\/wp-json\/wp\/v2\/media?parent=948"}],"curies":[{"name":"wp","href":"https:\/\/api.w.org\/{rel}","templated":true}]}}