{"id":977,"date":"2025-12-10T13:36:05","date_gmt":"2025-12-10T12:36:05","guid":{"rendered":"https:\/\/gicd.inf.um.es\/csidcav\/usuario07\/?page_id=977"},"modified":"2025-12-10T13:36:05","modified_gmt":"2025-12-10T12:36:05","slug":"eren-jaeger","status":"publish","type":"page","link":"https:\/\/gicd.inf.um.es\/csidcav\/usuario07\/eren-jaeger\/","title":{"rendered":"Eren Jaeger"},"content":{"rendered":"\n<div class=\"wp-block-media-text has-media-on-the-right is-stacked-on-mobile\"><div class=\"wp-block-media-text__content\">\n<p>Nacido en el Distrito Shiganshina, Eren viv\u00eda una vida relativamente normal hasta el a\u00f1o 845. Tras presenciar c\u00f3mo un tit\u00e1n devoraba a su madre durante la ca\u00edda del Muro Mar\u00eda, su psique se fractur\u00f3, dej\u00e1ndole con un \u00fanico objetivo: matar a todos los titanes. Se uni\u00f3 al ej\u00e9rcito y, durante la Batalla de Trost, descubri\u00f3 que pose\u00eda la capacidad de transformarse en tit\u00e1n. Su existencia se convirti\u00f3 en la mayor esperanza de la humanidad para recuperar los territorios perdidos y descubrir la verdad oculta en el s\u00f3tano de su padre.<\/p>\n\n\n\n<p>Posee el Tit\u00e1n de Ataque y el Tit\u00e1n Fundador (M\u00e1s tarde adquiere el Tit\u00e1n Martillo de Guerra).<\/p>\n<\/div><figure class=\"wp-block-media-text__media\"><img loading=\"lazy\" decoding=\"async\" width=\"300\" height=\"450\" src=\"https:\/\/gicd.inf.um.es\/csidcav\/usuario07\/wp-content\/uploads\/2025\/12\/5f95947bc265b.jpg\" alt=\"\" class=\"wp-image-978 size-full\" srcset=\"https:\/\/gicd.inf.um.es\/csidcav\/usuario07\/wp-content\/uploads\/2025\/12\/5f95947bc265b.jpg 300w, https:\/\/gicd.inf.um.es\/csidcav\/usuario07\/wp-content\/uploads\/2025\/12\/5f95947bc265b-200x300.jpg 200w\" sizes=\"auto, (max-width: 300px) 100vw, 300px\" \/><\/figure><\/div>\n","protected":false},"excerpt":{"rendered":"<p>Nacido en el Distrito Shiganshina, Eren viv\u00eda una vida relativamente normal hasta el a\u00f1o 845. Tras presenciar c\u00f3mo un tit\u00e1n devoraba a su madre durante la ca\u00edda del Muro Mar\u00eda, su psique se fractur\u00f3, dej\u00e1ndole con un \u00fanico objetivo: matar a todos los titanes. Se uni\u00f3 al ej\u00e9rcito y, durante la Batalla de Trost, descubri\u00f3 [&hellip;]<\/p>\n","protected":false},"author":1,"featured_media":0,"parent":0,"menu_order":0,"comment_status":"closed","ping_status":"closed","template":"","meta":{"pgc_sgb_lightbox_settings":"","footnotes":""},"class_list":["post-977","page","type-page","status-publish","hentry"],"_links":{"self":[{"href":"https:\/\/gicd.inf.um.es\/csidcav\/usuario07\/wp-json\/wp\/v2\/pages\/977","targetHints":{"allow":["GET"]}}],"collection":[{"href":"https:\/\/gicd.inf.um.es\/csidcav\/usuario07\/wp-json\/wp\/v2\/pages"}],"about":[{"href":"https:\/\/gicd.inf.um.es\/csidcav\/usuario07\/wp-json\/wp\/v2\/types\/page"}],"author":[{"embeddable":true,"href":"https:\/\/gicd.inf.um.es\/csidcav\/usuario07\/wp-json\/wp\/v2\/users\/1"}],"replies":[{"embeddable":true,"href":"https:\/\/gicd.inf.um.es\/csidcav\/usuario07\/wp-json\/wp\/v2\/comments?post=977"}],"version-history":[{"count":1,"href":"https:\/\/gicd.inf.um.es\/csidcav\/usuario07\/wp-json\/wp\/v2\/pages\/977\/revisions"}],"predecessor-version":[{"id":979,"href":"https:\/\/gicd.inf.um.es\/csidcav\/usuario07\/wp-json\/wp\/v2\/pages\/977\/revisions\/979"}],"wp:attachment":[{"href":"https:\/\/gicd.inf.um.es\/csidcav\/usuario07\/wp-json\/wp\/v2\/media?parent=977"}],"curies":[{"name":"wp","href":"https:\/\/api.w.org\/{rel}","templated":true}]}}