{"id":995,"date":"2025-12-10T13:46:05","date_gmt":"2025-12-10T12:46:05","guid":{"rendered":"https:\/\/gicd.inf.um.es\/csidcav\/usuario07\/?page_id=995"},"modified":"2025-12-10T13:48:12","modified_gmt":"2025-12-10T12:48:12","slug":"jesse-pinkman","status":"publish","type":"page","link":"https:\/\/gicd.inf.um.es\/csidcav\/usuario07\/jesse-pinkman\/","title":{"rendered":"Jesse Pinkman"},"content":{"rendered":"\n<div class=\"wp-block-media-text is-stacked-on-mobile\"><figure class=\"wp-block-media-text__media\"><a href=\"https:\/\/gicd.inf.um.es\/csidcav\/usuario07\/wp-content\/uploads\/2025\/10\/75477.jpg\"><img loading=\"lazy\" decoding=\"async\" width=\"300\" height=\"450\" src=\"https:\/\/gicd.inf.um.es\/csidcav\/usuario07\/wp-content\/uploads\/2025\/10\/75477.jpg\" alt=\"\" class=\"wp-image-607 size-full\" srcset=\"https:\/\/gicd.inf.um.es\/csidcav\/usuario07\/wp-content\/uploads\/2025\/10\/75477.jpg 300w, https:\/\/gicd.inf.um.es\/csidcav\/usuario07\/wp-content\/uploads\/2025\/10\/75477-200x300.jpg 200w\" sizes=\"auto, (max-width: 300px) 100vw, 300px\" \/><\/a><\/figure><div class=\"wp-block-media-text__content\">\n<p>Antiguo alumno de Walter y traficante de poca monta bajo el nombre \u00abCap&#8217;n Cook\u00bb. Walter lo chantajea para entrar en el negocio: Walt cocina, Jesse vende. A lo largo de la serie, Jesse sufre las mayores p\u00e9rdidas emocionales y f\u00edsicas (la muerte de Jane, la manipulaci\u00f3n de Walt, la esclavitud). A diferencia de Walt, Jesse desarrolla una br\u00fajula moral cada vez m\u00e1s fuerte, atormentado por la culpa y buscando desesperadamente una salida y redenci\u00f3n.<\/p>\n\n\n\n<p>Conoce el funcionamiento del bajo mundo, la distribuci\u00f3n y c\u00f3mo tratar con adictos y camellos, algo de lo que Walt carece inicialmente.<\/p>\n\n\n\n<p>A pesar de ser manipulado constantemente, demuestra una lealtad feroz hacia aquellos que le importan.<\/p>\n\n\n\n<p>Tras a\u00f1os bajo la tutela de Walt, se convierte en la \u00fanica otra persona capaz de replicar la f\u00f3rmula azul casi a la perfecci\u00f3n.<\/p>\n\n\n\n<p>Interpretado por <a href=\"https:\/\/gicd.inf.um.es\/csidcav\/usuario07\/actor\/aaron-paul\/?customize_changeset_uuid=27208d6c-cf43-4555-b6c7-906ed2a82418&amp;customize_autosaved=on\" data-type=\"link\" data-id=\"https:\/\/gicd.inf.um.es\/csidcav\/usuario07\/actor\/aaron-paul\/?customize_changeset_uuid=27208d6c-cf43-4555-b6c7-906ed2a82418&amp;customize_autosaved=on\">Aaron Paul<\/a><\/p>\n<\/div><\/div>\n","protected":false},"excerpt":{"rendered":"<p>Antiguo alumno de Walter y traficante de poca monta bajo el nombre \u00abCap&#8217;n Cook\u00bb. Walter lo chantajea para entrar en el negocio: Walt cocina, Jesse vende. A lo largo de la serie, Jesse sufre las mayores p\u00e9rdidas emocionales y f\u00edsicas (la muerte de Jane, la manipulaci\u00f3n de Walt, la esclavitud). A diferencia de Walt, Jesse [&hellip;]<\/p>\n","protected":false},"author":1,"featured_media":0,"parent":0,"menu_order":0,"comment_status":"closed","ping_status":"closed","template":"","meta":{"pgc_sgb_lightbox_settings":"","footnotes":""},"class_list":["post-995","page","type-page","status-publish","hentry"],"_links":{"self":[{"href":"https:\/\/gicd.inf.um.es\/csidcav\/usuario07\/wp-json\/wp\/v2\/pages\/995","targetHints":{"allow":["GET"]}}],"collection":[{"href":"https:\/\/gicd.inf.um.es\/csidcav\/usuario07\/wp-json\/wp\/v2\/pages"}],"about":[{"href":"https:\/\/gicd.inf.um.es\/csidcav\/usuario07\/wp-json\/wp\/v2\/types\/page"}],"author":[{"embeddable":true,"href":"https:\/\/gicd.inf.um.es\/csidcav\/usuario07\/wp-json\/wp\/v2\/users\/1"}],"replies":[{"embeddable":true,"href":"https:\/\/gicd.inf.um.es\/csidcav\/usuario07\/wp-json\/wp\/v2\/comments?post=995"}],"version-history":[{"count":2,"href":"https:\/\/gicd.inf.um.es\/csidcav\/usuario07\/wp-json\/wp\/v2\/pages\/995\/revisions"}],"predecessor-version":[{"id":1000,"href":"https:\/\/gicd.inf.um.es\/csidcav\/usuario07\/wp-json\/wp\/v2\/pages\/995\/revisions\/1000"}],"wp:attachment":[{"href":"https:\/\/gicd.inf.um.es\/csidcav\/usuario07\/wp-json\/wp\/v2\/media?parent=995"}],"curies":[{"name":"wp","href":"https:\/\/api.w.org\/{rel}","templated":true}]}}