{"id":1240,"date":"2026-03-12T17:26:04","date_gmt":"2026-03-12T16:26:04","guid":{"rendered":"https:\/\/gicd.inf.um.es\/csidcav\/usuario07\/?post_type=product&#038;p=1240"},"modified":"2026-03-16T20:11:07","modified_gmt":"2026-03-16T19:11:07","slug":"camiseta-breaking-bad","status":"publish","type":"product","link":"https:\/\/gicd.inf.um.es\/csidcav\/usuario07\/producto\/camiseta-breaking-bad\/","title":{"rendered":"Camiseta Breaking Bad"},"content":{"rendered":"<p>Moderna camiseta de hombre en algod\u00f3n en diferentes colores y tallas con tintado de gran calidad. 100 % algod\u00f3n de calidad superior suave al tacto. El estampado est\u00e1 basado en el logotipo e imagen del protagonista de la serie de TV Breaking Bad.<\/p>\n","protected":false},"excerpt":{"rendered":"<p>Camiseta 100% de algod\u00f3n en diferentes colores de Breaking Bad.<\/p>\n","protected":false},"featured_media":1214,"comment_status":"closed","ping_status":"closed","template":"","meta":{"pgc_sgb_lightbox_settings":""},"product_brand":[],"product_cat":[136,138],"product_tag":[158,156,157],"class_list":{"0":"post-1240","1":"product","2":"type-product","3":"status-publish","4":"has-post-thumbnail","6":"product_cat-moda","7":"product_cat-ropa","8":"product_tag-breaking-bad","9":"product_tag-camisetas","10":"product_tag-ropa-de-hombre","12":"first","13":"instock","14":"taxable","15":"shipping-taxable","16":"purchasable","17":"product-type-variable"},"_links":{"self":[{"href":"https:\/\/gicd.inf.um.es\/csidcav\/usuario07\/wp-json\/wp\/v2\/product\/1240","targetHints":{"allow":["GET"]}}],"collection":[{"href":"https:\/\/gicd.inf.um.es\/csidcav\/usuario07\/wp-json\/wp\/v2\/product"}],"about":[{"href":"https:\/\/gicd.inf.um.es\/csidcav\/usuario07\/wp-json\/wp\/v2\/types\/product"}],"replies":[{"embeddable":true,"href":"https:\/\/gicd.inf.um.es\/csidcav\/usuario07\/wp-json\/wp\/v2\/comments?post=1240"}],"wp:featuredmedia":[{"embeddable":true,"href":"https:\/\/gicd.inf.um.es\/csidcav\/usuario07\/wp-json\/wp\/v2\/media\/1214"}],"wp:attachment":[{"href":"https:\/\/gicd.inf.um.es\/csidcav\/usuario07\/wp-json\/wp\/v2\/media?parent=1240"}],"wp:term":[{"taxonomy":"product_brand","embeddable":true,"href":"https:\/\/gicd.inf.um.es\/csidcav\/usuario07\/wp-json\/wp\/v2\/product_brand?post=1240"},{"taxonomy":"product_cat","embeddable":true,"href":"https:\/\/gicd.inf.um.es\/csidcav\/usuario07\/wp-json\/wp\/v2\/product_cat?post=1240"},{"taxonomy":"product_tag","embeddable":true,"href":"https:\/\/gicd.inf.um.es\/csidcav\/usuario07\/wp-json\/wp\/v2\/product_tag?post=1240"}],"curies":[{"name":"wp","href":"https:\/\/api.w.org\/{rel}","templated":true}]}}