{"id":1245,"date":"2026-03-12T17:35:37","date_gmt":"2026-03-12T16:35:37","guid":{"rendered":"https:\/\/gicd.inf.um.es\/csidcav\/usuario07\/?post_type=product&#038;p=1245"},"modified":"2026-03-12T17:35:39","modified_gmt":"2026-03-12T16:35:39","slug":"the-expatriates-edicion-en-ingles","status":"publish","type":"product","link":"https:\/\/gicd.inf.um.es\/csidcav\/usuario07\/producto\/the-expatriates-edicion-en-ingles\/","title":{"rendered":"The Expatriates (edici\u00f3n en Ingl\u00e9s)"},"content":{"rendered":"<p>Novela The Expatriates, de Janice Y.K. Lee. Edici\u00f3n en Ingl\u00e9s de Bolsillo en tapa blanda. Novela que ha servidor de inspiraci\u00f3n a la serie de TV del mismo t\u00edtulo.<\/p>\n","protected":false},"excerpt":{"rendered":"<p>Edici\u00f3n en Ingl\u00e9s de bolsillo de la novela The Expatriates de Janice Y.K. Lee.<\/p>\n","protected":false},"featured_media":1227,"comment_status":"closed","ping_status":"closed","template":"","meta":{"pgc_sgb_lightbox_settings":""},"product_brand":[],"product_cat":[135],"product_tag":[153,144,152],"class_list":{"0":"post-1245","1":"product","2":"type-product","3":"status-publish","4":"has-post-thumbnail","6":"product_cat-libros","7":"product_tag-libros-en-edicion-inglesa","8":"product_tag-novelas","9":"product_tag-the-expatriates","11":"first","12":"instock","13":"taxable","14":"shipping-taxable","15":"purchasable","16":"product-type-simple"},"_links":{"self":[{"href":"https:\/\/gicd.inf.um.es\/csidcav\/usuario07\/wp-json\/wp\/v2\/product\/1245","targetHints":{"allow":["GET"]}}],"collection":[{"href":"https:\/\/gicd.inf.um.es\/csidcav\/usuario07\/wp-json\/wp\/v2\/product"}],"about":[{"href":"https:\/\/gicd.inf.um.es\/csidcav\/usuario07\/wp-json\/wp\/v2\/types\/product"}],"replies":[{"embeddable":true,"href":"https:\/\/gicd.inf.um.es\/csidcav\/usuario07\/wp-json\/wp\/v2\/comments?post=1245"}],"wp:featuredmedia":[{"embeddable":true,"href":"https:\/\/gicd.inf.um.es\/csidcav\/usuario07\/wp-json\/wp\/v2\/media\/1227"}],"wp:attachment":[{"href":"https:\/\/gicd.inf.um.es\/csidcav\/usuario07\/wp-json\/wp\/v2\/media?parent=1245"}],"wp:term":[{"taxonomy":"product_brand","embeddable":true,"href":"https:\/\/gicd.inf.um.es\/csidcav\/usuario07\/wp-json\/wp\/v2\/product_brand?post=1245"},{"taxonomy":"product_cat","embeddable":true,"href":"https:\/\/gicd.inf.um.es\/csidcav\/usuario07\/wp-json\/wp\/v2\/product_cat?post=1245"},{"taxonomy":"product_tag","embeddable":true,"href":"https:\/\/gicd.inf.um.es\/csidcav\/usuario07\/wp-json\/wp\/v2\/product_tag?post=1245"}],"curies":[{"name":"wp","href":"https:\/\/api.w.org\/{rel}","templated":true}]}}