{"id":13,"date":"2025-10-08T17:27:56","date_gmt":"2025-10-08T15:27:56","guid":{"rendered":"https:\/\/gicd.inf.um.es\/csidcav\/usuario10\/?page_id=13"},"modified":"2025-12-11T14:58:10","modified_gmt":"2025-12-11T13:58:10","slug":"inicio","status":"publish","type":"page","link":"https:\/\/gicd.inf.um.es\/csidcav\/usuario10\/","title":{"rendered":"Ficciones \u00c9picas"},"content":{"rendered":"\n<p>Bienvenido a <strong>Ficciones \u00c9picas<\/strong>, una p\u00e1gina dedicada a los fans. Aqu\u00ed puedes descubrir m\u00e1s sobre tus series o libros favoritos, los actores que interpretan a tus personajes m\u00e1s queridos, e incluso informaci\u00f3n m\u00e1s detallada episodio a episodio de esa serie que hiciste marat\u00f3n. Adem\u00e1s encontrar\u00e1s productos de nuestras ficciones para que todos vean lo <strong>fan<\/strong> que eres. <\/p>\n\n\n\n<div style=\"height:50px\" aria-hidden=\"true\" class=\"wp-block-spacer\"><\/div>\n\n\n\n<div class=\"wp-block-columns alignwide is-layout-flex wp-container-core-columns-is-layout-9d6595d7 wp-block-columns-is-layout-flex\">\n<div class=\"wp-block-column is-layout-flow wp-block-column-is-layout-flow\">\n<h2 class=\"wp-block-heading has-text-align-center\">Regalos \u00e9picos<\/h2>\n\n\n\n<figure class=\"wp-block-image size-medium\"><img loading=\"lazy\" decoding=\"async\" width=\"300\" height=\"225\" src=\"https:\/\/gicd.inf.um.es\/csidcav\/usuario10\/wp-content\/uploads\/2025\/10\/regalos-300x225.jpg\" alt=\"Regalos \u00e9picos\" class=\"wp-image-10\" style=\"aspect-ratio:1;object-fit:cover\" srcset=\"https:\/\/gicd.inf.um.es\/csidcav\/usuario10\/wp-content\/uploads\/2025\/10\/regalos-300x225.jpg 300w, https:\/\/gicd.inf.um.es\/csidcav\/usuario10\/wp-content\/uploads\/2025\/10\/regalos-768x576.jpg 768w, https:\/\/gicd.inf.um.es\/csidcav\/usuario10\/wp-content\/uploads\/2025\/10\/regalos.jpg 800w\" sizes=\"auto, (max-width: 300px) 100vw, 300px\" \/><\/figure>\n\n\n\n<div style=\"height:15px\" aria-hidden=\"true\" class=\"wp-block-spacer\"><\/div>\n\n\n\n<p>Te ofrecemos Funkos POP, moda, hogar\u2026 Todo el Universo Friki en un \u00fanico sitio y con los mejores precios para que disfrutes a tope.<\/p>\n<\/div>\n\n\n\n<div class=\"wp-block-column is-layout-flow wp-block-column-is-layout-flow\">\n<h2 class=\"wp-block-heading has-text-align-center\">Figuras<\/h2>\n\n\n\n<figure class=\"wp-block-image size-full\"><img loading=\"lazy\" decoding=\"async\" width=\"600\" height=\"600\" src=\"https:\/\/gicd.inf.um.es\/csidcav\/usuario10\/wp-content\/uploads\/2025\/10\/figuras-stranger-things.jpg\" alt=\"\" class=\"wp-image-5\" srcset=\"https:\/\/gicd.inf.um.es\/csidcav\/usuario10\/wp-content\/uploads\/2025\/10\/figuras-stranger-things.jpg 600w, https:\/\/gicd.inf.um.es\/csidcav\/usuario10\/wp-content\/uploads\/2025\/10\/figuras-stranger-things-300x300.jpg 300w, https:\/\/gicd.inf.um.es\/csidcav\/usuario10\/wp-content\/uploads\/2025\/10\/figuras-stranger-things-150x150.jpg 150w\" sizes=\"auto, (max-width: 600px) 100vw, 600px\" \/><\/figure>\n\n\n\n<div style=\"height:15px\" aria-hidden=\"true\" class=\"wp-block-spacer\"><\/div>\n\n\n\n<p>Aqu\u00ed tenemos figuras para todos los gustos. No importa de qu\u00e9 seas fan, seguro que tenemos algo a lo que no podr\u00e1s resistirte.<\/p>\n<\/div>\n\n\n\n<div class=\"wp-block-column is-layout-flow wp-block-column-is-layout-flow\">\n<h2 class=\"wp-block-heading has-text-align-center\">Moda<\/h2>\n\n\n\n<figure class=\"wp-block-image size-full\"><img loading=\"lazy\" decoding=\"async\" width=\"1080\" height=\"1080\" src=\"https:\/\/gicd.inf.um.es\/csidcav\/usuario10\/wp-content\/uploads\/2025\/10\/camisetas-breaking-bad.jpg\" alt=\"camisetas\" class=\"wp-image-7\" style=\"object-fit:cover\" srcset=\"https:\/\/gicd.inf.um.es\/csidcav\/usuario10\/wp-content\/uploads\/2025\/10\/camisetas-breaking-bad.jpg 1080w, https:\/\/gicd.inf.um.es\/csidcav\/usuario10\/wp-content\/uploads\/2025\/10\/camisetas-breaking-bad-300x300.jpg 300w, https:\/\/gicd.inf.um.es\/csidcav\/usuario10\/wp-content\/uploads\/2025\/10\/camisetas-breaking-bad-1024x1024.jpg 1024w, https:\/\/gicd.inf.um.es\/csidcav\/usuario10\/wp-content\/uploads\/2025\/10\/camisetas-breaking-bad-150x150.jpg 150w, https:\/\/gicd.inf.um.es\/csidcav\/usuario10\/wp-content\/uploads\/2025\/10\/camisetas-breaking-bad-768x768.jpg 768w\" sizes=\"auto, (max-width: 1080px) 100vw, 1080px\" \/><\/figure>\n\n\n\n<div style=\"height:15px\" aria-hidden=\"true\" class=\"wp-block-spacer\"><\/div>\n\n\n\n<p>\u00bfQui\u00e9n dice que ser friki est\u00e1 re\u00f1ido con ir a la moda? Nosotros no estamos de acuerdo y te lo demostramos con esta secci\u00f3n.<\/p>\n<\/div>\n\n\n\n<div class=\"wp-block-column is-layout-flow wp-block-column-is-layout-flow\">\n<h2 class=\"wp-block-heading has-text-align-center\">Complementos<\/h2>\n\n\n\n<figure class=\"wp-block-image size-large\"><img loading=\"lazy\" decoding=\"async\" width=\"1024\" height=\"1024\" src=\"https:\/\/gicd.inf.um.es\/csidcav\/usuario10\/wp-content\/uploads\/2025\/10\/complementos-1024x1024.jpg\" alt=\"\" class=\"wp-image-6\" srcset=\"https:\/\/gicd.inf.um.es\/csidcav\/usuario10\/wp-content\/uploads\/2025\/10\/complementos-1024x1024.jpg 1024w, https:\/\/gicd.inf.um.es\/csidcav\/usuario10\/wp-content\/uploads\/2025\/10\/complementos-300x300.jpg 300w, https:\/\/gicd.inf.um.es\/csidcav\/usuario10\/wp-content\/uploads\/2025\/10\/complementos-150x150.jpg 150w, https:\/\/gicd.inf.um.es\/csidcav\/usuario10\/wp-content\/uploads\/2025\/10\/complementos-768x768.jpg 768w, https:\/\/gicd.inf.um.es\/csidcav\/usuario10\/wp-content\/uploads\/2025\/10\/complementos.jpg 1080w\" sizes=\"auto, (max-width: 1024px) 100vw, 1024px\" \/><\/figure>\n\n\n\n<div style=\"height:15px\" aria-hidden=\"true\" class=\"wp-block-spacer\"><\/div>\n\n\n\n<p>Todo friki que se precie debe complementar su vida diaria con los accesorios frikis y aqu\u00ed te los ofrecemos absolutamente todos.<\/p>\n<\/div>\n<\/div>\n\n\n\n<div style=\"height:50px\" aria-hidden=\"true\" class=\"wp-block-spacer\"><\/div>\n\n\n\n<div class=\"wp-block-columns is-layout-flex wp-container-core-columns-is-layout-9d6595d7 wp-block-columns-is-layout-flex\">\n<div class=\"wp-block-column is-layout-flow wp-block-column-is-layout-flow\">\n<div class=\"wp-block-group bs-blog-post\"><div class=\"wp-block-group__inner-container is-layout-constrained wp-block-group-is-layout-constrained\">\n<h2 class=\"wp-block-heading has-text-align-center has-text-color has-background has-link-color wp-elements-81791ca7515da6adcb9cb18ebd47f53d\" style=\"color:#0081cc;background-color:#99daff\">TODOS NUESTROS LIBROS<\/h2>\n\n\n<ul class=\"wp-block-latest-posts__list aligncenter wp-block-latest-posts\"><li><a class=\"wp-block-latest-posts__post-title\" href=\"https:\/\/gicd.inf.um.es\/csidcav\/usuario10\/el-verano-en-el-que-me-enamore\/\">El verano en que me enamor\u00e9<\/a><\/li>\n<li><a class=\"wp-block-latest-posts__post-title\" href=\"https:\/\/gicd.inf.um.es\/csidcav\/usuario10\/cazadores-de-sombras\/\">Cazadores de Sombras<\/a><\/li>\n<li><a class=\"wp-block-latest-posts__post-title\" href=\"https:\/\/gicd.inf.um.es\/csidcav\/usuario10\/las-cronicas-de-narnia\/\">Las Cr\u00f3nicas de Narnia<\/a><\/li>\n<li><a class=\"wp-block-latest-posts__post-title\" href=\"https:\/\/gicd.inf.um.es\/csidcav\/usuario10\/crepusculo\/\">Crep\u00fasculo<\/a><\/li>\n<li><a class=\"wp-block-latest-posts__post-title\" href=\"https:\/\/gicd.inf.um.es\/csidcav\/usuario10\/el-senor-de-los-anillos\/\">El se\u00f1or de los Anillos<\/a><\/li>\n<li><a class=\"wp-block-latest-posts__post-title\" href=\"https:\/\/gicd.inf.um.es\/csidcav\/usuario10\/harry-potter\/\">Harry Potter<\/a><\/li>\n<li><a class=\"wp-block-latest-posts__post-title\" href=\"https:\/\/gicd.inf.um.es\/csidcav\/usuario10\/dune\/\">Dune<\/a><\/li>\n<li><a class=\"wp-block-latest-posts__post-title\" href=\"https:\/\/gicd.inf.um.es\/csidcav\/usuario10\/divergente\/\">Divergente<\/a><\/li>\n<li><a class=\"wp-block-latest-posts__post-title\" href=\"https:\/\/gicd.inf.um.es\/csidcav\/usuario10\/el-corredor-del-laberinto\/\">El Corredor del Laberinto<\/a><\/li>\n<li><a class=\"wp-block-latest-posts__post-title\" href=\"https:\/\/gicd.inf.um.es\/csidcav\/usuario10\/los-juegos-del-hambre\/\">Los Juegos del Hambre<\/a><\/li>\n<\/ul><\/div><\/div>\n<\/div>\n\n\n\n<div class=\"wp-block-column is-layout-flow wp-block-column-is-layout-flow\">\n<div class=\"wp-block-group bs-blog-post\"><div class=\"wp-block-group__inner-container is-layout-constrained wp-block-group-is-layout-constrained\">\n<h2 class=\"wp-block-heading has-text-align-center has-text-color has-background has-link-color wp-elements-e6b01d01332288e74c7fb60eeb4e30ef\" style=\"color:#0081cc;background-color:#99daff\">TODAS NUESTRAS SERIES<\/h2>\n\n\n<ul class=\"wp-block-latest-posts__list aligncenter wp-block-latest-posts\"><li><a class=\"wp-block-latest-posts__post-title\" href=\"https:\/\/gicd.inf.um.es\/csidcav\/usuario10\/the-last-of-us\/\">The Last of Us<\/a><\/li>\n<li><a class=\"wp-block-latest-posts__post-title\" href=\"https:\/\/gicd.inf.um.es\/csidcav\/usuario10\/expatriadas\/\">Expatriadas<\/a><\/li>\n<li><a class=\"wp-block-latest-posts__post-title\" href=\"https:\/\/gicd.inf.um.es\/csidcav\/usuario10\/anne-with-an-e\/\">Anne with an E<\/a><\/li>\n<li><a class=\"wp-block-latest-posts__post-title\" href=\"https:\/\/gicd.inf.um.es\/csidcav\/usuario10\/gilmore-girls\/\">Gilmore Girls<\/a><\/li>\n<li><a class=\"wp-block-latest-posts__post-title\" href=\"https:\/\/gicd.inf.um.es\/csidcav\/usuario10\/stranger-things\/\">Stranger Things<\/a><\/li>\n<li><a class=\"wp-block-latest-posts__post-title\" href=\"https:\/\/gicd.inf.um.es\/csidcav\/usuario10\/el-mandaloriano\/\">El Mandaloriano<\/a><\/li>\n<li><a class=\"wp-block-latest-posts__post-title\" href=\"https:\/\/gicd.inf.um.es\/csidcav\/usuario10\/breaking-bad\/\">Breaking Bad<\/a><\/li>\n<li><a class=\"wp-block-latest-posts__post-title\" href=\"https:\/\/gicd.inf.um.es\/csidcav\/usuario10\/juego-de-tronos\/\">Juego de tronos<\/a><\/li>\n<\/ul><\/div><\/div>\n<\/div>\n<\/div>\n\n\n\t\t\t<!-- Cool Timeline Free V3.0.9 -->\n\t\t\t<div class=\"ctl-wrapper\" role=\"region\" aria-label=\"Timeline\">\n\t\t\t\t<div class=\"ctl-before-content\"><div class=\"timeline-main-title\"><H2>Hits 2020-2025<\/H2><\/div><\/div>\t\t\t\t<div id=\"cool_timeline_1\" class=\"cool-timeline-wrapper ctl-both-sided ctl-vertical-wrapper ctl-compact-wrapper\" >\n\t\t\t\t\t<div class=\"ctl-start\"><\/div>\n\t\t\t\t\t<!-- Timeline Container -->\n\t\t\t\t\t<div class=\"ctl-timeline ctl-timeline-container\" data-animation=\"fade-up\">\n\t\t\t\t\t\t<!-- Center Line -->\n\t\t\t\t\t\t<div class=\"ctl-inner-line\" role=\"presentation\"><\/div>\n\t\t\t\t\t\t<!-- Timeline Content --><div  id=\"ctl-story-244\" class=\"ctl-story ctl-story-icon odd ctl-story-right\" data-aos=\"fade-up\"   data-story-index=\"1\" role=\"article\"><!-- Story Icon --><div class=\"ctl-icon\"><i class= \"fa fas fa-heart\" aria-hidden =\"true\"><\/i><\/div> <!-- Story Arrow --><div class=\"ctl-arrow\"><\/div><!-- Story Content --><div class=\"ctl-content\"><!-- Story Title --><div class=\"ctl-title story-244\" aria-label=\"2\"><a target=\"_self\" title=\"Bridgerton\" href=\"https:\/\/gicd.inf.um.es\/csidcav\/usuario10\/cool_timeline\/bridgerton\/\" class=\"story-link\">Bridgerton<\/a><\/div><!-- Story Media --><div class=\"ctl-media full\"><a data-glightbox=\"Bridgerton\" href=\"https:\/\/gicd.inf.um.es\/csidcav\/usuario10\/wp-content\/uploads\/2025\/11\/2020-Bridgerton.jpg\" class=\"ctl_glightbox\"><img loading=\"lazy\" decoding=\"async\" width=\"640\" height=\"948\" src=\"https:\/\/gicd.inf.um.es\/csidcav\/usuario10\/wp-content\/uploads\/2025\/11\/2020-Bridgerton-691x1024.jpg\" class=\"story-img wp-post-image\" alt=\"Bridgerton\" srcset=\"https:\/\/gicd.inf.um.es\/csidcav\/usuario10\/wp-content\/uploads\/2025\/11\/2020-Bridgerton-691x1024.jpg 691w, https:\/\/gicd.inf.um.es\/csidcav\/usuario10\/wp-content\/uploads\/2025\/11\/2020-Bridgerton-203x300.jpg 203w, https:\/\/gicd.inf.um.es\/csidcav\/usuario10\/wp-content\/uploads\/2025\/11\/2020-Bridgerton-768x1138.jpg 768w, https:\/\/gicd.inf.um.es\/csidcav\/usuario10\/wp-content\/uploads\/2025\/11\/2020-Bridgerton-1037x1536.jpg 1037w, https:\/\/gicd.inf.um.es\/csidcav\/usuario10\/wp-content\/uploads\/2025\/11\/2020-Bridgerton-1383x2048.jpg 1383w, https:\/\/gicd.inf.um.es\/csidcav\/usuario10\/wp-content\/uploads\/2025\/11\/2020-Bridgerton-1024x1517.jpg 1024w, https:\/\/gicd.inf.um.es\/csidcav\/usuario10\/wp-content\/uploads\/2025\/11\/2020-Bridgerton.jpg 1500w\" sizes=\"auto, (max-width: 640px) 100vw, 640px\" \/><\/a><\/div><!-- Story Date --><div class=\"ctl-labels\"><div class=\"ctl-label-big story-date\">2020<\/div><\/div><!-- Story Description --><div class=\"ctl-description\"><p>Netflix \/ Phoebe Dynevor, Reg\u00e9-Jean Page, Jonathan Bailey \/ Romance hist\u00f3rico-Drama<\/p>\n<\/div><\/div><\/div><!-- Timeline Content --><div  id=\"ctl-story-245\" class=\"ctl-story ctl-story-icon even ctl-story-left\" data-aos=\"fade-up\"   data-story-index=\"2\" role=\"article\"><!-- Story Icon --><div class=\"ctl-icon\"><i class= \"fa fas fa-gamepad\" aria-hidden =\"true\"><\/i><\/div> <!-- Story Arrow --><div class=\"ctl-arrow\"><\/div><!-- Story Content --><div class=\"ctl-content\"><!-- Story Title --><div class=\"ctl-title story-245\" aria-label=\"2\"><a target=\"_self\" title=\"Squid Game\" href=\"https:\/\/gicd.inf.um.es\/csidcav\/usuario10\/cool_timeline\/squid-game\/\" class=\"story-link\">Squid Game<\/a><\/div><!-- Story Media --><div class=\"ctl-media full\"><a data-glightbox=\"Squid Game\" href=\"https:\/\/gicd.inf.um.es\/csidcav\/usuario10\/wp-content\/uploads\/2025\/11\/2021-Juego-Calamar.jpg\" class=\"ctl_glightbox\"><img loading=\"lazy\" decoding=\"async\" width=\"640\" height=\"960\" src=\"https:\/\/gicd.inf.um.es\/csidcav\/usuario10\/wp-content\/uploads\/2025\/11\/2021-Juego-Calamar-683x1024.jpg\" class=\"story-img wp-post-image\" alt=\"Squid Games\" srcset=\"https:\/\/gicd.inf.um.es\/csidcav\/usuario10\/wp-content\/uploads\/2025\/11\/2021-Juego-Calamar-683x1024.jpg 683w, https:\/\/gicd.inf.um.es\/csidcav\/usuario10\/wp-content\/uploads\/2025\/11\/2021-Juego-Calamar-200x300.jpg 200w, https:\/\/gicd.inf.um.es\/csidcav\/usuario10\/wp-content\/uploads\/2025\/11\/2021-Juego-Calamar-768x1152.jpg 768w, https:\/\/gicd.inf.um.es\/csidcav\/usuario10\/wp-content\/uploads\/2025\/11\/2021-Juego-Calamar.jpg 1000w\" sizes=\"auto, (max-width: 640px) 100vw, 640px\" \/><\/a><\/div><!-- Story Date --><div class=\"ctl-labels\"><div class=\"ctl-label-big story-date\">2021<\/div><\/div><!-- Story Description --><div class=\"ctl-description\"><p>Netflix \/ Lee Jung-jae, Park Hae-soo, Jung Ho-yeon \/ Thriller-Drama social<\/p>\n<\/div><\/div><\/div><!-- Timeline Content --><div  id=\"ctl-story-246\" class=\"ctl-story ctl-story-icon odd ctl-story-right\" data-aos=\"fade-up\"   data-story-index=\"3\" role=\"article\"><!-- Story Icon --><div class=\"ctl-icon\"><i class= \"fa fas fa-lightbulb\" aria-hidden =\"true\"><\/i><\/div> <!-- Story Arrow --><div class=\"ctl-arrow\"><\/div><!-- Story Content --><div class=\"ctl-content\"><!-- Story Title --><div class=\"ctl-title story-246\" aria-label=\"2\"><a target=\"_self\" title=\"Stranger Things (T4)\" href=\"https:\/\/gicd.inf.um.es\/csidcav\/usuario10\/cool_timeline\/stranger-things-t4\/\" class=\"story-link\">Stranger Things (T4)<\/a><\/div><!-- Story Media --><div class=\"ctl-media full\"><a data-glightbox=\"Stranger Things (T4)\" href=\"https:\/\/gicd.inf.um.es\/csidcav\/usuario10\/wp-content\/uploads\/2025\/11\/2022-T4-Stranger-Things-1.jpg\" class=\"ctl_glightbox\"><img loading=\"lazy\" decoding=\"async\" width=\"600\" height=\"600\" src=\"https:\/\/gicd.inf.um.es\/csidcav\/usuario10\/wp-content\/uploads\/2025\/11\/2022-T4-Stranger-Things-1.jpg\" class=\"story-img wp-post-image\" alt=\"St T4\" srcset=\"https:\/\/gicd.inf.um.es\/csidcav\/usuario10\/wp-content\/uploads\/2025\/11\/2022-T4-Stranger-Things-1.jpg 600w, https:\/\/gicd.inf.um.es\/csidcav\/usuario10\/wp-content\/uploads\/2025\/11\/2022-T4-Stranger-Things-1-300x300.jpg 300w, https:\/\/gicd.inf.um.es\/csidcav\/usuario10\/wp-content\/uploads\/2025\/11\/2022-T4-Stranger-Things-1-150x150.jpg 150w\" sizes=\"auto, (max-width: 600px) 100vw, 600px\" \/><\/a><\/div><!-- Story Date --><div class=\"ctl-labels\"><div class=\"ctl-label-big story-date\">2022<\/div><\/div><!-- Story Description --><div class=\"ctl-description\"><p>Netflix \/ Millie Bobby Brown, David Harbour, Finn Wolfhard \/ Ciencia ficci\u00f3n-Thriller<\/p>\n<\/div><\/div><\/div><!-- Timeline Content --><div  id=\"ctl-story-247\" class=\"ctl-story ctl-story-icon even ctl-story-left\" data-aos=\"fade-up\"   data-story-index=\"4\" role=\"article\"><!-- Story Icon --><div class=\"ctl-icon\"><i class= \"fa fas fa-virus\" aria-hidden =\"true\"><\/i><\/div> <!-- Story Arrow --><div class=\"ctl-arrow\"><\/div><!-- Story Content --><div class=\"ctl-content\"><!-- Story Title --><div class=\"ctl-title story-247\" aria-label=\"2\"><a target=\"_self\" title=\"The last of Us\" href=\"https:\/\/gicd.inf.um.es\/csidcav\/usuario10\/cool_timeline\/the-last-of-us\/\" class=\"story-link\">The last of Us<\/a><\/div><!-- Story Media --><div class=\"ctl-media full\"><a data-glightbox=\"The last of Us\" href=\"https:\/\/gicd.inf.um.es\/csidcav\/usuario10\/wp-content\/uploads\/2025\/11\/2023-The-last-of-us.webp\" class=\"ctl_glightbox\"><img loading=\"lazy\" decoding=\"async\" width=\"640\" height=\"448\" src=\"https:\/\/gicd.inf.um.es\/csidcav\/usuario10\/wp-content\/uploads\/2025\/11\/2023-The-last-of-us-1024x717.webp\" class=\"story-img wp-post-image\" alt=\"The last of US\" srcset=\"https:\/\/gicd.inf.um.es\/csidcav\/usuario10\/wp-content\/uploads\/2025\/11\/2023-The-last-of-us-1024x717.webp 1024w, https:\/\/gicd.inf.um.es\/csidcav\/usuario10\/wp-content\/uploads\/2025\/11\/2023-The-last-of-us-300x210.webp 300w, https:\/\/gicd.inf.um.es\/csidcav\/usuario10\/wp-content\/uploads\/2025\/11\/2023-The-last-of-us-768x538.webp 768w, https:\/\/gicd.inf.um.es\/csidcav\/usuario10\/wp-content\/uploads\/2025\/11\/2023-The-last-of-us.webp 1200w\" sizes=\"auto, (max-width: 640px) 100vw, 640px\" \/><\/a><\/div><!-- Story Date --><div class=\"ctl-labels\"><div class=\"ctl-label-big story-date\">2023<\/div><\/div><!-- Story Description --><div class=\"ctl-description\"><p>HBO \/ Pedro Pascal, Bella Ramsey, Gabriel Luna \/ Post-apocal\u00edptico-Drama<\/p>\n<\/div><\/div><\/div><!-- Timeline Content --><div  id=\"ctl-story-248\" class=\"ctl-story ctl-story-icon odd ctl-story-right\" data-aos=\"fade-up\"   data-story-index=\"5\" role=\"article\"><!-- Story Icon --><div class=\"ctl-icon\"><i class= \"fa fas fa-heart\" aria-hidden =\"true\"><\/i><\/div> <!-- Story Arrow --><div class=\"ctl-arrow\"><\/div><!-- Story Content --><div class=\"ctl-content\"><!-- Story Title --><div class=\"ctl-title story-248\" aria-label=\"2\"><a target=\"_self\" title=\"Bridgerton (T3)\" href=\"https:\/\/gicd.inf.um.es\/csidcav\/usuario10\/cool_timeline\/bridgerton-t3\/\" class=\"story-link\">Bridgerton (T3)<\/a><\/div><!-- Story Media --><div class=\"ctl-media full\"><a data-glightbox=\"Bridgerton (T3)\" href=\"https:\/\/gicd.inf.um.es\/csidcav\/usuario10\/wp-content\/uploads\/2025\/11\/2024-Bridgerton.jpg\" class=\"ctl_glightbox\"><img loading=\"lazy\" decoding=\"async\" width=\"640\" height=\"800\" src=\"https:\/\/gicd.inf.um.es\/csidcav\/usuario10\/wp-content\/uploads\/2025\/11\/2024-Bridgerton-819x1024.jpg\" class=\"story-img wp-post-image\" alt=\"Bridgerton T3\" srcset=\"https:\/\/gicd.inf.um.es\/csidcav\/usuario10\/wp-content\/uploads\/2025\/11\/2024-Bridgerton-819x1024.jpg 819w, https:\/\/gicd.inf.um.es\/csidcav\/usuario10\/wp-content\/uploads\/2025\/11\/2024-Bridgerton-240x300.jpg 240w, https:\/\/gicd.inf.um.es\/csidcav\/usuario10\/wp-content\/uploads\/2025\/11\/2024-Bridgerton-768x960.jpg 768w, https:\/\/gicd.inf.um.es\/csidcav\/usuario10\/wp-content\/uploads\/2025\/11\/2024-Bridgerton.jpg 960w\" sizes=\"auto, (max-width: 640px) 100vw, 640px\" \/><\/a><\/div><!-- Story Date --><div class=\"ctl-labels\"><div class=\"ctl-label-big story-date\">2024<\/div><\/div><!-- Story Description --><div class=\"ctl-description\"><p>Netflix \/ Phoebe Dynevor, Luke Newton, Nicola Coughlan \/ Romance hist\u00f3rico-Drama<\/p>\n<\/div><\/div><\/div><!-- Timeline Content --><div  id=\"ctl-story-249\" class=\"ctl-story ctl-story-icon even ctl-story-left\" data-aos=\"fade-up\"   data-story-index=\"6\" role=\"article\"><!-- Story Icon --><div class=\"ctl-icon\"><i class= \"fa fas fa-gamepad\" aria-hidden =\"true\"><\/i><\/div> <!-- Story Arrow --><div class=\"ctl-arrow\"><\/div><!-- Story Content --><div class=\"ctl-content\"><!-- Story Title --><div class=\"ctl-title story-249\" aria-label=\"2\"><a target=\"_self\" title=\"Squid Game (T3)\" href=\"https:\/\/gicd.inf.um.es\/csidcav\/usuario10\/cool_timeline\/squid-game-t3\/\" class=\"story-link\">Squid Game (T3)<\/a><\/div><!-- Story Media --><div class=\"ctl-media full\"><a data-glightbox=\"Squid Game (T3)\" href=\"https:\/\/gicd.inf.um.es\/csidcav\/usuario10\/wp-content\/uploads\/2025\/11\/2025-Squid-game-T3.jpeg\" class=\"ctl_glightbox\"><img loading=\"lazy\" decoding=\"async\" width=\"207\" height=\"244\" src=\"https:\/\/gicd.inf.um.es\/csidcav\/usuario10\/wp-content\/uploads\/2025\/11\/2025-Squid-game-T3.jpeg\" class=\"story-img wp-post-image\" alt=\"Squid Game T3\" \/><\/a><\/div><!-- Story Date --><div class=\"ctl-labels\"><div class=\"ctl-label-big story-date\">2025<\/div><\/div><!-- Story Description --><div class=\"ctl-description\"><p>Netflix \/ Lee Jung-jae, Park Hae-soo, Wi Ha-joon \/ Thriller-Sociedad<\/p>\n<\/div><\/div><\/div>\t\t\t\t\t<\/div>\n\t\t\t\t\t<div class=\"ctl-end\"><\/div>\n\t\t\t\t\t\t\t\t\t<\/div>\n\t\t\t<\/div>\n\t\t\t\n\n\n<div style=\"height:50px\" aria-hidden=\"true\" class=\"wp-block-spacer\"><\/div>\n\n\n\n<div class=\"wp-block-cover alignfull is-light has-parallax has-custom-content-position is-position-center-left\"><div role=\"img\" aria-label=\"Promociones\" class=\"wp-block-cover__image-background wp-image-12 size-large has-parallax\" style=\"background-position:50% 50%;background-image:url(https:\/\/gicd.inf.um.es\/csidcav\/usuario10\/wp-content\/uploads\/2025\/10\/hombre-con-capa-1024x427.png)\"><\/div><span aria-hidden=\"true\" class=\"wp-block-cover__background has-black-background-color has-background-dim-10 has-background-dim\"><\/span><div class=\"wp-block-cover__inner-container is-layout-constrained wp-block-cover-is-layout-constrained\">\n<p class=\"has-text-align-left has-large-font-size\"><strong>Aprovecha nuestros descuentos<\/strong><br>Usa el c\u00f3digo<\/p>\n\n\n\n<p class=\"has-text-align-left has-vivid-red-color has-text-color has-link-color has-large-font-size wp-elements-099ff9d218729be76a09870a451af442\" style=\"font-style:normal;font-weight:600\">DESCUENTO20<\/p>\n<\/div><\/div>\n","protected":false},"excerpt":{"rendered":"<p>Bienvenido a Ficciones \u00c9picas, una p\u00e1gina dedicada a los fans. Aqu\u00ed puedes descubrir m\u00e1s sobre tus series o libros favoritos, los actores que interpretan a tus personajes m\u00e1s queridos, e incluso informaci\u00f3n m\u00e1s detallada episodio a episodio de esa serie que hiciste marat\u00f3n. Adem\u00e1s encontrar\u00e1s productos de nuestras ficciones para que todos vean lo fan [&hellip;]<\/p>\n","protected":false},"author":1,"featured_media":268,"parent":0,"menu_order":0,"comment_status":"closed","ping_status":"closed","template":"","meta":{"pgc_sgb_lightbox_settings":"","footnotes":""},"class_list":["post-13","page","type-page","status-publish","has-post-thumbnail","hentry"],"_links":{"self":[{"href":"https:\/\/gicd.inf.um.es\/csidcav\/usuario10\/wp-json\/wp\/v2\/pages\/13","targetHints":{"allow":["GET"]}}],"collection":[{"href":"https:\/\/gicd.inf.um.es\/csidcav\/usuario10\/wp-json\/wp\/v2\/pages"}],"about":[{"href":"https:\/\/gicd.inf.um.es\/csidcav\/usuario10\/wp-json\/wp\/v2\/types\/page"}],"author":[{"embeddable":true,"href":"https:\/\/gicd.inf.um.es\/csidcav\/usuario10\/wp-json\/wp\/v2\/users\/1"}],"replies":[{"embeddable":true,"href":"https:\/\/gicd.inf.um.es\/csidcav\/usuario10\/wp-json\/wp\/v2\/comments?post=13"}],"version-history":[{"count":59,"href":"https:\/\/gicd.inf.um.es\/csidcav\/usuario10\/wp-json\/wp\/v2\/pages\/13\/revisions"}],"predecessor-version":[{"id":810,"href":"https:\/\/gicd.inf.um.es\/csidcav\/usuario10\/wp-json\/wp\/v2\/pages\/13\/revisions\/810"}],"wp:featuredmedia":[{"embeddable":true,"href":"https:\/\/gicd.inf.um.es\/csidcav\/usuario10\/wp-json\/wp\/v2\/media\/268"}],"wp:attachment":[{"href":"https:\/\/gicd.inf.um.es\/csidcav\/usuario10\/wp-json\/wp\/v2\/media?parent=13"}],"curies":[{"name":"wp","href":"https:\/\/api.w.org\/{rel}","templated":true}]}}