{"id":193,"date":"2025-11-07T16:15:42","date_gmt":"2025-11-07T15:15:42","guid":{"rendered":"https:\/\/gicd.inf.um.es\/csidcav\/usuario10\/?page_id=193"},"modified":"2025-11-07T16:15:42","modified_gmt":"2025-11-07T15:15:42","slug":"listado-de-actrices-y-actores","status":"publish","type":"page","link":"https:\/\/gicd.inf.um.es\/csidcav\/usuario10\/listado-de-actrices-y-actores\/","title":{"rendered":"Listado de actrices y actores"},"content":{"rendered":"\n<p>En esta p\u00e1gina recopilamos la informaci\u00f3n de cada una de las actrices y actores que protagonizan nuestras series preferidas. <\/p>\n\n\n\n<div class=\"wp-block-query is-layout-flow wp-block-query-is-layout-flow\"><ul class=\"wp-block-post-template is-layout-flow wp-block-post-template-is-layout-flow\"><li class=\"wp-block-post post-473 actor type-actor status-publish hentry\">\n<h2 class=\"wp-block-post-title\"><a href=\"https:\/\/gicd.inf.um.es\/csidcav\/usuario10\/actor\/liza-weil\/\" target=\"_self\" >Liza Weil<\/a><\/h2>\n\n<p>Liza Weil (nacida el 5 de junio de 1977 en Passaic, Nueva Jersey) es una actriz estadounidense conocida por interpretar a Paris Geller en Gilmore Girls, uno de sus papeles m\u00e1s emblem\u00e1ticos. Creci\u00f3 en una familia ligada al teatro y comenz\u00f3 a actuar desde peque\u00f1a en giras teatrales. M\u00e1s adelante trabaj\u00f3 en cine y televisi\u00f3n, apareciendo en proyectos como Stir of Echoes y Whatever. Tras Gilmore Girls, obtuvo gran reconocimiento por su papel de Bonnie Winterbottom en la serie How to Get Away with Murder. Su versatilidad y presencia intensa en pantalla la han convertido en una actriz destacada en la televisi\u00f3n contempor\u00e1nea.<\/p>\n\n<\/li><li class=\"wp-block-post post-471 actor type-actor status-publish hentry\">\n<h2 class=\"wp-block-post-title\"><a href=\"https:\/\/gicd.inf.um.es\/csidcav\/usuario10\/actor\/edward-herrmann\/\" target=\"_self\" >Edward Herrmann<\/a><\/h2>\n\n<p>Edward Herrmann (21 de julio de 1943 \u2013 31 de diciembre de 2014) fue un actor estadounidense de cine, teatro y televisi\u00f3n, recordado especialmente por su papel como Richard Gilmore en Gilmore Girls. Reconocido por su voz distintiva y su presencia elegante, construy\u00f3 una s\u00f3lida carrera que incluy\u00f3 trabajos en Broadway \u2014donde gan\u00f3 un premio Tony en 1976\u2014 y en numerosas producciones cinematogr\u00e1ficas como The Great Gatsby, The Lost Boys y Annie. Tambi\u00e9n fue un prol\u00edfico narrador de documentales y audiolibros. A lo largo de su trayectoria recibi\u00f3 m\u00faltiples elogios por su versatilidad y profesionalismo, dejando un legado duradero en la pantalla y el escenario.<\/p>\n\n<\/li><li class=\"wp-block-post post-469 actor type-actor status-publish hentry\">\n<h2 class=\"wp-block-post-title\"><a href=\"https:\/\/gicd.inf.um.es\/csidcav\/usuario10\/actor\/kelly-bishop\/\" target=\"_self\" >Kelly Bishop<\/a><\/h2>\n\n<p>Kelly Bishop (nacida el 28 de febrero de 1944 en Colorado Springs, Colorado) es una actriz estadounidense de teatro, cine y televisi\u00f3n, ampliamente reconocida por su papel de Emily Gilmore en Gilmore Girls. Inici\u00f3 su carrera como bailarina profesional y alcanz\u00f3 gran notoriedad en Broadway, donde gan\u00f3 un premio Tony por su interpretaci\u00f3n de Sheila en el musical A Chorus Line (1976). M\u00e1s tarde se traslad\u00f3 al cine con papeles memorables como la madre de Baby en Dirty Dancing. A lo largo de su carrera ha participado en numerosas series y pel\u00edculas, destac\u00e1ndose por su presencia elegante y su estilo interpretativo s\u00f3lido y vers\u00e1til.<\/p>\n\n<\/li><li class=\"wp-block-post post-466 actor type-actor status-publish hentry\">\n<h2 class=\"wp-block-post-title\"><a href=\"https:\/\/gicd.inf.um.es\/csidcav\/usuario10\/actor\/466\/\" target=\"_self\" >Scott Patterson<\/a><\/h2>\n\n<p>Scott Patterson (nacido el 11 de septiembre de 1958 en Philadelphia, Pensilvania) es un actor y exjugador de b\u00e9isbol estadounidense, conocido sobre todo por interpretar a Luke Danes en la serie Gilmore Girls. Antes de dedicarse a la actuaci\u00f3n, jug\u00f3 profesionalmente en ligas menores durante los a\u00f1os 80. Posteriormente estudi\u00f3 interpretaci\u00f3n en Nueva York y comenz\u00f3 a trabajar en cine y televisi\u00f3n. Adem\u00e1s de Gilmore Girls, ha aparecido en producciones como Saw IV, Saw V y Saw VI, as\u00ed como en la serie The Event. Su papel como Luke lo consolid\u00f3 como uno de los personajes m\u00e1s queridos de la televisi\u00f3n de principios de los 2000.<\/p>\n\n<\/li><li class=\"wp-block-post post-464 actor type-actor status-publish hentry\">\n<h2 class=\"wp-block-post-title\"><a href=\"https:\/\/gicd.inf.um.es\/csidcav\/usuario10\/actor\/lauren-graham-2\/\" target=\"_self\" >Lauren Graham<\/a><\/h2>\n\n<p>Lauren Graham (nacida el 16 de marzo de 1967 en Honolulu, Haw\u00e1i) es una actriz, productora y escritora estadounidense reconocida por su papel de Lorelai Gilmore en la serie Gilmore Girls, que la convirti\u00f3 en una figura destacada de la televisi\u00f3n. Creci\u00f3 entre Washington D. C. y Virginia, y antes de dedicarse a la actuaci\u00f3n obtuvo una licenciatura en Literatura Inglesa y una maestr\u00eda en Artes Esc\u00e9nicas. Adem\u00e1s de Gilmore Girls, protagoniz\u00f3 la serie Parenthood y particip\u00f3 en diversas pel\u00edculas, como Bad Santa y Evan Almighty. Tambi\u00e9n ha publicado libros exitosos, consolid\u00e1ndose como una autora con voz propia y estilo humor\u00edstico.<\/p>\n\n<\/li><li class=\"wp-block-post post-460 actor type-actor status-publish hentry\">\n<h2 class=\"wp-block-post-title\"><a href=\"https:\/\/gicd.inf.um.es\/csidcav\/usuario10\/actor\/alexis-bledel-2\/\" target=\"_self\" >Alexis Bledel<\/a><\/h2>\n\n<p>Alexis Bledel (nacida el 16 de septiembre de 1981 en Houston, Texas) es una actriz y modelo estadounidense conocida principalmente por su papel de Rory Gilmore en la serie Gilmore Girls, con la que alcanz\u00f3 reconocimiento internacional. Hija de padres de origen argentino y mexicano, creci\u00f3 en un entorno hispanohablante antes de iniciarse en el modelaje y posteriormente en la actuaci\u00f3n. Adem\u00e1s de su trabajo en Gilmore Girls, ha participado en pel\u00edculas como Tuck Everlasting, Sin City y The Sisterhood of the Traveling Pants, as\u00ed como en la serie The Handmaid\u2019s Tale, por la que recibi\u00f3 elogios de la cr\u00edtica y un premio Emmy.<\/p>\n\n<\/li><li class=\"wp-block-post post-190 actor type-actor status-publish hentry\">\n<h2 class=\"wp-block-post-title\"><a href=\"https:\/\/gicd.inf.um.es\/csidcav\/usuario10\/actor\/geraldine-james\/\" target=\"_self\" >Geraldine James<\/a><\/h2>\n\n<p>Geraldine James (Order of the British Empire) nacida el 6 de julio de 1950, es una actriz inglesa, conocida por ser parte del elenco de Anne with an E, interpretando a Marilla Cuthbert.<\/p>\n\n<\/li><li class=\"wp-block-post post-189 actor type-actor status-publish hentry\">\n<h2 class=\"wp-block-post-title\"><a href=\"https:\/\/gicd.inf.um.es\/csidcav\/usuario10\/actor\/amybeth-mcnulty\/\" target=\"_self\" >Amybeth McNulty<\/a><\/h2>\n\n<p>Amybeth McNulty (Donegal, \u00dalster, 7 de noviembre de 2001) es una actriz irlando-canadiense.[1]\u200b Es conocida por interpretar a Anne Shirley en la serie de CBC\/Netflix Anne with an E, basada en la novela de 1908 Ana de las tejas verdes, de Lucy Maud Montgomery.<\/p>\n\n<\/li><li class=\"wp-block-post post-188 actor type-actor status-publish hentry\">\n<h2 class=\"wp-block-post-title\"><a href=\"https:\/\/gicd.inf.um.es\/csidcav\/usuario10\/actor\/lauren-graham\/\" target=\"_self\" >Lauren Graham<\/a><\/h2>\n\n<p>Lauren Helen Graham (Honolulu, Haw\u00e1i, 16 de marzo de 1967) es una actriz y escritora estadounidense,[3]\u200b conocida por su papel de Lorelai Gilmore en la aclamada serie Las chicas Gilmore (2000\u20132007) y Sarah Braverman en la serie de televisi\u00f3n Parenthood (2010\u20132015). En el cine destaca sus papeles en pel\u00edculas como Bad Santa (2003), Evan Almighty (2007), Because I Said So (2007), entre otras. Tambi\u00e9n, Graham protagoniz\u00f3 la producci\u00f3n 2009 del musical Guys and Dolls en Broadway.<\/p>\n\n<\/li><li class=\"wp-block-post post-183 actor type-actor status-publish hentry\">\n<h2 class=\"wp-block-post-title\"><a href=\"https:\/\/gicd.inf.um.es\/csidcav\/usuario10\/actor\/alexis-bledel\/\" target=\"_self\" >Alexis Bledel<\/a><\/h2>\n\n<p>Kimberly Alexis Bledel (Houston, Texas, 16 de septiembre de 1981) es una actriz y modelo estadounidense. Es conocida por interpretar a Rory Gilmore en la serie Gilmore Girls y a Lena Kaligaris en la saga de pel\u00edculas The Sisterhood of the Traveling Pants.<\/p>\n\n<\/li><\/ul>\n\n<nav class=\"wp-block-query-pagination is-layout-flex wp-block-query-pagination-is-layout-flex\" aria-label=\"Paginaci\u00f3n\">\n\n\n<div class=\"wp-block-query-pagination-numbers\"><span aria-label=\"P\u00e1gina 1\" aria-current=\"page\" class=\"page-numbers current\">1<\/span>\n<a aria-label=\"P\u00e1gina 2\" class=\"page-numbers\" href=\"?query-12-page=2\">2<\/a>\n<a aria-label=\"P\u00e1gina 3\" class=\"page-numbers\" href=\"?query-12-page=3\">3<\/a><\/div>\n\n<a href=\"\/csidcav\/usuario10\/wp-json\/wp\/v2\/pages\/193?query-12-page=2\" class=\"wp-block-query-pagination-next\">P\u00e1gina siguiente<\/a>\n<\/nav>\n\n<\/div>\n","protected":false},"excerpt":{"rendered":"<p>En esta p\u00e1gina recopilamos la informaci\u00f3n de cada una de las actrices y actores que protagonizan nuestras series preferidas.<\/p>\n","protected":false},"author":1,"featured_media":0,"parent":0,"menu_order":0,"comment_status":"closed","ping_status":"closed","template":"","meta":{"pgc_sgb_lightbox_settings":"","footnotes":""},"class_list":["post-193","page","type-page","status-publish","hentry"],"_links":{"self":[{"href":"https:\/\/gicd.inf.um.es\/csidcav\/usuario10\/wp-json\/wp\/v2\/pages\/193","targetHints":{"allow":["GET"]}}],"collection":[{"href":"https:\/\/gicd.inf.um.es\/csidcav\/usuario10\/wp-json\/wp\/v2\/pages"}],"about":[{"href":"https:\/\/gicd.inf.um.es\/csidcav\/usuario10\/wp-json\/wp\/v2\/types\/page"}],"author":[{"embeddable":true,"href":"https:\/\/gicd.inf.um.es\/csidcav\/usuario10\/wp-json\/wp\/v2\/users\/1"}],"replies":[{"embeddable":true,"href":"https:\/\/gicd.inf.um.es\/csidcav\/usuario10\/wp-json\/wp\/v2\/comments?post=193"}],"version-history":[{"count":1,"href":"https:\/\/gicd.inf.um.es\/csidcav\/usuario10\/wp-json\/wp\/v2\/pages\/193\/revisions"}],"predecessor-version":[{"id":194,"href":"https:\/\/gicd.inf.um.es\/csidcav\/usuario10\/wp-json\/wp\/v2\/pages\/193\/revisions\/194"}],"wp:attachment":[{"href":"https:\/\/gicd.inf.um.es\/csidcav\/usuario10\/wp-json\/wp\/v2\/media?parent=193"}],"curies":[{"name":"wp","href":"https:\/\/api.w.org\/{rel}","templated":true}]}}