{"id":560,"date":"2025-12-06T22:12:03","date_gmt":"2025-12-06T21:12:03","guid":{"rendered":"https:\/\/gicd.inf.um.es\/csidcav\/usuario10\/?page_id=560"},"modified":"2025-12-07T13:55:33","modified_gmt":"2025-12-07T12:55:33","slug":"todas-las-series","status":"publish","type":"page","link":"https:\/\/gicd.inf.um.es\/csidcav\/usuario10\/todas-las-series\/","title":{"rendered":"Todas las series"},"content":{"rendered":"\n<div class=\"wp-block-query is-layout-flow wp-block-query-is-layout-flow\"><ul class=\"columns-3 wp-block-post-template is-layout-grid wp-container-core-post-template-is-layout-2fc57c17 wp-block-post-template-is-layout-grid\"><li class=\"wp-block-post post-97 post type-post status-publish format-standard has-post-thumbnail hentry category-drama category-epoca category-series tag-36 tag-huerfana tag-imaginacion tag-infancia tag-vida-en-el-campo\">\n\n<div class=\"wp-block-group bs-blog-post\"><div class=\"wp-block-group__inner-container is-layout-constrained wp-block-group-is-layout-constrained\"><figure class=\"wp-block-post-featured-image\"><a href=\"https:\/\/gicd.inf.um.es\/csidcav\/usuario10\/anne-with-an-e\/\" target=\"_self\"  ><img loading=\"lazy\" decoding=\"async\" width=\"1920\" height=\"1080\" src=\"https:\/\/gicd.inf.um.es\/csidcav\/usuario10\/wp-content\/uploads\/2025\/10\/62047449.jpg\" class=\"attachment-post-thumbnail size-post-thumbnail wp-post-image\" alt=\"Anne with an E\" style=\"object-fit:cover;\" srcset=\"https:\/\/gicd.inf.um.es\/csidcav\/usuario10\/wp-content\/uploads\/2025\/10\/62047449.jpg 1920w, https:\/\/gicd.inf.um.es\/csidcav\/usuario10\/wp-content\/uploads\/2025\/10\/62047449-300x169.jpg 300w, https:\/\/gicd.inf.um.es\/csidcav\/usuario10\/wp-content\/uploads\/2025\/10\/62047449-1024x576.jpg 1024w, https:\/\/gicd.inf.um.es\/csidcav\/usuario10\/wp-content\/uploads\/2025\/10\/62047449-768x432.jpg 768w, https:\/\/gicd.inf.um.es\/csidcav\/usuario10\/wp-content\/uploads\/2025\/10\/62047449-1536x864.jpg 1536w, https:\/\/gicd.inf.um.es\/csidcav\/usuario10\/wp-content\/uploads\/2025\/10\/62047449-1280x720.jpg 1280w\" sizes=\"auto, (max-width: 1920px) 100vw, 1920px\" \/><\/a><\/figure>\n\n\n<div class=\"wp-block-group small\"><div class=\"wp-block-group__inner-container is-layout-constrained wp-block-group-is-layout-constrained\"><h2 class=\"wp-block-post-title\"><a href=\"https:\/\/gicd.inf.um.es\/csidcav\/usuario10\/anne-with-an-e\/\" target=\"_self\" >Anne with an E<\/a><\/h2>\n\n<div class=\"taxonomy-category wp-block-post-terms\"><a href=\"https:\/\/gicd.inf.um.es\/csidcav\/usuario10\/category\/series\/drama\/\" rel=\"tag\">Drama<\/a><span class=\"wp-block-post-terms__separator\">, <\/span><a href=\"https:\/\/gicd.inf.um.es\/csidcav\/usuario10\/category\/series\/epoca\/\" rel=\"tag\">\u00c9poca<\/a><span class=\"wp-block-post-terms__separator\">, <\/span><a href=\"https:\/\/gicd.inf.um.es\/csidcav\/usuario10\/category\/series\/\" rel=\"tag\">Series<\/a><\/div>\n\n<div class=\"wp-block-post-excerpt\"><p class=\"wp-block-post-excerpt__excerpt\">Una valiente y apasionada hu\u00e9rfana encuentra hogar poco com\u00fan con dos hermanos de caracteres muy distintos. Basada en la famosa novela e \u00abAna de las Tejas Verdes\u00bb. <\/p><\/div><\/div><\/div>\n\n\n\n<div style=\"height:50px\" aria-hidden=\"true\" class=\"wp-block-spacer\"><\/div>\n<\/div><\/div>\n\n<\/li><li class=\"wp-block-post post-57 post type-post status-publish format-standard has-post-thumbnail hentry category-drama category-series category-thriller tag-comedia-negra tag-drogas tag-enfermedad tag-policiaco\">\n\n<div class=\"wp-block-group bs-blog-post\"><div class=\"wp-block-group__inner-container is-layout-constrained wp-block-group-is-layout-constrained\"><figure class=\"wp-block-post-featured-image\"><a href=\"https:\/\/gicd.inf.um.es\/csidcav\/usuario10\/breaking-bad\/\" target=\"_self\"  ><img loading=\"lazy\" decoding=\"async\" width=\"1920\" height=\"1080\" src=\"https:\/\/gicd.inf.um.es\/csidcav\/usuario10\/wp-content\/uploads\/2025\/10\/bb-poster-horizonal.jpg\" class=\"attachment-post-thumbnail size-post-thumbnail wp-post-image\" alt=\"Breaking Bad\" style=\"object-fit:cover;\" srcset=\"https:\/\/gicd.inf.um.es\/csidcav\/usuario10\/wp-content\/uploads\/2025\/10\/bb-poster-horizonal.jpg 1920w, https:\/\/gicd.inf.um.es\/csidcav\/usuario10\/wp-content\/uploads\/2025\/10\/bb-poster-horizonal-300x169.jpg 300w, https:\/\/gicd.inf.um.es\/csidcav\/usuario10\/wp-content\/uploads\/2025\/10\/bb-poster-horizonal-1024x576.jpg 1024w, https:\/\/gicd.inf.um.es\/csidcav\/usuario10\/wp-content\/uploads\/2025\/10\/bb-poster-horizonal-768x432.jpg 768w, https:\/\/gicd.inf.um.es\/csidcav\/usuario10\/wp-content\/uploads\/2025\/10\/bb-poster-horizonal-1536x864.jpg 1536w, https:\/\/gicd.inf.um.es\/csidcav\/usuario10\/wp-content\/uploads\/2025\/10\/bb-poster-horizonal-1280x720.jpg 1280w\" sizes=\"auto, (max-width: 1920px) 100vw, 1920px\" \/><\/a><\/figure>\n\n\n<div class=\"wp-block-group small\"><div class=\"wp-block-group__inner-container is-layout-constrained wp-block-group-is-layout-constrained\"><h2 class=\"wp-block-post-title\"><a href=\"https:\/\/gicd.inf.um.es\/csidcav\/usuario10\/breaking-bad\/\" target=\"_self\" >Breaking Bad<\/a><\/h2>\n\n<div class=\"taxonomy-category wp-block-post-terms\"><a href=\"https:\/\/gicd.inf.um.es\/csidcav\/usuario10\/category\/series\/drama\/\" rel=\"tag\">Drama<\/a><span class=\"wp-block-post-terms__separator\">, <\/span><a href=\"https:\/\/gicd.inf.um.es\/csidcav\/usuario10\/category\/series\/\" rel=\"tag\">Series<\/a><span class=\"wp-block-post-terms__separator\">, <\/span><a href=\"https:\/\/gicd.inf.um.es\/csidcav\/usuario10\/category\/series\/thriller\/\" rel=\"tag\">Thriller<\/a><\/div>\n\n<div class=\"wp-block-post-excerpt\"><p class=\"wp-block-post-excerpt__excerpt\">Walter White es un profesor de qu\u00edmica de instituto con c\u00e1ncer de pulm\u00f3n incurable. Para ayudar a su familia decide fabricar anfetaminas y venderlas ayudado por un antiguo alumno. <\/p><\/div><\/div><\/div>\n\n\n\n<div style=\"height:50px\" aria-hidden=\"true\" class=\"wp-block-spacer\"><\/div>\n<\/div><\/div>\n\n<\/li><li class=\"wp-block-post post-59 post type-post status-publish format-standard has-post-thumbnail hentry category-accion category-aventuras category-ciencia-ficcion category-series tag-star-wars tag-western-futurista\">\n\n<div class=\"wp-block-group bs-blog-post\"><div class=\"wp-block-group__inner-container is-layout-constrained wp-block-group-is-layout-constrained\"><figure class=\"wp-block-post-featured-image\"><a href=\"https:\/\/gicd.inf.um.es\/csidcav\/usuario10\/el-mandaloriano\/\" target=\"_self\"  ><img loading=\"lazy\" decoding=\"async\" width=\"1920\" height=\"1080\" src=\"https:\/\/gicd.inf.um.es\/csidcav\/usuario10\/wp-content\/uploads\/2025\/10\/em-poster-horizontal.jpg\" class=\"attachment-post-thumbnail size-post-thumbnail wp-post-image\" alt=\"El Mandaloriano\" style=\"object-fit:cover;\" srcset=\"https:\/\/gicd.inf.um.es\/csidcav\/usuario10\/wp-content\/uploads\/2025\/10\/em-poster-horizontal.jpg 1920w, https:\/\/gicd.inf.um.es\/csidcav\/usuario10\/wp-content\/uploads\/2025\/10\/em-poster-horizontal-300x169.jpg 300w, https:\/\/gicd.inf.um.es\/csidcav\/usuario10\/wp-content\/uploads\/2025\/10\/em-poster-horizontal-1024x576.jpg 1024w, https:\/\/gicd.inf.um.es\/csidcav\/usuario10\/wp-content\/uploads\/2025\/10\/em-poster-horizontal-768x432.jpg 768w, https:\/\/gicd.inf.um.es\/csidcav\/usuario10\/wp-content\/uploads\/2025\/10\/em-poster-horizontal-1536x864.jpg 1536w, https:\/\/gicd.inf.um.es\/csidcav\/usuario10\/wp-content\/uploads\/2025\/10\/em-poster-horizontal-1280x720.jpg 1280w\" sizes=\"auto, (max-width: 1920px) 100vw, 1920px\" \/><\/a><\/figure>\n\n\n<div class=\"wp-block-group small\"><div class=\"wp-block-group__inner-container is-layout-constrained wp-block-group-is-layout-constrained\"><h2 class=\"wp-block-post-title\"><a href=\"https:\/\/gicd.inf.um.es\/csidcav\/usuario10\/el-mandaloriano\/\" target=\"_self\" >El Mandaloriano<\/a><\/h2>\n\n<div class=\"taxonomy-category wp-block-post-terms\"><a href=\"https:\/\/gicd.inf.um.es\/csidcav\/usuario10\/category\/series\/accion\/\" rel=\"tag\">Acci\u00f3n<\/a><span class=\"wp-block-post-terms__separator\">, <\/span><a href=\"https:\/\/gicd.inf.um.es\/csidcav\/usuario10\/category\/series\/aventuras\/\" rel=\"tag\">Aventuras<\/a><span class=\"wp-block-post-terms__separator\">, <\/span><a href=\"https:\/\/gicd.inf.um.es\/csidcav\/usuario10\/category\/series\/ciencia-ficcion\/\" rel=\"tag\">Ciencia Ficcion<\/a><span class=\"wp-block-post-terms__separator\">, <\/span><a href=\"https:\/\/gicd.inf.um.es\/csidcav\/usuario10\/category\/series\/\" rel=\"tag\">Series<\/a><\/div>\n\n<div class=\"wp-block-post-excerpt\"><p class=\"wp-block-post-excerpt__excerpt\">Cinco a\u00f1os despu\u00e9s de los eventos de El Retorno del Jedi y la ca\u00edda del imperio gal\u00e1ctico, un cazarrecompensas mandaloriano solitario acepta una misi\u00f3n en los confines de la galaxia. <\/p><\/div><\/div><\/div>\n\n\n\n<div style=\"height:50px\" aria-hidden=\"true\" class=\"wp-block-spacer\"><\/div>\n<\/div><\/div>\n\n<\/li><li class=\"wp-block-post post-836 post type-post status-publish format-standard has-post-thumbnail hentry category-drama category-series tag-familia tag-historias-cruzadas\">\n\n<div class=\"wp-block-group bs-blog-post\"><div class=\"wp-block-group__inner-container is-layout-constrained wp-block-group-is-layout-constrained\"><figure class=\"wp-block-post-featured-image\"><a href=\"https:\/\/gicd.inf.um.es\/csidcav\/usuario10\/expatriadas\/\" target=\"_self\"  ><img loading=\"lazy\" decoding=\"async\" width=\"1920\" height=\"1080\" src=\"https:\/\/gicd.inf.um.es\/csidcav\/usuario10\/wp-content\/uploads\/2026\/02\/expatriados-poster.jpg\" class=\"attachment-post-thumbnail size-post-thumbnail wp-post-image\" alt=\"Expatriadas\" style=\"object-fit:cover;\" srcset=\"https:\/\/gicd.inf.um.es\/csidcav\/usuario10\/wp-content\/uploads\/2026\/02\/expatriados-poster.jpg 1920w, https:\/\/gicd.inf.um.es\/csidcav\/usuario10\/wp-content\/uploads\/2026\/02\/expatriados-poster-300x169.jpg 300w, https:\/\/gicd.inf.um.es\/csidcav\/usuario10\/wp-content\/uploads\/2026\/02\/expatriados-poster-1024x576.jpg 1024w, https:\/\/gicd.inf.um.es\/csidcav\/usuario10\/wp-content\/uploads\/2026\/02\/expatriados-poster-768x432.jpg 768w, https:\/\/gicd.inf.um.es\/csidcav\/usuario10\/wp-content\/uploads\/2026\/02\/expatriados-poster-1536x864.jpg 1536w, https:\/\/gicd.inf.um.es\/csidcav\/usuario10\/wp-content\/uploads\/2026\/02\/expatriados-poster-1280x720.jpg 1280w\" sizes=\"auto, (max-width: 1920px) 100vw, 1920px\" \/><\/a><\/figure>\n\n\n<div class=\"wp-block-group small\"><div class=\"wp-block-group__inner-container is-layout-constrained wp-block-group-is-layout-constrained\"><h2 class=\"wp-block-post-title\"><a href=\"https:\/\/gicd.inf.um.es\/csidcav\/usuario10\/expatriadas\/\" target=\"_self\" >Expatriadas<\/a><\/h2>\n\n<div class=\"taxonomy-category wp-block-post-terms\"><a href=\"https:\/\/gicd.inf.um.es\/csidcav\/usuario10\/category\/series\/drama\/\" rel=\"tag\">Drama<\/a><span class=\"wp-block-post-terms__separator\">, <\/span><a href=\"https:\/\/gicd.inf.um.es\/csidcav\/usuario10\/category\/series\/\" rel=\"tag\">Series<\/a><\/div>\n\n<div class=\"wp-block-post-excerpt\"><p class=\"wp-block-post-excerpt__excerpt\">En el vibrante y tumultuoso Hong Kong de 2014, las vidas de tres mujeres estadounidenses -Margaret, Hilary y Mercy- se cruzan tras una repentina tragedia familiar. <\/p><\/div><\/div><\/div>\n\n\n\n<div style=\"height:50px\" aria-hidden=\"true\" class=\"wp-block-spacer\"><\/div>\n<\/div><\/div>\n\n<\/li><li class=\"wp-block-post post-81 post type-post status-publish format-standard has-post-thumbnail hentry category-comedia category-drama category-familia category-series tag-cafe tag-escuela-privada tag-familia-monoparental tag-otono tag-pueblo-pequeno tag-stars-hollow\">\n\n<div class=\"wp-block-group bs-blog-post\"><div class=\"wp-block-group__inner-container is-layout-constrained wp-block-group-is-layout-constrained\"><figure class=\"wp-block-post-featured-image\"><a href=\"https:\/\/gicd.inf.um.es\/csidcav\/usuario10\/gilmore-girls\/\" target=\"_self\"  ><img loading=\"lazy\" decoding=\"async\" width=\"1920\" height=\"1080\" src=\"https:\/\/gicd.inf.um.es\/csidcav\/usuario10\/wp-content\/uploads\/2025\/10\/6734ab7df37f6.jpg\" class=\"attachment-post-thumbnail size-post-thumbnail wp-post-image\" alt=\"Gilmore Girls\" style=\"object-fit:cover;\" srcset=\"https:\/\/gicd.inf.um.es\/csidcav\/usuario10\/wp-content\/uploads\/2025\/10\/6734ab7df37f6.jpg 1920w, https:\/\/gicd.inf.um.es\/csidcav\/usuario10\/wp-content\/uploads\/2025\/10\/6734ab7df37f6-300x169.jpg 300w, https:\/\/gicd.inf.um.es\/csidcav\/usuario10\/wp-content\/uploads\/2025\/10\/6734ab7df37f6-1024x576.jpg 1024w, https:\/\/gicd.inf.um.es\/csidcav\/usuario10\/wp-content\/uploads\/2025\/10\/6734ab7df37f6-768x432.jpg 768w, https:\/\/gicd.inf.um.es\/csidcav\/usuario10\/wp-content\/uploads\/2025\/10\/6734ab7df37f6-1536x864.jpg 1536w, https:\/\/gicd.inf.um.es\/csidcav\/usuario10\/wp-content\/uploads\/2025\/10\/6734ab7df37f6-1280x720.jpg 1280w\" sizes=\"auto, (max-width: 1920px) 100vw, 1920px\" \/><\/a><\/figure>\n\n\n<div class=\"wp-block-group small\"><div class=\"wp-block-group__inner-container is-layout-constrained wp-block-group-is-layout-constrained\"><h2 class=\"wp-block-post-title\"><a href=\"https:\/\/gicd.inf.um.es\/csidcav\/usuario10\/gilmore-girls\/\" target=\"_self\" >Gilmore Girls<\/a><\/h2>\n\n<div class=\"taxonomy-category wp-block-post-terms\"><a href=\"https:\/\/gicd.inf.um.es\/csidcav\/usuario10\/category\/series\/comedia\/\" rel=\"tag\">Comedia<\/a><span class=\"wp-block-post-terms__separator\">, <\/span><a href=\"https:\/\/gicd.inf.um.es\/csidcav\/usuario10\/category\/series\/drama\/\" rel=\"tag\">Drama<\/a><span class=\"wp-block-post-terms__separator\">, <\/span><a href=\"https:\/\/gicd.inf.um.es\/csidcav\/usuario10\/category\/series\/familia\/\" rel=\"tag\">Familia<\/a><span class=\"wp-block-post-terms__separator\">, <\/span><a href=\"https:\/\/gicd.inf.um.es\/csidcav\/usuario10\/category\/series\/\" rel=\"tag\">Series<\/a><\/div>\n\n<div class=\"wp-block-post-excerpt\"><p class=\"wp-block-post-excerpt__excerpt\">Lorelai es una mujer muy independiente que cr\u00eda a su incre\u00edblemente inteligente hija Rory entre un continuo vaiv\u00e9n de ingeniosas conversaciones. <\/p><\/div><\/div><\/div>\n\n\n\n<div style=\"height:50px\" aria-hidden=\"true\" class=\"wp-block-spacer\"><\/div>\n<\/div><\/div>\n\n<\/li><li class=\"wp-block-post post-52 post type-post status-publish format-standard has-post-thumbnail hentry category-accion category-drama category-fantastico category-series tag-dragones tag-espada-y-brujeria tag-fantasia-medieval tag-venganza\">\n\n<div class=\"wp-block-group bs-blog-post\"><div class=\"wp-block-group__inner-container is-layout-constrained wp-block-group-is-layout-constrained\"><figure class=\"wp-block-post-featured-image\"><a href=\"https:\/\/gicd.inf.um.es\/csidcav\/usuario10\/juego-de-tronos\/\" target=\"_self\"  ><img loading=\"lazy\" decoding=\"async\" width=\"1920\" height=\"1080\" src=\"https:\/\/gicd.inf.um.es\/csidcav\/usuario10\/wp-content\/uploads\/2025\/10\/jdt-poster-horizonal.jpg\" class=\"attachment-post-thumbnail size-post-thumbnail wp-post-image\" alt=\"Juego de tronos\" style=\"object-fit:cover;\" srcset=\"https:\/\/gicd.inf.um.es\/csidcav\/usuario10\/wp-content\/uploads\/2025\/10\/jdt-poster-horizonal.jpg 1920w, https:\/\/gicd.inf.um.es\/csidcav\/usuario10\/wp-content\/uploads\/2025\/10\/jdt-poster-horizonal-300x169.jpg 300w, https:\/\/gicd.inf.um.es\/csidcav\/usuario10\/wp-content\/uploads\/2025\/10\/jdt-poster-horizonal-1024x576.jpg 1024w, https:\/\/gicd.inf.um.es\/csidcav\/usuario10\/wp-content\/uploads\/2025\/10\/jdt-poster-horizonal-768x432.jpg 768w, https:\/\/gicd.inf.um.es\/csidcav\/usuario10\/wp-content\/uploads\/2025\/10\/jdt-poster-horizonal-1536x864.jpg 1536w, https:\/\/gicd.inf.um.es\/csidcav\/usuario10\/wp-content\/uploads\/2025\/10\/jdt-poster-horizonal-1280x720.jpg 1280w\" sizes=\"auto, (max-width: 1920px) 100vw, 1920px\" \/><\/a><\/figure>\n\n\n<div class=\"wp-block-group small\"><div class=\"wp-block-group__inner-container is-layout-constrained wp-block-group-is-layout-constrained\"><h2 class=\"wp-block-post-title\"><a href=\"https:\/\/gicd.inf.um.es\/csidcav\/usuario10\/juego-de-tronos\/\" target=\"_self\" >Juego de tronos<\/a><\/h2>\n\n<div class=\"taxonomy-category wp-block-post-terms\"><a href=\"https:\/\/gicd.inf.um.es\/csidcav\/usuario10\/category\/series\/accion\/\" rel=\"tag\">Acci\u00f3n<\/a><span class=\"wp-block-post-terms__separator\">, <\/span><a href=\"https:\/\/gicd.inf.um.es\/csidcav\/usuario10\/category\/series\/drama\/\" rel=\"tag\">Drama<\/a><span class=\"wp-block-post-terms__separator\">, <\/span><a href=\"https:\/\/gicd.inf.um.es\/csidcav\/usuario10\/category\/series\/fantastico\/\" rel=\"tag\">Fant\u00e1stico<\/a><span class=\"wp-block-post-terms__separator\">, <\/span><a href=\"https:\/\/gicd.inf.um.es\/csidcav\/usuario10\/category\/series\/\" rel=\"tag\">Series<\/a><\/div>\n\n<div class=\"wp-block-post-excerpt\"><p class=\"wp-block-post-excerpt__excerpt\">Las distintas casas nobiliarias del continente ficticio de Poniente luchan entre s\u00ed para tener el control del Trono de Hierro y gobernar los siete reinos que conforman el territorio. <\/p><\/div><\/div><\/div>\n\n\n\n<div style=\"height:50px\" aria-hidden=\"true\" class=\"wp-block-spacer\"><\/div>\n<\/div><\/div>\n\n<\/li><li class=\"wp-block-post post-61 post type-post status-publish format-standard has-post-thumbnail hentry category-drama category-fantastico category-series category-terror tag-anos-80 tag-monstruos tag-secuestros-desapariciones tag-sobrenatural\">\n\n<div class=\"wp-block-group bs-blog-post\"><div class=\"wp-block-group__inner-container is-layout-constrained wp-block-group-is-layout-constrained\"><figure class=\"wp-block-post-featured-image\"><a href=\"https:\/\/gicd.inf.um.es\/csidcav\/usuario10\/stranger-things\/\" target=\"_self\"  ><img loading=\"lazy\" decoding=\"async\" width=\"1920\" height=\"1080\" src=\"https:\/\/gicd.inf.um.es\/csidcav\/usuario10\/wp-content\/uploads\/2025\/10\/st-poster-horizontal.jpg\" class=\"attachment-post-thumbnail size-post-thumbnail wp-post-image\" alt=\"Stranger Things\" style=\"object-fit:cover;\" srcset=\"https:\/\/gicd.inf.um.es\/csidcav\/usuario10\/wp-content\/uploads\/2025\/10\/st-poster-horizontal.jpg 1920w, https:\/\/gicd.inf.um.es\/csidcav\/usuario10\/wp-content\/uploads\/2025\/10\/st-poster-horizontal-300x169.jpg 300w, https:\/\/gicd.inf.um.es\/csidcav\/usuario10\/wp-content\/uploads\/2025\/10\/st-poster-horizontal-1024x576.jpg 1024w, https:\/\/gicd.inf.um.es\/csidcav\/usuario10\/wp-content\/uploads\/2025\/10\/st-poster-horizontal-768x432.jpg 768w, https:\/\/gicd.inf.um.es\/csidcav\/usuario10\/wp-content\/uploads\/2025\/10\/st-poster-horizontal-1536x864.jpg 1536w, https:\/\/gicd.inf.um.es\/csidcav\/usuario10\/wp-content\/uploads\/2025\/10\/st-poster-horizontal-1280x720.jpg 1280w\" sizes=\"auto, (max-width: 1920px) 100vw, 1920px\" \/><\/a><\/figure>\n\n\n<div class=\"wp-block-group small\"><div class=\"wp-block-group__inner-container is-layout-constrained wp-block-group-is-layout-constrained\"><h2 class=\"wp-block-post-title\"><a href=\"https:\/\/gicd.inf.um.es\/csidcav\/usuario10\/stranger-things\/\" target=\"_self\" >Stranger Things<\/a><\/h2>\n\n<div class=\"taxonomy-category wp-block-post-terms\"><a href=\"https:\/\/gicd.inf.um.es\/csidcav\/usuario10\/category\/series\/drama\/\" rel=\"tag\">Drama<\/a><span class=\"wp-block-post-terms__separator\">, <\/span><a href=\"https:\/\/gicd.inf.um.es\/csidcav\/usuario10\/category\/series\/fantastico\/\" rel=\"tag\">Fant\u00e1stico<\/a><span class=\"wp-block-post-terms__separator\">, <\/span><a href=\"https:\/\/gicd.inf.um.es\/csidcav\/usuario10\/category\/series\/\" rel=\"tag\">Series<\/a><span class=\"wp-block-post-terms__separator\">, <\/span><a href=\"https:\/\/gicd.inf.um.es\/csidcav\/usuario10\/category\/series\/terror\/\" rel=\"tag\">Terror<\/a><\/div>\n\n<div class=\"wp-block-post-excerpt\"><p class=\"wp-block-post-excerpt__excerpt\">En 1983 un ni\u00f1o desaparece en el peque\u00f1o pueblo de Hawkins. Amigos, familiares y el sheriff local se ven envueltos experimentos ultrasecretos y fuerzas paranormales terror\u00edficas. <\/p><\/div><\/div><\/div>\n\n\n\n<div style=\"height:50px\" aria-hidden=\"true\" class=\"wp-block-spacer\"><\/div>\n<\/div><\/div>\n\n<\/li><li class=\"wp-block-post post-833 post type-post status-publish format-standard has-post-thumbnail hentry category-accion category-ciencia-ficcion category-drama category-series category-terror category-thriller tag-futuro-postapocaliptico tag-pandemias tag-videojuego\">\n\n<div class=\"wp-block-group bs-blog-post\"><div class=\"wp-block-group__inner-container is-layout-constrained wp-block-group-is-layout-constrained\"><figure class=\"wp-block-post-featured-image\"><a href=\"https:\/\/gicd.inf.um.es\/csidcav\/usuario10\/the-last-of-us\/\" target=\"_self\"  ><img loading=\"lazy\" decoding=\"async\" width=\"1920\" height=\"1080\" src=\"https:\/\/gicd.inf.um.es\/csidcav\/usuario10\/wp-content\/uploads\/2026\/02\/tlou-poster.jpg\" class=\"attachment-post-thumbnail size-post-thumbnail wp-post-image\" alt=\"The Last of Us\" style=\"object-fit:cover;\" srcset=\"https:\/\/gicd.inf.um.es\/csidcav\/usuario10\/wp-content\/uploads\/2026\/02\/tlou-poster.jpg 1920w, https:\/\/gicd.inf.um.es\/csidcav\/usuario10\/wp-content\/uploads\/2026\/02\/tlou-poster-300x169.jpg 300w, https:\/\/gicd.inf.um.es\/csidcav\/usuario10\/wp-content\/uploads\/2026\/02\/tlou-poster-1024x576.jpg 1024w, https:\/\/gicd.inf.um.es\/csidcav\/usuario10\/wp-content\/uploads\/2026\/02\/tlou-poster-768x432.jpg 768w, https:\/\/gicd.inf.um.es\/csidcav\/usuario10\/wp-content\/uploads\/2026\/02\/tlou-poster-1536x864.jpg 1536w, https:\/\/gicd.inf.um.es\/csidcav\/usuario10\/wp-content\/uploads\/2026\/02\/tlou-poster-1280x720.jpg 1280w\" sizes=\"auto, (max-width: 1920px) 100vw, 1920px\" \/><\/a><\/figure>\n\n\n<div class=\"wp-block-group small\"><div class=\"wp-block-group__inner-container is-layout-constrained wp-block-group-is-layout-constrained\"><h2 class=\"wp-block-post-title\"><a href=\"https:\/\/gicd.inf.um.es\/csidcav\/usuario10\/the-last-of-us\/\" target=\"_self\" >The Last of Us<\/a><\/h2>\n\n<div class=\"taxonomy-category wp-block-post-terms\"><a href=\"https:\/\/gicd.inf.um.es\/csidcav\/usuario10\/category\/series\/accion\/\" rel=\"tag\">Acci\u00f3n<\/a><span class=\"wp-block-post-terms__separator\">, <\/span><a href=\"https:\/\/gicd.inf.um.es\/csidcav\/usuario10\/category\/series\/ciencia-ficcion\/\" rel=\"tag\">Ciencia Ficcion<\/a><span class=\"wp-block-post-terms__separator\">, <\/span><a href=\"https:\/\/gicd.inf.um.es\/csidcav\/usuario10\/category\/series\/drama\/\" rel=\"tag\">Drama<\/a><span class=\"wp-block-post-terms__separator\">, <\/span><a href=\"https:\/\/gicd.inf.um.es\/csidcav\/usuario10\/category\/series\/\" rel=\"tag\">Series<\/a><span class=\"wp-block-post-terms__separator\">, <\/span><a href=\"https:\/\/gicd.inf.um.es\/csidcav\/usuario10\/category\/series\/terror\/\" rel=\"tag\">Terror<\/a><span class=\"wp-block-post-terms__separator\">, <\/span><a href=\"https:\/\/gicd.inf.um.es\/csidcav\/usuario10\/category\/series\/thriller\/\" rel=\"tag\">Thriller<\/a><\/div>\n\n<div class=\"wp-block-post-excerpt\"><p class=\"wp-block-post-excerpt__excerpt\">Despu\u00e9s de que una pandemia mundial destruye la civilizaci\u00f3n, un superviviente endurecido se hace cargo de una ni\u00f1a de 14 a\u00f1os que puede ser la \u00faltima esperanza de la humanidad. <\/p><\/div><\/div><\/div>\n\n\n\n<div style=\"height:50px\" aria-hidden=\"true\" class=\"wp-block-spacer\"><\/div>\n<\/div><\/div>\n\n<\/li><\/ul>\n\n\n\n<\/div>\n","protected":false},"excerpt":{"rendered":"","protected":false},"author":1,"featured_media":0,"parent":0,"menu_order":0,"comment_status":"closed","ping_status":"closed","template":"","meta":{"pgc_sgb_lightbox_settings":"","footnotes":""},"class_list":["post-560","page","type-page","status-publish","hentry"],"_links":{"self":[{"href":"https:\/\/gicd.inf.um.es\/csidcav\/usuario10\/wp-json\/wp\/v2\/pages\/560","targetHints":{"allow":["GET"]}}],"collection":[{"href":"https:\/\/gicd.inf.um.es\/csidcav\/usuario10\/wp-json\/wp\/v2\/pages"}],"about":[{"href":"https:\/\/gicd.inf.um.es\/csidcav\/usuario10\/wp-json\/wp\/v2\/types\/page"}],"author":[{"embeddable":true,"href":"https:\/\/gicd.inf.um.es\/csidcav\/usuario10\/wp-json\/wp\/v2\/users\/1"}],"replies":[{"embeddable":true,"href":"https:\/\/gicd.inf.um.es\/csidcav\/usuario10\/wp-json\/wp\/v2\/comments?post=560"}],"version-history":[{"count":2,"href":"https:\/\/gicd.inf.um.es\/csidcav\/usuario10\/wp-json\/wp\/v2\/pages\/560\/revisions"}],"predecessor-version":[{"id":611,"href":"https:\/\/gicd.inf.um.es\/csidcav\/usuario10\/wp-json\/wp\/v2\/pages\/560\/revisions\/611"}],"wp:attachment":[{"href":"https:\/\/gicd.inf.um.es\/csidcav\/usuario10\/wp-json\/wp\/v2\/media?parent=560"}],"curies":[{"name":"wp","href":"https:\/\/api.w.org\/{rel}","templated":true}]}}