{"id":190,"date":"2025-11-05T17:42:20","date_gmt":"2025-11-05T16:42:20","guid":{"rendered":"https:\/\/gicd.inf.um.es\/csidcav\/usuario13\/?page_id=190"},"modified":"2025-11-05T17:48:33","modified_gmt":"2025-11-05T16:48:33","slug":"listado-de-actrices-y-actores","status":"publish","type":"page","link":"https:\/\/gicd.inf.um.es\/csidcav\/usuario13\/listado-de-actrices-y-actores\/","title":{"rendered":"Listado de actrices y actores"},"content":{"rendered":"\n<p>En esta p\u00e1gina recopilamos la informaci\u00f3n de cada una de las actrices y actores que protagonizan nuestras series preferidas<\/p>\n\n\n\n<div class=\"wp-block-query is-layout-flow wp-block-query-is-layout-flow\"><ul class=\"wp-block-post-template is-layout-flow wp-block-post-template-is-layout-flow\"><li class=\"wp-block-post post-183 actor type-actor status-publish hentry\">\n<h2 class=\"wp-block-post-title\"><a href=\"https:\/\/gicd.inf.um.es\/csidcav\/usuario13\/actor\/aaron-paul\/\" target=\"_self\" >Aaron Paul<\/a><\/h2>\n\n<p>Aaron Paul Sturtevant\u200b (Emmett, Idaho; 27 de agosto de 1979) es un actor y productor estadounidense conocido por interpretar al personaje de Jesse Pinkman en la serie de AMC Breaking Bad, desde su estreno el 20 de enero de 2008. Tambi\u00e9n tiene un papel recurrente como Scott en la serie de HBO Big Love, adem\u00e1s de haber protagonizado la pel\u00edcula Need for Speed.<\/p>\n\n<\/li><li class=\"wp-block-post post-184 actor type-actor status-publish hentry\">\n<h2 class=\"wp-block-post-title\"><a href=\"https:\/\/gicd.inf.um.es\/csidcav\/usuario13\/actor\/bella-ramsey\/\" target=\"_self\" >Bella Ramsey<\/a><\/h2>\n\n<p>Isabella May Ramsey (Nottinghamshire, Inglaterra, 25 de septiembre de 2003\u200b), m\u00e1s conocida como Bella Ramsey, es una persona int\u00e9rprete de cine, televisi\u00f3n y teatro brit\u00e1nica. Interpret\u00f3 a Lyanna Mormont en Juego de tronos,\u200b a Mildred Hubble en The Worst Witch, a Hilda en la serie del mismo nombre y a Ellie en la serie de televisi\u00f3n basada en el videojuego The Last of Us.<\/p>\n\n<\/li><li class=\"wp-block-post post-429 actor type-actor status-publish hentry\">\n<h2 class=\"wp-block-post-title\"><a href=\"https:\/\/gicd.inf.um.es\/csidcav\/usuario13\/actor\/blake-lively\/\" target=\"_self\" >Blake Lively<\/a><\/h2>\n\n<p>Blake Ellender Brown (Los \u00c1ngeles, 25 de agosto de 1987), conocida como Blake Lively, es una actriz, modelo y empresaria estadounidense que salt\u00f3 a la fama con su papel protagonista de Serena van der Woodsen en la serie Gossip Girl (2007-2012). En su filmograf\u00eda son destacables el drama teen titulado The Sisterhood of the Traveling Pants (2005) y su secuela (2008); el romance The Age of Adaline (2015) y The Shallows (2016).<\/p>\n<p>La se\u00f1a de identidad de Lively son sus rasgos f\u00edsicos y la vestimenta que luce, al m\u00e1s puro estilo Old Hollywood.Blake ha sido nombrada como una de las \u00ab100 personas m\u00e1s influyentes\u00bb por la revista Time;\u200b \u00abLa Mujer m\u00e1s deseable\u00bb por la revista AskMen.com; y una de las \u00abMujeres m\u00e1s Bellas\u00bb por la revista People.<\/p>\n\n<\/li><li class=\"wp-block-post post-182 actor type-actor status-publish hentry\">\n<h2 class=\"wp-block-post-title\"><a href=\"https:\/\/gicd.inf.um.es\/csidcav\/usuario13\/actor\/bryan-cranston\/\" target=\"_self\" >Bryan Cranston<\/a><\/h2>\n\n<p>Bryan Lee Cranston es un actor, actor de voz, guionista, productor y director estadounidense, reconocido por su interpretaci\u00f3n de Walter White (en la serie de AMC Breaking Bad), de Hal Wilkerson (el padre de familia de la serie de FOX Malcolm in the middle), y del doctor Tim Whatley (en la comedia de NBC Seinfeld). El papel de Walter White le ha convertido en uno de los grandes en el panorama del cine y la televisi\u00f3n habiendo sido galardonado con numerosos premios como los Emmy y los Globos de Oro. En la d\u00e9cada de los 2000 pas\u00f3 de ser un actor de papeles menores a ser uno de los m\u00e1s reconocidos en la industria cinematogr\u00e1fica, llegando a ser nominado a los Premios \u00d3scar en 2016.<\/p>\n\n<\/li><li class=\"wp-block-post post-436 actor type-actor status-publish hentry\">\n<h2 class=\"wp-block-post-title\"><a href=\"https:\/\/gicd.inf.um.es\/csidcav\/usuario13\/actor\/chace-crawford\/\" target=\"_self\" >Chace Crawford<\/a><\/h2>\n\n<p>Christopher Chace Crawford (Lubbock, Texas; 18 de julio de 1985) es un actor estadounidense, conocido por su papel de Nate Archibald en la serie Gossip Girl de The CW,\u200b y como \u00abThe Deep\u00bb en la serie original de Amazon Prime The Boys.<\/p>\n<p>Vivi\u00f3 en Bloomington, Minnesota, durante cuatro a\u00f1os y luego se gradu\u00f3 de secundaria en el Trinity Christian Academy. Despu\u00e9s de la secundaria se mud\u00f3 a Malib\u00fa, California, para asistir a la universidad de Pepperdine, donde estudi\u00f3 periodismo.<\/p>\n\n<\/li><li class=\"wp-block-post post-440 actor type-actor status-publish hentry\">\n<h2 class=\"wp-block-post-title\"><a href=\"https:\/\/gicd.inf.um.es\/csidcav\/usuario13\/actor\/ed-westwick\/\" target=\"_self\" >Ed Westwick<\/a><\/h2>\n\n<p>Edward Jack Peter \u00abEd\u00bb Westwick (Stevenage, Hertfordshire, 27 de junio de 1987) es un actor y m\u00fasico brit\u00e1nico. Es conocido por interpretar al multimillonario Chuck Bass en la serie de televisi\u00f3n de la cadena The CW Gossip Girl (2007-2012) y por ser el vocalista del grupo de rock The Filthy Youth. Asimismo, ha trabajado en largometrajes como S. Darko (2009), Chalet Girl (2011), J. Edgar (2011) y Romeo &#038; Juliet (2013).<\/p>\n\n<\/li><li class=\"wp-block-post post-181 actor type-actor status-publish hentry\">\n<h2 class=\"wp-block-post-title\"><a href=\"https:\/\/gicd.inf.um.es\/csidcav\/usuario13\/actor\/emilia-clarke\/\" target=\"_self\" >Emilia Clarke<\/a><\/h2>\n\n<p>Emilia Isobel Euphemia Rose Clarke (Londres, 23 de octubre de 1986),\u200b conocida como Emilia Clarke, es una actriz y autora brit\u00e1nica, conocida principalmente por interpretar a Daenerys Targaryen en la serie de HBO Game of Thrones.<\/p>\n\n<\/li><li class=\"wp-block-post post-189 actor type-actor status-publish hentry\">\n<h2 class=\"wp-block-post-title\"><a href=\"https:\/\/gicd.inf.um.es\/csidcav\/usuario13\/actor\/giancarlo-esposito\/\" target=\"_self\" >Giancarlo Esposito<\/a><\/h2>\n\n<p>Giancarlo Giuseppe Alessandro Esposito (Copenhague, 26 de abril de 1958), conocido como Giancarlo Esposito, es un actor y director de cine y televisi\u00f3n estadounidense nacido en Dinamarca, conocido sobre todo por su papel como Gustavo \u00abGus\u00bb Fring en las series Breaking Bad y Better Call Saul, y como Moff Gideon en The Mandalorian.<\/p>\n\n<\/li><li class=\"wp-block-post post-193 actor type-actor status-publish hentry\">\n<h2 class=\"wp-block-post-title\"><a href=\"https:\/\/gicd.inf.um.es\/csidcav\/usuario13\/actor\/kit-harrington\/\" target=\"_self\" >Kit Harrington<\/a><\/h2>\n\n<p>Christopher Catesby Harington (Acton, Gran Londres, Reino Unido, 26 de diciembre de 1986), m\u00e1s conocido como Kit Harington, es un actor brit\u00e1nico, reconocido internacionalmente por su papel de Jon Snow en la serie Game Of Thrones y por su participaci\u00f3n como el Caballero Negro en la pel\u00edcula Eternals (2021) de Marvel Studios.<\/p>\n\n<\/li><li class=\"wp-block-post post-431 actor type-actor status-publish hentry\">\n<h2 class=\"wp-block-post-title\"><a href=\"https:\/\/gicd.inf.um.es\/csidcav\/usuario13\/actor\/leighton-meester\/\" target=\"_self\" >Leighton Meester<\/a><\/h2>\n\n<p>Leighton Marissa Meester (Fort Worth, Texas; 9 de abril de 1986) es una actriz, cantante, compositora, pintora y modelo estadounidense. <\/p>\n<p>Despu\u00e9s de trabajar como modelo, Leighton Meester debuta en la peque\u00f1a pantalla, en 1999, con un peque\u00f1o papel en la serie \u2018Ley y orden\u2019. La actriz contin\u00faa interpretando roles secundarios en varias ficciones televisvas hasta que obtiene su primer papel importante en la pel\u00edcula \u2018Hangman&#8217;s Curse\u2019 (2003). Ese mismo a\u00f1o tambi\u00e9n aparece, durante ocho episodios, en la serie \u2018Tarz\u00e1n\u2019, finalmente salt\u00f3 a la fama por su papel como Blair Waldorf en la serie de The CW Gossip Girl.<\/p>\n\n<\/li><\/ul>\n\n<nav class=\"wp-block-query-pagination is-layout-flex wp-block-query-pagination-is-layout-flex\" aria-label=\"Paginaci\u00f3n\">\n\n\n<div class=\"wp-block-query-pagination-numbers\"><span aria-label=\"P\u00e1gina 1\" aria-current=\"page\" class=\"page-numbers current\">1<\/span>\n<a aria-label=\"P\u00e1gina 2\" class=\"page-numbers\" href=\"?query-7-page=2\">2<\/a><\/div>\n\n<a href=\"\/csidcav\/usuario13\/wp-json\/wp\/v2\/pages\/190?query-7-page=2\" class=\"wp-block-query-pagination-next\">P\u00e1gina siguiente<\/a>\n<\/nav>\n\n<\/div>\n","protected":false},"excerpt":{"rendered":"<p>En esta p\u00e1gina recopilamos la informaci\u00f3n de cada una de las actrices y actores que protagonizan nuestras series preferidas<\/p>\n","protected":false},"author":1,"featured_media":0,"parent":0,"menu_order":0,"comment_status":"closed","ping_status":"closed","template":"","meta":{"footnotes":""},"class_list":["post-190","page","type-page","status-publish","hentry"],"_links":{"self":[{"href":"https:\/\/gicd.inf.um.es\/csidcav\/usuario13\/wp-json\/wp\/v2\/pages\/190","targetHints":{"allow":["GET"]}}],"collection":[{"href":"https:\/\/gicd.inf.um.es\/csidcav\/usuario13\/wp-json\/wp\/v2\/pages"}],"about":[{"href":"https:\/\/gicd.inf.um.es\/csidcav\/usuario13\/wp-json\/wp\/v2\/types\/page"}],"author":[{"embeddable":true,"href":"https:\/\/gicd.inf.um.es\/csidcav\/usuario13\/wp-json\/wp\/v2\/users\/1"}],"replies":[{"embeddable":true,"href":"https:\/\/gicd.inf.um.es\/csidcav\/usuario13\/wp-json\/wp\/v2\/comments?post=190"}],"version-history":[{"count":2,"href":"https:\/\/gicd.inf.um.es\/csidcav\/usuario13\/wp-json\/wp\/v2\/pages\/190\/revisions"}],"predecessor-version":[{"id":194,"href":"https:\/\/gicd.inf.um.es\/csidcav\/usuario13\/wp-json\/wp\/v2\/pages\/190\/revisions\/194"}],"wp:attachment":[{"href":"https:\/\/gicd.inf.um.es\/csidcav\/usuario13\/wp-json\/wp\/v2\/media?parent=190"}],"curies":[{"name":"wp","href":"https:\/\/api.w.org\/{rel}","templated":true}]}}