{"id":212,"date":"2025-11-12T17:10:23","date_gmt":"2025-11-12T16:10:23","guid":{"rendered":"https:\/\/gicd.inf.um.es\/csidcav\/usuario13\/?page_id=212"},"modified":"2025-12-04T19:13:39","modified_gmt":"2025-12-04T18:13:39","slug":"contacta-con-nosotros","status":"publish","type":"page","link":"https:\/\/gicd.inf.um.es\/csidcav\/usuario13\/contacta-con-nosotros\/","title":{"rendered":"Equipo de Redacci\u00f3n"},"content":{"rendered":"\n<div class=\"wp-block-columns is-layout-flex wp-container-core-columns-is-layout-9d6595d7 wp-block-columns-is-layout-flex\">\n<div class=\"wp-block-column is-layout-flow wp-block-column-is-layout-flow\">\n<h2 class=\"wp-block-heading\">Odalys Esparza<\/h2>\n\n\n\n<figure class=\"wp-block-image size-large\"><img loading=\"lazy\" decoding=\"async\" width=\"1024\" height=\"747\" src=\"https:\/\/gicd.inf.um.es\/csidcav\/usuario13\/wp-content\/uploads\/2025\/12\/Gemini_Generated_Image_w0h527w0h527w0h5-1024x747.png\" alt=\"Odalys Esparza\" class=\"wp-image-481\" srcset=\"https:\/\/gicd.inf.um.es\/csidcav\/usuario13\/wp-content\/uploads\/2025\/12\/Gemini_Generated_Image_w0h527w0h527w0h5-1024x747.png 1024w, https:\/\/gicd.inf.um.es\/csidcav\/usuario13\/wp-content\/uploads\/2025\/12\/Gemini_Generated_Image_w0h527w0h527w0h5-300x219.png 300w, https:\/\/gicd.inf.um.es\/csidcav\/usuario13\/wp-content\/uploads\/2025\/12\/Gemini_Generated_Image_w0h527w0h527w0h5-768x560.png 768w, https:\/\/gicd.inf.um.es\/csidcav\/usuario13\/wp-content\/uploads\/2025\/12\/Gemini_Generated_Image_w0h527w0h527w0h5.png 1184w\" sizes=\"auto, (max-width: 1024px) 100vw, 1024px\" \/><figcaption class=\"wp-element-caption\"><strong>Jefa de Contenido y Estrategia Audiovisual <\/strong><\/figcaption><\/figure>\n\n\n\n<p class=\"has-small-font-size\">Odalys es la encargada de que la p\u00e1gina mantenga su relevancia y visibilidad en l\u00ednea, busca tendencias y analiza datos proporcionando material para el sitio web. Adem\u00e1s, es la responsable de la Optimizaci\u00f3n SEO, investiga palabras clave de alta demanda y estructura el contenido para que los art\u00edculos alcancen la cima de los resultados de b\u00fasqueda, garantizando un flujo constante de nuevos lectores a trav\u00e9s de canales org\u00e1nicos.<\/p>\n<\/div>\n\n\n\n<div class=\"wp-block-column is-layout-flow wp-block-column-is-layout-flow\">\n<h2 class=\"wp-block-heading\">Joe Ulloa<\/h2>\n\n\n\n<figure class=\"wp-block-image size-large\"><img loading=\"lazy\" decoding=\"async\" width=\"1024\" height=\"747\" src=\"https:\/\/gicd.inf.um.es\/csidcav\/usuario13\/wp-content\/uploads\/2025\/12\/Gemini_Generated_Image_5ta0v85ta0v85ta0-1024x747.png\" alt=\"Jos\u00e9 Carlos Ulloa\" class=\"wp-image-482\" srcset=\"https:\/\/gicd.inf.um.es\/csidcav\/usuario13\/wp-content\/uploads\/2025\/12\/Gemini_Generated_Image_5ta0v85ta0v85ta0-1024x747.png 1024w, https:\/\/gicd.inf.um.es\/csidcav\/usuario13\/wp-content\/uploads\/2025\/12\/Gemini_Generated_Image_5ta0v85ta0v85ta0-300x219.png 300w, https:\/\/gicd.inf.um.es\/csidcav\/usuario13\/wp-content\/uploads\/2025\/12\/Gemini_Generated_Image_5ta0v85ta0v85ta0-768x560.png 768w, https:\/\/gicd.inf.um.es\/csidcav\/usuario13\/wp-content\/uploads\/2025\/12\/Gemini_Generated_Image_5ta0v85ta0v85ta0.png 1184w\" sizes=\"auto, (max-width: 1024px) 100vw, 1024px\" \/><figcaption class=\"wp-element-caption\"><strong>Editor Web y Experiencia del Lector<\/strong><\/figcaption><\/figure>\n\n\n\n<p class=\"has-small-font-size\">Joe se encarga de la parte t\u00e9cnica y la Experiencia del Usuario (UX), asegurando que el contenido se consuma de manera fluida. Se asegura de que la web sea funcional en todos los dispositivos, lo que reduce la tasa de rebote. Su rol tambi\u00e9n abarca la Gesti\u00f3n del Engagement, moderando los comentarios y optimizando la multimedia para transformar a los visitantes ocasionales en una comunidad de lectores leales.<\/p>\n<\/div>\n<\/div>\n\n\n\n<h2 class=\"wp-block-heading\">Contacta con nosotros<\/h2>\n\n\n\n<div class=\"wpcf7 no-js\" id=\"wpcf7-f211-o1\" lang=\"es-ES\" dir=\"ltr\" data-wpcf7-id=\"211\">\n<div class=\"screen-reader-response\"><p role=\"status\" aria-live=\"polite\" aria-atomic=\"true\"><\/p> <ul><\/ul><\/div>\n<form action=\"\/csidcav\/usuario13\/wp-json\/wp\/v2\/pages\/212#wpcf7-f211-o1\" method=\"post\" class=\"wpcf7-form init\" aria-label=\"Formulario de contacto\" novalidate=\"novalidate\" data-status=\"init\">\n<fieldset class=\"hidden-fields-container\"><input type=\"hidden\" name=\"_wpcf7\" value=\"211\" \/><input type=\"hidden\" name=\"_wpcf7_version\" value=\"6.1.3\" \/><input type=\"hidden\" name=\"_wpcf7_locale\" value=\"es_ES\" \/><input type=\"hidden\" name=\"_wpcf7_unit_tag\" value=\"wpcf7-f211-o1\" \/><input type=\"hidden\" name=\"_wpcf7_container_post\" value=\"0\" \/><input type=\"hidden\" name=\"_wpcf7_posted_data_hash\" value=\"\" \/>\n<\/fieldset>\n<p><label> Tu nombre<br \/>\n<span class=\"wpcf7-form-control-wrap\" data-name=\"your-name\"><input size=\"40\" maxlength=\"400\" class=\"wpcf7-form-control wpcf7-text wpcf7-validates-as-required\" autocomplete=\"name\" aria-required=\"true\" aria-invalid=\"false\" value=\"\" type=\"text\" name=\"your-name\" \/><\/span><br \/>\n<\/label>\n<\/p>\n<p><label> Tu correo electr\u00f3nico<br \/>\n<span class=\"wpcf7-form-control-wrap\" data-name=\"your-email\"><input size=\"40\" maxlength=\"400\" class=\"wpcf7-form-control wpcf7-email wpcf7-validates-as-required wpcf7-text wpcf7-validates-as-email\" autocomplete=\"email\" aria-required=\"true\" aria-invalid=\"false\" value=\"\" type=\"email\" name=\"your-email\" \/><\/span><br \/>\n<\/label>\n<\/p>\n<p><label> Asunto<br \/>\n<span class=\"wpcf7-form-control-wrap\" data-name=\"your-subject\"><select class=\"wpcf7-form-control wpcf7-select wpcf7-validates-as-required\" aria-required=\"true\" aria-invalid=\"false\" name=\"your-subject\"><option value=\"Consulta general\">Consulta general<\/option><option value=\"Informaci\u00f3n sobre series\">Informaci\u00f3n sobre series<\/option><option value=\"Productos de Series \u00c9picas\">Productos de Series \u00c9picas<\/option><option value=\"Informaci\u00f3n sobre libros\">Informaci\u00f3n sobre libros<\/option><option value=\"Colaboraciones\">Colaboraciones<\/option><\/select><\/span><br \/>\n<\/label>\n<\/p>\n<p><label> Tu mensaje (opcional)<br \/>\n<span class=\"wpcf7-form-control-wrap\" data-name=\"your-message\"><textarea cols=\"40\" rows=\"10\" maxlength=\"2000\" class=\"wpcf7-form-control wpcf7-textarea\" aria-invalid=\"false\" name=\"your-message\"><\/textarea><\/span><br \/>\n<\/label>\n<\/p>\n<p><label class=\"checkbox-privacy\"><br \/>\n<span class=\"wpcf7-form-control-wrap\" data-name=\"privacy-consent\"><span class=\"wpcf7-form-control wpcf7-checkbox wpcf7-validates-as-required\"><span class=\"wpcf7-list-item first last\"><label><input type=\"checkbox\" name=\"privacy-consent[]\" value=\"He le\u00eddo y acepto la pol\u00edtica de privacidad\" \/><span class=\"wpcf7-list-item-label\">He le\u00eddo y acepto la pol\u00edtica de privacidad<\/span><\/label><\/span><\/span><\/span><br \/>\n<\/label>\n<\/p>\n<p><input class=\"wpcf7-form-control wpcf7-submit has-spinner\" type=\"submit\" value=\"Enviar\" \/>\n<\/p><div class=\"wpcf7-response-output\" aria-hidden=\"true\"><\/div>\n<\/form>\n<\/div>\n\n","protected":false},"excerpt":{"rendered":"<p>Odalys Esparza Odalys es la encargada de que la p\u00e1gina mantenga su relevancia y visibilidad en l\u00ednea, busca tendencias y analiza datos proporcionando material para el sitio web. Adem\u00e1s, es la responsable de la Optimizaci\u00f3n SEO, investiga palabras clave de alta demanda y estructura el contenido para que los art\u00edculos alcancen la cima de los [&hellip;]<\/p>\n","protected":false},"author":1,"featured_media":0,"parent":0,"menu_order":0,"comment_status":"closed","ping_status":"closed","template":"","meta":{"footnotes":""},"class_list":["post-212","page","type-page","status-publish","hentry"],"_links":{"self":[{"href":"https:\/\/gicd.inf.um.es\/csidcav\/usuario13\/wp-json\/wp\/v2\/pages\/212","targetHints":{"allow":["GET"]}}],"collection":[{"href":"https:\/\/gicd.inf.um.es\/csidcav\/usuario13\/wp-json\/wp\/v2\/pages"}],"about":[{"href":"https:\/\/gicd.inf.um.es\/csidcav\/usuario13\/wp-json\/wp\/v2\/types\/page"}],"author":[{"embeddable":true,"href":"https:\/\/gicd.inf.um.es\/csidcav\/usuario13\/wp-json\/wp\/v2\/users\/1"}],"replies":[{"embeddable":true,"href":"https:\/\/gicd.inf.um.es\/csidcav\/usuario13\/wp-json\/wp\/v2\/comments?post=212"}],"version-history":[{"count":6,"href":"https:\/\/gicd.inf.um.es\/csidcav\/usuario13\/wp-json\/wp\/v2\/pages\/212\/revisions"}],"predecessor-version":[{"id":488,"href":"https:\/\/gicd.inf.um.es\/csidcav\/usuario13\/wp-json\/wp\/v2\/pages\/212\/revisions\/488"}],"wp:attachment":[{"href":"https:\/\/gicd.inf.um.es\/csidcav\/usuario13\/wp-json\/wp\/v2\/media?parent=212"}],"curies":[{"name":"wp","href":"https:\/\/api.w.org\/{rel}","templated":true}]}}