{"id":529,"date":"2025-12-07T00:02:21","date_gmt":"2025-12-06T23:02:21","guid":{"rendered":"https:\/\/gicd.inf.um.es\/csidcav\/usuario13\/?page_id=529"},"modified":"2025-12-07T01:04:15","modified_gmt":"2025-12-07T00:04:15","slug":"libros-adaptados","status":"publish","type":"page","link":"https:\/\/gicd.inf.um.es\/csidcav\/usuario13\/libros-adaptados\/","title":{"rendered":"Libros Adaptados"},"content":{"rendered":"\n<div class=\"wp-block-query is-layout-flow wp-block-query-is-layout-flow\"><ul class=\"wp-block-post-template is-layout-flow wp-block-post-template-is-layout-flow\"><li class=\"wp-block-post post-656 post type-post status-publish format-standard has-post-thumbnail hentry category-drama-libros category-libros category-misterio category-suspenso tag-periodismo tag-psicologico tag-secuestros-desapariciones-2 tag-trauma-y-redencion-personal\">\n\n<div class=\"wp-block-columns alignwide is-layout-flex wp-container-core-columns-is-layout-9d6595d7 wp-block-columns-is-layout-flex\">\n<div class=\"wp-block-column is-layout-flow wp-block-column-is-layout-flow\" style=\"flex-basis:66.66%\"><figure class=\"wp-block-post-featured-image\"><a href=\"https:\/\/gicd.inf.um.es\/csidcav\/usuario13\/la-chica-de-nieve\/\" target=\"_self\"  ><img loading=\"lazy\" decoding=\"async\" width=\"1920\" height=\"1080\" src=\"https:\/\/gicd.inf.um.es\/csidcav\/usuario13\/wp-content\/uploads\/2025\/12\/67115e364ddbf.jpg\" class=\"attachment-post-thumbnail size-post-thumbnail wp-post-image\" alt=\"La chica de nieve\" style=\"object-fit:cover;\" srcset=\"https:\/\/gicd.inf.um.es\/csidcav\/usuario13\/wp-content\/uploads\/2025\/12\/67115e364ddbf.jpg 1920w, https:\/\/gicd.inf.um.es\/csidcav\/usuario13\/wp-content\/uploads\/2025\/12\/67115e364ddbf-300x169.jpg 300w, https:\/\/gicd.inf.um.es\/csidcav\/usuario13\/wp-content\/uploads\/2025\/12\/67115e364ddbf-1024x576.jpg 1024w, https:\/\/gicd.inf.um.es\/csidcav\/usuario13\/wp-content\/uploads\/2025\/12\/67115e364ddbf-768x432.jpg 768w, https:\/\/gicd.inf.um.es\/csidcav\/usuario13\/wp-content\/uploads\/2025\/12\/67115e364ddbf-1536x864.jpg 1536w, https:\/\/gicd.inf.um.es\/csidcav\/usuario13\/wp-content\/uploads\/2025\/12\/67115e364ddbf-1280x720.jpg 1280w\" sizes=\"auto, (max-width: 1920px) 100vw, 1920px\" \/><\/a><\/figure><\/div>\n\n\n\n<div class=\"wp-block-column is-layout-flow wp-block-column-is-layout-flow\" style=\"flex-basis:33.33%\"><h2 class=\"wp-block-post-title\"><a href=\"https:\/\/gicd.inf.um.es\/csidcav\/usuario13\/la-chica-de-nieve\/\" target=\"_self\" >La chica de nieve<\/a><\/h2>\n\n<div class=\"wp-block-post-excerpt\"><p class=\"wp-block-post-excerpt__excerpt\">Cuando una ni\u00f1a desaparece durante un desfile, una joven periodista se decide a ayudar a los padres para encontrarla. <\/p><\/div><\/div>\n<\/div>\n\n<\/li><li class=\"wp-block-post post-637 post type-post status-publish format-standard has-post-thumbnail hentry category-accion category-aventuras category-drama-libros category-fantasia category-libros category-misterio tag-brujeria tag-fantasia-medieval tag-videojuego\">\n\n<div class=\"wp-block-columns alignwide is-layout-flex wp-container-core-columns-is-layout-9d6595d7 wp-block-columns-is-layout-flex\">\n<div class=\"wp-block-column is-layout-flow wp-block-column-is-layout-flow\" style=\"flex-basis:66.66%\"><figure class=\"wp-block-post-featured-image\"><a href=\"https:\/\/gicd.inf.um.es\/csidcav\/usuario13\/the-witcher\/\" target=\"_self\"  ><img loading=\"lazy\" decoding=\"async\" width=\"1920\" height=\"1080\" src=\"https:\/\/gicd.inf.um.es\/csidcav\/usuario13\/wp-content\/uploads\/2025\/12\/5ea5cbdb816eb.jpg\" class=\"attachment-post-thumbnail size-post-thumbnail wp-post-image\" alt=\"The Witcher\" style=\"object-fit:cover;\" srcset=\"https:\/\/gicd.inf.um.es\/csidcav\/usuario13\/wp-content\/uploads\/2025\/12\/5ea5cbdb816eb.jpg 1920w, https:\/\/gicd.inf.um.es\/csidcav\/usuario13\/wp-content\/uploads\/2025\/12\/5ea5cbdb816eb-300x169.jpg 300w, https:\/\/gicd.inf.um.es\/csidcav\/usuario13\/wp-content\/uploads\/2025\/12\/5ea5cbdb816eb-1024x576.jpg 1024w, https:\/\/gicd.inf.um.es\/csidcav\/usuario13\/wp-content\/uploads\/2025\/12\/5ea5cbdb816eb-768x432.jpg 768w, https:\/\/gicd.inf.um.es\/csidcav\/usuario13\/wp-content\/uploads\/2025\/12\/5ea5cbdb816eb-1536x864.jpg 1536w, https:\/\/gicd.inf.um.es\/csidcav\/usuario13\/wp-content\/uploads\/2025\/12\/5ea5cbdb816eb-1280x720.jpg 1280w\" sizes=\"auto, (max-width: 1920px) 100vw, 1920px\" \/><\/a><\/figure><\/div>\n\n\n\n<div class=\"wp-block-column is-layout-flow wp-block-column-is-layout-flow\" style=\"flex-basis:33.33%\"><h2 class=\"wp-block-post-title\"><a href=\"https:\/\/gicd.inf.um.es\/csidcav\/usuario13\/the-witcher\/\" target=\"_self\" >The Witcher<\/a><\/h2>\n\n<div class=\"wp-block-post-excerpt\"><p class=\"wp-block-post-excerpt__excerpt\">Geralt de Rivia, un cazador de monstruos solitario, lucha por encontrar su lugar en un mundo donde las personas a menudo resultan m\u00e1s malvadas que las bestias. <\/p><\/div><\/div>\n<\/div>\n\n<\/li><li class=\"wp-block-post post-620 post type-post status-publish format-standard has-post-thumbnail hentry category-drama-libros category-erotico category-libros category-romance tag-chico-rico-chica-pobre tag-bdsm tag-dark-romance\">\n\n<div class=\"wp-block-columns alignwide is-layout-flex wp-container-core-columns-is-layout-9d6595d7 wp-block-columns-is-layout-flex\">\n<div class=\"wp-block-column is-layout-flow wp-block-column-is-layout-flow\" style=\"flex-basis:66.66%\"><figure class=\"wp-block-post-featured-image\"><a href=\"https:\/\/gicd.inf.um.es\/csidcav\/usuario13\/cincuenta-sombras-de-grey\/\" target=\"_self\"  ><img loading=\"lazy\" decoding=\"async\" width=\"630\" height=\"483\" src=\"https:\/\/gicd.inf.um.es\/csidcav\/usuario13\/wp-content\/uploads\/2025\/12\/x500_630.jpg\" class=\"attachment-post-thumbnail size-post-thumbnail wp-post-image\" alt=\"Cincuenta sombras de Grey\" style=\"object-fit:cover;\" srcset=\"https:\/\/gicd.inf.um.es\/csidcav\/usuario13\/wp-content\/uploads\/2025\/12\/x500_630.jpg 630w, https:\/\/gicd.inf.um.es\/csidcav\/usuario13\/wp-content\/uploads\/2025\/12\/x500_630-300x230.jpg 300w\" sizes=\"auto, (max-width: 630px) 100vw, 630px\" \/><\/a><\/figure><\/div>\n\n\n\n<div class=\"wp-block-column is-layout-flow wp-block-column-is-layout-flow\" style=\"flex-basis:33.33%\"><h2 class=\"wp-block-post-title\"><a href=\"https:\/\/gicd.inf.um.es\/csidcav\/usuario13\/cincuenta-sombras-de-grey\/\" target=\"_self\" >Cincuenta sombras de Grey<\/a><\/h2>\n\n<div class=\"wp-block-post-excerpt\"><p class=\"wp-block-post-excerpt__excerpt\">Cuando Anastasia Steele, estudiante de \u00faltimo a\u00f1o de universidad, sustituye a su compa\u00f1era de piso enferma para entrevistar al prominente empresario Christian Grey para el peri\u00f3dico del campus, no se imagina el rumbo que tomar\u00e1 su vida. Christian, tan enigm\u00e1tico como rico y poderoso, se siente extra\u00f1amente atra\u00eddo por Ana, y ella por \u00e9l. Aunque&hellip; <\/p><\/div><\/div>\n<\/div>\n\n<\/li><li class=\"wp-block-post post-599 post type-post status-publish format-standard has-post-thumbnail hentry category-drama-libros category-libros category-romance tag-adolescencia tag-colegios-universidad\">\n\n<div class=\"wp-block-columns alignwide is-layout-flex wp-container-core-columns-is-layout-9d6595d7 wp-block-columns-is-layout-flex\">\n<div class=\"wp-block-column is-layout-flow wp-block-column-is-layout-flow\" style=\"flex-basis:66.66%\"><figure class=\"wp-block-post-featured-image\"><a href=\"https:\/\/gicd.inf.um.es\/csidcav\/usuario13\/after\/\" target=\"_self\"  ><img loading=\"lazy\" decoding=\"async\" width=\"1280\" height=\"720\" src=\"https:\/\/gicd.inf.um.es\/csidcav\/usuario13\/wp-content\/uploads\/2025\/12\/69.jpg\" class=\"attachment-post-thumbnail size-post-thumbnail wp-post-image\" alt=\"After\" style=\"object-fit:cover;\" srcset=\"https:\/\/gicd.inf.um.es\/csidcav\/usuario13\/wp-content\/uploads\/2025\/12\/69.jpg 1280w, https:\/\/gicd.inf.um.es\/csidcav\/usuario13\/wp-content\/uploads\/2025\/12\/69-300x169.jpg 300w, https:\/\/gicd.inf.um.es\/csidcav\/usuario13\/wp-content\/uploads\/2025\/12\/69-1024x576.jpg 1024w, https:\/\/gicd.inf.um.es\/csidcav\/usuario13\/wp-content\/uploads\/2025\/12\/69-768x432.jpg 768w\" sizes=\"auto, (max-width: 1280px) 100vw, 1280px\" \/><\/a><\/figure><\/div>\n\n\n\n<div class=\"wp-block-column is-layout-flow wp-block-column-is-layout-flow\" style=\"flex-basis:33.33%\"><h2 class=\"wp-block-post-title\"><a href=\"https:\/\/gicd.inf.um.es\/csidcav\/usuario13\/after\/\" target=\"_self\" >After<\/a><\/h2>\n\n<div class=\"wp-block-post-excerpt\"><p class=\"wp-block-post-excerpt__excerpt\">Tessa Young se enfrenta a su primer a\u00f1o en la Universidad WCU. Acostumbrada a una vida estable y ordenada, implicada por su madre, su mundo cambia cuando conoce a Hardin, el chico, con tatuajes y perforaciones corporales, malo por lo que aparenta. <\/p><\/div><\/div>\n<\/div>\n\n<\/li><li class=\"wp-block-post post-378 post type-post status-publish format-standard has-post-thumbnail hentry category-accion category-ciencia-ficcion category-fantasia category-libros tag-enemies-to-lovers tag-grishaverse tag-militar-y-politica tag-universo-magico\">\n\n<div class=\"wp-block-columns alignwide is-layout-flex wp-container-core-columns-is-layout-9d6595d7 wp-block-columns-is-layout-flex\">\n<div class=\"wp-block-column is-layout-flow wp-block-column-is-layout-flow\" style=\"flex-basis:66.66%\"><figure class=\"wp-block-post-featured-image\"><a href=\"https:\/\/gicd.inf.um.es\/csidcav\/usuario13\/sombra-y-hueso\/\" target=\"_self\"  ><img loading=\"lazy\" decoding=\"async\" width=\"1920\" height=\"1080\" src=\"https:\/\/gicd.inf.um.es\/csidcav\/usuario13\/wp-content\/uploads\/2025\/12\/604e4c446c3b5.jpg\" class=\"attachment-post-thumbnail size-post-thumbnail wp-post-image\" alt=\"Sombra y Hueso\" style=\"object-fit:cover;\" srcset=\"https:\/\/gicd.inf.um.es\/csidcav\/usuario13\/wp-content\/uploads\/2025\/12\/604e4c446c3b5.jpg 1920w, https:\/\/gicd.inf.um.es\/csidcav\/usuario13\/wp-content\/uploads\/2025\/12\/604e4c446c3b5-300x169.jpg 300w, https:\/\/gicd.inf.um.es\/csidcav\/usuario13\/wp-content\/uploads\/2025\/12\/604e4c446c3b5-1024x576.jpg 1024w, https:\/\/gicd.inf.um.es\/csidcav\/usuario13\/wp-content\/uploads\/2025\/12\/604e4c446c3b5-768x432.jpg 768w, https:\/\/gicd.inf.um.es\/csidcav\/usuario13\/wp-content\/uploads\/2025\/12\/604e4c446c3b5-1536x864.jpg 1536w, https:\/\/gicd.inf.um.es\/csidcav\/usuario13\/wp-content\/uploads\/2025\/12\/604e4c446c3b5-1280x720.jpg 1280w\" sizes=\"auto, (max-width: 1920px) 100vw, 1920px\" \/><\/a><\/figure><\/div>\n\n\n\n<div class=\"wp-block-column is-layout-flow wp-block-column-is-layout-flow\" style=\"flex-basis:33.33%\"><h2 class=\"wp-block-post-title\"><a href=\"https:\/\/gicd.inf.um.es\/csidcav\/usuario13\/sombra-y-hueso\/\" target=\"_self\" >Sombra y Hueso<\/a><\/h2>\n\n<div class=\"wp-block-post-excerpt\"><p class=\"wp-block-post-excerpt__excerpt\">Alina Starkov, una humilde cart\u00f3grafa, descubre que es una Grisha Invocadora del Sol, la \u00fanica con el poder para destruir el Noc\u00e9ano, una franja de oscuridad llena de monstruos que divide su pa\u00eds, Ravka. Es llevada a la corte para ser entrenada por el enigm\u00e1tico Oscuro, el l\u00edder de los Grisha, con quien debe unir&hellip; <\/p><\/div><\/div>\n<\/div>\n\n<\/li><\/ul><\/div>\n","protected":false},"excerpt":{"rendered":"","protected":false},"author":1,"featured_media":0,"parent":0,"menu_order":0,"comment_status":"closed","ping_status":"closed","template":"","meta":{"footnotes":""},"class_list":["post-529","page","type-page","status-publish","hentry"],"_links":{"self":[{"href":"https:\/\/gicd.inf.um.es\/csidcav\/usuario13\/wp-json\/wp\/v2\/pages\/529","targetHints":{"allow":["GET"]}}],"collection":[{"href":"https:\/\/gicd.inf.um.es\/csidcav\/usuario13\/wp-json\/wp\/v2\/pages"}],"about":[{"href":"https:\/\/gicd.inf.um.es\/csidcav\/usuario13\/wp-json\/wp\/v2\/types\/page"}],"author":[{"embeddable":true,"href":"https:\/\/gicd.inf.um.es\/csidcav\/usuario13\/wp-json\/wp\/v2\/users\/1"}],"replies":[{"embeddable":true,"href":"https:\/\/gicd.inf.um.es\/csidcav\/usuario13\/wp-json\/wp\/v2\/comments?post=529"}],"version-history":[{"count":12,"href":"https:\/\/gicd.inf.um.es\/csidcav\/usuario13\/wp-json\/wp\/v2\/pages\/529\/revisions"}],"predecessor-version":[{"id":554,"href":"https:\/\/gicd.inf.um.es\/csidcav\/usuario13\/wp-json\/wp\/v2\/pages\/529\/revisions\/554"}],"wp:attachment":[{"href":"https:\/\/gicd.inf.um.es\/csidcav\/usuario13\/wp-json\/wp\/v2\/media?parent=529"}],"curies":[{"name":"wp","href":"https:\/\/api.w.org\/{rel}","templated":true}]}}