{"id":563,"date":"2025-12-07T01:12:13","date_gmt":"2025-12-07T00:12:13","guid":{"rendered":"https:\/\/gicd.inf.um.es\/csidcav\/usuario13\/?page_id=563"},"modified":"2025-12-07T01:16:31","modified_gmt":"2025-12-07T00:16:31","slug":"series-de-tv","status":"publish","type":"page","link":"https:\/\/gicd.inf.um.es\/csidcav\/usuario13\/series-de-tv\/","title":{"rendered":"Series de TV"},"content":{"rendered":"\n<div class=\"wp-block-query is-layout-flow wp-block-query-is-layout-flow\"><ul class=\"wp-block-post-template is-layout-flow wp-block-post-template-is-layout-flow\"><li class=\"wp-block-post post-744 post type-post status-publish format-standard has-post-thumbnail hentry category-drama-series category-series tag-familia tag-historias-cruzadas\">\n\n<div class=\"wp-block-columns alignwide is-layout-flex wp-container-core-columns-is-layout-9d6595d7 wp-block-columns-is-layout-flex\">\n<div class=\"wp-block-column is-layout-flow wp-block-column-is-layout-flow\" style=\"flex-basis:66.66%\"><figure class=\"wp-block-post-featured-image\"><a href=\"https:\/\/gicd.inf.um.es\/csidcav\/usuario13\/expatriadas\/\" target=\"_self\"  ><img loading=\"lazy\" decoding=\"async\" width=\"1920\" height=\"1080\" src=\"https:\/\/gicd.inf.um.es\/csidcav\/usuario13\/wp-content\/uploads\/2026\/02\/expatriados-poster.jpg\" class=\"attachment-post-thumbnail size-post-thumbnail wp-post-image\" alt=\"Expatriadas\" style=\"object-fit:cover;\" srcset=\"https:\/\/gicd.inf.um.es\/csidcav\/usuario13\/wp-content\/uploads\/2026\/02\/expatriados-poster.jpg 1920w, https:\/\/gicd.inf.um.es\/csidcav\/usuario13\/wp-content\/uploads\/2026\/02\/expatriados-poster-300x169.jpg 300w, https:\/\/gicd.inf.um.es\/csidcav\/usuario13\/wp-content\/uploads\/2026\/02\/expatriados-poster-1024x576.jpg 1024w, https:\/\/gicd.inf.um.es\/csidcav\/usuario13\/wp-content\/uploads\/2026\/02\/expatriados-poster-768x432.jpg 768w, https:\/\/gicd.inf.um.es\/csidcav\/usuario13\/wp-content\/uploads\/2026\/02\/expatriados-poster-1536x864.jpg 1536w, https:\/\/gicd.inf.um.es\/csidcav\/usuario13\/wp-content\/uploads\/2026\/02\/expatriados-poster-1280x720.jpg 1280w\" sizes=\"auto, (max-width: 1920px) 100vw, 1920px\" \/><\/a><\/figure><\/div>\n\n\n\n<div class=\"wp-block-column is-layout-flow wp-block-column-is-layout-flow\" style=\"flex-basis:33.33%\"><h2 class=\"wp-block-post-title\"><a href=\"https:\/\/gicd.inf.um.es\/csidcav\/usuario13\/expatriadas\/\" target=\"_self\" >Expatriadas<\/a><\/h2>\n\n<div class=\"wp-block-post-excerpt\"><p class=\"wp-block-post-excerpt__excerpt\">En el vibrante y tumultuoso Hong Kong de 2014, las vidas de tres mujeres estadounidenses -Margaret, Hilary y Mercy- se cruzan tras una repentina tragedia familiar. <\/p><\/div><\/div>\n<\/div>\n\n<\/li><li class=\"wp-block-post post-749 post type-post status-publish format-standard has-post-thumbnail hentry category-accion-series category-ciencia-ficcion-series category-drama-series category-series category-terror-series category-thriller tag-futuro-postapocaliptico tag-pandemias tag-videojuego\">\n\n<div class=\"wp-block-columns alignwide is-layout-flex wp-container-core-columns-is-layout-9d6595d7 wp-block-columns-is-layout-flex\">\n<div class=\"wp-block-column is-layout-flow wp-block-column-is-layout-flow\" style=\"flex-basis:66.66%\"><figure class=\"wp-block-post-featured-image\"><a href=\"https:\/\/gicd.inf.um.es\/csidcav\/usuario13\/the-last-of-us\/\" target=\"_self\"  ><img loading=\"lazy\" decoding=\"async\" width=\"1920\" height=\"1080\" src=\"https:\/\/gicd.inf.um.es\/csidcav\/usuario13\/wp-content\/uploads\/2026\/02\/tlou-poster.jpg\" class=\"attachment-post-thumbnail size-post-thumbnail wp-post-image\" alt=\"The Last of Us\" style=\"object-fit:cover;\" srcset=\"https:\/\/gicd.inf.um.es\/csidcav\/usuario13\/wp-content\/uploads\/2026\/02\/tlou-poster.jpg 1920w, https:\/\/gicd.inf.um.es\/csidcav\/usuario13\/wp-content\/uploads\/2026\/02\/tlou-poster-300x169.jpg 300w, https:\/\/gicd.inf.um.es\/csidcav\/usuario13\/wp-content\/uploads\/2026\/02\/tlou-poster-1024x576.jpg 1024w, https:\/\/gicd.inf.um.es\/csidcav\/usuario13\/wp-content\/uploads\/2026\/02\/tlou-poster-768x432.jpg 768w, https:\/\/gicd.inf.um.es\/csidcav\/usuario13\/wp-content\/uploads\/2026\/02\/tlou-poster-1536x864.jpg 1536w, https:\/\/gicd.inf.um.es\/csidcav\/usuario13\/wp-content\/uploads\/2026\/02\/tlou-poster-1280x720.jpg 1280w\" sizes=\"auto, (max-width: 1920px) 100vw, 1920px\" \/><\/a><\/figure><\/div>\n\n\n\n<div class=\"wp-block-column is-layout-flow wp-block-column-is-layout-flow\" style=\"flex-basis:33.33%\"><h2 class=\"wp-block-post-title\"><a href=\"https:\/\/gicd.inf.um.es\/csidcav\/usuario13\/the-last-of-us\/\" target=\"_self\" >The Last of Us<\/a><\/h2>\n\n<div class=\"wp-block-post-excerpt\"><p class=\"wp-block-post-excerpt__excerpt\">Despu\u00e9s de que una pandemia mundial destruye la civilizaci\u00f3n, un superviviente endurecido se hace cargo de una ni\u00f1a de 14 a\u00f1os que puede ser la \u00faltima esperanza de la humanidad. <\/p><\/div><\/div>\n<\/div>\n\n<\/li><li class=\"wp-block-post post-425 post type-post status-publish format-standard has-post-thumbnail hentry category-drama-series category-romance-series category-series tag-adolescencia tag-familia-y-amistad-duradera tag-serie-de-tv tag-triangulo-amoroso\">\n\n<div class=\"wp-block-columns alignwide is-layout-flex wp-container-core-columns-is-layout-9d6595d7 wp-block-columns-is-layout-flex\">\n<div class=\"wp-block-column is-layout-flow wp-block-column-is-layout-flow\" style=\"flex-basis:66.66%\"><figure class=\"wp-block-post-featured-image\"><a href=\"https:\/\/gicd.inf.um.es\/csidcav\/usuario13\/gossip-girl\/\" target=\"_self\"  ><img loading=\"lazy\" decoding=\"async\" width=\"1644\" height=\"989\" src=\"https:\/\/gicd.inf.um.es\/csidcav\/usuario13\/wp-content\/uploads\/2025\/12\/gossip-girl.jpg\" class=\"attachment-post-thumbnail size-post-thumbnail wp-post-image\" alt=\"Gossip girl\" style=\"object-fit:cover;\" srcset=\"https:\/\/gicd.inf.um.es\/csidcav\/usuario13\/wp-content\/uploads\/2025\/12\/gossip-girl.jpg 1644w, https:\/\/gicd.inf.um.es\/csidcav\/usuario13\/wp-content\/uploads\/2025\/12\/gossip-girl-300x180.jpg 300w, https:\/\/gicd.inf.um.es\/csidcav\/usuario13\/wp-content\/uploads\/2025\/12\/gossip-girl-1024x616.jpg 1024w, https:\/\/gicd.inf.um.es\/csidcav\/usuario13\/wp-content\/uploads\/2025\/12\/gossip-girl-768x462.jpg 768w, https:\/\/gicd.inf.um.es\/csidcav\/usuario13\/wp-content\/uploads\/2025\/12\/gossip-girl-1536x924.jpg 1536w\" sizes=\"auto, (max-width: 1644px) 100vw, 1644px\" \/><\/a><\/figure><\/div>\n\n\n\n<div class=\"wp-block-column is-layout-flow wp-block-column-is-layout-flow\" style=\"flex-basis:33.33%\"><h2 class=\"wp-block-post-title\"><a href=\"https:\/\/gicd.inf.um.es\/csidcav\/usuario13\/gossip-girl\/\" target=\"_self\" >Gossip girl<\/a><\/h2>\n\n<div class=\"wp-block-post-excerpt\"><p class=\"wp-block-post-excerpt__excerpt\">Sinopsis La serie se centra en las vidas escandalosas y privilegiadas de un grupo de adolescentes de \u00e9lite en el Upper East Side de Nueva York. La protagonista principal es Serena van der Woodsen, cuyo misterioso regreso a la ciudad desencadena una nueva ola de drama. La vida de todos es narrada y manipulada por&hellip; <\/p><\/div><\/div>\n<\/div>\n\n<\/li><li class=\"wp-block-post post-234 post type-post status-publish format-standard has-post-thumbnail hentry category-ciencia-ficcion-series category-drama category-drama-series category-series tag-serie-de-antologia\">\n\n<div class=\"wp-block-columns alignwide is-layout-flex wp-container-core-columns-is-layout-9d6595d7 wp-block-columns-is-layout-flex\">\n<div class=\"wp-block-column is-layout-flow wp-block-column-is-layout-flow\" style=\"flex-basis:66.66%\"><figure class=\"wp-block-post-featured-image\"><a href=\"https:\/\/gicd.inf.um.es\/csidcav\/usuario13\/historias-del-bucle\/\" target=\"_self\"  ><img loading=\"lazy\" decoding=\"async\" width=\"1920\" height=\"1080\" src=\"https:\/\/gicd.inf.um.es\/csidcav\/usuario13\/wp-content\/uploads\/2025\/11\/tftl-poster.jpg\" class=\"attachment-post-thumbnail size-post-thumbnail wp-post-image\" alt=\"Historias del bucle\" style=\"object-fit:cover;\" srcset=\"https:\/\/gicd.inf.um.es\/csidcav\/usuario13\/wp-content\/uploads\/2025\/11\/tftl-poster.jpg 1920w, https:\/\/gicd.inf.um.es\/csidcav\/usuario13\/wp-content\/uploads\/2025\/11\/tftl-poster-300x169.jpg 300w, https:\/\/gicd.inf.um.es\/csidcav\/usuario13\/wp-content\/uploads\/2025\/11\/tftl-poster-1024x576.jpg 1024w, https:\/\/gicd.inf.um.es\/csidcav\/usuario13\/wp-content\/uploads\/2025\/11\/tftl-poster-768x432.jpg 768w, https:\/\/gicd.inf.um.es\/csidcav\/usuario13\/wp-content\/uploads\/2025\/11\/tftl-poster-1536x864.jpg 1536w, https:\/\/gicd.inf.um.es\/csidcav\/usuario13\/wp-content\/uploads\/2025\/11\/tftl-poster-1280x720.jpg 1280w\" sizes=\"auto, (max-width: 1920px) 100vw, 1920px\" \/><\/a><\/figure><\/div>\n\n\n\n<div class=\"wp-block-column is-layout-flow wp-block-column-is-layout-flow\" style=\"flex-basis:33.33%\"><h2 class=\"wp-block-post-title\"><a href=\"https:\/\/gicd.inf.um.es\/csidcav\/usuario13\/historias-del-bucle\/\" target=\"_self\" >Historias del bucle<\/a><\/h2>\n\n<div class=\"wp-block-post-excerpt\"><p class=\"wp-block-post-excerpt__excerpt\">Serie que explora la ciudad y sus habitantes que viven por encima de \u00abThe Loop\u00bb, una m\u00e1quina construida para desbloquear y explorar los misterios del universo. <\/p><\/div><\/div>\n<\/div>\n\n<\/li><li class=\"wp-block-post post-231 post type-post status-publish format-standard has-post-thumbnail hentry category-drama category-drama-series category-series tag-biografico tag-historico tag-politica\">\n\n<div class=\"wp-block-columns alignwide is-layout-flex wp-container-core-columns-is-layout-9d6595d7 wp-block-columns-is-layout-flex\">\n<div class=\"wp-block-column is-layout-flow wp-block-column-is-layout-flow\" style=\"flex-basis:66.66%\"><figure class=\"wp-block-post-featured-image\"><a href=\"https:\/\/gicd.inf.um.es\/csidcav\/usuario13\/the-crown\/\" target=\"_self\"  ><img loading=\"lazy\" decoding=\"async\" width=\"1920\" height=\"1081\" src=\"https:\/\/gicd.inf.um.es\/csidcav\/usuario13\/wp-content\/uploads\/2025\/11\/tc-poster.jpg\" class=\"attachment-post-thumbnail size-post-thumbnail wp-post-image\" alt=\"The Crown\" style=\"object-fit:cover;\" srcset=\"https:\/\/gicd.inf.um.es\/csidcav\/usuario13\/wp-content\/uploads\/2025\/11\/tc-poster.jpg 1920w, https:\/\/gicd.inf.um.es\/csidcav\/usuario13\/wp-content\/uploads\/2025\/11\/tc-poster-300x169.jpg 300w, https:\/\/gicd.inf.um.es\/csidcav\/usuario13\/wp-content\/uploads\/2025\/11\/tc-poster-1024x577.jpg 1024w, https:\/\/gicd.inf.um.es\/csidcav\/usuario13\/wp-content\/uploads\/2025\/11\/tc-poster-768x432.jpg 768w, https:\/\/gicd.inf.um.es\/csidcav\/usuario13\/wp-content\/uploads\/2025\/11\/tc-poster-1536x865.jpg 1536w, https:\/\/gicd.inf.um.es\/csidcav\/usuario13\/wp-content\/uploads\/2025\/11\/tc-poster-1280x720.jpg 1280w\" sizes=\"auto, (max-width: 1920px) 100vw, 1920px\" \/><\/a><\/figure><\/div>\n\n\n\n<div class=\"wp-block-column is-layout-flow wp-block-column-is-layout-flow\" style=\"flex-basis:33.33%\"><h2 class=\"wp-block-post-title\"><a href=\"https:\/\/gicd.inf.um.es\/csidcav\/usuario13\/the-crown\/\" target=\"_self\" >The Crown<\/a><\/h2>\n\n<div class=\"wp-block-post-excerpt\"><p class=\"wp-block-post-excerpt__excerpt\">The Crown cuenta la historia de la \u00faltima reina de Inglaterra, Isabel II, y de la relaci\u00f3n entre el Palacio de Buckingham y el n\u00famero 10 de Downing Street. <\/p><\/div><\/div>\n<\/div>\n\n<\/li><\/ul><\/div>\n","protected":false},"excerpt":{"rendered":"","protected":false},"author":1,"featured_media":0,"parent":0,"menu_order":0,"comment_status":"closed","ping_status":"closed","template":"","meta":{"footnotes":""},"class_list":["post-563","page","type-page","status-publish","hentry"],"_links":{"self":[{"href":"https:\/\/gicd.inf.um.es\/csidcav\/usuario13\/wp-json\/wp\/v2\/pages\/563","targetHints":{"allow":["GET"]}}],"collection":[{"href":"https:\/\/gicd.inf.um.es\/csidcav\/usuario13\/wp-json\/wp\/v2\/pages"}],"about":[{"href":"https:\/\/gicd.inf.um.es\/csidcav\/usuario13\/wp-json\/wp\/v2\/types\/page"}],"author":[{"embeddable":true,"href":"https:\/\/gicd.inf.um.es\/csidcav\/usuario13\/wp-json\/wp\/v2\/users\/1"}],"replies":[{"embeddable":true,"href":"https:\/\/gicd.inf.um.es\/csidcav\/usuario13\/wp-json\/wp\/v2\/comments?post=563"}],"version-history":[{"count":3,"href":"https:\/\/gicd.inf.um.es\/csidcav\/usuario13\/wp-json\/wp\/v2\/pages\/563\/revisions"}],"predecessor-version":[{"id":578,"href":"https:\/\/gicd.inf.um.es\/csidcav\/usuario13\/wp-json\/wp\/v2\/pages\/563\/revisions\/578"}],"wp:attachment":[{"href":"https:\/\/gicd.inf.um.es\/csidcav\/usuario13\/wp-json\/wp\/v2\/media?parent=563"}],"curies":[{"name":"wp","href":"https:\/\/api.w.org\/{rel}","templated":true}]}}