{"id":1188,"date":"2025-12-15T03:05:38","date_gmt":"2025-12-15T02:05:38","guid":{"rendered":"https:\/\/gicd.inf.um.es\/csidcav\/usuario16\/?page_id=1188"},"modified":"2025-12-15T03:49:57","modified_gmt":"2025-12-15T02:49:57","slug":"equipo-de-redaccion","status":"publish","type":"page","link":"https:\/\/gicd.inf.um.es\/csidcav\/usuario16\/equipo-de-redaccion\/","title":{"rendered":"Equipo de redacci\u00f3n"},"content":{"rendered":"\n<div style=\"height:100px\" aria-hidden=\"true\" class=\"wp-block-spacer\"><\/div>\n\n\n\n<div class=\"wp-block-media-text is-stacked-on-mobile has-background\" style=\"background-color:#e8aeae47\"><figure class=\"wp-block-media-text__media\"><img loading=\"lazy\" decoding=\"async\" width=\"1024\" height=\"768\" src=\"https:\/\/gicd.inf.um.es\/csidcav\/usuario16\/wp-content\/uploads\/2025\/12\/IMG_3187-1024x768.jpg\" alt=\"\" class=\"wp-image-1196 size-full\" srcset=\"https:\/\/gicd.inf.um.es\/csidcav\/usuario16\/wp-content\/uploads\/2025\/12\/IMG_3187-1024x768.jpg 1024w, https:\/\/gicd.inf.um.es\/csidcav\/usuario16\/wp-content\/uploads\/2025\/12\/IMG_3187-300x225.jpg 300w, https:\/\/gicd.inf.um.es\/csidcav\/usuario16\/wp-content\/uploads\/2025\/12\/IMG_3187-768x576.jpg 768w, https:\/\/gicd.inf.um.es\/csidcav\/usuario16\/wp-content\/uploads\/2025\/12\/IMG_3187-1536x1151.jpg 1536w, https:\/\/gicd.inf.um.es\/csidcav\/usuario16\/wp-content\/uploads\/2025\/12\/IMG_3187-2048x1535.jpg 2048w\" sizes=\"auto, (max-width: 1024px) 100vw, 1024px\" \/><\/figure><div class=\"wp-block-media-text__content\">\n<p class=\"has-text-color has-link-color wp-elements-0272c3eab64cb1cdfcd1b7e8f1b96010\" style=\"color:#e9aeae;font-size:17px\"><strong>ANDREA GARC\u00cdA &#8211; EDITORA JEFE <\/strong><\/p>\n\n\n\n<p class=\"has-text-color has-link-color wp-elements-9ee573499abe9d50849c412b7532cc54\" style=\"color:#cacaca;font-size:16px\"><strong>Actualmente est\u00e1 cursando su \u00faltimo a\u00f1o de carrera y se especializar\u00e1 en Comunicaci\u00f3n Audiovisual, es editora jefe de la p\u00e1gina web. Lidera la planificaci\u00f3n, creaci\u00f3n y supervisi\u00f3n de todo el contenido digital, asegurando que cada publicaci\u00f3n cumpla con los est\u00e1ndares de calidad, coherencia y estilo del medio. Coordina al equipo editorial y toma decisiones estrat\u00e9gicas sobre qu\u00e9 se publica y c\u00f3mo se presenta, garantizando que la web sea atractiva, confiable y relevante para su audiencia.<\/strong><\/p>\n<\/div><\/div>\n\n\n\n<div style=\"height:100px\" aria-hidden=\"true\" class=\"wp-block-spacer\"><\/div>\n\n\n\n<div class=\"wp-block-media-text has-media-on-the-right is-stacked-on-mobile has-background\" style=\"background-color:#e8aeae47\"><div class=\"wp-block-media-text__content\">\n<p class=\"has-text-align-right has-text-color has-link-color wp-elements-085a07691e0fbf9f4d12c6eaa036405a\" style=\"color:#e9aeae;font-size:17px\"><strong>RORY GILMORE &#8211; REDACTORA CULTURAL <\/strong><\/p>\n\n\n\n<p class=\"has-text-align-right has-text-color has-link-color wp-elements-f5c59180acf952b4e84986144c679e73\" style=\"color:#cacaca;font-size:16px\"><strong>Acaba de terminar la carrera de Periodismo y es la redactora cultural en la p\u00e1gina web. Se encarga de seleccionar, investigar y supervisar contenidos relacionados con literatura, cine y cultura general, asegurando que cada art\u00edculo sea informativo, riguroso y atractivo para los lectores. Gracias a su mirada anal\u00edtica y su pasi\u00f3n por aprender, Rory coordina colaboraciones, propone tem\u00e1ticas innovadoras y mantiene un est\u00e1ndar de calidad que refleja su compromiso con el conocimiento y la creatividad.<\/strong><\/p>\n<\/div><figure class=\"wp-block-media-text__media\"><img loading=\"lazy\" decoding=\"async\" width=\"1024\" height=\"903\" src=\"https:\/\/gicd.inf.um.es\/csidcav\/usuario16\/wp-content\/uploads\/2025\/12\/IMG_8221-1024x903.jpg\" alt=\"\" class=\"wp-image-1197 size-full\" srcset=\"https:\/\/gicd.inf.um.es\/csidcav\/usuario16\/wp-content\/uploads\/2025\/12\/IMG_8221-1024x903.jpg 1024w, https:\/\/gicd.inf.um.es\/csidcav\/usuario16\/wp-content\/uploads\/2025\/12\/IMG_8221-300x265.jpg 300w, https:\/\/gicd.inf.um.es\/csidcav\/usuario16\/wp-content\/uploads\/2025\/12\/IMG_8221-768x677.jpg 768w, https:\/\/gicd.inf.um.es\/csidcav\/usuario16\/wp-content\/uploads\/2025\/12\/IMG_8221.jpg 1200w\" sizes=\"auto, (max-width: 1024px) 100vw, 1024px\" \/><\/figure><\/div>\n","protected":false},"excerpt":{"rendered":"<p>ANDREA GARC\u00cdA &#8211; EDITORA JEFE Actualmente est\u00e1 cursando su \u00faltimo a\u00f1o de carrera y se especializar\u00e1 en Comunicaci\u00f3n Audiovisual, es editora jefe de la p\u00e1gina web. Lidera la planificaci\u00f3n, creaci\u00f3n y supervisi\u00f3n de todo el contenido digital, asegurando que cada publicaci\u00f3n cumpla con los est\u00e1ndares de calidad, coherencia y estilo del medio. Coordina al equipo [&hellip;]<\/p>\n","protected":false},"author":1,"featured_media":0,"parent":0,"menu_order":0,"comment_status":"closed","ping_status":"closed","template":"","meta":{"footnotes":""},"class_list":["post-1188","page","type-page","status-publish","hentry"],"_links":{"self":[{"href":"https:\/\/gicd.inf.um.es\/csidcav\/usuario16\/wp-json\/wp\/v2\/pages\/1188","targetHints":{"allow":["GET"]}}],"collection":[{"href":"https:\/\/gicd.inf.um.es\/csidcav\/usuario16\/wp-json\/wp\/v2\/pages"}],"about":[{"href":"https:\/\/gicd.inf.um.es\/csidcav\/usuario16\/wp-json\/wp\/v2\/types\/page"}],"author":[{"embeddable":true,"href":"https:\/\/gicd.inf.um.es\/csidcav\/usuario16\/wp-json\/wp\/v2\/users\/1"}],"replies":[{"embeddable":true,"href":"https:\/\/gicd.inf.um.es\/csidcav\/usuario16\/wp-json\/wp\/v2\/comments?post=1188"}],"version-history":[{"count":12,"href":"https:\/\/gicd.inf.um.es\/csidcav\/usuario16\/wp-json\/wp\/v2\/pages\/1188\/revisions"}],"predecessor-version":[{"id":1204,"href":"https:\/\/gicd.inf.um.es\/csidcav\/usuario16\/wp-json\/wp\/v2\/pages\/1188\/revisions\/1204"}],"wp:attachment":[{"href":"https:\/\/gicd.inf.um.es\/csidcav\/usuario16\/wp-json\/wp\/v2\/media?parent=1188"}],"curies":[{"name":"wp","href":"https:\/\/api.w.org\/{rel}","templated":true}]}}