{"id":403,"date":"2025-12-09T18:01:41","date_gmt":"2025-12-09T17:01:41","guid":{"rendered":"https:\/\/gicd.inf.um.es\/csidcav\/usuario16\/?page_id=403"},"modified":"2025-12-12T21:20:43","modified_gmt":"2025-12-12T20:20:43","slug":"literatura","status":"publish","type":"page","link":"https:\/\/gicd.inf.um.es\/csidcav\/usuario16\/literatura\/","title":{"rendered":"Literatura"},"content":{"rendered":"\n<div class=\"wp-block-media-text is-stacked-on-mobile\"><figure class=\"wp-block-media-text__media\"><img loading=\"lazy\" decoding=\"async\" width=\"1024\" height=\"826\" src=\"https:\/\/gicd.inf.um.es\/csidcav\/usuario16\/wp-content\/uploads\/2025\/12\/Captura-de-pantalla-2025-12-10-a-las-10.57.55-1024x826.png\" alt=\"\" class=\"wp-image-432 size-full\" srcset=\"https:\/\/gicd.inf.um.es\/csidcav\/usuario16\/wp-content\/uploads\/2025\/12\/Captura-de-pantalla-2025-12-10-a-las-10.57.55-1024x826.png 1024w, https:\/\/gicd.inf.um.es\/csidcav\/usuario16\/wp-content\/uploads\/2025\/12\/Captura-de-pantalla-2025-12-10-a-las-10.57.55-300x242.png 300w, https:\/\/gicd.inf.um.es\/csidcav\/usuario16\/wp-content\/uploads\/2025\/12\/Captura-de-pantalla-2025-12-10-a-las-10.57.55-768x620.png 768w, https:\/\/gicd.inf.um.es\/csidcav\/usuario16\/wp-content\/uploads\/2025\/12\/Captura-de-pantalla-2025-12-10-a-las-10.57.55.png 1440w\" sizes=\"auto, (max-width: 1024px) 100vw, 1024px\" \/><\/figure><div class=\"wp-block-media-text__content\">\n<p>La literatura es el arte de transformar palabras en mundos. Es una forma de mirar la realidad, o de escapar de ella, a trav\u00e9s de historias que nos hacen sentir, pensar y so\u00f1ar. En los libros encontramos refugio, descubrimiento, compa\u00f1\u00eda y, a veces, incluso respuestas que no sab\u00edamos que busc\u00e1bamos. Leer es viajar sin moverse, conectar con otras vidas y reconocernos en emociones que parecen universales. Al final, la literatura es eso: un puente entre quien escribe y quien lee, un lugar donde las historias siguen vivas cada vez que alguien abre sus p\u00e1ginas.<\/p>\n<\/div><\/div>\n\n\n\n<div style=\"height:70px\" aria-hidden=\"true\" class=\"wp-block-spacer\"><\/div>\n\n\n\n<div class=\"wp-block-query is-layout-flow wp-block-query-is-layout-flow\"><ul class=\"columns-4 wp-block-post-template has-medium-font-size is-layout-grid wp-container-core-post-template-is-layout-acd39556 wp-block-post-template-is-layout-grid\"><li class=\"wp-block-post post-616 post type-post status-publish format-standard has-post-thumbnail hentry category-drama category-literatura-juvenil category-novela-contemporanea category-novela-romantica category-novelas category-romance tag-amor tag-drama tag-novela tag-romance\">\n\n<div class=\"wp-block-group bs-blog-post\"><div class=\"wp-block-group__inner-container is-layout-constrained wp-block-group-is-layout-constrained\"><figure class=\"wp-block-post-featured-image\"><a href=\"https:\/\/gicd.inf.um.es\/csidcav\/usuario16\/boulervard\/\" target=\"_self\"  ><img loading=\"lazy\" decoding=\"async\" width=\"1685\" height=\"2560\" src=\"https:\/\/gicd.inf.um.es\/csidcav\/usuario16\/wp-content\/uploads\/2025\/12\/818VNbq81ZL.jpg\" class=\"attachment-post-thumbnail size-post-thumbnail wp-post-image\" alt=\"Boulervard\" style=\"object-fit:cover;\" srcset=\"https:\/\/gicd.inf.um.es\/csidcav\/usuario16\/wp-content\/uploads\/2025\/12\/818VNbq81ZL.jpg 1685w, https:\/\/gicd.inf.um.es\/csidcav\/usuario16\/wp-content\/uploads\/2025\/12\/818VNbq81ZL-197x300.jpg 197w, https:\/\/gicd.inf.um.es\/csidcav\/usuario16\/wp-content\/uploads\/2025\/12\/818VNbq81ZL-674x1024.jpg 674w, https:\/\/gicd.inf.um.es\/csidcav\/usuario16\/wp-content\/uploads\/2025\/12\/818VNbq81ZL-768x1167.jpg 768w, https:\/\/gicd.inf.um.es\/csidcav\/usuario16\/wp-content\/uploads\/2025\/12\/818VNbq81ZL-1011x1536.jpg 1011w, https:\/\/gicd.inf.um.es\/csidcav\/usuario16\/wp-content\/uploads\/2025\/12\/818VNbq81ZL-1348x2048.jpg 1348w, https:\/\/gicd.inf.um.es\/csidcav\/usuario16\/wp-content\/uploads\/2025\/12\/818VNbq81ZL-1024x1556.jpg 1024w\" sizes=\"auto, (max-width: 1685px) 100vw, 1685px\" \/><\/a><\/figure>\n\n\n<div class=\"wp-block-group small\"><div class=\"wp-block-group__inner-container is-layout-constrained wp-block-group-is-layout-constrained\"><div class=\"taxonomy-category wp-block-post-terms\"><a href=\"https:\/\/gicd.inf.um.es\/csidcav\/usuario16\/category\/drama\/\" rel=\"tag\">Drama<\/a><span class=\"wp-block-post-terms__separator\">, <\/span><a href=\"https:\/\/gicd.inf.um.es\/csidcav\/usuario16\/category\/literatura-juvenil\/\" rel=\"tag\">Literatura juvenil<\/a><span class=\"wp-block-post-terms__separator\">, <\/span><a href=\"https:\/\/gicd.inf.um.es\/csidcav\/usuario16\/category\/novela-contemporanea\/\" rel=\"tag\">Novela contempor\u00e1nea<\/a><span class=\"wp-block-post-terms__separator\">, <\/span><a href=\"https:\/\/gicd.inf.um.es\/csidcav\/usuario16\/category\/novela-romantica\/\" rel=\"tag\">Novela rom\u00e1ntica<\/a><span class=\"wp-block-post-terms__separator\">, <\/span><a href=\"https:\/\/gicd.inf.um.es\/csidcav\/usuario16\/category\/novelas\/\" rel=\"tag\">Novelas<\/a><span class=\"wp-block-post-terms__separator\">, <\/span><a href=\"https:\/\/gicd.inf.um.es\/csidcav\/usuario16\/category\/romance\/\" rel=\"tag\">Romance<\/a><\/div>\n\n<h2 class=\"has-link-color wp-elements-a1ebf647b7997765f68aadb3603834f1 wp-block-post-title has-text-color has-pale-pink-color\"><a href=\"https:\/\/gicd.inf.um.es\/csidcav\/usuario16\/boulervard\/\" target=\"_self\" >Boulervard<\/a><\/h2>\n\n<div class=\"wp-block-post-excerpt\"><p class=\"wp-block-post-excerpt__excerpt\">Hasley y Luke no encajan en el mismo mundo, pero el destino los cruza en un boulevard que ninguno esperaba recorrer. Entre luces tenues, conversaciones que duelen y silencios que dicen m\u00e1s que cualquier palabra, ambos descubrir\u00e1n que incluso las almas rotas pueden encontrarse\u2026 aunque no siempre de la forma que imaginan. <\/p><\/div><\/div><\/div>\n\n\n\n<div style=\"height:30px\" aria-hidden=\"true\" class=\"wp-block-spacer\"><\/div>\n<\/div><\/div>\n\n<\/li><li class=\"wp-block-post post-641 post type-post status-publish format-standard has-post-thumbnail hentry category-accion category-drama category-literatura-juvenil category-novela-contemporanea category-novelas category-romance tag-accion tag-amor tag-drama tag-familia tag-novela tag-romance\">\n\n<div class=\"wp-block-group bs-blog-post\"><div class=\"wp-block-group__inner-container is-layout-constrained wp-block-group-is-layout-constrained\"><figure class=\"wp-block-post-featured-image\"><a href=\"https:\/\/gicd.inf.um.es\/csidcav\/usuario16\/culpables\/\" target=\"_self\"  ><img loading=\"lazy\" decoding=\"async\" width=\"736\" height=\"692\" src=\"https:\/\/gicd.inf.um.es\/csidcav\/usuario16\/wp-content\/uploads\/2025\/12\/son-muy-buenos-no-puedo-parar-de-leerlos\u2764\ufe0f.jpg\" class=\"attachment-post-thumbnail size-post-thumbnail wp-post-image\" alt=\"Culpables\" style=\"object-fit:cover;\" srcset=\"https:\/\/gicd.inf.um.es\/csidcav\/usuario16\/wp-content\/uploads\/2025\/12\/son-muy-buenos-no-puedo-parar-de-leerlos\u2764\ufe0f.jpg 736w, https:\/\/gicd.inf.um.es\/csidcav\/usuario16\/wp-content\/uploads\/2025\/12\/son-muy-buenos-no-puedo-parar-de-leerlos\u2764\ufe0f-300x282.jpg 300w\" sizes=\"auto, (max-width: 736px) 100vw, 736px\" \/><\/a><\/figure>\n\n\n<div class=\"wp-block-group small\"><div class=\"wp-block-group__inner-container is-layout-constrained wp-block-group-is-layout-constrained\"><div class=\"taxonomy-category wp-block-post-terms\"><a href=\"https:\/\/gicd.inf.um.es\/csidcav\/usuario16\/category\/accion\/\" rel=\"tag\">Acci\u00f3n<\/a><span class=\"wp-block-post-terms__separator\">, <\/span><a href=\"https:\/\/gicd.inf.um.es\/csidcav\/usuario16\/category\/drama\/\" rel=\"tag\">Drama<\/a><span class=\"wp-block-post-terms__separator\">, <\/span><a href=\"https:\/\/gicd.inf.um.es\/csidcav\/usuario16\/category\/literatura-juvenil\/\" rel=\"tag\">Literatura juvenil<\/a><span class=\"wp-block-post-terms__separator\">, <\/span><a href=\"https:\/\/gicd.inf.um.es\/csidcav\/usuario16\/category\/novela-contemporanea\/\" rel=\"tag\">Novela contempor\u00e1nea<\/a><span class=\"wp-block-post-terms__separator\">, <\/span><a href=\"https:\/\/gicd.inf.um.es\/csidcav\/usuario16\/category\/novelas\/\" rel=\"tag\">Novelas<\/a><span class=\"wp-block-post-terms__separator\">, <\/span><a href=\"https:\/\/gicd.inf.um.es\/csidcav\/usuario16\/category\/romance\/\" rel=\"tag\">Romance<\/a><\/div>\n\n<h2 class=\"has-link-color wp-elements-a1ebf647b7997765f68aadb3603834f1 wp-block-post-title has-text-color has-pale-pink-color\"><a href=\"https:\/\/gicd.inf.um.es\/csidcav\/usuario16\/culpables\/\" target=\"_self\" >Culpables<\/a><\/h2>\n\n<div class=\"wp-block-post-excerpt\"><p class=\"wp-block-post-excerpt__excerpt\">La saga Culpables comienza con el explosivo encuentro de Noah y Nick (Nicholas Leister), dos j\u00f3venes destinados a odiarse, pero atados por una atracci\u00f3n irrefrenable. Noah se ve obligada a mudarse a la mansi\u00f3n de su padrastro, donde conoce a su hermanastro, Nick: un chico de apariencia perfecta que esconde una doble vida de caos,&hellip; <\/p><\/div><\/div><\/div>\n\n\n\n<div style=\"height:30px\" aria-hidden=\"true\" class=\"wp-block-spacer\"><\/div>\n<\/div><\/div>\n\n<\/li><li class=\"wp-block-post post-434 post type-post status-publish format-standard has-post-thumbnail hentry category-novela-contemporanea category-novela-romantica category-novelas tag-amor tag-drama tag-novela tag-romance\">\n\n<div class=\"wp-block-group bs-blog-post\"><div class=\"wp-block-group__inner-container is-layout-constrained wp-block-group-is-layout-constrained\"><figure class=\"wp-block-post-featured-image\"><a href=\"https:\/\/gicd.inf.um.es\/csidcav\/usuario16\/deja-que-ocurra-bilogia\/\" target=\"_self\"  ><img loading=\"lazy\" decoding=\"async\" width=\"630\" height=\"1005\" src=\"https:\/\/gicd.inf.um.es\/csidcav\/usuario16\/wp-content\/uploads\/2025\/12\/9788408221777.jpg.webp\" class=\"attachment-post-thumbnail size-post-thumbnail wp-post-image\" alt=\"Deja que ocurra (bilog\u00eda)\" style=\"object-fit:cover;\" srcset=\"https:\/\/gicd.inf.um.es\/csidcav\/usuario16\/wp-content\/uploads\/2025\/12\/9788408221777.jpg.webp 630w, https:\/\/gicd.inf.um.es\/csidcav\/usuario16\/wp-content\/uploads\/2025\/12\/9788408221777.jpg-188x300.webp 188w\" sizes=\"auto, (max-width: 630px) 100vw, 630px\" \/><\/a><\/figure>\n\n\n<div class=\"wp-block-group small\"><div class=\"wp-block-group__inner-container is-layout-constrained wp-block-group-is-layout-constrained\"><div class=\"taxonomy-category wp-block-post-terms\"><a href=\"https:\/\/gicd.inf.um.es\/csidcav\/usuario16\/category\/novela-contemporanea\/\" rel=\"tag\">Novela contempor\u00e1nea<\/a><span class=\"wp-block-post-terms__separator\">, <\/span><a href=\"https:\/\/gicd.inf.um.es\/csidcav\/usuario16\/category\/novela-romantica\/\" rel=\"tag\">Novela rom\u00e1ntica<\/a><span class=\"wp-block-post-terms__separator\">, <\/span><a href=\"https:\/\/gicd.inf.um.es\/csidcav\/usuario16\/category\/novelas\/\" rel=\"tag\">Novelas<\/a><\/div>\n\n<h2 class=\"has-link-color wp-elements-a1ebf647b7997765f68aadb3603834f1 wp-block-post-title has-text-color has-pale-pink-color\"><a href=\"https:\/\/gicd.inf.um.es\/csidcav\/usuario16\/deja-que-ocurra-bilogia\/\" target=\"_self\" >Deja que ocurra (bilog\u00eda)<\/a><\/h2>\n\n<div class=\"wp-block-post-excerpt\"><p class=\"wp-block-post-excerpt__excerpt\">Leah, tras perder a sus padres, se refugia con Axel, amigo de su familia. Entre el dolor, el amor prohibido y la reconstrucci\u00f3n emocional, ambos aprenden a enfrentar los miedos, a perdonar y a redescubrir la vida y los sentimientos que cre\u00edan perdidos. <\/p><\/div><\/div><\/div>\n\n\n\n<div style=\"height:30px\" aria-hidden=\"true\" class=\"wp-block-spacer\"><\/div>\n<\/div><\/div>\n\n<\/li><li class=\"wp-block-post post-633 post type-post status-publish format-standard has-post-thumbnail hentry category-literatura-juvenil category-novela-contemporanea category-novelas category-romance tag-amor tag-novela tag-romance\">\n\n<div class=\"wp-block-group bs-blog-post\"><div class=\"wp-block-group__inner-container is-layout-constrained wp-block-group-is-layout-constrained\"><figure class=\"wp-block-post-featured-image\"><a href=\"https:\/\/gicd.inf.um.es\/csidcav\/usuario16\/el-arte-de-ser-nosotros\/\" target=\"_self\"  ><img loading=\"lazy\" decoding=\"async\" width=\"646\" height=\"1000\" src=\"https:\/\/gicd.inf.um.es\/csidcav\/usuario16\/wp-content\/uploads\/2025\/12\/61yMzDeDWlL._AC_UF10001000_QL80_.jpg\" class=\"attachment-post-thumbnail size-post-thumbnail wp-post-image\" alt=\"El arte de ser nosotros\" style=\"object-fit:cover;\" srcset=\"https:\/\/gicd.inf.um.es\/csidcav\/usuario16\/wp-content\/uploads\/2025\/12\/61yMzDeDWlL._AC_UF10001000_QL80_.jpg 646w, https:\/\/gicd.inf.um.es\/csidcav\/usuario16\/wp-content\/uploads\/2025\/12\/61yMzDeDWlL._AC_UF10001000_QL80_-194x300.jpg 194w\" sizes=\"auto, (max-width: 646px) 100vw, 646px\" \/><\/a><\/figure>\n\n\n<div class=\"wp-block-group small\"><div class=\"wp-block-group__inner-container is-layout-constrained wp-block-group-is-layout-constrained\"><div class=\"taxonomy-category wp-block-post-terms\"><a href=\"https:\/\/gicd.inf.um.es\/csidcav\/usuario16\/category\/literatura-juvenil\/\" rel=\"tag\">Literatura juvenil<\/a><span class=\"wp-block-post-terms__separator\">, <\/span><a href=\"https:\/\/gicd.inf.um.es\/csidcav\/usuario16\/category\/novela-contemporanea\/\" rel=\"tag\">Novela contempor\u00e1nea<\/a><span class=\"wp-block-post-terms__separator\">, <\/span><a href=\"https:\/\/gicd.inf.um.es\/csidcav\/usuario16\/category\/novelas\/\" rel=\"tag\">Novelas<\/a><span class=\"wp-block-post-terms__separator\">, <\/span><a href=\"https:\/\/gicd.inf.um.es\/csidcav\/usuario16\/category\/romance\/\" rel=\"tag\">Romance<\/a><\/div>\n\n<h2 class=\"has-link-color wp-elements-a1ebf647b7997765f68aadb3603834f1 wp-block-post-title has-text-color has-pale-pink-color\"><a href=\"https:\/\/gicd.inf.um.es\/csidcav\/usuario16\/el-arte-de-ser-nosotros\/\" target=\"_self\" >El arte de ser nosotros<\/a><\/h2>\n\n<div class=\"wp-block-post-excerpt\"><p class=\"wp-block-post-excerpt__excerpt\">El arte de ser nosotros cuenta la historia de Leah y Logan, dos j\u00f3venes con mundos y heridas muy diferentes que se cruzan cuando menos lo esperan. Entre risas, secretos y momentos de vulnerabilidad, aprender\u00e1n a enfrentarse a sus miedos, confiar en los dem\u00e1s y descubrir que el amor y la amistad pueden transformar incluso&hellip; <\/p><\/div><\/div><\/div>\n\n\n\n<div style=\"height:30px\" aria-hidden=\"true\" class=\"wp-block-spacer\"><\/div>\n<\/div><\/div>\n\n<\/li><\/ul>\n\n<nav class=\"wp-block-query-pagination is-layout-flex wp-block-query-pagination-is-layout-flex\" aria-label=\"Paginaci\u00f3n\">\n\n\n<div class=\"wp-block-query-pagination-numbers\"><span aria-current=\"page\" class=\"page-numbers current\">1<\/span>\n<a class=\"page-numbers\" href=\"?query-75-page=2\">2<\/a>\n<a class=\"page-numbers\" href=\"?query-75-page=3\">3<\/a>\n<a class=\"page-numbers\" href=\"?query-75-page=4\">4<\/a><\/div>\n\n<a href=\"\/csidcav\/usuario16\/wp-json\/wp\/v2\/pages\/403?query-75-page=2\" class=\"wp-block-query-pagination-next\">P\u00e1gina siguiente<\/a>\n<\/nav>\n\n<\/div>\n\n\n\n<div class=\"wp-block-cover is-light\"><img loading=\"lazy\" decoding=\"async\" width=\"736\" height=\"736\" class=\"wp-block-cover__image-background wp-image-424 size-full\" alt=\"\" src=\"https:\/\/gicd.inf.um.es\/csidcav\/usuario16\/wp-content\/uploads\/2025\/12\/Daria-Danilova.jpg\" data-object-fit=\"cover\" srcset=\"https:\/\/gicd.inf.um.es\/csidcav\/usuario16\/wp-content\/uploads\/2025\/12\/Daria-Danilova.jpg 736w, https:\/\/gicd.inf.um.es\/csidcav\/usuario16\/wp-content\/uploads\/2025\/12\/Daria-Danilova-300x300.jpg 300w, https:\/\/gicd.inf.um.es\/csidcav\/usuario16\/wp-content\/uploads\/2025\/12\/Daria-Danilova-150x150.jpg 150w\" sizes=\"auto, (max-width: 736px) 100vw, 736px\" \/><span aria-hidden=\"true\" class=\"wp-block-cover__background has-background-dim\" style=\"background-color:#c5b6a5\"><\/span><div class=\"wp-block-cover__inner-container is-layout-constrained wp-block-cover-is-layout-constrained\">\n<p class=\"has-text-align-center has-white-color has-text-color has-link-color has-medium-font-size wp-elements-59db001034be2153969f409426a7cb52\"><em>\u201cLas historias son la forma que tenemos de viajar a mundos que a\u00fan no existen.\u201d<\/em><\/p>\n<\/div><\/div>\n","protected":false},"excerpt":{"rendered":"<p>La literatura es el arte de transformar palabras en mundos. Es una forma de mirar la realidad, o de escapar de ella, a trav\u00e9s de historias que nos hacen sentir, pensar y so\u00f1ar. En los libros encontramos refugio, descubrimiento, compa\u00f1\u00eda y, a veces, incluso respuestas que no sab\u00edamos que busc\u00e1bamos. Leer es viajar sin moverse, [&hellip;]<\/p>\n","protected":false},"author":1,"featured_media":0,"parent":0,"menu_order":0,"comment_status":"closed","ping_status":"closed","template":"","meta":{"footnotes":""},"class_list":["post-403","page","type-page","status-publish","hentry"],"_links":{"self":[{"href":"https:\/\/gicd.inf.um.es\/csidcav\/usuario16\/wp-json\/wp\/v2\/pages\/403","targetHints":{"allow":["GET"]}}],"collection":[{"href":"https:\/\/gicd.inf.um.es\/csidcav\/usuario16\/wp-json\/wp\/v2\/pages"}],"about":[{"href":"https:\/\/gicd.inf.um.es\/csidcav\/usuario16\/wp-json\/wp\/v2\/types\/page"}],"author":[{"embeddable":true,"href":"https:\/\/gicd.inf.um.es\/csidcav\/usuario16\/wp-json\/wp\/v2\/users\/1"}],"replies":[{"embeddable":true,"href":"https:\/\/gicd.inf.um.es\/csidcav\/usuario16\/wp-json\/wp\/v2\/comments?post=403"}],"version-history":[{"count":14,"href":"https:\/\/gicd.inf.um.es\/csidcav\/usuario16\/wp-json\/wp\/v2\/pages\/403\/revisions"}],"predecessor-version":[{"id":517,"href":"https:\/\/gicd.inf.um.es\/csidcav\/usuario16\/wp-json\/wp\/v2\/pages\/403\/revisions\/517"}],"wp:attachment":[{"href":"https:\/\/gicd.inf.um.es\/csidcav\/usuario16\/wp-json\/wp\/v2\/media?parent=403"}],"curies":[{"name":"wp","href":"https:\/\/api.w.org\/{rel}","templated":true}]}}