{"id":781,"date":"2025-12-13T20:46:26","date_gmt":"2025-12-13T19:46:26","guid":{"rendered":"https:\/\/gicd.inf.um.es\/csidcav\/usuario16\/?page_id=781"},"modified":"2025-12-15T02:23:52","modified_gmt":"2025-12-15T01:23:52","slug":"st-episodios","status":"publish","type":"page","link":"https:\/\/gicd.inf.um.es\/csidcav\/usuario16\/st-episodios\/","title":{"rendered":"Episodios"},"content":{"rendered":"\n<p>Aqu\u00ed encontrar\u00e1s la gu\u00eda completa de todos los episodios de\u00a0<em>Stranger Things<\/em>. Una referencia r\u00e1pida y clara para consultar cada cap\u00edtulo de la serie, con sus t\u00edtulos y temporadas, para que nunca pierdas de vista la historia y puedas ubicarte f\u00e1cilmente en cualquier momento de la trama.<\/p>\n\n\n\n<h2 class=\"wp-block-heading\"><strong>Temporada 1 (2016)\u00a0\u2013 8 episodios<\/strong><\/h2>\n\n\n\n<ul class=\"wp-block-list\">\n<li><strong>Chapter One: The Vanishing of Will Byers<\/strong><\/li>\n\n\n\n<li><strong>Chapter Two: The Weirdo on Maple Street<\/strong><\/li>\n\n\n\n<li><strong>Chapter Three: Holly, Jolly<\/strong><\/li>\n\n\n\n<li><strong>Chapter Four: The Body<\/strong><\/li>\n\n\n\n<li><strong>Chapter Five: The Flea and the Acrobat<\/strong><\/li>\n\n\n\n<li><strong>Chapter Six: The Monster<\/strong><\/li>\n\n\n\n<li><strong>Chapter Seven: The Bathtub<\/strong><\/li>\n\n\n\n<li><strong>Chapter Eight: The Upside Down<\/strong><\/li>\n<\/ul>\n\n\n\n<h2 class=\"wp-block-heading\"><strong>Temporada 2 (2017)\u00a0\u2013 9 episodios<\/strong><\/h2>\n\n\n\n<ul class=\"wp-block-list\">\n<li><strong>Chapter One: MADMAX<\/strong><\/li>\n\n\n\n<li><strong>Chapter Two: Trick or Treat, Freak<\/strong><\/li>\n\n\n\n<li><strong>Chapter Three: The Pollywog<\/strong><\/li>\n\n\n\n<li><strong>Chapter Four: Will the Wise<\/strong><\/li>\n\n\n\n<li><strong>Chapter Five: Dig Dug<\/strong><\/li>\n\n\n\n<li><strong>Chapter Six: The Spy<\/strong><\/li>\n\n\n\n<li><strong>Chapter Seven: The Lost Sister<\/strong><\/li>\n\n\n\n<li><strong>Chapter Eight: The Mind Flayer<\/strong><\/li>\n\n\n\n<li><strong>Chapter Nine: The Gate<\/strong><\/li>\n<\/ul>\n\n\n\n<h2 class=\"wp-block-heading\"><strong>Temporada 3 (2019)\u00a0\u2013 8 episodios<\/strong><\/h2>\n\n\n\n<ul class=\"wp-block-list\">\n<li><strong>Chapter One: Suzie, Do You Copy?<\/strong><\/li>\n\n\n\n<li><strong>Chapter Two: The Mall Rats<\/strong><\/li>\n\n\n\n<li><strong>Chapter Three: The Case of the Missing Lifeguard<\/strong><\/li>\n\n\n\n<li><strong>Chapter Four: The Sauna Test<\/strong><\/li>\n\n\n\n<li><strong>Chapter Five: The Source<\/strong><\/li>\n\n\n\n<li><strong>Chapter Six: The Birthday<\/strong><\/li>\n\n\n\n<li><strong>Chapter Seven: The Bite<\/strong><\/li>\n\n\n\n<li><strong>Chapter Eight: The Battle of Starcourt<\/strong><\/li>\n<\/ul>\n\n\n\n<h2 class=\"wp-block-heading\"><strong>Temporada 4 (2022)\u00a0\u2013 9 episodios<\/strong><\/h2>\n\n\n\n<ul class=\"wp-block-list\">\n<li><strong>Chapter One: The Hellfire Club<\/strong><\/li>\n\n\n\n<li><strong>Chapter Two: Vecna\u2019s Curse<\/strong><\/li>\n\n\n\n<li><strong>Chapter Three: The Monster and the Superhero<\/strong><\/li>\n\n\n\n<li><strong>Chapter Four: Dear Billy<\/strong><\/li>\n\n\n\n<li><strong>Chapter Five: The Nina Project<\/strong><\/li>\n\n\n\n<li><strong>Chapter Six: The Dive<\/strong><\/li>\n\n\n\n<li><strong>Chapter Seven: The Massacre at Hawkins Lab<\/strong><\/li>\n\n\n\n<li><strong>Chapter Eight: Papa<\/strong><\/li>\n\n\n\n<li><strong>Chapter Nine: The Piggyback<\/strong><\/li>\n<\/ul>\n\n\n\n<h2 class=\"wp-block-heading\"><strong>Temporada 5 (2025) Final\u00a0\u2013 8 episodios<\/strong><\/h2>\n\n\n\n<ul class=\"wp-block-list\">\n<li><strong>Chapter One: The Crawl<\/strong><\/li>\n\n\n\n<li><strong>Chapter Two: The Vanishing of Holly Wheeler<\/strong><\/li>\n\n\n\n<li><strong>Chapter Three: The Turnbow Trap<\/strong><\/li>\n\n\n\n<li><strong>Chapter Four: Sorcerer<\/strong><\/li>\n\n\n\n<li><strong>Chapter Five: Shock Jock<\/strong><\/li>\n\n\n\n<li><strong>Chapter Six: Escape from Camazotz<\/strong><\/li>\n\n\n\n<li><strong>Chapter Seven: The Bridge<\/strong><\/li>\n\n\n\n<li><strong>Chapter Eight: The Rightside Up<\/strong><\/li>\n<\/ul>\n\n\n\n<h2 class=\"wp-block-heading\">Adem\u00e1s&#8230;<\/h2>\n\n\n\n<p>Los hermanos Duffer comentaron que volver a ver los cuatro episodios que seleccionaron les permiti\u00f3 redescubrir detalles que hab\u00edan pasado por alto durante la producci\u00f3n. Destacaron c\u00f3mo algunas escenas adquir\u00edan un nuevo significado al revisarlas con perspectiva y lo divertido que fue revivir las reacciones de los personajes, reforzando la conexi\u00f3n emocional con la serie. As\u00ed que, aqu\u00ed est\u00e1n los 4 episodios que los hermanos Duffer nos recomiendan antes de ver el \u00faltimo episodio que concluir\u00e1 la 5\u00aa y \u00faltima temporada de Stranger Things. <\/p>\n\n\n\n<ul class=\"wp-block-list\">\n<li><strong>Temporada 2, <strong>Chapter<\/strong> 4 \u2013 \u201cWill the Wise\u201d <\/strong><\/li>\n\n\n\n<li><strong>Temporada 2, <strong>Chapter<\/strong> 6 \u2013 \u201cThe Spy\u201d <\/strong><\/li>\n\n\n\n<li><strong>Temporada 4, <strong>Chapter<\/strong> 7 \u2013 \u201cThe Massacre at Hawkins Lab\u201d <\/strong><\/li>\n\n\n\n<li><strong>Temporada 4, <strong>Chapter<\/strong> 9 \u2013 \u201cThe Piggyback\u201d<\/strong><\/li>\n<\/ul>\n\n\n\n<h2 class=\"wp-block-heading\"><strong>Temporada 2 \u2013 Chapter Four: Will the Wise<\/strong><\/h2>\n\n\n\n<p>En este cap\u00edtulo, Will Byers empieza a mostrar s\u00edntomas cada vez m\u00e1s inquietantes de su conexi\u00f3n con el Upside Down y el Mind Flayer. Tras ser encontrado por sus amigos, Will tiene momentos en los que parece no estar completamente en control de su cuerpo: sus p\u00e1rpados se mueven extra\u00f1amente y su temperatura est\u00e1 muy baja, lo que alarma tanto a Joyce como a sus amigos.<\/p>\n\n\n\n<p>Joyce intenta comunicarse con \u00e9l mostr\u00e1ndole dibujos de lo que ha estado viendo y Will describe la presencia como \u201cm\u00e1s una sensaci\u00f3n que una figura concreta\u201d, lo que plantea la idea de que el Mind Flayer ya no es solo una amenaza externa, sino algo que se ha infiltrado profundamente en Will. Esto abre la puerta a pensar en \u00e9l como un puente ps\u00edquico entre el Otro Lado y el mundo real.<\/p>\n\n\n\n<p>Mientras tanto, hay tensiones emocionales entre otros personajes: Eleven y Hopper discuten sobre su seguridad, lo que profundiza en la fragilidad del grupo y en las consecuencias personales de tener habilidades ps\u00edquicas o estar relacionado con ellas.<\/p>\n\n\n\n<p>Este episodio sienta bases importantes para la mitolog\u00eda de la serie porque comienza a revelar que la amenaza del Otro Lado puede infiltrarse de maneras mucho m\u00e1s profundas y personales, especialmente a trav\u00e9s de Will.<\/p>\n\n\n\n<h2 class=\"wp-block-heading\"><strong>Temporada 2 \u2013 Chapter Six \u2013 \u201cThe Spy\u201d<\/strong><\/h2>\n\n\n\n<p>Este episodio revela c\u00f3mo el Mind Flayer est\u00e1 usando la conexi\u00f3n de Will como una especie de esp\u00eda involuntario dentro del grupo. Los personajes principales se dan cuenta de que Will no solo ve cosas, sino que est\u00e1 mentalmente conectado a lo que hace la criatura desde el Otro Lado. Esta conexi\u00f3n hace que Will pueda guiar \u2014sin querer\u2014 a las fuerzas del Upside Down, lo que pone en riesgo al grupo.<\/p>\n\n\n\n<p>Mientras tanto, Nancy y Jonathan, junto con Murray, deciden exponer a Hawkins Lab y su encubrimiento del Upside Down enviando la informaci\u00f3n a peri\u00f3dicos, lo que tiene implicaciones para el contexto pol\u00edtico y medi\u00e1tico dentro del mundo de la serie. Por otro lado, Joyce y Hopper tratan de entender la complejidad del comportamiento de Will, conectando sus visiones con la influencia creciente del Mind Flayer.<\/p>\n\n\n\n<p>Este episodio es clave para entender qu\u00e9 tan profunda es la manipulaci\u00f3n del Otro Lado y c\u00f3mo la mentalidad de Will empieza a convertirse en una pieza central en la amenaza que se avecina, adelantando din\u00e1micas que ser\u00e1n cruciales hasta el final de la serie.<\/p>\n\n\n\n<h2 class=\"wp-block-heading\"><strong>Temporada 4 \u2013 Chapter Seven: \u201cThe Massacre at Hawkins Lab\u201d<\/strong><\/h2>\n\n\n\n<p>Este episodio conecta directamente lo que sabemos sobre Vecna con los or\u00edgenes del Upside Down y el pasado de Eleven. La trama principal gira en torno a una gran revelaci\u00f3n sobre la identidad de Vecna. A trav\u00e9s de recuerdos y flashbacks desencadenados en Eleven, se descubre qui\u00e9n era realmente Henry Creel\/001 y c\u00f3mo termin\u00f3 convirti\u00e9ndose en Vecna. Esto ofrece contexto sobre su poder, su pasado y su relaci\u00f3n con Eleven, algo que cambia la percepci\u00f3n sobre por qu\u00e9 \u00e9l es el villano central de la historia.<\/p>\n\n\n\n<p>Adem\u00e1s, varios personajes enfrentan peligros extremos. Steve, Nancy, Robin y Eddie luchan contra criaturas voladoras mientras intentan escapar del Upside Down. Eleven revive uno de los momentos m\u00e1s traum\u00e1ticos de su vida dentro de Hawkins Lab, explorando c\u00f3mo sus poderes y sus recuerdos est\u00e1n profundamente ligados a la creaci\u00f3n de Vecna.<\/p>\n\n\n\n<p>El episodio explica de manera expl\u00edcita varios misterios de la serie: por qu\u00e9 Vecna existe, c\u00f3mo se origin\u00f3 el Upside Down y cu\u00e1l es el papel de Eleven en todo este conflicto. Es uno de esos momentos que reorganiza por completo la mitolog\u00eda de Stranger Things y abre el camino para lo que viene en la temporada final.<\/p>\n\n\n\n<h2 class=\"wp-block-heading\"><strong>Temporada 4 \u2013 Chapter Nine: \u201cThe Piggyback\u201d<\/strong><\/h2>\n\n\n\n<p>Este episodio funciona como gran cl\u00edmax de la cuarta temporada, reuniendo todas las tramas importantes y acercando a los personajes al punto de no retorno antes de la temporada final.<\/p>\n\n\n\n<p>En Hawkins, el grupo de adolescentes y adultos ejecuta un plan para enfrentarse directamente a Vecna: Max sirve de cebo para atraer la atenci\u00f3n de Vecna y entrar en un estado de trance; Dustin y Eddie distraen a las criaturas voladoras para dar espacio a los dem\u00e1s; Steve, Nancy y Robin avanzan hacia la guarida de Vecna con la intenci\u00f3n de detenerlo.<\/p>\n\n\n\n<p>En paralelo, Hopper y Joyce reciben noticias cruciales que cambian su situaci\u00f3n y refuerzan su determinaci\u00f3n de reunirse con el resto y ayudar.<\/p>\n\n\n\n<p>Este episodio tambi\u00e9n muestra c\u00f3mo Vecna logra una victoria parcial, abriendo un portal que comienza a alterar Hawkins f\u00edsicamente, conectando las dos dimensiones de manera directa y devastadora. Adem\u00e1s, hay momentos emocionales importantes, como sacrificios y consecuencias por enfrentar al villano, lo que le da un peso dram\u00e1tico enorme dentro de la historia general.<\/p>\n\n\n<div class=\"wp-block-image is-style-default\">\n<figure class=\"aligncenter size-full\"><img loading=\"lazy\" decoding=\"async\" width=\"735\" height=\"396\" src=\"https:\/\/gicd.inf.um.es\/csidcav\/usuario16\/wp-content\/uploads\/2025\/12\/stranger-things-2-1.jpg\" alt=\"\" class=\"wp-image-1147\" srcset=\"https:\/\/gicd.inf.um.es\/csidcav\/usuario16\/wp-content\/uploads\/2025\/12\/stranger-things-2-1.jpg 735w, https:\/\/gicd.inf.um.es\/csidcav\/usuario16\/wp-content\/uploads\/2025\/12\/stranger-things-2-1-300x162.jpg 300w\" sizes=\"auto, (max-width: 735px) 100vw, 735px\" \/><\/figure><\/div>","protected":false},"excerpt":{"rendered":"<p>Aqu\u00ed encontrar\u00e1s la gu\u00eda completa de todos los episodios de\u00a0Stranger Things. Una referencia r\u00e1pida y clara para consultar cada cap\u00edtulo de la serie, con sus t\u00edtulos y temporadas, para que nunca pierdas de vista la historia y puedas ubicarte f\u00e1cilmente en cualquier momento de la trama. Temporada 1 (2016)\u00a0\u2013 8 episodios Temporada 2 (2017)\u00a0\u2013 9 [&hellip;]<\/p>\n","protected":false},"author":1,"featured_media":0,"parent":0,"menu_order":0,"comment_status":"closed","ping_status":"closed","template":"","meta":{"footnotes":""},"class_list":["post-781","page","type-page","status-publish","hentry"],"_links":{"self":[{"href":"https:\/\/gicd.inf.um.es\/csidcav\/usuario16\/wp-json\/wp\/v2\/pages\/781","targetHints":{"allow":["GET"]}}],"collection":[{"href":"https:\/\/gicd.inf.um.es\/csidcav\/usuario16\/wp-json\/wp\/v2\/pages"}],"about":[{"href":"https:\/\/gicd.inf.um.es\/csidcav\/usuario16\/wp-json\/wp\/v2\/types\/page"}],"author":[{"embeddable":true,"href":"https:\/\/gicd.inf.um.es\/csidcav\/usuario16\/wp-json\/wp\/v2\/users\/1"}],"replies":[{"embeddable":true,"href":"https:\/\/gicd.inf.um.es\/csidcav\/usuario16\/wp-json\/wp\/v2\/comments?post=781"}],"version-history":[{"count":6,"href":"https:\/\/gicd.inf.um.es\/csidcav\/usuario16\/wp-json\/wp\/v2\/pages\/781\/revisions"}],"predecessor-version":[{"id":1149,"href":"https:\/\/gicd.inf.um.es\/csidcav\/usuario16\/wp-json\/wp\/v2\/pages\/781\/revisions\/1149"}],"wp:attachment":[{"href":"https:\/\/gicd.inf.um.es\/csidcav\/usuario16\/wp-json\/wp\/v2\/media?parent=781"}],"curies":[{"name":"wp","href":"https:\/\/api.w.org\/{rel}","templated":true}]}}