{"id":783,"date":"2025-12-13T20:46:40","date_gmt":"2025-12-13T19:46:40","guid":{"rendered":"https:\/\/gicd.inf.um.es\/csidcav\/usuario16\/?page_id=783"},"modified":"2025-12-15T01:55:59","modified_gmt":"2025-12-15T00:55:59","slug":"st-trivia","status":"publish","type":"page","link":"https:\/\/gicd.inf.um.es\/csidcav\/usuario16\/st-trivia\/","title":{"rendered":"Trivia"},"content":{"rendered":"\n<p><span style=\"white-space: normal; font-size: medium;\">\u00bfQuieres adentrarte a\u00fan m\u00e1s en el misterioso mundo de Hawkins y descubrir todos los secretos que esconden sus calles, el laboratorio y el <span style=\"white-space: normal; font-size: medium;\">Upside<\/span> <span style=\"white-space: normal; font-size: medium;\">Down<\/span>? Aqu\u00ed te dejamos un extra de curiosidades de Stranger Things: desde los libros y pel\u00edculas que inspiraron a los Hermanos Duffer, hasta los peque\u00f1os detalles que solo los fans m\u00e1s atentos han notado. Conoce m\u00e1s sobre las aventuras de Mike, Eleven y el resto del grupo, los peligros que acechan en el Upside Down, y esos gui\u00f1os ochenteros que hacen de la serie un homenaje al cine y la cultura de la \u00e9poca. \u00a1Prep\u00e1rate para descubrir datos que te har\u00e1n mirar cada episodio con otros ojos y disfrutar a\u00fan m\u00e1s del universo de Hawkins!<\/span><\/p>\n\n\n\n<div style=\"height:var(--wp--preset--spacing--70)\" aria-hidden=\"true\" class=\"wp-block-spacer\"><\/div>\n\n\n\n<h2 class=\"wp-block-heading\">V\u00cdDEO-NIGHT<\/h2>\n\n\n\n<p><strong>NO SE CONFORME CON INSPIRACI\u00d3N DE SEGUNDA CLASE. USTED SE MERECE BETA.<\/strong><\/p>\n\n\n\n<p>Matt y Ross sab\u00edan desde peque\u00f1os que quer\u00edan hacer cine. Esta pasi\u00f3n la aliment\u00f3 en buena parte su admiraci\u00f3n por cineastas innovadores surgidos en los 70 y 80 que crearon historias de ciencia ficci\u00f3n, fantas\u00eda y terror inolvidables. A veces hab\u00eda que tirar del ingenio para ver sus pel\u00edculas: \u00abEnga\u00f1amos a nuestra madre para que nos alquilara Posesi\u00f3n infernal. Le convenc\u00ed de que era para todos los p\u00fablicos, aunque en la tele dijeran que no \u2014comenta Matt Duffer\u2014. Menudo par \u00e9ramos\u00bb. En aquella \u00e9poca se ve\u00eda cine en casa en un reproductor de cassettes. Salta a la vista c\u00f3mo las ideas y el imaginario de estas obras, ahora cl\u00e1sicas, influyeron en los hermanos e inspiraron Stranger Things.<\/p>\n\n\n\n<p>He aqu\u00ed algunos de los libros que inspiraron a los hermanos a la hora de crear la serie<\/p>\n\n\n\n<div style=\"height:var(--wp--preset--spacing--20)\" aria-hidden=\"true\" class=\"wp-block-spacer\"><\/div>\n\n\n\n<div class=\"wp-block-media-text is-stacked-on-mobile\" style=\"grid-template-columns:30% auto\"><figure class=\"wp-block-media-text__media\"><img loading=\"lazy\" decoding=\"async\" width=\"699\" height=\"1024\" src=\"https:\/\/gicd.inf.um.es\/csidcav\/usuario16\/wp-content\/uploads\/2025\/12\/Encuentros-Cercanos-del-Tercer-Tipo-1977-1-699x1024.jpg\" alt=\"\" class=\"wp-image-1121 size-full\" srcset=\"https:\/\/gicd.inf.um.es\/csidcav\/usuario16\/wp-content\/uploads\/2025\/12\/Encuentros-Cercanos-del-Tercer-Tipo-1977-1-699x1024.jpg 699w, https:\/\/gicd.inf.um.es\/csidcav\/usuario16\/wp-content\/uploads\/2025\/12\/Encuentros-Cercanos-del-Tercer-Tipo-1977-1-205x300.jpg 205w, https:\/\/gicd.inf.um.es\/csidcav\/usuario16\/wp-content\/uploads\/2025\/12\/Encuentros-Cercanos-del-Tercer-Tipo-1977-1.jpg 736w\" sizes=\"auto, (max-width: 699px) 100vw, 699px\" \/><\/figure><div class=\"wp-block-media-text__content\">\n<p><strong>ENCUENTROS EN LA TERCERA FASE (1977)<\/strong><\/p>\n\n\n\n<p>Logro ejemplar en la imbatible filmograf\u00eda de Spielberg. Encuentros es la historia de un hombre normal de Indiana cuya vida cambia para siempre tras un contacto extraterrestre. Influy\u00f3 en el lenguaje visual de los hermanos y les ayud\u00f3 a pulir su estilo.<\/p>\n<\/div><\/div>\n\n\n\n<div style=\"height:var(--wp--preset--spacing--50)\" aria-hidden=\"true\" class=\"wp-block-spacer\"><\/div>\n\n\n\n<div class=\"wp-block-media-text is-stacked-on-mobile\" style=\"grid-template-columns:30% auto\"><figure class=\"wp-block-media-text__media\"><img loading=\"lazy\" decoding=\"async\" width=\"690\" height=\"1024\" src=\"https:\/\/gicd.inf.um.es\/csidcav\/usuario16\/wp-content\/uploads\/2025\/12\/MV5BMjA3ZmU3ZjEtMmJkNC00MzZjLWEzZTEtZDdmN2Y3OWJhMmFjXkEyXkFqcGc@._V1_FMjpg_UX1000_-690x1024.jpg\" alt=\"\" class=\"wp-image-1122 size-full\" srcset=\"https:\/\/gicd.inf.um.es\/csidcav\/usuario16\/wp-content\/uploads\/2025\/12\/MV5BMjA3ZmU3ZjEtMmJkNC00MzZjLWEzZTEtZDdmN2Y3OWJhMmFjXkEyXkFqcGc@._V1_FMjpg_UX1000_-690x1024.jpg 690w, https:\/\/gicd.inf.um.es\/csidcav\/usuario16\/wp-content\/uploads\/2025\/12\/MV5BMjA3ZmU3ZjEtMmJkNC00MzZjLWEzZTEtZDdmN2Y3OWJhMmFjXkEyXkFqcGc@._V1_FMjpg_UX1000_-202x300.jpg 202w, https:\/\/gicd.inf.um.es\/csidcav\/usuario16\/wp-content\/uploads\/2025\/12\/MV5BMjA3ZmU3ZjEtMmJkNC00MzZjLWEzZTEtZDdmN2Y3OWJhMmFjXkEyXkFqcGc@._V1_FMjpg_UX1000_-768x1140.jpg 768w, https:\/\/gicd.inf.um.es\/csidcav\/usuario16\/wp-content\/uploads\/2025\/12\/MV5BMjA3ZmU3ZjEtMmJkNC00MzZjLWEzZTEtZDdmN2Y3OWJhMmFjXkEyXkFqcGc@._V1_FMjpg_UX1000_.jpg 1000w\" sizes=\"auto, (max-width: 690px) 100vw, 690px\" \/><\/figure><div class=\"wp-block-media-text__content\">\n<p><strong>VIAJE ALUCINANTE AL FONDO DE LA MENTE (1980)<\/strong><\/p>\n\n\n\n<p>Versi\u00f3n cient\u00edfica de El doctor Jeckyll y Mr. Hyde. William Hurt protagoniza el thriller de Ken Russell sobre un cient\u00edfico de Harvard cuyos experimentos con alucin\u00f3genos y privaci\u00f3n sensorial provocan una regresi\u00f3n f\u00edsica sorprendente. Las escenas de laboratorio inspiraron el interior del Laboratorio Nacional de Hawkins.<\/p>\n<\/div><\/div>\n\n\n\n<div style=\"height:var(--wp--preset--spacing--50)\" aria-hidden=\"true\" class=\"wp-block-spacer\"><\/div>\n\n\n\n<div class=\"wp-block-media-text is-stacked-on-mobile\" style=\"grid-template-columns:30% auto\"><figure class=\"wp-block-media-text__media\"><img loading=\"lazy\" decoding=\"async\" width=\"643\" height=\"1000\" src=\"https:\/\/gicd.inf.um.es\/csidcav\/usuario16\/wp-content\/uploads\/2025\/12\/Posesiaon_infernal-378523645-large.jpg\" alt=\"\" class=\"wp-image-1123 size-full\" srcset=\"https:\/\/gicd.inf.um.es\/csidcav\/usuario16\/wp-content\/uploads\/2025\/12\/Posesiaon_infernal-378523645-large.jpg 643w, https:\/\/gicd.inf.um.es\/csidcav\/usuario16\/wp-content\/uploads\/2025\/12\/Posesiaon_infernal-378523645-large-193x300.jpg 193w\" sizes=\"auto, (max-width: 643px) 100vw, 643px\" \/><\/figure><div class=\"wp-block-media-text__content\">\n<p><strong>POSESI\u00d3N INFERNAL (1981)<\/strong><\/p>\n\n\n\n<p>Un grupo de amigos que est\u00e1n de fiesta en una caba\u00f1a se ven sumidos en una pesadilla viviente al liberar inadvertidamente una maligna fuerza antigua. El debut de Sam Raimi, rodado pr\u00e1cticamente sin medios, alcanz\u00f3 la popularidad por su inventiva y su despreocupado toque transgresor. Los Duffer adolescentes adoraban este cl\u00e1sico del terror y su estilo descarado.<\/p>\n<\/div><\/div>\n\n\n\n<div style=\"height:var(--wp--preset--spacing--50)\" aria-hidden=\"true\" class=\"wp-block-spacer\"><\/div>\n\n\n\n<div class=\"wp-block-media-text is-stacked-on-mobile\" style=\"grid-template-columns:30% auto\"><figure class=\"wp-block-media-text__media\"><img loading=\"lazy\" decoding=\"async\" width=\"625\" height=\"976\" src=\"https:\/\/gicd.inf.um.es\/csidcav\/usuario16\/wp-content\/uploads\/2025\/12\/25-Movies-From-The-80s-That-Every-Kid-Should-See.jpg\" alt=\"\" class=\"wp-image-1124 size-full\" srcset=\"https:\/\/gicd.inf.um.es\/csidcav\/usuario16\/wp-content\/uploads\/2025\/12\/25-Movies-From-The-80s-That-Every-Kid-Should-See.jpg 625w, https:\/\/gicd.inf.um.es\/csidcav\/usuario16\/wp-content\/uploads\/2025\/12\/25-Movies-From-The-80s-That-Every-Kid-Should-See-192x300.jpg 192w\" sizes=\"auto, (max-width: 625px) 100vw, 625px\" \/><\/figure><div class=\"wp-block-media-text__content\">\n<p><strong>ET EL EXTRATERRESTRE (1982) <\/strong><\/p>\n\n\n\n<p>Un extra\u00f1o visitante de otro mundo se hace amigo de un ni\u00f1o y llegan a compartir una conexi\u00f3n ps\u00edquica&#8230;, pero el chico tendr\u00e1 que luchar para proteger a su compa\u00f1ero de su madre y del gobierno. ET, obra maestra de Spilberg, ser\u00e1 una importante fuente de inspiraci\u00f3n que marcar\u00e1 el tono de Stranger Things. <\/p>\n<\/div><\/div>\n\n\n\n<div style=\"height:var(--wp--preset--spacing--50)\" aria-hidden=\"true\" class=\"wp-block-spacer\"><\/div>\n\n\n\n<div class=\"wp-block-media-text is-stacked-on-mobile\" style=\"grid-template-columns:30% auto\"><figure class=\"wp-block-media-text__media\"><img loading=\"lazy\" decoding=\"async\" width=\"680\" height=\"1024\" src=\"https:\/\/gicd.inf.um.es\/csidcav\/usuario16\/wp-content\/uploads\/2025\/12\/42-3-680x1024.jpg\" alt=\"\" class=\"wp-image-1125 size-full\" srcset=\"https:\/\/gicd.inf.um.es\/csidcav\/usuario16\/wp-content\/uploads\/2025\/12\/42-3-680x1024.jpg 680w, https:\/\/gicd.inf.um.es\/csidcav\/usuario16\/wp-content\/uploads\/2025\/12\/42-3-199x300.jpg 199w, https:\/\/gicd.inf.um.es\/csidcav\/usuario16\/wp-content\/uploads\/2025\/12\/42-3.jpg 736w\" sizes=\"auto, (max-width: 680px) 100vw, 680px\" \/><\/figure><div class=\"wp-block-media-text__content\">\n<p><strong>LA COSA (1982)<\/strong><\/p>\n\n\n\n<p>Aciaga expedici\u00f3n cient\u00edfica al Ant\u00e1rtico encabezada por Kurt Russell. Carpenter firma este legendario remake de la pel\u00edcula de 1951 El enigma de otro mundo. Los revolucionarios efectos visuales de Rob Bottin proven\u00edan exclusivamente de t\u00e9cnicas de c\u00e1mara, sistema que los Duffer utilizaron en los primeros episodios de su serie.<\/p>\n<\/div><\/div>\n\n\n\n<div style=\"height:var(--wp--preset--spacing--50)\" aria-hidden=\"true\" class=\"wp-block-spacer\"><\/div>\n\n\n\n<div class=\"wp-block-media-text is-stacked-on-mobile\" style=\"grid-template-columns:30% auto\"><figure class=\"wp-block-media-text__media\"><img loading=\"lazy\" decoding=\"async\" width=\"687\" height=\"1024\" src=\"https:\/\/gicd.inf.um.es\/csidcav\/usuario16\/wp-content\/uploads\/2025\/12\/5a583d42159f24a0fca85f31c613fcdc-687x1024.jpg\" alt=\"\" class=\"wp-image-1127 size-full\" srcset=\"https:\/\/gicd.inf.um.es\/csidcav\/usuario16\/wp-content\/uploads\/2025\/12\/5a583d42159f24a0fca85f31c613fcdc-687x1024.jpg 687w, https:\/\/gicd.inf.um.es\/csidcav\/usuario16\/wp-content\/uploads\/2025\/12\/5a583d42159f24a0fca85f31c613fcdc-201x300.jpg 201w, https:\/\/gicd.inf.um.es\/csidcav\/usuario16\/wp-content\/uploads\/2025\/12\/5a583d42159f24a0fca85f31c613fcdc-768x1144.jpg 768w, https:\/\/gicd.inf.um.es\/csidcav\/usuario16\/wp-content\/uploads\/2025\/12\/5a583d42159f24a0fca85f31c613fcdc.jpg 960w\" sizes=\"auto, (max-width: 687px) 100vw, 687px\" \/><\/figure><div class=\"wp-block-media-text__content\">\n<p><strong>ALIEN, EL OCTAVO PASAJERO (1979)<\/strong><\/p>\n\n\n\n<p>Esta pel\u00edcula de Ridley Scott es la obra culmen del terror espacial. El monstruo xenomorfo influy\u00f3 en el dise\u00f1o del Demogorgon. Sigourney Weaver volver\u00eda a la piel de la oficial Ellen Ripley en la continuaci\u00f3n de James Cameron, Aliens (1986), donde Paul Reiser, futuro actor de Stranger Things, interpreta a un escurridizo villano.<\/p>\n<\/div><\/div>\n\n\n\n<div style=\"height:var(--wp--preset--spacing--50)\" aria-hidden=\"true\" class=\"wp-block-spacer\"><\/div>\n\n\n\n<div class=\"wp-block-media-text is-stacked-on-mobile\" style=\"grid-template-columns:30% auto\"><figure class=\"wp-block-media-text__media\"><img loading=\"lazy\" decoding=\"async\" width=\"683\" height=\"1024\" src=\"https:\/\/gicd.inf.um.es\/csidcav\/usuario16\/wp-content\/uploads\/2025\/12\/1975-Tiburon-Jaws-Steven-Spielberg-683x1024.jpg\" alt=\"\" class=\"wp-image-1128 size-full\" srcset=\"https:\/\/gicd.inf.um.es\/csidcav\/usuario16\/wp-content\/uploads\/2025\/12\/1975-Tiburon-Jaws-Steven-Spielberg-683x1024.jpg 683w, https:\/\/gicd.inf.um.es\/csidcav\/usuario16\/wp-content\/uploads\/2025\/12\/1975-Tiburon-Jaws-Steven-Spielberg-200x300.jpg 200w, https:\/\/gicd.inf.um.es\/csidcav\/usuario16\/wp-content\/uploads\/2025\/12\/1975-Tiburon-Jaws-Steven-Spielberg.jpg 736w\" sizes=\"auto, (max-width: 683px) 100vw, 683px\" \/><\/figure><div class=\"wp-block-media-text__content\">\n<p><strong>TIBUR\u00d3N (1975)<\/strong><\/p>\n\n\n\n<p>La pel\u00edcula favorita de los Duffer. Steven Spielberg invent\u00f3 \u00abla pel\u00edcula del verano\u00bb con la historia de un depredador que siembra el p\u00e1nico en un pueblo costero. El personaje de Jim Hopper se basa en el jefe de polic\u00eda interpretado por Roy Scheider y los Duffer dicen que el tibur\u00f3n les inspir\u00f3 el monstruo de Hawkins.<\/p>\n<\/div><\/div>\n\n\n\n<div style=\"height:var(--wp--preset--spacing--50)\" aria-hidden=\"true\" class=\"wp-block-spacer\"><\/div>\n\n\n\n<div class=\"wp-block-media-text is-stacked-on-mobile\" style=\"grid-template-columns:30% auto\"><figure class=\"wp-block-media-text__media\"><img loading=\"lazy\" decoding=\"async\" width=\"677\" height=\"1024\" src=\"https:\/\/gicd.inf.um.es\/csidcav\/usuario16\/wp-content\/uploads\/2025\/12\/43-2-677x1024.jpg\" alt=\"\" class=\"wp-image-1129 size-full\" srcset=\"https:\/\/gicd.inf.um.es\/csidcav\/usuario16\/wp-content\/uploads\/2025\/12\/43-2-677x1024.jpg 677w, https:\/\/gicd.inf.um.es\/csidcav\/usuario16\/wp-content\/uploads\/2025\/12\/43-2-198x300.jpg 198w, https:\/\/gicd.inf.um.es\/csidcav\/usuario16\/wp-content\/uploads\/2025\/12\/43-2.jpg 714w\" sizes=\"auto, (max-width: 677px) 100vw, 677px\" \/><\/figure><div class=\"wp-block-media-text__content\">\n<p><strong>POLTERGEIST (1982)<\/strong><\/p>\n\n\n\n<p>Steven Spielberg produjo este cl\u00e1sico de las casas encantadas, con inolvidables im\u00e1genes que aterrorizaron a toda una generaci\u00f3n. Conexi\u00f3n adicional con Stranger Things: en un flashback de la primera temporada, Joyce accede a llevar a Will a ver la pel\u00edcula si le promete que no tendr\u00e1 pesadillas.<\/p>\n<\/div><\/div>\n\n\n\n<div style=\"height:var(--wp--preset--spacing--80)\" aria-hidden=\"true\" class=\"wp-block-spacer\"><\/div>\n\n\n\n<h2 class=\"wp-block-heading\">TODO est\u00e1 en los LIBROS<\/h2>\n\n\n\n<p><em>\u00abEn este viaje impulsado por la curiosidad necesito remos para avanzar [..]. Estos libros son como mis remos.\u00bb <\/em>DUSTIN HENDERSON<\/p>\n\n\n\n<p>Puede considerarse que leer los primeros libros de terror de Stephen King es un rito de paso de la adolescencia a la edad adulta del mismo estilo que aprender a conducir o ir al baile de graduaci\u00f3n del instituto. En su larga y prol\u00edfica trayectoria, King ha explorado lo primigenio y nos ha contado historias de perdedores y marginados que se enfrentan a fuerzas sobrenaturales. A los que sobreviven, las circunstancias los cambian para siempre y, muchas veces, no para mejor. Sus relatos son a menudo una met\u00e1fora del fin de la infancia, pero en ocasiones no nos damos cuenta de la capacidad de King para crear personajes. En sus libros aparecen h\u00e9roes y villanos rotundos, con relaciones bien trabajadas y convincentes.<\/p>\n\n\n\n<p>El prol\u00edfico autor no es la \u00fanica figura literaria que ha inspirado a Matt y Ross Duffer (hay que contar tambi\u00e9n a Dan Simmons, Clive Barker, George R. R. Martin y muchos otros), pero las novelas de King son, indudablemente, obras seminales para Stranger Things.<\/p>\n\n\n\n<div style=\"height:var(--wp--preset--spacing--50)\" aria-hidden=\"true\" class=\"wp-block-spacer\"><\/div>\n\n\n\n<div class=\"wp-block-media-text is-stacked-on-mobile\" style=\"grid-template-columns:30% auto\"><figure class=\"wp-block-media-text__media\"><img loading=\"lazy\" decoding=\"async\" width=\"684\" height=\"1024\" src=\"https:\/\/gicd.inf.um.es\/csidcav\/usuario16\/wp-content\/uploads\/2025\/12\/Different_Seasons_1982_front_cover_first_edition-684x1024.jpg\" alt=\"\" class=\"wp-image-1131 size-full\" srcset=\"https:\/\/gicd.inf.um.es\/csidcav\/usuario16\/wp-content\/uploads\/2025\/12\/Different_Seasons_1982_front_cover_first_edition-684x1024.jpg 684w, https:\/\/gicd.inf.um.es\/csidcav\/usuario16\/wp-content\/uploads\/2025\/12\/Different_Seasons_1982_front_cover_first_edition-200x300.jpg 200w, https:\/\/gicd.inf.um.es\/csidcav\/usuario16\/wp-content\/uploads\/2025\/12\/Different_Seasons_1982_front_cover_first_edition-768x1149.jpg 768w, https:\/\/gicd.inf.um.es\/csidcav\/usuario16\/wp-content\/uploads\/2025\/12\/Different_Seasons_1982_front_cover_first_edition-1026x1536.jpg 1026w, https:\/\/gicd.inf.um.es\/csidcav\/usuario16\/wp-content\/uploads\/2025\/12\/Different_Seasons_1982_front_cover_first_edition-1369x2048.jpg 1369w, https:\/\/gicd.inf.um.es\/csidcav\/usuario16\/wp-content\/uploads\/2025\/12\/Different_Seasons_1982_front_cover_first_edition-1024x1532.jpg 1024w, https:\/\/gicd.inf.um.es\/csidcav\/usuario16\/wp-content\/uploads\/2025\/12\/Different_Seasons_1982_front_cover_first_edition-scaled.jpg 1711w\" sizes=\"auto, (max-width: 684px) 100vw, 684px\" \/><\/figure><div class=\"wp-block-media-text__content\">\n<p><strong>LAS CUATRO ESTACIONES (1982)<\/strong><\/p>\n\n\n\n<p>Se compone de cuatro novelas cortas, entre ellas, El cuerpo: una historia conmovedora de paso a la edad adulta en la que cuatro chicos de doce a\u00f1os siguen las v\u00edas del tren en busca del cad\u00e1ver de un ni\u00f1o desaparecido. Por el camino los persiguen perros y una banda de abusones, pero perseveran y crean un v\u00ednculo muy fuerte. La historia inspir\u00f3 la pel\u00edcula de 1986 Cuenta conmigo, que a su vez es una de las principales fuentes de inspiraci\u00f3n de Stranger Things.<\/p>\n<\/div><\/div>\n\n\n\n<div style=\"height:var(--wp--preset--spacing--50)\" aria-hidden=\"true\" class=\"wp-block-spacer\"><\/div>\n\n\n\n<div class=\"wp-block-media-text is-stacked-on-mobile\" style=\"grid-template-columns:30% auto\"><figure class=\"wp-block-media-text__media\"><img loading=\"lazy\" decoding=\"async\" width=\"615\" height=\"1000\" src=\"https:\/\/gicd.inf.um.es\/csidcav\/usuario16\/wp-content\/uploads\/2025\/12\/81UyKCmkufL._AC_UF10001000_QL80_.jpg\" alt=\"\" class=\"wp-image-1132 size-full\" srcset=\"https:\/\/gicd.inf.um.es\/csidcav\/usuario16\/wp-content\/uploads\/2025\/12\/81UyKCmkufL._AC_UF10001000_QL80_.jpg 615w, https:\/\/gicd.inf.um.es\/csidcav\/usuario16\/wp-content\/uploads\/2025\/12\/81UyKCmkufL._AC_UF10001000_QL80_-185x300.jpg 185w\" sizes=\"auto, (max-width: 615px) 100vw, 615px\" \/><\/figure><div class=\"wp-block-media-text__content\">\n<p><strong>EL RESPLANDOR (1977)<\/strong><\/p>\n\n\n\n<p>El bloqueo del escritor se torna letal cuando Jack Torrance, conserje del hotel Overlook, cae en la locura espoleado por el alcohol y los fantasmas del pasado. En su tercera novela, King recupera el tema del ni\u00f1o con poderes y un progenitor que lo maltrata: el hijo de Jack, Danny, puede ver la historia sangrienta de los pasillos del Overlook. La influencia de El resplandor se aprecia en Stranger Things 2 en el personaje de Will Byers cuando adquiere clarividencia tras el contacto con una fuerza sobrenatural.<\/p>\n<\/div><\/div>\n\n\n\n<div style=\"height:var(--wp--preset--spacing--50)\" aria-hidden=\"true\" class=\"wp-block-spacer\"><\/div>\n\n\n\n<div class=\"wp-block-media-text is-stacked-on-mobile\" style=\"grid-template-columns:30% auto\"><figure class=\"wp-block-media-text__media\"><img loading=\"lazy\" decoding=\"async\" width=\"651\" height=\"1024\" src=\"https:\/\/gicd.inf.um.es\/csidcav\/usuario16\/wp-content\/uploads\/2025\/12\/carrie-book-cover-1-651x1024.jpg\" alt=\"\" class=\"wp-image-1133 size-full\" srcset=\"https:\/\/gicd.inf.um.es\/csidcav\/usuario16\/wp-content\/uploads\/2025\/12\/carrie-book-cover-1-651x1024.jpg 651w, https:\/\/gicd.inf.um.es\/csidcav\/usuario16\/wp-content\/uploads\/2025\/12\/carrie-book-cover-1-191x300.jpg 191w, https:\/\/gicd.inf.um.es\/csidcav\/usuario16\/wp-content\/uploads\/2025\/12\/carrie-book-cover-1-768x1208.jpg 768w, https:\/\/gicd.inf.um.es\/csidcav\/usuario16\/wp-content\/uploads\/2025\/12\/carrie-book-cover-1-976x1536.jpg 976w, https:\/\/gicd.inf.um.es\/csidcav\/usuario16\/wp-content\/uploads\/2025\/12\/carrie-book-cover-1-1024x1611.jpg 1024w, https:\/\/gicd.inf.um.es\/csidcav\/usuario16\/wp-content\/uploads\/2025\/12\/carrie-book-cover-1.jpg 1226w\" sizes=\"auto, (max-width: 651px) 100vw, 651px\" \/><\/figure><div class=\"wp-block-media-text__content\">\n<p><strong>CARRIE (1974)<\/strong><\/p>\n\n\n\n<p>La primera novela de Stephen King es un relato terror\u00edfico que nos presenta a Carrie White y sus poderes de telequinesis. V\u00edctima de acoso en el instituto y con una madre trastornada y maltratadora, Carrie acaba utilizando sus extraordinarios poderes para llevar a cabo una venganza sangrienta contra quienes la hab\u00edan atormentado. Once comparte muchas cosas con Carrie&#8230; y cuando se enfrenta a \u00ablos malos\u00bb es, como ella, mort\u00edfera.<\/p>\n<\/div><\/div>\n\n\n\n<div style=\"height:var(--wp--preset--spacing--20)\" aria-hidden=\"true\" class=\"wp-block-spacer\"><\/div>\n\n\n\n<div class=\"wp-block-media-text is-stacked-on-mobile\" style=\"grid-template-columns:30% auto\"><figure class=\"wp-block-media-text__media\"><img loading=\"lazy\" decoding=\"async\" width=\"428\" height=\"640\" src=\"https:\/\/gicd.inf.um.es\/csidcav\/usuario16\/wp-content\/uploads\/2025\/12\/Fire-Starter-by-Stephen-King.jpg\" alt=\"\" class=\"wp-image-1135 size-full\" srcset=\"https:\/\/gicd.inf.um.es\/csidcav\/usuario16\/wp-content\/uploads\/2025\/12\/Fire-Starter-by-Stephen-King.jpg 428w, https:\/\/gicd.inf.um.es\/csidcav\/usuario16\/wp-content\/uploads\/2025\/12\/Fire-Starter-by-Stephen-King-201x300.jpg 201w\" sizes=\"auto, (max-width: 428px) 100vw, 428px\" \/><\/figure><div class=\"wp-block-media-text__content\">\n<p><strong>OJOS DE FUEGO (1980)<\/strong><\/p>\n\n\n\n<p>Otra ni\u00f1a con poderes surgida de la pluma de King: Charlie McGee hereda capacidades extraordinarias de sus padres como consecuencia de un programa secreto del gobierno que hace uso de sustancias alucin\u00f3genas, l\u00ednea argumental que tiene un marcado paralelismo con la de Stranger Things. Podr\u00eda considerarse a Once como la prima literaria de Charlie, pues las dos tratan de entender y controlar sus poderes. Drew Barrymore, protagonista de E.T. el extraterrestre, interpret\u00f3 a Charlie en la pel\u00edcula de 1984.<\/p>\n<\/div><\/div>\n\n\n\n<div style=\"height:var(--wp--preset--spacing--50)\" aria-hidden=\"true\" class=\"wp-block-spacer\"><\/div>\n\n\n\n<div class=\"wp-block-media-text is-stacked-on-mobile\" style=\"grid-template-columns:30% auto\"><figure class=\"wp-block-media-text__media\"><img loading=\"lazy\" decoding=\"async\" width=\"250\" height=\"384\" src=\"https:\/\/gicd.inf.um.es\/csidcav\/usuario16\/wp-content\/uploads\/2025\/12\/The_Dead_Zone_1979_front_cover_first_edition.jpg\" alt=\"\" class=\"wp-image-1136 size-full\" srcset=\"https:\/\/gicd.inf.um.es\/csidcav\/usuario16\/wp-content\/uploads\/2025\/12\/The_Dead_Zone_1979_front_cover_first_edition.jpg 250w, https:\/\/gicd.inf.um.es\/csidcav\/usuario16\/wp-content\/uploads\/2025\/12\/The_Dead_Zone_1979_front_cover_first_edition-195x300.jpg 195w\" sizes=\"auto, (max-width: 250px) 100vw, 250px\" \/><\/figure><div class=\"wp-block-media-text__content\">\n<p><strong>LA ZONA MUERTA (1979)<\/strong><\/p>\n\n\n\n<p>Tras cinco a\u00f1os en coma, el profesor de secundaria Johnny Smith despierta y descubre que ve el futuro&#8230; y no pinta nada bien, La clarividencia llega junto con un tumor cerebral y la certeza de que un pol\u00edtico que est\u00e1 adquiriendo cada vez m\u00e1s popularidad es un hombre profundamente inestable que desencadenar\u00e1 el apocalipsis nuclear. David Cronenberg estreno La zona muerta en 1983, con Christopher Walken como protagonista. La novela presenta elementos caracter\u00edsticos del mejor King que los Duffer aplicar\u00e1n en la serie: una ciudad peque\u00f1a como escenario, un protagonista con poderes, excelentes secundarios y una sensaci\u00f3n general de amenaza creciente.<\/p>\n<\/div><\/div>\n\n\n\n<div style=\"height:var(--wp--preset--spacing--50)\" aria-hidden=\"true\" class=\"wp-block-spacer\"><\/div>\n\n\n\n<div class=\"wp-block-media-text is-stacked-on-mobile\" style=\"grid-template-columns:30% auto\"><figure class=\"wp-block-media-text__media\"><img loading=\"lazy\" decoding=\"async\" width=\"705\" height=\"1024\" src=\"https:\/\/gicd.inf.um.es\/csidcav\/usuario16\/wp-content\/uploads\/2025\/12\/It_1986_front_cover_first_edition-705x1024.jpg\" alt=\"\" class=\"wp-image-1137 size-full\" srcset=\"https:\/\/gicd.inf.um.es\/csidcav\/usuario16\/wp-content\/uploads\/2025\/12\/It_1986_front_cover_first_edition-705x1024.jpg 705w, https:\/\/gicd.inf.um.es\/csidcav\/usuario16\/wp-content\/uploads\/2025\/12\/It_1986_front_cover_first_edition-207x300.jpg 207w, https:\/\/gicd.inf.um.es\/csidcav\/usuario16\/wp-content\/uploads\/2025\/12\/It_1986_front_cover_first_edition-768x1115.jpg 768w, https:\/\/gicd.inf.um.es\/csidcav\/usuario16\/wp-content\/uploads\/2025\/12\/It_1986_front_cover_first_edition.jpg 801w\" sizes=\"auto, (max-width: 705px) 100vw, 705px\" \/><\/figure><div class=\"wp-block-media-text__content\">\n<p><strong>IT (1986)<\/strong><\/p>\n\n\n\n<p>\u00abAqu\u00ed abajo todos flotamos\u00bb, dice el payaso Pennywise al peque\u00f1o Georgie Denbrough antes de conducirlo a la muerte. Pennywise es la forma preferida que adopta un ente maligno m\u00edtico al aterrorizar una peque\u00f1a ciudad, pero solo un grupo de inadaptados comprenden la naturaleza sobrenatural del peligro. Los Duffer so\u00f1aron con dirigir una adaptaci\u00f3n de It al cine, aunque al final acabaron centr\u00e1ndose en su propia serie sobre unos amigos que se enfrentan a lo paranormal en una comunidad rural. Finn Wolfhard, que interpreta a Mike Wheeler en Stranger Things, actu\u00f3 en la adaptaci\u00f3n cinematogr\u00e1fica de 2017.<\/p>\n<\/div><\/div>\n","protected":false},"excerpt":{"rendered":"<p>\u00bfQuieres adentrarte a\u00fan m\u00e1s en el misterioso mundo de Hawkins y descubrir todos los secretos que esconden sus calles, el laboratorio y el Upside Down? Aqu\u00ed te dejamos un extra de curiosidades de Stranger Things: desde los libros y pel\u00edculas que inspiraron a los Hermanos Duffer, hasta los peque\u00f1os detalles que solo los fans m\u00e1s [&hellip;]<\/p>\n","protected":false},"author":1,"featured_media":0,"parent":0,"menu_order":0,"comment_status":"closed","ping_status":"closed","template":"","meta":{"footnotes":""},"class_list":["post-783","page","type-page","status-publish","hentry"],"_links":{"self":[{"href":"https:\/\/gicd.inf.um.es\/csidcav\/usuario16\/wp-json\/wp\/v2\/pages\/783","targetHints":{"allow":["GET"]}}],"collection":[{"href":"https:\/\/gicd.inf.um.es\/csidcav\/usuario16\/wp-json\/wp\/v2\/pages"}],"about":[{"href":"https:\/\/gicd.inf.um.es\/csidcav\/usuario16\/wp-json\/wp\/v2\/types\/page"}],"author":[{"embeddable":true,"href":"https:\/\/gicd.inf.um.es\/csidcav\/usuario16\/wp-json\/wp\/v2\/users\/1"}],"replies":[{"embeddable":true,"href":"https:\/\/gicd.inf.um.es\/csidcav\/usuario16\/wp-json\/wp\/v2\/comments?post=783"}],"version-history":[{"count":12,"href":"https:\/\/gicd.inf.um.es\/csidcav\/usuario16\/wp-json\/wp\/v2\/pages\/783\/revisions"}],"predecessor-version":[{"id":1143,"href":"https:\/\/gicd.inf.um.es\/csidcav\/usuario16\/wp-json\/wp\/v2\/pages\/783\/revisions\/1143"}],"wp:attachment":[{"href":"https:\/\/gicd.inf.um.es\/csidcav\/usuario16\/wp-json\/wp\/v2\/media?parent=783"}],"curies":[{"name":"wp","href":"https:\/\/api.w.org\/{rel}","templated":true}]}}