{"id":155,"date":"2025-11-05T17:33:04","date_gmt":"2025-11-05T16:33:04","guid":{"rendered":"https:\/\/gicd.inf.um.es\/csidcav\/usuario18\/?page_id=155"},"modified":"2025-11-05T17:46:13","modified_gmt":"2025-11-05T16:46:13","slug":"listado-de-actrices-y-actores","status":"publish","type":"page","link":"https:\/\/gicd.inf.um.es\/csidcav\/usuario18\/listado-de-actrices-y-actores\/","title":{"rendered":"Listado de actrices y actores"},"content":{"rendered":"\n<p>En esta p\u00e1gina recopilamos la informaci\u00f3n de cada una de las actrices y actores que protagonizan nuestras series preferidas.<\/p>\n\n\n\n<div class=\"wp-block-query is-layout-flow wp-block-query-is-layout-flow\"><ul class=\"wp-block-post-template is-layout-flow wp-block-post-template-is-layout-flow\"><li class=\"wp-block-post post-140 actor type-actor status-publish hentry\">\n<h2 class=\"wp-block-post-title\"><a href=\"https:\/\/gicd.inf.um.es\/csidcav\/usuario18\/actor\/aaron-paul\/\" target=\"_self\" >Aaron Paul<\/a><\/h2>\n\n<p>Aaron Paul Sturtevant\u200b (Emmett, Idaho; 27 de agosto de 1979) es un actor y productor estadounidense conocido por interpretar al personaje de Jesse Pinkman en la serie de AMC Breaking Bad, desde su estreno el 20 de enero de 2008. Tambi\u00e9n tiene un papel recurrente como Scott en la serie de HBO Big Love, adem\u00e1s de haber protagonizado la pel\u00edcula Need for Speed.<\/p>\n\n<\/li><li class=\"wp-block-post post-145 actor type-actor status-publish hentry\">\n<h2 class=\"wp-block-post-title\"><a href=\"https:\/\/gicd.inf.um.es\/csidcav\/usuario18\/actor\/belen-cuesta\/\" target=\"_self\" >Bel\u00e9n Cuesta<\/a><\/h2>\n\n<p>Bel\u00e9n Cuesta Llamas (Sevilla, 24 de enero de 1984) es una actriz espa\u00f1ola.<\/p>\n<p>Ha sido nominada en tres ocasiones a los Premios Goya, obteniendo el galard\u00f3n como mejor actriz protagonista por su papel en La trinchera infinita (2019).\u200b Es conocida por su participaci\u00f3n en pel\u00edculas y series de gran popularidad como Ocho apellidos catalanes (2015), Paquita Salas (2016-2019), La llamada (2017) y La casa de papel (2019-2021).<\/p>\n\n<\/li><li class=\"wp-block-post post-137 actor type-actor status-publish hentry\">\n<h2 class=\"wp-block-post-title\"><a href=\"https:\/\/gicd.inf.um.es\/csidcav\/usuario18\/actor\/bella-ramsey\/\" target=\"_self\" >Bella Ramsey<\/a><\/h2>\n\n<p>Isabella May Ramsey (Nottinghamshire, Inglaterra, 25 de septiembre de 2003\u200b), m\u00e1s conocida como Bella Ramsey, es una persona int\u00e9rprete de cine, televisi\u00f3n y teatro brit\u00e1nica. Interpret\u00f3 a Lyanna Mormont en Juego de tronos,\u200b a Mildred Hubble en The Worst Witch, a Hilda en la serie del mismo nombre y a Ellie en la serie de televisi\u00f3n basada en el videojuego The Last of Us.<\/p>\n\n<\/li><li class=\"wp-block-post post-143 actor type-actor status-publish hentry\">\n<h2 class=\"wp-block-post-title\"><a href=\"https:\/\/gicd.inf.um.es\/csidcav\/usuario18\/actor\/brays-efe\/\" target=\"_self\" >Brays Efe<\/a><\/h2>\n\n<p>Brays Fern\u00e1ndez Vidal, conocido como Brays Efe (Las Palmas de Gran Canaria, 30 de septiembre de 1988), es un actor espa\u00f1ol conocido por su papel protagonista en la serie de Netflix Paquita Salas (2016-2019) y su participaci\u00f3n posterior en el programa Tu cara me suena (2018-2019) de Antena 3.<\/p>\n\n<\/li><li class=\"wp-block-post post-139 actor type-actor status-publish hentry\">\n<h2 class=\"wp-block-post-title\"><a href=\"https:\/\/gicd.inf.um.es\/csidcav\/usuario18\/actor\/bryan-cranston\/\" target=\"_self\" >Bryan Cranston<\/a><\/h2>\n\n<p>Bryan Lee Cranston es un actor, actor de voz, guionista, productor y director estadounidense, reconocido por su interpretaci\u00f3n de Walter White (en la serie de AMC Breaking Bad), de Hal Wilkerson (el padre de familia de la serie de FOX Malcolm in the middle), y del doctor Tim Whatley (en la comedia de NBC Seinfeld). El papel de Walter White le ha convertido en uno de los grandes en el panorama del cine y la televisi\u00f3n habiendo sido galardonado con numerosos premios como los Emmy y los Globos de Oro. En la d\u00e9cada de los 2000 pas\u00f3 de ser un actor de papeles menores a ser uno de los m\u00e1s reconocidos en la industria cinematogr\u00e1fica, llegando a ser nominado a los Premios \u00d3scar en 2016.<\/p>\n\n<\/li><li class=\"wp-block-post post-134 actor type-actor status-publish hentry\">\n<h2 class=\"wp-block-post-title\"><a href=\"https:\/\/gicd.inf.um.es\/csidcav\/usuario18\/actor\/emilia-clarke\/\" target=\"_self\" >Emilia Clarke<\/a><\/h2>\n\n<p>Emilia Isobel Euphemia Rose Clarke (Londres, 23 de octubre de 1986),\u200b conocida como Emilia Clarke, es una actriz y autora brit\u00e1nica, conocida principalmente por interpretar a Daenerys Targaryen en la serie de HBO Game of Thrones.<\/p>\n\n<\/li><li class=\"wp-block-post post-138 actor type-actor status-publish hentry\">\n<h2 class=\"wp-block-post-title\"><a href=\"https:\/\/gicd.inf.um.es\/csidcav\/usuario18\/actor\/giancarlo-esposito\/\" target=\"_self\" >Giancarlo Esposito<\/a><\/h2>\n\n<p>Giancarlo Giuseppe Alessandro Esposito (Copenhague, 26 de abril de 1958), conocido como Giancarlo Esposito, es un actor y director de cine y televisi\u00f3n estadounidense nacido en Dinamarca, conocido sobre todo por su papel como Gustavo \u00abGus\u00bb Fring en las series Breaking Bad y Better Call Saul, y como Moff Gideon en The Mandalorian.<\/p>\n\n<\/li><li class=\"wp-block-post post-147 actor type-actor status-publish hentry\">\n<h2 class=\"wp-block-post-title\"><a href=\"https:\/\/gicd.inf.um.es\/csidcav\/usuario18\/actor\/jose-luis-gil\/\" target=\"_self\" >Jos\u00e9 Luis Gil<\/a><\/h2>\n\n<p>Jos\u00e9 Luis Gil Sanz (Zaragoza, 9 de diciembre de 1957) es un actor de televisi\u00f3n, teatro, cine, director y actor de doblaje espa\u00f1ol. Su papel m\u00e1s conocido fue el de Juan Cuesta en la serie de televisi\u00f3n humor\u00edstica Aqu\u00ed no hay quien viva emitida en Antena 3, pasando posteriormente a interpretar el personaje de Enrique Pastor en la adaptaci\u00f3n de Telecinco, La que se avecina.<\/p>\n<p>No obstante, lleva en el doblaje desde mediados de los a\u00f1os 1970; en su carrera, ha doblado a actores como Patrick Swayze, Tim Allen, Hugh Grant, Brandon Lee y Woody Harrelson. Tambi\u00e9n es conocido por darle voz en castellano a Buzz Lightyear en la franquicia Toy Story y a Marlin en las pel\u00edculas Buscando a Nemo y Buscando a Dory.<\/p>\n\n<\/li><li class=\"wp-block-post post-133 actor type-actor status-publish hentry\">\n<h2 class=\"wp-block-post-title\"><a href=\"https:\/\/gicd.inf.um.es\/csidcav\/usuario18\/actor\/kit-harington\/\" target=\"_self\" >Kit Harington<\/a><\/h2>\n\n<p>Christopher Catesby Harington (Acton, Gran Londres, Reino Unido, 26 de diciembre de 1986), m\u00e1s conocido como Kit Harington, es un actor brit\u00e1nico, reconocido internacionalmente por su papel de Jon Snow en la serie Game Of Thrones y por su participaci\u00f3n como el Caballero Negro en la pel\u00edcula Eternals (2021) de Marvel Studios.<\/p>\n\n<\/li><li class=\"wp-block-post post-151 actor type-actor status-publish hentry\">\n<h2 class=\"wp-block-post-title\"><a href=\"https:\/\/gicd.inf.um.es\/csidcav\/usuario18\/actor\/loles-leon\/\" target=\"_self\" >Loles Le\u00f3n<\/a><\/h2>\n\n<p>Mar\u00eda Dolores Le\u00f3n Rodr\u00edguez, m\u00e1s conocida como Loles Le\u00f3n (Barcelona, 1 de agosto de 1950), es una actriz espa\u00f1ola de cine, televisi\u00f3n, teatro y radio. Famosa por ser una de las chicas Almod\u00f3var y por sus papeles en televisi\u00f3n, principalmente el de Paloma Hurtado en la serie de televisi\u00f3n Aqu\u00ed no hay quien viva y el de Milagros en Manolo y Benito Corporeision. Actualmente trabaja en La que se avecina en Telecinco, interpretando a Menchu, como personaje principal, y qued\u00f3 como finalista en MasterChef Celebrity de TVE. Ha sido protagonista del cortometraje El mundo entero, rodado en Badajoz, Extremadura, premiado en multitud de festivales por su interpretaci\u00f3n.<\/p>\n\n<\/li><\/ul>\n\n<nav class=\"wp-block-query-pagination is-layout-flex wp-block-query-pagination-is-layout-flex\" aria-label=\"Paginaci\u00f3n\">\n\n\n<div class=\"wp-block-query-pagination-numbers\"><span aria-label=\"P\u00e1gina 1\" aria-current=\"page\" class=\"page-numbers current\">1<\/span>\n<a aria-label=\"P\u00e1gina 2\" class=\"page-numbers\" href=\"?query-4-page=2\">2<\/a><\/div>\n\n<a href=\"\/csidcav\/usuario18\/wp-json\/wp\/v2\/pages\/155?query-4-page=2\" class=\"wp-block-query-pagination-next\">P\u00e1gina siguiente<\/a>\n<\/nav>\n\n<\/div>\n\n\n\n<p><\/p>\n","protected":false},"excerpt":{"rendered":"<p>En esta p\u00e1gina recopilamos la informaci\u00f3n de cada una de las actrices y actores que protagonizan nuestras series preferidas.<\/p>\n","protected":false},"author":1,"featured_media":0,"parent":0,"menu_order":0,"comment_status":"closed","ping_status":"closed","template":"","meta":{"pgc_sgb_lightbox_settings":"","footnotes":""},"class_list":["post-155","page","type-page","status-publish","hentry"],"_links":{"self":[{"href":"https:\/\/gicd.inf.um.es\/csidcav\/usuario18\/wp-json\/wp\/v2\/pages\/155","targetHints":{"allow":["GET"]}}],"collection":[{"href":"https:\/\/gicd.inf.um.es\/csidcav\/usuario18\/wp-json\/wp\/v2\/pages"}],"about":[{"href":"https:\/\/gicd.inf.um.es\/csidcav\/usuario18\/wp-json\/wp\/v2\/types\/page"}],"author":[{"embeddable":true,"href":"https:\/\/gicd.inf.um.es\/csidcav\/usuario18\/wp-json\/wp\/v2\/users\/1"}],"replies":[{"embeddable":true,"href":"https:\/\/gicd.inf.um.es\/csidcav\/usuario18\/wp-json\/wp\/v2\/comments?post=155"}],"version-history":[{"count":2,"href":"https:\/\/gicd.inf.um.es\/csidcav\/usuario18\/wp-json\/wp\/v2\/pages\/155\/revisions"}],"predecessor-version":[{"id":173,"href":"https:\/\/gicd.inf.um.es\/csidcav\/usuario18\/wp-json\/wp\/v2\/pages\/155\/revisions\/173"}],"wp:attachment":[{"href":"https:\/\/gicd.inf.um.es\/csidcav\/usuario18\/wp-json\/wp\/v2\/media?parent=155"}],"curies":[{"name":"wp","href":"https:\/\/api.w.org\/{rel}","templated":true}]}}